{"id":18265,"date":"2022-01-22T10:51:27","date_gmt":"2022-01-22T09:51:27","guid":{"rendered":"https:\/\/demoweb.info\/sexshop001\/producto\/le-reve-conejito-silicona-rosa-intenso\/"},"modified":"2022-01-22T10:51:51","modified_gmt":"2022-01-22T09:51:51","slug":"le-reve-conejito-silicona-rosa-intenso","status":"publish","type":"product","link":"https:\/\/demoweb.info\/sexshop001\/producto\/le-reve-conejito-silicona-rosa-intenso\/","title":{"rendered":"LE REVE CONEJITO SILICONA ROSA INTENSO"},"content":{"rendered":"<p><strong>LE REVE SILICONE RABBIT DARK PINK<\/strong><\/p>\n<p>Despierta tus sentidos para Le R\u00e9ve Silicone Rabbit, el masajeador de 7 patrones de vibraci\u00f3n reci\u00e9n llegado del cielo, dise\u00f1ado para hacer realidad tus sue\u00f1os y deseos. Fabricado con silicona y libre de ptalatos, este vibrador con estimulador de cl\u00edtoris incluye un poderoso motor que te provocar\u00e1n y satisfacer\u00e1n.<\/p>\n<p>La silicona m\u00e9dica es super suave, higi\u00e9nica y no porosa, su motor ultra silencioso y a que es resistente al agua, lo podr\u00e1s utilizar hasta en la sauna, jacuzzi, etc. para darte un ba\u00f1o de placer. Despu\u00e9s de la diversi\u00f3n lo limpiar\u00e1s muy f\u00e1cilmente con agua tibia y el Pipedream Toy Cleaner.<\/p>\n<p>Escoge la velocidad \u00f3ptima para ti y deja que las incre\u00edbles vibraciones te lleven lejos! Las suaves y flexibles orejas envuelven tu cl\u00edtoris y lo estimulan con cada vibraci\u00f3n. Adem\u00e1s, por su tama\u00f1o, lo podr\u00e1s llevar all\u00e1 donde quieras, pudi\u00e9ndolo guardar en tu neceser discretamente. Funciona con 2 pilas tipo <strong>AAA<\/strong> que no van incluidas.<\/p>\n<p>Usa lubricante para un experiencia m\u00e1s h\u00fameda y extra salvaje.<\/p>\n<p>Longitud insertable: 10 cm; Diametro: 3 cm.<\/p>\n","protected":false},"excerpt":{"rendered":"<p>LE REVE SILICONE RABBIT DARK PINK Despierta tus sentidos para Le R\u00e9ve Silicone Rabbit, el masajeador de 7 patrones de<\/p>\n","protected":false},"featured_media":18266,"comment_status":"open","ping_status":"open","template":"","meta":[],"product_cat":[434],"product_tag":[927,259],"class_list":["post-18265","product","type-product","status-publish","has-post-thumbnail","hentry","product_cat-doble-estimulacion-vibradores-juguetes-xxx","product_tag-le-reve","product_tag-pipedream"],"bundled_by":[],"bundle_stock_status":"instock","bundle_stock_quantity":1,"bundle_virtual":false,"bundle_layout":"","bundle_add_to_cart_form_location":"","bundle_editable_in_cart":false,"bundle_sold_individually_context":"","bundle_item_grouping":"","bundle_min_size":"","bundle_max_size":"","bundled_items":[],"yoast_head":"<!-- This site is optimized with the Yoast SEO plugin v20.6 - https:\/\/yoast.com\/wordpress\/plugins\/seo\/ -->\n<title>LE REVE CONEJITO SILICONA ROSA INTENSO - Tienda Er\u00f3tica<\/title>\n<meta name=\"robots\" content=\"noindex, follow, max-snippet:-1, max-image-preview:large, max-video-preview:-1\" \/>\n<meta property=\"og:locale\" content=\"es_ES\" \/>\n<meta property=\"og:type\" content=\"article\" \/>\n<meta property=\"og:title\" content=\"LE REVE CONEJITO SILICONA ROSA INTENSO - Tienda Er\u00f3tica\" \/>\n<meta property=\"og:description\" content=\"LE REVE SILICONE RABBIT DARK PINK Despierta tus sentidos para Le R\u00e9ve Silicone Rabbit, el masajeador de 7 patrones de\" \/>\n<meta property=\"og:url\" content=\"https:\/\/demoweb.info\/sexshop001\/producto\/le-reve-conejito-silicona-rosa-intenso\/\" \/>\n<meta property=\"og:site_name\" content=\"Tienda Er\u00f3tica\" \/>\n<meta property=\"article:modified_time\" content=\"2022-01-22T09:51:51+00:00\" \/>\n<meta property=\"og:image\" content=\"https:\/\/demoweb.info\/sexshop001\/wp-content\/uploads\/2022\/01\/LE-REVE-CONEJITO-SILICONA-ROSA-INTENSO.jpg\" \/>\n\t<meta property=\"og:image:width\" content=\"550\" \/>\n\t<meta property=\"og:image:height\" content=\"550\" \/>\n\t<meta property=\"og:image:type\" content=\"image\/jpeg\" \/>\n<meta name=\"twitter:card\" content=\"summary_large_image\" \/>\n<meta name=\"twitter:label1\" content=\"Tiempo de lectura\" \/>\n\t<meta name=\"twitter:data1\" content=\"1 minuto\" \/>\n<script type=\"application\/ld+json\" class=\"yoast-schema-graph\">{\"@context\":\"https:\/\/schema.org\",\"@graph\":[{\"@type\":\"WebPage\",\"@id\":\"https:\/\/demoweb.info\/sexshop001\/producto\/le-reve-conejito-silicona-rosa-intenso\/\",\"url\":\"https:\/\/demoweb.info\/sexshop001\/producto\/le-reve-conejito-silicona-rosa-intenso\/\",\"name\":\"LE REVE CONEJITO SILICONA ROSA INTENSO - Tienda Er\u00f3tica\",\"isPartOf\":{\"@id\":\"https:\/\/demoweb.info\/sexshop001\/#website\"},\"datePublished\":\"2022-01-22T09:51:27+00:00\",\"dateModified\":\"2022-01-22T09:51:51+00:00\",\"breadcrumb\":{\"@id\":\"https:\/\/demoweb.info\/sexshop001\/producto\/le-reve-conejito-silicona-rosa-intenso\/#breadcrumb\"},\"inLanguage\":\"es\",\"potentialAction\":[{\"@type\":\"ReadAction\",\"target\":[\"https:\/\/demoweb.info\/sexshop001\/producto\/le-reve-conejito-silicona-rosa-intenso\/\"]}]},{\"@type\":\"BreadcrumbList\",\"@id\":\"https:\/\/demoweb.info\/sexshop001\/producto\/le-reve-conejito-silicona-rosa-intenso\/#breadcrumb\",\"itemListElement\":[{\"@type\":\"ListItem\",\"position\":1,\"name\":\"Portada\",\"item\":\"https:\/\/demoweb.info\/sexshop001\/\"},{\"@type\":\"ListItem\",\"position\":2,\"name\":\"Tienda\",\"item\":\"https:\/\/demoweb.info\/sexshop001\/tienda\/\"},{\"@type\":\"ListItem\",\"position\":3,\"name\":\"LE REVE CONEJITO SILICONA ROSA INTENSO\"}]},{\"@type\":\"WebSite\",\"@id\":\"https:\/\/demoweb.info\/sexshop001\/#website\",\"url\":\"https:\/\/demoweb.info\/sexshop001\/\",\"name\":\"Tienda Er\u00f3tica\",\"description\":\"DEMOWEB SL\",\"potentialAction\":[{\"@type\":\"SearchAction\",\"target\":{\"@type\":\"EntryPoint\",\"urlTemplate\":\"https:\/\/demoweb.info\/sexshop001\/?s={search_term_string}\"},\"query-input\":\"required name=search_term_string\"}],\"inLanguage\":\"es\"}]}<\/script>\n<!-- \/ Yoast SEO plugin. -->","yoast_head_json":{"title":"LE REVE CONEJITO SILICONA ROSA INTENSO - Tienda Er\u00f3tica","robots":{"index":"noindex","follow":"follow","max-snippet":"max-snippet:-1","max-image-preview":"max-image-preview:large","max-video-preview":"max-video-preview:-1"},"og_locale":"es_ES","og_type":"article","og_title":"LE REVE CONEJITO SILICONA ROSA INTENSO - Tienda Er\u00f3tica","og_description":"LE REVE SILICONE RABBIT DARK PINK Despierta tus sentidos para Le R\u00e9ve Silicone Rabbit, el masajeador de 7 patrones de","og_url":"https:\/\/demoweb.info\/sexshop001\/producto\/le-reve-conejito-silicona-rosa-intenso\/","og_site_name":"Tienda Er\u00f3tica","article_modified_time":"2022-01-22T09:51:51+00:00","og_image":[{"width":550,"height":550,"url":"https:\/\/demoweb.info\/sexshop001\/wp-content\/uploads\/2022\/01\/LE-REVE-CONEJITO-SILICONA-ROSA-INTENSO.jpg","type":"image\/jpeg"}],"twitter_card":"summary_large_image","twitter_misc":{"Tiempo de lectura":"1 minuto"},"schema":{"@context":"https:\/\/schema.org","@graph":[{"@type":"WebPage","@id":"https:\/\/demoweb.info\/sexshop001\/producto\/le-reve-conejito-silicona-rosa-intenso\/","url":"https:\/\/demoweb.info\/sexshop001\/producto\/le-reve-conejito-silicona-rosa-intenso\/","name":"LE REVE CONEJITO SILICONA ROSA INTENSO - Tienda Er\u00f3tica","isPartOf":{"@id":"https:\/\/demoweb.info\/sexshop001\/#website"},"datePublished":"2022-01-22T09:51:27+00:00","dateModified":"2022-01-22T09:51:51+00:00","breadcrumb":{"@id":"https:\/\/demoweb.info\/sexshop001\/producto\/le-reve-conejito-silicona-rosa-intenso\/#breadcrumb"},"inLanguage":"es","potentialAction":[{"@type":"ReadAction","target":["https:\/\/demoweb.info\/sexshop001\/producto\/le-reve-conejito-silicona-rosa-intenso\/"]}]},{"@type":"BreadcrumbList","@id":"https:\/\/demoweb.info\/sexshop001\/producto\/le-reve-conejito-silicona-rosa-intenso\/#breadcrumb","itemListElement":[{"@type":"ListItem","position":1,"name":"Portada","item":"https:\/\/demoweb.info\/sexshop001\/"},{"@type":"ListItem","position":2,"name":"Tienda","item":"https:\/\/demoweb.info\/sexshop001\/tienda\/"},{"@type":"ListItem","position":3,"name":"LE REVE CONEJITO SILICONA ROSA INTENSO"}]},{"@type":"WebSite","@id":"https:\/\/demoweb.info\/sexshop001\/#website","url":"https:\/\/demoweb.info\/sexshop001\/","name":"Tienda Er\u00f3tica","description":"DEMOWEB SL","potentialAction":[{"@type":"SearchAction","target":{"@type":"EntryPoint","urlTemplate":"https:\/\/demoweb.info\/sexshop001\/?s={search_term_string}"},"query-input":"required name=search_term_string"}],"inLanguage":"es"}]}},"_links":{"self":[{"href":"https:\/\/demoweb.info\/sexshop001\/wp-json\/wp\/v3\/product\/18265","targetHints":{"allow":["GET"]}}],"collection":[{"href":"https:\/\/demoweb.info\/sexshop001\/wp-json\/wp\/v3\/product"}],"about":[{"href":"https:\/\/demoweb.info\/sexshop001\/wp-json\/wp\/v2\/types\/product"}],"replies":[{"embeddable":true,"href":"https:\/\/demoweb.info\/sexshop001\/wp-json\/wp\/v2\/comments?post=18265"}],"wp:featuredmedia":[{"embeddable":true,"href":"https:\/\/demoweb.info\/sexshop001\/wp-json\/wp\/v2\/media\/18266"}],"wp:attachment":[{"href":"https:\/\/demoweb.info\/sexshop001\/wp-json\/wp\/v2\/media?parent=18265"}],"wp:term":[{"taxonomy":"product_cat","embeddable":true,"href":"https:\/\/demoweb.info\/sexshop001\/wp-json\/wp\/v2\/product_cat?post=18265"},{"taxonomy":"product_tag","embeddable":true,"href":"https:\/\/demoweb.info\/sexshop001\/wp-json\/wp\/v2\/product_tag?post=18265"}],"curies":[{"name":"wp","href":"https:\/\/api.w.org\/{rel}","templated":true}]}}