{"id":18263,"date":"2022-01-22T10:51:27","date_gmt":"2022-01-22T09:51:27","guid":{"rendered":"https:\/\/demoweb.info\/sexshop001\/producto\/sex-on\/"},"modified":"2022-01-22T10:51:51","modified_gmt":"2022-01-22T09:51:51","slug":"sex-on","status":"publish","type":"product","link":"https:\/\/demoweb.info\/sexshop001\/producto\/sex-on\/","title":{"rendered":"SEX-ON"},"content":{"rendered":"<p><strong>SEX-ON<\/strong><\/p>\n<p>Raquel Gra\u00f1a<\/p>\n<p><strong>Un libro con consejos sobre educaci\u00f3n sexual para adolescentes, por la creadora del canal de YouTube <em>\u00cdntimas Conexiones con Raquel Gra\u00f1a.<\/em><\/strong><\/p>\n<p><em>Sex-On <\/em>responde a las principales dudas relacionadas con el sexo que los adolescentes trasladan a la autora, tanto en las clases y talleres que imparte como en las redes sociales. El libro alterna un relato din\u00e1mico, divertido y realista con numerosos recuadros con consejos pr\u00e1cticos que tratan temas tan variados como frecuentes en la vida de todos ellos: la primera regla, los complejos, la masturbaci\u00f3n, el bullying, la orientaci\u00f3n sexual, el uso del preservativo, el embarazo, el consentimiento&#8230; A traves de las historias de cuatro personajes (Alma, Eider, Jade y Mario), Raquel Gra\u00f1a ofrece las respuestas que necesitan sus seguidores y lo hace contando, en su mismo lenguaje, experiencias que les son familiares y con las que se sienten identificados.<\/p>\n<ul>\n<li>Formato, p\u00e1ginas: TAPA BLANDA, 256<\/li>\n<li>A\u00f1o de edici\u00f3n: 2020<\/li>\n<\/ul>\n","protected":false},"excerpt":{"rendered":"<p>SEX-ON Raquel Gra\u00f1a Un libro con consejos sobre educaci\u00f3n sexual para adolescentes, por la creadora del canal de YouTube \u00cdntimas<\/p>\n","protected":false},"featured_media":18264,"comment_status":"open","ping_status":"open","template":"","meta":[],"product_cat":[414],"product_tag":[415,608],"class_list":["post-18263","product","type-product","status-publish","has-post-thumbnail","hentry","product_cat-libros","product_tag-random-house","product_tag-vergara"],"bundled_by":[],"bundle_stock_status":"instock","bundle_stock_quantity":1,"bundle_virtual":false,"bundle_layout":"","bundle_add_to_cart_form_location":"","bundle_editable_in_cart":false,"bundle_sold_individually_context":"","bundle_item_grouping":"","bundle_min_size":"","bundle_max_size":"","bundled_items":[],"yoast_head":"<!-- This site is optimized with the Yoast SEO plugin v20.6 - https:\/\/yoast.com\/wordpress\/plugins\/seo\/ -->\n<title>SEX-ON - Tienda Er\u00f3tica<\/title>\n<meta name=\"robots\" content=\"noindex, follow, max-snippet:-1, max-image-preview:large, max-video-preview:-1\" \/>\n<meta property=\"og:locale\" content=\"es_ES\" \/>\n<meta property=\"og:type\" content=\"article\" \/>\n<meta property=\"og:title\" content=\"SEX-ON - Tienda Er\u00f3tica\" \/>\n<meta property=\"og:description\" content=\"SEX-ON Raquel Gra\u00f1a Un libro con consejos sobre educaci\u00f3n sexual para adolescentes, por la creadora del canal de YouTube \u00cdntimas\" \/>\n<meta property=\"og:url\" content=\"https:\/\/demoweb.info\/sexshop001\/producto\/sex-on\/\" \/>\n<meta property=\"og:site_name\" content=\"Tienda Er\u00f3tica\" \/>\n<meta property=\"article:modified_time\" content=\"2022-01-22T09:51:51+00:00\" \/>\n<meta property=\"og:image\" content=\"https:\/\/demoweb.info\/sexshop001\/wp-content\/uploads\/2022\/01\/SEX-ON.jpg\" \/>\n\t<meta property=\"og:image:width\" content=\"550\" \/>\n\t<meta property=\"og:image:height\" content=\"550\" \/>\n\t<meta property=\"og:image:type\" content=\"image\/jpeg\" \/>\n<meta name=\"twitter:card\" content=\"summary_large_image\" \/>\n<meta name=\"twitter:label1\" content=\"Tiempo de lectura\" \/>\n\t<meta name=\"twitter:data1\" content=\"1 minuto\" \/>\n<script type=\"application\/ld+json\" class=\"yoast-schema-graph\">{\"@context\":\"https:\/\/schema.org\",\"@graph\":[{\"@type\":\"WebPage\",\"@id\":\"https:\/\/demoweb.info\/sexshop001\/producto\/sex-on\/\",\"url\":\"https:\/\/demoweb.info\/sexshop001\/producto\/sex-on\/\",\"name\":\"SEX-ON - Tienda Er\u00f3tica\",\"isPartOf\":{\"@id\":\"https:\/\/demoweb.info\/sexshop001\/#website\"},\"datePublished\":\"2022-01-22T09:51:27+00:00\",\"dateModified\":\"2022-01-22T09:51:51+00:00\",\"breadcrumb\":{\"@id\":\"https:\/\/demoweb.info\/sexshop001\/producto\/sex-on\/#breadcrumb\"},\"inLanguage\":\"es\",\"potentialAction\":[{\"@type\":\"ReadAction\",\"target\":[\"https:\/\/demoweb.info\/sexshop001\/producto\/sex-on\/\"]}]},{\"@type\":\"BreadcrumbList\",\"@id\":\"https:\/\/demoweb.info\/sexshop001\/producto\/sex-on\/#breadcrumb\",\"itemListElement\":[{\"@type\":\"ListItem\",\"position\":1,\"name\":\"Portada\",\"item\":\"https:\/\/demoweb.info\/sexshop001\/\"},{\"@type\":\"ListItem\",\"position\":2,\"name\":\"Tienda\",\"item\":\"https:\/\/demoweb.info\/sexshop001\/tienda\/\"},{\"@type\":\"ListItem\",\"position\":3,\"name\":\"SEX-ON\"}]},{\"@type\":\"WebSite\",\"@id\":\"https:\/\/demoweb.info\/sexshop001\/#website\",\"url\":\"https:\/\/demoweb.info\/sexshop001\/\",\"name\":\"Tienda Er\u00f3tica\",\"description\":\"DEMOWEB SL\",\"potentialAction\":[{\"@type\":\"SearchAction\",\"target\":{\"@type\":\"EntryPoint\",\"urlTemplate\":\"https:\/\/demoweb.info\/sexshop001\/?s={search_term_string}\"},\"query-input\":\"required name=search_term_string\"}],\"inLanguage\":\"es\"}]}<\/script>\n<!-- \/ Yoast SEO plugin. -->","yoast_head_json":{"title":"SEX-ON - Tienda Er\u00f3tica","robots":{"index":"noindex","follow":"follow","max-snippet":"max-snippet:-1","max-image-preview":"max-image-preview:large","max-video-preview":"max-video-preview:-1"},"og_locale":"es_ES","og_type":"article","og_title":"SEX-ON - Tienda Er\u00f3tica","og_description":"SEX-ON Raquel Gra\u00f1a Un libro con consejos sobre educaci\u00f3n sexual para adolescentes, por la creadora del canal de YouTube \u00cdntimas","og_url":"https:\/\/demoweb.info\/sexshop001\/producto\/sex-on\/","og_site_name":"Tienda Er\u00f3tica","article_modified_time":"2022-01-22T09:51:51+00:00","og_image":[{"width":550,"height":550,"url":"https:\/\/demoweb.info\/sexshop001\/wp-content\/uploads\/2022\/01\/SEX-ON.jpg","type":"image\/jpeg"}],"twitter_card":"summary_large_image","twitter_misc":{"Tiempo de lectura":"1 minuto"},"schema":{"@context":"https:\/\/schema.org","@graph":[{"@type":"WebPage","@id":"https:\/\/demoweb.info\/sexshop001\/producto\/sex-on\/","url":"https:\/\/demoweb.info\/sexshop001\/producto\/sex-on\/","name":"SEX-ON - Tienda Er\u00f3tica","isPartOf":{"@id":"https:\/\/demoweb.info\/sexshop001\/#website"},"datePublished":"2022-01-22T09:51:27+00:00","dateModified":"2022-01-22T09:51:51+00:00","breadcrumb":{"@id":"https:\/\/demoweb.info\/sexshop001\/producto\/sex-on\/#breadcrumb"},"inLanguage":"es","potentialAction":[{"@type":"ReadAction","target":["https:\/\/demoweb.info\/sexshop001\/producto\/sex-on\/"]}]},{"@type":"BreadcrumbList","@id":"https:\/\/demoweb.info\/sexshop001\/producto\/sex-on\/#breadcrumb","itemListElement":[{"@type":"ListItem","position":1,"name":"Portada","item":"https:\/\/demoweb.info\/sexshop001\/"},{"@type":"ListItem","position":2,"name":"Tienda","item":"https:\/\/demoweb.info\/sexshop001\/tienda\/"},{"@type":"ListItem","position":3,"name":"SEX-ON"}]},{"@type":"WebSite","@id":"https:\/\/demoweb.info\/sexshop001\/#website","url":"https:\/\/demoweb.info\/sexshop001\/","name":"Tienda Er\u00f3tica","description":"DEMOWEB SL","potentialAction":[{"@type":"SearchAction","target":{"@type":"EntryPoint","urlTemplate":"https:\/\/demoweb.info\/sexshop001\/?s={search_term_string}"},"query-input":"required name=search_term_string"}],"inLanguage":"es"}]}},"_links":{"self":[{"href":"https:\/\/demoweb.info\/sexshop001\/wp-json\/wp\/v3\/product\/18263","targetHints":{"allow":["GET"]}}],"collection":[{"href":"https:\/\/demoweb.info\/sexshop001\/wp-json\/wp\/v3\/product"}],"about":[{"href":"https:\/\/demoweb.info\/sexshop001\/wp-json\/wp\/v2\/types\/product"}],"replies":[{"embeddable":true,"href":"https:\/\/demoweb.info\/sexshop001\/wp-json\/wp\/v2\/comments?post=18263"}],"wp:featuredmedia":[{"embeddable":true,"href":"https:\/\/demoweb.info\/sexshop001\/wp-json\/wp\/v2\/media\/18264"}],"wp:attachment":[{"href":"https:\/\/demoweb.info\/sexshop001\/wp-json\/wp\/v2\/media?parent=18263"}],"wp:term":[{"taxonomy":"product_cat","embeddable":true,"href":"https:\/\/demoweb.info\/sexshop001\/wp-json\/wp\/v2\/product_cat?post=18263"},{"taxonomy":"product_tag","embeddable":true,"href":"https:\/\/demoweb.info\/sexshop001\/wp-json\/wp\/v2\/product_tag?post=18263"}],"curies":[{"name":"wp","href":"https:\/\/api.w.org\/{rel}","templated":true}]}}