{"id":18242,"date":"2022-01-22T10:51:27","date_gmt":"2022-01-22T09:51:27","guid":{"rendered":"https:\/\/demoweb.info\/sexshop001\/producto\/satisfyer-curvy-1-rojo-rosado\/"},"modified":"2022-01-22T10:51:40","modified_gmt":"2022-01-22T09:51:40","slug":"satisfyer-curvy-1-rojo-rosado","status":"publish","type":"product","link":"https:\/\/demoweb.info\/sexshop001\/producto\/satisfyer-curvy-1-rojo-rosado\/","title":{"rendered":"SATISFYER CURVY 1+ ROJO ROSADO"},"content":{"rendered":"<p><strong>SATISFYER CURVY 1+<\/strong><\/p>\n<p><strong>Estimulador de aire pulsado + vibrador<\/strong><\/p>\n<p>Te presentamos SATISFYER CONNECT, la experiencia definitiva.<\/p>\n<p>El Curvy 1+, el primer producto lanzado de nuestra l\u00ednea m\u00e1s nueva, es un estimulador de cl\u00edtoris dise\u00f1ado ergon\u00f3micamente que garantiza que los corazones de las mujeres latan m\u00e1s r\u00e1pido al combinar ondas de presi\u00f3n Satisfyer inolvidables junto con vibraciones adicionales. La vida nunca ser\u00e1 la misma.<\/p>\n<p>Carcater\u00edsticas:<\/p>\n<ul>\n<li>Control remoto<\/li>\n<li>V\u00eddeo chat<\/li>\n<li>Playlist de vibraciones<\/li>\n<li>Vibraci\u00f3n ambiental<\/li>\n<li>Dise\u00f1ador de vibraciones<\/li>\n<\/ul>\n<p><strong>Desc\u00e1rgate la app desde App Store y Google Play.<\/strong><\/p>\n<p>&#8211; Colores: blanco, rojo rosado.<br \/>\n&#8211; Recargable<br \/>\n&#8211; Impermeable IPX7<br \/>\n&#8211; Silicona amigable para el cuerpo<br \/>\n&#8211; Modo de susurro<br \/>\n&#8211; Compatible con cualquier tel\u00e9fono inteligente, tableta y Apple Watch de Android o Apple<br \/>\n&#8211; Una gama interminable de programas con la aplicaci\u00f3n Satisfyer tambi\u00e9n se puede usar sin la aplicaci\u00f3n<br \/>\n&#8211; 15 a\u00f1os de garant\u00eda<\/p><\/p>\n","protected":false},"excerpt":{"rendered":"<p>SATISFYER CURVY 1+ Estimulador de aire pulsado + vibrador Te presentamos SATISFYER CONNECT, la experiencia definitiva. El Curvy 1+, el<\/p>\n","protected":false},"featured_media":18243,"comment_status":"open","ping_status":"open","template":"","meta":[],"product_cat":[355],"product_tag":[819,442],"class_list":["post-18242","product","type-product","status-publish","has-post-thumbnail","hentry","product_cat-ellas","product_tag-connect","product_tag-satisfyer"],"bundled_by":[],"bundle_stock_status":"instock","bundle_stock_quantity":25,"bundle_virtual":false,"bundle_layout":"","bundle_add_to_cart_form_location":"","bundle_editable_in_cart":false,"bundle_sold_individually_context":"","bundle_item_grouping":"","bundle_min_size":"","bundle_max_size":"","bundled_items":[],"yoast_head":"<!-- This site is optimized with the Yoast SEO plugin v20.6 - https:\/\/yoast.com\/wordpress\/plugins\/seo\/ -->\n<title>SATISFYER CURVY 1+ ROJO ROSADO - Tienda Er\u00f3tica<\/title>\n<meta name=\"robots\" content=\"noindex, follow, max-snippet:-1, max-image-preview:large, max-video-preview:-1\" \/>\n<meta property=\"og:locale\" content=\"es_ES\" \/>\n<meta property=\"og:type\" content=\"article\" \/>\n<meta property=\"og:title\" content=\"SATISFYER CURVY 1+ ROJO ROSADO - Tienda Er\u00f3tica\" \/>\n<meta property=\"og:description\" content=\"SATISFYER CURVY 1+ Estimulador de aire pulsado + vibrador Te presentamos SATISFYER CONNECT, la experiencia definitiva. El Curvy 1+, el\" \/>\n<meta property=\"og:url\" content=\"https:\/\/demoweb.info\/sexshop001\/producto\/satisfyer-curvy-1-rojo-rosado\/\" \/>\n<meta property=\"og:site_name\" content=\"Tienda Er\u00f3tica\" \/>\n<meta property=\"article:modified_time\" content=\"2022-01-22T09:51:40+00:00\" \/>\n<meta property=\"og:image\" content=\"https:\/\/demoweb.info\/sexshop001\/wp-content\/uploads\/2022\/01\/SATISFYER-CURVY-1-ROJO-ROSADO.jpg\" \/>\n\t<meta property=\"og:image:width\" content=\"550\" \/>\n\t<meta property=\"og:image:height\" content=\"550\" \/>\n\t<meta property=\"og:image:type\" content=\"image\/jpeg\" \/>\n<meta name=\"twitter:card\" content=\"summary_large_image\" \/>\n<meta name=\"twitter:label1\" content=\"Tiempo de lectura\" \/>\n\t<meta name=\"twitter:data1\" content=\"1 minuto\" \/>\n<script type=\"application\/ld+json\" class=\"yoast-schema-graph\">{\"@context\":\"https:\/\/schema.org\",\"@graph\":[{\"@type\":\"WebPage\",\"@id\":\"https:\/\/demoweb.info\/sexshop001\/producto\/satisfyer-curvy-1-rojo-rosado\/\",\"url\":\"https:\/\/demoweb.info\/sexshop001\/producto\/satisfyer-curvy-1-rojo-rosado\/\",\"name\":\"SATISFYER CURVY 1+ ROJO ROSADO - Tienda Er\u00f3tica\",\"isPartOf\":{\"@id\":\"https:\/\/demoweb.info\/sexshop001\/#website\"},\"datePublished\":\"2022-01-22T09:51:27+00:00\",\"dateModified\":\"2022-01-22T09:51:40+00:00\",\"breadcrumb\":{\"@id\":\"https:\/\/demoweb.info\/sexshop001\/producto\/satisfyer-curvy-1-rojo-rosado\/#breadcrumb\"},\"inLanguage\":\"es\",\"potentialAction\":[{\"@type\":\"ReadAction\",\"target\":[\"https:\/\/demoweb.info\/sexshop001\/producto\/satisfyer-curvy-1-rojo-rosado\/\"]}]},{\"@type\":\"BreadcrumbList\",\"@id\":\"https:\/\/demoweb.info\/sexshop001\/producto\/satisfyer-curvy-1-rojo-rosado\/#breadcrumb\",\"itemListElement\":[{\"@type\":\"ListItem\",\"position\":1,\"name\":\"Portada\",\"item\":\"https:\/\/demoweb.info\/sexshop001\/\"},{\"@type\":\"ListItem\",\"position\":2,\"name\":\"Tienda\",\"item\":\"https:\/\/demoweb.info\/sexshop001\/tienda\/\"},{\"@type\":\"ListItem\",\"position\":3,\"name\":\"SATISFYER CURVY 1+ ROJO ROSADO\"}]},{\"@type\":\"WebSite\",\"@id\":\"https:\/\/demoweb.info\/sexshop001\/#website\",\"url\":\"https:\/\/demoweb.info\/sexshop001\/\",\"name\":\"Tienda Er\u00f3tica\",\"description\":\"DEMOWEB SL\",\"potentialAction\":[{\"@type\":\"SearchAction\",\"target\":{\"@type\":\"EntryPoint\",\"urlTemplate\":\"https:\/\/demoweb.info\/sexshop001\/?s={search_term_string}\"},\"query-input\":\"required name=search_term_string\"}],\"inLanguage\":\"es\"}]}<\/script>\n<!-- \/ Yoast SEO plugin. -->","yoast_head_json":{"title":"SATISFYER CURVY 1+ ROJO ROSADO - Tienda Er\u00f3tica","robots":{"index":"noindex","follow":"follow","max-snippet":"max-snippet:-1","max-image-preview":"max-image-preview:large","max-video-preview":"max-video-preview:-1"},"og_locale":"es_ES","og_type":"article","og_title":"SATISFYER CURVY 1+ ROJO ROSADO - Tienda Er\u00f3tica","og_description":"SATISFYER CURVY 1+ Estimulador de aire pulsado + vibrador Te presentamos SATISFYER CONNECT, la experiencia definitiva. El Curvy 1+, el","og_url":"https:\/\/demoweb.info\/sexshop001\/producto\/satisfyer-curvy-1-rojo-rosado\/","og_site_name":"Tienda Er\u00f3tica","article_modified_time":"2022-01-22T09:51:40+00:00","og_image":[{"width":550,"height":550,"url":"https:\/\/demoweb.info\/sexshop001\/wp-content\/uploads\/2022\/01\/SATISFYER-CURVY-1-ROJO-ROSADO.jpg","type":"image\/jpeg"}],"twitter_card":"summary_large_image","twitter_misc":{"Tiempo de lectura":"1 minuto"},"schema":{"@context":"https:\/\/schema.org","@graph":[{"@type":"WebPage","@id":"https:\/\/demoweb.info\/sexshop001\/producto\/satisfyer-curvy-1-rojo-rosado\/","url":"https:\/\/demoweb.info\/sexshop001\/producto\/satisfyer-curvy-1-rojo-rosado\/","name":"SATISFYER CURVY 1+ ROJO ROSADO - Tienda Er\u00f3tica","isPartOf":{"@id":"https:\/\/demoweb.info\/sexshop001\/#website"},"datePublished":"2022-01-22T09:51:27+00:00","dateModified":"2022-01-22T09:51:40+00:00","breadcrumb":{"@id":"https:\/\/demoweb.info\/sexshop001\/producto\/satisfyer-curvy-1-rojo-rosado\/#breadcrumb"},"inLanguage":"es","potentialAction":[{"@type":"ReadAction","target":["https:\/\/demoweb.info\/sexshop001\/producto\/satisfyer-curvy-1-rojo-rosado\/"]}]},{"@type":"BreadcrumbList","@id":"https:\/\/demoweb.info\/sexshop001\/producto\/satisfyer-curvy-1-rojo-rosado\/#breadcrumb","itemListElement":[{"@type":"ListItem","position":1,"name":"Portada","item":"https:\/\/demoweb.info\/sexshop001\/"},{"@type":"ListItem","position":2,"name":"Tienda","item":"https:\/\/demoweb.info\/sexshop001\/tienda\/"},{"@type":"ListItem","position":3,"name":"SATISFYER CURVY 1+ ROJO ROSADO"}]},{"@type":"WebSite","@id":"https:\/\/demoweb.info\/sexshop001\/#website","url":"https:\/\/demoweb.info\/sexshop001\/","name":"Tienda Er\u00f3tica","description":"DEMOWEB SL","potentialAction":[{"@type":"SearchAction","target":{"@type":"EntryPoint","urlTemplate":"https:\/\/demoweb.info\/sexshop001\/?s={search_term_string}"},"query-input":"required name=search_term_string"}],"inLanguage":"es"}]}},"_links":{"self":[{"href":"https:\/\/demoweb.info\/sexshop001\/wp-json\/wp\/v3\/product\/18242","targetHints":{"allow":["GET"]}}],"collection":[{"href":"https:\/\/demoweb.info\/sexshop001\/wp-json\/wp\/v3\/product"}],"about":[{"href":"https:\/\/demoweb.info\/sexshop001\/wp-json\/wp\/v2\/types\/product"}],"replies":[{"embeddable":true,"href":"https:\/\/demoweb.info\/sexshop001\/wp-json\/wp\/v2\/comments?post=18242"}],"wp:featuredmedia":[{"embeddable":true,"href":"https:\/\/demoweb.info\/sexshop001\/wp-json\/wp\/v2\/media\/18243"}],"wp:attachment":[{"href":"https:\/\/demoweb.info\/sexshop001\/wp-json\/wp\/v2\/media?parent=18242"}],"wp:term":[{"taxonomy":"product_cat","embeddable":true,"href":"https:\/\/demoweb.info\/sexshop001\/wp-json\/wp\/v2\/product_cat?post=18242"},{"taxonomy":"product_tag","embeddable":true,"href":"https:\/\/demoweb.info\/sexshop001\/wp-json\/wp\/v2\/product_tag?post=18242"}],"curies":[{"name":"wp","href":"https:\/\/api.w.org\/{rel}","templated":true}]}}