{"id":18071,"date":"2022-01-22T10:50:07","date_gmt":"2022-01-22T09:50:07","guid":{"rendered":"https:\/\/demoweb.info\/sexshop001\/producto\/pump-worx-bomba-de-ereccion-europea\/"},"modified":"2022-01-22T10:50:13","modified_gmt":"2022-01-22T09:50:13","slug":"pump-worx-bomba-de-ereccion-europea","status":"publish","type":"product","link":"https:\/\/demoweb.info\/sexshop001\/producto\/pump-worx-bomba-de-ereccion-europea\/","title":{"rendered":"PUMP WORX BOMBA DE ERECCION EUROPEA"},"content":{"rendered":"<p><strong>PUMP WORX EURO PUMP<\/strong><\/p>\n<p>Inspirada en el dise\u00f1o europeo y desarrollada para producir los m\u00e1ximos resultados, la bomba de erecci\u00f3n Euro es la primera opci\u00f3n para aquellos que quieran alargar su pene. Con cada apret\u00f3n de la manilla de estilo m\u00e9dico, tu barra del placer se har\u00e1 m\u00e1s grande, m\u00e1s dura y rebosante de poder. Una vez que la introduces a trav\u00e9s de la apertura suave de PVC, r\u00e1pidamente descubrir\u00e1s erecciones duras como piedras que duran, y duran, y duran&#8230; El tubo de color ahumado te permite ver como tu pene crece, mientras que la v\u00e1lvula liberadora de la manilla te permite aliviar la presi\u00f3n con solo pulsar un bot\u00f3n. Rechaza imitaciones, solo este poderoso desarrollador puede ofrecerte resultados satisfactorios!<\/p>\n<p>Cuando hayas alcanzado el tama\u00f1o deseado, desliza el anillos que incluimos hasta la base de tu pene, para prolongar la erecci\u00f3n y retrasar la eyaculaci\u00f3n. Cuando hayas terminado, s\u00f3lo tienes que separar el cilindro de la manguera y limpiarlo con el gel limpiador de juguetes de <strong>Pipedream<\/strong> y agua tibia.<\/p>\n<p>Medidas del cilindro: 20 x 5 cm.<\/p>\n","protected":false},"excerpt":{"rendered":"<p>PUMP WORX EURO PUMP Inspirada en el dise\u00f1o europeo y desarrollada para producir los m\u00e1ximos resultados, la bomba de erecci\u00f3n<\/p>\n","protected":false},"featured_media":18072,"comment_status":"open","ping_status":"open","template":"","meta":[],"product_cat":[495],"product_tag":[259,865],"class_list":["post-18071","product","type-product","status-publish","has-post-thumbnail","hentry","product_cat-basicos","product_tag-pipedream","product_tag-pump-worx"],"bundled_by":[],"bundle_stock_status":"outofstock","bundle_stock_quantity":0,"bundle_virtual":false,"bundle_layout":"","bundle_add_to_cart_form_location":"","bundle_editable_in_cart":false,"bundle_sold_individually_context":"","bundle_item_grouping":"","bundle_min_size":"","bundle_max_size":"","bundled_items":[],"yoast_head":"<!-- This site is optimized with the Yoast SEO plugin v20.6 - https:\/\/yoast.com\/wordpress\/plugins\/seo\/ -->\n<title>PUMP WORX BOMBA DE ERECCION EUROPEA - Tienda Er\u00f3tica<\/title>\n<meta name=\"robots\" content=\"noindex, follow, max-snippet:-1, max-image-preview:large, max-video-preview:-1\" \/>\n<meta property=\"og:locale\" content=\"es_ES\" \/>\n<meta property=\"og:type\" content=\"article\" \/>\n<meta property=\"og:title\" content=\"PUMP WORX BOMBA DE ERECCION EUROPEA - Tienda Er\u00f3tica\" \/>\n<meta property=\"og:description\" content=\"PUMP WORX EURO PUMP Inspirada en el dise\u00f1o europeo y desarrollada para producir los m\u00e1ximos resultados, la bomba de erecci\u00f3n\" \/>\n<meta property=\"og:url\" content=\"https:\/\/demoweb.info\/sexshop001\/producto\/pump-worx-bomba-de-ereccion-europea\/\" \/>\n<meta property=\"og:site_name\" content=\"Tienda Er\u00f3tica\" \/>\n<meta property=\"article:modified_time\" content=\"2022-01-22T09:50:13+00:00\" \/>\n<meta property=\"og:image\" content=\"https:\/\/demoweb.info\/sexshop001\/wp-content\/uploads\/2022\/01\/PUMP-WORX-BOMBA-DE-ERECCION-EUROPEA.jpg\" \/>\n\t<meta property=\"og:image:width\" content=\"550\" \/>\n\t<meta property=\"og:image:height\" content=\"550\" \/>\n\t<meta property=\"og:image:type\" content=\"image\/jpeg\" \/>\n<meta name=\"twitter:card\" content=\"summary_large_image\" \/>\n<meta name=\"twitter:label1\" content=\"Tiempo de lectura\" \/>\n\t<meta name=\"twitter:data1\" content=\"1 minuto\" \/>\n<script type=\"application\/ld+json\" class=\"yoast-schema-graph\">{\"@context\":\"https:\/\/schema.org\",\"@graph\":[{\"@type\":\"WebPage\",\"@id\":\"https:\/\/demoweb.info\/sexshop001\/producto\/pump-worx-bomba-de-ereccion-europea\/\",\"url\":\"https:\/\/demoweb.info\/sexshop001\/producto\/pump-worx-bomba-de-ereccion-europea\/\",\"name\":\"PUMP WORX BOMBA DE ERECCION EUROPEA - Tienda Er\u00f3tica\",\"isPartOf\":{\"@id\":\"https:\/\/demoweb.info\/sexshop001\/#website\"},\"datePublished\":\"2022-01-22T09:50:07+00:00\",\"dateModified\":\"2022-01-22T09:50:13+00:00\",\"breadcrumb\":{\"@id\":\"https:\/\/demoweb.info\/sexshop001\/producto\/pump-worx-bomba-de-ereccion-europea\/#breadcrumb\"},\"inLanguage\":\"es\",\"potentialAction\":[{\"@type\":\"ReadAction\",\"target\":[\"https:\/\/demoweb.info\/sexshop001\/producto\/pump-worx-bomba-de-ereccion-europea\/\"]}]},{\"@type\":\"BreadcrumbList\",\"@id\":\"https:\/\/demoweb.info\/sexshop001\/producto\/pump-worx-bomba-de-ereccion-europea\/#breadcrumb\",\"itemListElement\":[{\"@type\":\"ListItem\",\"position\":1,\"name\":\"Portada\",\"item\":\"https:\/\/demoweb.info\/sexshop001\/\"},{\"@type\":\"ListItem\",\"position\":2,\"name\":\"Tienda\",\"item\":\"https:\/\/demoweb.info\/sexshop001\/tienda\/\"},{\"@type\":\"ListItem\",\"position\":3,\"name\":\"PUMP WORX BOMBA DE ERECCION EUROPEA\"}]},{\"@type\":\"WebSite\",\"@id\":\"https:\/\/demoweb.info\/sexshop001\/#website\",\"url\":\"https:\/\/demoweb.info\/sexshop001\/\",\"name\":\"Tienda Er\u00f3tica\",\"description\":\"DEMOWEB SL\",\"potentialAction\":[{\"@type\":\"SearchAction\",\"target\":{\"@type\":\"EntryPoint\",\"urlTemplate\":\"https:\/\/demoweb.info\/sexshop001\/?s={search_term_string}\"},\"query-input\":\"required name=search_term_string\"}],\"inLanguage\":\"es\"}]}<\/script>\n<!-- \/ Yoast SEO plugin. -->","yoast_head_json":{"title":"PUMP WORX BOMBA DE ERECCION EUROPEA - Tienda Er\u00f3tica","robots":{"index":"noindex","follow":"follow","max-snippet":"max-snippet:-1","max-image-preview":"max-image-preview:large","max-video-preview":"max-video-preview:-1"},"og_locale":"es_ES","og_type":"article","og_title":"PUMP WORX BOMBA DE ERECCION EUROPEA - Tienda Er\u00f3tica","og_description":"PUMP WORX EURO PUMP Inspirada en el dise\u00f1o europeo y desarrollada para producir los m\u00e1ximos resultados, la bomba de erecci\u00f3n","og_url":"https:\/\/demoweb.info\/sexshop001\/producto\/pump-worx-bomba-de-ereccion-europea\/","og_site_name":"Tienda Er\u00f3tica","article_modified_time":"2022-01-22T09:50:13+00:00","og_image":[{"width":550,"height":550,"url":"https:\/\/demoweb.info\/sexshop001\/wp-content\/uploads\/2022\/01\/PUMP-WORX-BOMBA-DE-ERECCION-EUROPEA.jpg","type":"image\/jpeg"}],"twitter_card":"summary_large_image","twitter_misc":{"Tiempo de lectura":"1 minuto"},"schema":{"@context":"https:\/\/schema.org","@graph":[{"@type":"WebPage","@id":"https:\/\/demoweb.info\/sexshop001\/producto\/pump-worx-bomba-de-ereccion-europea\/","url":"https:\/\/demoweb.info\/sexshop001\/producto\/pump-worx-bomba-de-ereccion-europea\/","name":"PUMP WORX BOMBA DE ERECCION EUROPEA - Tienda Er\u00f3tica","isPartOf":{"@id":"https:\/\/demoweb.info\/sexshop001\/#website"},"datePublished":"2022-01-22T09:50:07+00:00","dateModified":"2022-01-22T09:50:13+00:00","breadcrumb":{"@id":"https:\/\/demoweb.info\/sexshop001\/producto\/pump-worx-bomba-de-ereccion-europea\/#breadcrumb"},"inLanguage":"es","potentialAction":[{"@type":"ReadAction","target":["https:\/\/demoweb.info\/sexshop001\/producto\/pump-worx-bomba-de-ereccion-europea\/"]}]},{"@type":"BreadcrumbList","@id":"https:\/\/demoweb.info\/sexshop001\/producto\/pump-worx-bomba-de-ereccion-europea\/#breadcrumb","itemListElement":[{"@type":"ListItem","position":1,"name":"Portada","item":"https:\/\/demoweb.info\/sexshop001\/"},{"@type":"ListItem","position":2,"name":"Tienda","item":"https:\/\/demoweb.info\/sexshop001\/tienda\/"},{"@type":"ListItem","position":3,"name":"PUMP WORX BOMBA DE ERECCION EUROPEA"}]},{"@type":"WebSite","@id":"https:\/\/demoweb.info\/sexshop001\/#website","url":"https:\/\/demoweb.info\/sexshop001\/","name":"Tienda Er\u00f3tica","description":"DEMOWEB SL","potentialAction":[{"@type":"SearchAction","target":{"@type":"EntryPoint","urlTemplate":"https:\/\/demoweb.info\/sexshop001\/?s={search_term_string}"},"query-input":"required name=search_term_string"}],"inLanguage":"es"}]}},"_links":{"self":[{"href":"https:\/\/demoweb.info\/sexshop001\/wp-json\/wp\/v3\/product\/18071","targetHints":{"allow":["GET"]}}],"collection":[{"href":"https:\/\/demoweb.info\/sexshop001\/wp-json\/wp\/v3\/product"}],"about":[{"href":"https:\/\/demoweb.info\/sexshop001\/wp-json\/wp\/v2\/types\/product"}],"replies":[{"embeddable":true,"href":"https:\/\/demoweb.info\/sexshop001\/wp-json\/wp\/v2\/comments?post=18071"}],"wp:featuredmedia":[{"embeddable":true,"href":"https:\/\/demoweb.info\/sexshop001\/wp-json\/wp\/v2\/media\/18072"}],"wp:attachment":[{"href":"https:\/\/demoweb.info\/sexshop001\/wp-json\/wp\/v2\/media?parent=18071"}],"wp:term":[{"taxonomy":"product_cat","embeddable":true,"href":"https:\/\/demoweb.info\/sexshop001\/wp-json\/wp\/v2\/product_cat?post=18071"},{"taxonomy":"product_tag","embeddable":true,"href":"https:\/\/demoweb.info\/sexshop001\/wp-json\/wp\/v2\/product_tag?post=18071"}],"curies":[{"name":"wp","href":"https:\/\/api.w.org\/{rel}","templated":true}]}}