{"id":18041,"date":"2022-01-22T10:49:49","date_gmt":"2022-01-22T09:49:49","guid":{"rendered":"https:\/\/demoweb.info\/sexshop001\/producto\/queria-olvidarte-noches-inolvidables-2\/"},"modified":"2022-01-22T10:49:59","modified_gmt":"2022-01-22T09:49:59","slug":"queria-olvidarte-noches-inolvidables-2","status":"publish","type":"product","link":"https:\/\/demoweb.info\/sexshop001\/producto\/queria-olvidarte-noches-inolvidables-2\/","title":{"rendered":"QUER\u00cdA OLVIDARTE (NOCHES INOLVIDABLES 2)"},"content":{"rendered":"<p><strong>QUER\u00cdA OLVIDARTE (NOCHES INOLVIDABLES 2) <\/strong><\/p>\n<p><strong>J. KENNER<\/strong>.<\/p>\n<p><strong>J.<\/strong> <strong>Kenner, una de las reinas del romance er\u00f3tico con m\u00e1s de 2.000.000 ejemplares vendidos en todo el mundo, presenta \u00abNoches inolvidables\u00bb, una serie compuesta de tres historias apasionadas que dejan huella.<\/strong><\/p>\n<p><strong>Por la noche el deseo se apodera de la conciencia<\/strong> <strong>y los cuerpos se entregan al placer. Desc\u00fabrelo en la<\/strong> <strong>segunda entrega de \u00abNoches inolvidables\u00bb.<\/strong><\/p>\n<p>Sugar Laine nunca hubiera imaginado que deber\u00eda recurrir a la prostituci\u00f3n para salir adelante, pero a veces la vida se tuerce y toma caminos sinuosos. Ahora ni siquiera sus m\u00faltiples empleos le permiten mantener su casa, lo \u00fanico que tiene despu\u00e9s de la muerte de toda su familia. Por eso hace de tripas coraz\u00f3n y acepta la propuesta de ser escort de lujo para un cliente muy especial, el se\u00f1or Z.<\/p>\n<p>Lo que ella ignora es que detr\u00e1s de ese nombre se oculta el c\u00e9lebre y magn\u00e9tico actor Lyle Tarpin, un hombre que est\u00e1 en la cresta de la ola y que, sin embargo, no consigue ser feliz. Busca prostitutas hermosas que gocen con \u00e9l a cambio de dinero; mujeres con quienes compartir una sola noche de sexo t\u00f3rrido y luego poder olvidarlas sin el menor esfuerzo.<\/p>\n<p>Pero Sugar Laine es distinta. Y, tras una noche en que la curiosidad y el afecto se imponen al sexo, se inicia entre ambos una relaci\u00f3n voluptuosa, clandestina y cargada de promesas de intenso placer.<\/p>\n<ul>\n<li>320 P\u00e1ginas.<\/li>\n<li>Tapa blanda<\/li>\n<li>Edici\u00f3n 2020<\/li>\n<\/ul>\n","protected":false},"excerpt":{"rendered":"<p>QUER\u00cdA OLVIDARTE (NOCHES INOLVIDABLES 2) J. KENNER. J. Kenner, una de las reinas del romance er\u00f3tico con m\u00e1s de 2.000.000<\/p>\n","protected":false},"featured_media":18042,"comment_status":"open","ping_status":"open","template":"","meta":[],"product_cat":[414],"product_tag":[416,415],"class_list":["post-18041","product","type-product","status-publish","has-post-thumbnail","hentry","product_cat-libros","product_tag-grijalbo","product_tag-random-house"],"bundled_by":[],"bundle_stock_status":"instock","bundle_stock_quantity":1,"bundle_virtual":false,"bundle_layout":"","bundle_add_to_cart_form_location":"","bundle_editable_in_cart":false,"bundle_sold_individually_context":"","bundle_item_grouping":"","bundle_min_size":"","bundle_max_size":"","bundled_items":[],"yoast_head":"<!-- This site is optimized with the Yoast SEO plugin v20.6 - https:\/\/yoast.com\/wordpress\/plugins\/seo\/ -->\n<title>QUER\u00cdA OLVIDARTE (NOCHES INOLVIDABLES 2) - Tienda Er\u00f3tica<\/title>\n<meta name=\"robots\" content=\"noindex, follow, max-snippet:-1, max-image-preview:large, max-video-preview:-1\" \/>\n<meta property=\"og:locale\" content=\"es_ES\" \/>\n<meta property=\"og:type\" content=\"article\" \/>\n<meta property=\"og:title\" content=\"QUER\u00cdA OLVIDARTE (NOCHES INOLVIDABLES 2) - Tienda Er\u00f3tica\" \/>\n<meta property=\"og:description\" content=\"QUER\u00cdA OLVIDARTE (NOCHES INOLVIDABLES 2) J. KENNER. J. Kenner, una de las reinas del romance er\u00f3tico con m\u00e1s de 2.000.000\" \/>\n<meta property=\"og:url\" content=\"https:\/\/demoweb.info\/sexshop001\/producto\/queria-olvidarte-noches-inolvidables-2\/\" \/>\n<meta property=\"og:site_name\" content=\"Tienda Er\u00f3tica\" \/>\n<meta property=\"article:modified_time\" content=\"2022-01-22T09:49:59+00:00\" \/>\n<meta property=\"og:image\" content=\"https:\/\/demoweb.info\/sexshop001\/wp-content\/uploads\/2022\/01\/QUERIA-OLVIDARTE-NOCHES-INOLVIDABLES-2.jpg\" \/>\n\t<meta property=\"og:image:width\" content=\"550\" \/>\n\t<meta property=\"og:image:height\" content=\"550\" \/>\n\t<meta property=\"og:image:type\" content=\"image\/jpeg\" \/>\n<meta name=\"twitter:card\" content=\"summary_large_image\" \/>\n<meta name=\"twitter:label1\" content=\"Tiempo de lectura\" \/>\n\t<meta name=\"twitter:data1\" content=\"1 minuto\" \/>\n<script type=\"application\/ld+json\" class=\"yoast-schema-graph\">{\"@context\":\"https:\/\/schema.org\",\"@graph\":[{\"@type\":\"WebPage\",\"@id\":\"https:\/\/demoweb.info\/sexshop001\/producto\/queria-olvidarte-noches-inolvidables-2\/\",\"url\":\"https:\/\/demoweb.info\/sexshop001\/producto\/queria-olvidarte-noches-inolvidables-2\/\",\"name\":\"QUER\u00cdA OLVIDARTE (NOCHES INOLVIDABLES 2) - Tienda Er\u00f3tica\",\"isPartOf\":{\"@id\":\"https:\/\/demoweb.info\/sexshop001\/#website\"},\"datePublished\":\"2022-01-22T09:49:49+00:00\",\"dateModified\":\"2022-01-22T09:49:59+00:00\",\"breadcrumb\":{\"@id\":\"https:\/\/demoweb.info\/sexshop001\/producto\/queria-olvidarte-noches-inolvidables-2\/#breadcrumb\"},\"inLanguage\":\"es\",\"potentialAction\":[{\"@type\":\"ReadAction\",\"target\":[\"https:\/\/demoweb.info\/sexshop001\/producto\/queria-olvidarte-noches-inolvidables-2\/\"]}]},{\"@type\":\"BreadcrumbList\",\"@id\":\"https:\/\/demoweb.info\/sexshop001\/producto\/queria-olvidarte-noches-inolvidables-2\/#breadcrumb\",\"itemListElement\":[{\"@type\":\"ListItem\",\"position\":1,\"name\":\"Portada\",\"item\":\"https:\/\/demoweb.info\/sexshop001\/\"},{\"@type\":\"ListItem\",\"position\":2,\"name\":\"Tienda\",\"item\":\"https:\/\/demoweb.info\/sexshop001\/tienda\/\"},{\"@type\":\"ListItem\",\"position\":3,\"name\":\"QUER\u00cdA OLVIDARTE (NOCHES INOLVIDABLES 2)\"}]},{\"@type\":\"WebSite\",\"@id\":\"https:\/\/demoweb.info\/sexshop001\/#website\",\"url\":\"https:\/\/demoweb.info\/sexshop001\/\",\"name\":\"Tienda Er\u00f3tica\",\"description\":\"DEMOWEB SL\",\"potentialAction\":[{\"@type\":\"SearchAction\",\"target\":{\"@type\":\"EntryPoint\",\"urlTemplate\":\"https:\/\/demoweb.info\/sexshop001\/?s={search_term_string}\"},\"query-input\":\"required name=search_term_string\"}],\"inLanguage\":\"es\"}]}<\/script>\n<!-- \/ Yoast SEO plugin. -->","yoast_head_json":{"title":"QUER\u00cdA OLVIDARTE (NOCHES INOLVIDABLES 2) - Tienda Er\u00f3tica","robots":{"index":"noindex","follow":"follow","max-snippet":"max-snippet:-1","max-image-preview":"max-image-preview:large","max-video-preview":"max-video-preview:-1"},"og_locale":"es_ES","og_type":"article","og_title":"QUER\u00cdA OLVIDARTE (NOCHES INOLVIDABLES 2) - Tienda Er\u00f3tica","og_description":"QUER\u00cdA OLVIDARTE (NOCHES INOLVIDABLES 2) J. KENNER. J. Kenner, una de las reinas del romance er\u00f3tico con m\u00e1s de 2.000.000","og_url":"https:\/\/demoweb.info\/sexshop001\/producto\/queria-olvidarte-noches-inolvidables-2\/","og_site_name":"Tienda Er\u00f3tica","article_modified_time":"2022-01-22T09:49:59+00:00","og_image":[{"width":550,"height":550,"url":"https:\/\/demoweb.info\/sexshop001\/wp-content\/uploads\/2022\/01\/QUERIA-OLVIDARTE-NOCHES-INOLVIDABLES-2.jpg","type":"image\/jpeg"}],"twitter_card":"summary_large_image","twitter_misc":{"Tiempo de lectura":"1 minuto"},"schema":{"@context":"https:\/\/schema.org","@graph":[{"@type":"WebPage","@id":"https:\/\/demoweb.info\/sexshop001\/producto\/queria-olvidarte-noches-inolvidables-2\/","url":"https:\/\/demoweb.info\/sexshop001\/producto\/queria-olvidarte-noches-inolvidables-2\/","name":"QUER\u00cdA OLVIDARTE (NOCHES INOLVIDABLES 2) - Tienda Er\u00f3tica","isPartOf":{"@id":"https:\/\/demoweb.info\/sexshop001\/#website"},"datePublished":"2022-01-22T09:49:49+00:00","dateModified":"2022-01-22T09:49:59+00:00","breadcrumb":{"@id":"https:\/\/demoweb.info\/sexshop001\/producto\/queria-olvidarte-noches-inolvidables-2\/#breadcrumb"},"inLanguage":"es","potentialAction":[{"@type":"ReadAction","target":["https:\/\/demoweb.info\/sexshop001\/producto\/queria-olvidarte-noches-inolvidables-2\/"]}]},{"@type":"BreadcrumbList","@id":"https:\/\/demoweb.info\/sexshop001\/producto\/queria-olvidarte-noches-inolvidables-2\/#breadcrumb","itemListElement":[{"@type":"ListItem","position":1,"name":"Portada","item":"https:\/\/demoweb.info\/sexshop001\/"},{"@type":"ListItem","position":2,"name":"Tienda","item":"https:\/\/demoweb.info\/sexshop001\/tienda\/"},{"@type":"ListItem","position":3,"name":"QUER\u00cdA OLVIDARTE (NOCHES INOLVIDABLES 2)"}]},{"@type":"WebSite","@id":"https:\/\/demoweb.info\/sexshop001\/#website","url":"https:\/\/demoweb.info\/sexshop001\/","name":"Tienda Er\u00f3tica","description":"DEMOWEB SL","potentialAction":[{"@type":"SearchAction","target":{"@type":"EntryPoint","urlTemplate":"https:\/\/demoweb.info\/sexshop001\/?s={search_term_string}"},"query-input":"required name=search_term_string"}],"inLanguage":"es"}]}},"_links":{"self":[{"href":"https:\/\/demoweb.info\/sexshop001\/wp-json\/wp\/v3\/product\/18041","targetHints":{"allow":["GET"]}}],"collection":[{"href":"https:\/\/demoweb.info\/sexshop001\/wp-json\/wp\/v3\/product"}],"about":[{"href":"https:\/\/demoweb.info\/sexshop001\/wp-json\/wp\/v2\/types\/product"}],"replies":[{"embeddable":true,"href":"https:\/\/demoweb.info\/sexshop001\/wp-json\/wp\/v2\/comments?post=18041"}],"wp:featuredmedia":[{"embeddable":true,"href":"https:\/\/demoweb.info\/sexshop001\/wp-json\/wp\/v2\/media\/18042"}],"wp:attachment":[{"href":"https:\/\/demoweb.info\/sexshop001\/wp-json\/wp\/v2\/media?parent=18041"}],"wp:term":[{"taxonomy":"product_cat","embeddable":true,"href":"https:\/\/demoweb.info\/sexshop001\/wp-json\/wp\/v2\/product_cat?post=18041"},{"taxonomy":"product_tag","embeddable":true,"href":"https:\/\/demoweb.info\/sexshop001\/wp-json\/wp\/v2\/product_tag?post=18041"}],"curies":[{"name":"wp","href":"https:\/\/api.w.org\/{rel}","templated":true}]}}