{"id":18039,"date":"2022-01-22T10:49:49","date_gmt":"2022-01-22T09:49:49","guid":{"rendered":"https:\/\/demoweb.info\/sexshop001\/producto\/naughty-boy-masajeador-del-punto-g-masculino-7-velocidades-negro\/"},"modified":"2022-01-22T10:49:58","modified_gmt":"2022-01-22T09:49:58","slug":"naughty-boy-masajeador-del-punto-g-masculino-7-velocidades-negro","status":"publish","type":"product","link":"https:\/\/demoweb.info\/sexshop001\/producto\/naughty-boy-masajeador-del-punto-g-masculino-7-velocidades-negro\/","title":{"rendered":"NAUGHTY-BOY MASAJEADOR DEL PUNTO G MASCULINO 7 VELOCIDADES NEGRO"},"content":{"rendered":"<p align=&quot;justify&quot;><font size=&quot;1&quot;><b>NAUGHTY-BOY 7 SPEED VIBRATING BLACK<\/b> es un masajeador desarrollado como un juguete sexual para ayudar al hombre a estimular<br \/>\nal mismo tiempo la<br \/>\n<b>Pr\u00f3stata<\/b>, la zona del <b>perineo<\/b> y los <b>test\u00edculos<\/b>, fabricado en <b>silicona segura de grado m\u00e9dico<\/b>. <\/p>\n<p>Estas zonas conocidas como el <font color=&quot;#0000FF&quot;><b>Punto G Masculino<\/b><\/font>, son las que controlan e<br \/>\n<b>incrementan la erecci\u00f3n, el orgasmo y la eyaculaci\u00f3n<\/b>. Son las zonas  donde se encuentran el centro del Placer. <\/p>\n<p>El nuevo <b>Naughty-Boy<\/b> incorpora una mejora que lo hace \u00fanico en su especie,<br \/>\ndispone de un potente vibrador de 7 velocidades dispuesto para maximizar las sensaciones en una de las zonas m\u00e1s er\u00f3genas del cuerpo masculino, el<br \/>\n<font color=&quot;#0000FF&quot;><b>perineo<\/b><\/font>.<\/p>\n<p>Se adapta perfectamente al conducto anal masculino para alcanzar la pr\u00f3stata,<br \/>\nprovocando con su vibraci\u00f3n un suave masaje prot\u00e1stico.<\/p>\n<p>Vibraci\u00f3n fuerte y silenciosa.<\/p>\n<p>Es <b>resistente al agua<\/b>, con lo cual puedes usarlo tambi\u00e9n en la ducha.<br \/>\nEl <b>Rude-Boy<\/b>, puede ser utilizado durante la <b>masturbaci\u00f3n<\/b>, o en el juego sexual para incrementan la erecci\u00f3n y el orgasmo.<\/p>\n<p>El <b>Naughty-Boy<\/b>, es capaz de transformar el orgasmo masculino en una experiencia de liberaci\u00f3n y \u00e9xtasis.<\/p>\n<p>La unidad vibradora es extra\u00edble con lo que siempre podr\u00e1s mantenerlo en perfectas condiciones, adem\u00e1s de darle otros usos&#8230; <\/p>\n<p>Medidas: 10 cm x 2,5 cm. <\/p>\n<p>Funciona con 1 pila <b>LR1<\/b> que viene incluida.<\/font><\/p>\n","protected":false},"excerpt":{"rendered":"<p>NAUGHTY-BOY 7 SPEED VIBRATING BLACK es un masajeador desarrollado como un juguete sexual para ayudar al hombre a estimular al<\/p>\n","protected":false},"featured_media":18040,"comment_status":"open","ping_status":"open","template":"","meta":[],"product_cat":[338],"product_tag":[413],"class_list":["post-18039","product","type-product","status-publish","has-post-thumbnail","hentry","product_cat-silicona-plugs","product_tag-rocks-off"],"bundled_by":[],"bundle_stock_status":"instock","bundle_stock_quantity":2,"bundle_virtual":false,"bundle_layout":"","bundle_add_to_cart_form_location":"","bundle_editable_in_cart":false,"bundle_sold_individually_context":"","bundle_item_grouping":"","bundle_min_size":"","bundle_max_size":"","bundled_items":[],"yoast_head":"<!-- This site is optimized with the Yoast SEO plugin v20.6 - https:\/\/yoast.com\/wordpress\/plugins\/seo\/ -->\n<title>NAUGHTY-BOY MASAJEADOR DEL PUNTO G MASCULINO 7 VELOCIDADES NEGRO - Tienda Er\u00f3tica<\/title>\n<meta name=\"robots\" content=\"noindex, follow, max-snippet:-1, max-image-preview:large, max-video-preview:-1\" \/>\n<meta property=\"og:locale\" content=\"es_ES\" \/>\n<meta property=\"og:type\" content=\"article\" \/>\n<meta property=\"og:title\" content=\"NAUGHTY-BOY MASAJEADOR DEL PUNTO G MASCULINO 7 VELOCIDADES NEGRO - Tienda Er\u00f3tica\" \/>\n<meta property=\"og:description\" content=\"NAUGHTY-BOY 7 SPEED VIBRATING BLACK es un masajeador desarrollado como un juguete sexual para ayudar al hombre a estimular al\" \/>\n<meta property=\"og:url\" content=\"https:\/\/demoweb.info\/sexshop001\/producto\/naughty-boy-masajeador-del-punto-g-masculino-7-velocidades-negro\/\" \/>\n<meta property=\"og:site_name\" content=\"Tienda Er\u00f3tica\" \/>\n<meta property=\"article:modified_time\" content=\"2022-01-22T09:49:58+00:00\" \/>\n<meta property=\"og:image\" content=\"https:\/\/demoweb.info\/sexshop001\/wp-content\/uploads\/2022\/01\/NAUGHTY-BOY-MASAJEADOR-DEL-PUNTO-G-MASCULINO-7-VELOCIDADES-NEGRO.jpg\" \/>\n\t<meta property=\"og:image:width\" content=\"550\" \/>\n\t<meta property=\"og:image:height\" content=\"550\" \/>\n\t<meta property=\"og:image:type\" content=\"image\/jpeg\" \/>\n<meta name=\"twitter:card\" content=\"summary_large_image\" \/>\n<meta name=\"twitter:label1\" content=\"Tiempo de lectura\" \/>\n\t<meta name=\"twitter:data1\" content=\"1 minuto\" \/>\n<script type=\"application\/ld+json\" class=\"yoast-schema-graph\">{\"@context\":\"https:\/\/schema.org\",\"@graph\":[{\"@type\":\"WebPage\",\"@id\":\"https:\/\/demoweb.info\/sexshop001\/producto\/naughty-boy-masajeador-del-punto-g-masculino-7-velocidades-negro\/\",\"url\":\"https:\/\/demoweb.info\/sexshop001\/producto\/naughty-boy-masajeador-del-punto-g-masculino-7-velocidades-negro\/\",\"name\":\"NAUGHTY-BOY MASAJEADOR DEL PUNTO G MASCULINO 7 VELOCIDADES NEGRO - Tienda Er\u00f3tica\",\"isPartOf\":{\"@id\":\"https:\/\/demoweb.info\/sexshop001\/#website\"},\"datePublished\":\"2022-01-22T09:49:49+00:00\",\"dateModified\":\"2022-01-22T09:49:58+00:00\",\"breadcrumb\":{\"@id\":\"https:\/\/demoweb.info\/sexshop001\/producto\/naughty-boy-masajeador-del-punto-g-masculino-7-velocidades-negro\/#breadcrumb\"},\"inLanguage\":\"es\",\"potentialAction\":[{\"@type\":\"ReadAction\",\"target\":[\"https:\/\/demoweb.info\/sexshop001\/producto\/naughty-boy-masajeador-del-punto-g-masculino-7-velocidades-negro\/\"]}]},{\"@type\":\"BreadcrumbList\",\"@id\":\"https:\/\/demoweb.info\/sexshop001\/producto\/naughty-boy-masajeador-del-punto-g-masculino-7-velocidades-negro\/#breadcrumb\",\"itemListElement\":[{\"@type\":\"ListItem\",\"position\":1,\"name\":\"Portada\",\"item\":\"https:\/\/demoweb.info\/sexshop001\/\"},{\"@type\":\"ListItem\",\"position\":2,\"name\":\"Tienda\",\"item\":\"https:\/\/demoweb.info\/sexshop001\/tienda\/\"},{\"@type\":\"ListItem\",\"position\":3,\"name\":\"NAUGHTY-BOY MASAJEADOR DEL PUNTO G MASCULINO 7 VELOCIDADES NEGRO\"}]},{\"@type\":\"WebSite\",\"@id\":\"https:\/\/demoweb.info\/sexshop001\/#website\",\"url\":\"https:\/\/demoweb.info\/sexshop001\/\",\"name\":\"Tienda Er\u00f3tica\",\"description\":\"DEMOWEB SL\",\"potentialAction\":[{\"@type\":\"SearchAction\",\"target\":{\"@type\":\"EntryPoint\",\"urlTemplate\":\"https:\/\/demoweb.info\/sexshop001\/?s={search_term_string}\"},\"query-input\":\"required name=search_term_string\"}],\"inLanguage\":\"es\"}]}<\/script>\n<!-- \/ Yoast SEO plugin. -->","yoast_head_json":{"title":"NAUGHTY-BOY MASAJEADOR DEL PUNTO G MASCULINO 7 VELOCIDADES NEGRO - Tienda Er\u00f3tica","robots":{"index":"noindex","follow":"follow","max-snippet":"max-snippet:-1","max-image-preview":"max-image-preview:large","max-video-preview":"max-video-preview:-1"},"og_locale":"es_ES","og_type":"article","og_title":"NAUGHTY-BOY MASAJEADOR DEL PUNTO G MASCULINO 7 VELOCIDADES NEGRO - Tienda Er\u00f3tica","og_description":"NAUGHTY-BOY 7 SPEED VIBRATING BLACK es un masajeador desarrollado como un juguete sexual para ayudar al hombre a estimular al","og_url":"https:\/\/demoweb.info\/sexshop001\/producto\/naughty-boy-masajeador-del-punto-g-masculino-7-velocidades-negro\/","og_site_name":"Tienda Er\u00f3tica","article_modified_time":"2022-01-22T09:49:58+00:00","og_image":[{"width":550,"height":550,"url":"https:\/\/demoweb.info\/sexshop001\/wp-content\/uploads\/2022\/01\/NAUGHTY-BOY-MASAJEADOR-DEL-PUNTO-G-MASCULINO-7-VELOCIDADES-NEGRO.jpg","type":"image\/jpeg"}],"twitter_card":"summary_large_image","twitter_misc":{"Tiempo de lectura":"1 minuto"},"schema":{"@context":"https:\/\/schema.org","@graph":[{"@type":"WebPage","@id":"https:\/\/demoweb.info\/sexshop001\/producto\/naughty-boy-masajeador-del-punto-g-masculino-7-velocidades-negro\/","url":"https:\/\/demoweb.info\/sexshop001\/producto\/naughty-boy-masajeador-del-punto-g-masculino-7-velocidades-negro\/","name":"NAUGHTY-BOY MASAJEADOR DEL PUNTO G MASCULINO 7 VELOCIDADES NEGRO - Tienda Er\u00f3tica","isPartOf":{"@id":"https:\/\/demoweb.info\/sexshop001\/#website"},"datePublished":"2022-01-22T09:49:49+00:00","dateModified":"2022-01-22T09:49:58+00:00","breadcrumb":{"@id":"https:\/\/demoweb.info\/sexshop001\/producto\/naughty-boy-masajeador-del-punto-g-masculino-7-velocidades-negro\/#breadcrumb"},"inLanguage":"es","potentialAction":[{"@type":"ReadAction","target":["https:\/\/demoweb.info\/sexshop001\/producto\/naughty-boy-masajeador-del-punto-g-masculino-7-velocidades-negro\/"]}]},{"@type":"BreadcrumbList","@id":"https:\/\/demoweb.info\/sexshop001\/producto\/naughty-boy-masajeador-del-punto-g-masculino-7-velocidades-negro\/#breadcrumb","itemListElement":[{"@type":"ListItem","position":1,"name":"Portada","item":"https:\/\/demoweb.info\/sexshop001\/"},{"@type":"ListItem","position":2,"name":"Tienda","item":"https:\/\/demoweb.info\/sexshop001\/tienda\/"},{"@type":"ListItem","position":3,"name":"NAUGHTY-BOY MASAJEADOR DEL PUNTO G MASCULINO 7 VELOCIDADES NEGRO"}]},{"@type":"WebSite","@id":"https:\/\/demoweb.info\/sexshop001\/#website","url":"https:\/\/demoweb.info\/sexshop001\/","name":"Tienda Er\u00f3tica","description":"DEMOWEB SL","potentialAction":[{"@type":"SearchAction","target":{"@type":"EntryPoint","urlTemplate":"https:\/\/demoweb.info\/sexshop001\/?s={search_term_string}"},"query-input":"required name=search_term_string"}],"inLanguage":"es"}]}},"_links":{"self":[{"href":"https:\/\/demoweb.info\/sexshop001\/wp-json\/wp\/v3\/product\/18039","targetHints":{"allow":["GET"]}}],"collection":[{"href":"https:\/\/demoweb.info\/sexshop001\/wp-json\/wp\/v3\/product"}],"about":[{"href":"https:\/\/demoweb.info\/sexshop001\/wp-json\/wp\/v2\/types\/product"}],"replies":[{"embeddable":true,"href":"https:\/\/demoweb.info\/sexshop001\/wp-json\/wp\/v2\/comments?post=18039"}],"wp:featuredmedia":[{"embeddable":true,"href":"https:\/\/demoweb.info\/sexshop001\/wp-json\/wp\/v2\/media\/18040"}],"wp:attachment":[{"href":"https:\/\/demoweb.info\/sexshop001\/wp-json\/wp\/v2\/media?parent=18039"}],"wp:term":[{"taxonomy":"product_cat","embeddable":true,"href":"https:\/\/demoweb.info\/sexshop001\/wp-json\/wp\/v2\/product_cat?post=18039"},{"taxonomy":"product_tag","embeddable":true,"href":"https:\/\/demoweb.info\/sexshop001\/wp-json\/wp\/v2\/product_tag?post=18039"}],"curies":[{"name":"wp","href":"https:\/\/api.w.org\/{rel}","templated":true}]}}