{"id":18035,"date":"2022-01-22T10:49:49","date_gmt":"2022-01-22T09:49:49","guid":{"rendered":"https:\/\/demoweb.info\/sexshop001\/producto\/gay-sex-manual-sobre-sexualidad-y-autoestima-erotica-para-hombres-homosexuales\/"},"modified":"2022-01-22T10:49:57","modified_gmt":"2022-01-22T09:49:57","slug":"gay-sex-manual-sobre-sexualidad-y-autoestima-erotica-para-hombres-homosexuales","status":"publish","type":"product","link":"https:\/\/demoweb.info\/sexshop001\/producto\/gay-sex-manual-sobre-sexualidad-y-autoestima-erotica-para-hombres-homosexuales\/","title":{"rendered":"GAY SEX: MANUAL SOBRE SEXUALIDAD Y AUTOESTIMA ER\u00d3TICA PARA HOMBRES HOMOSEXUALES"},"content":{"rendered":"<p><strong>GAY SEX: MANUAL SOBRE SEXUALIDAD Y AUTOESTIMA EROTICA PARA HOMBRES HOMOSEXUALES <\/strong><\/p>\n<p>GABRIEL J. MARTIN<\/p>\n<p>Claves para dejar atr\u00e1s la masculinidad t\u00f3xica y para mejorar nuestra autoestima er\u00f3tica. Por el autor de Qui\u00e9rete mucho, maric\u00f3n.<\/p>\n<p><strong>Claves para dejar atr\u00e1s la masculinidad t\u00f3xica y para mejorar nuestra autoestima er\u00f3tica.<\/strong><\/p>\n<p><strong>Por el autor de<em>Qui\u00e9rete mucho, maric\u00f3n<\/em> y<em>El ciclo del amor marica<\/em>.<\/strong><\/p>\n<p>Consejos, ejercicios pr\u00e1cticos, referencias cient\u00edficas y reflexiones,<em>Gay Sex<\/em> pretende ser para la sexualidad una obra de referencia y la puerta a una vida sexual mejor.<\/p>\n<p>Buscando la mejor relaci\u00f3n posible con la sexualidad,<em>Gay Sex<\/em>recorre diferentes bloques tem\u00e1ticos. Comenzando por entender los prejuicios que hist\u00f3ricamente condujeron a una mala relaci\u00f3n con el sexo. Comprenderemos que la sexualidad es una dimensi\u00f3n b\u00e1sica de cualquier ser humano y daremos pasos para liberarnos de todo aquello que nos obstaculiza el disfrute sexual profundo. A medida que el libro avanza, profundizamos en el conocimiento de nuestros cuerpos y mentes: hormonas, zonas er\u00f3genas, genitales y morbos para comprender los mecanismos sobre los que se asienta nuestra respuesta sexual.<\/p>\n<ul>\n<li>N&ordm; de p\u00e1ginas: 320<\/li>\n<li>Encuadernaci\u00f3n:Tapa blanda<\/li>\n<\/ul>\n","protected":false},"excerpt":{"rendered":"<p>GAY SEX: MANUAL SOBRE SEXUALIDAD Y AUTOESTIMA EROTICA PARA HOMBRES HOMOSEXUALES GABRIEL J. MARTIN Claves para dejar atr\u00e1s la masculinidad<\/p>\n","protected":false},"featured_media":18036,"comment_status":"open","ping_status":"open","template":"","meta":[],"product_cat":[414],"product_tag":[415,923],"class_list":["post-18035","product","type-product","status-publish","has-post-thumbnail","hentry","product_cat-libros","product_tag-random-house","product_tag-roca-editorial"],"bundled_by":[],"bundle_stock_status":"instock","bundle_stock_quantity":3,"bundle_virtual":false,"bundle_layout":"","bundle_add_to_cart_form_location":"","bundle_editable_in_cart":false,"bundle_sold_individually_context":"","bundle_item_grouping":"","bundle_min_size":"","bundle_max_size":"","bundled_items":[],"yoast_head":"<!-- This site is optimized with the Yoast SEO plugin v20.6 - https:\/\/yoast.com\/wordpress\/plugins\/seo\/ -->\n<title>GAY SEX: MANUAL SOBRE SEXUALIDAD Y AUTOESTIMA ER\u00d3TICA PARA HOMBRES HOMOSEXUALES - Tienda Er\u00f3tica<\/title>\n<meta name=\"robots\" content=\"noindex, follow, max-snippet:-1, max-image-preview:large, max-video-preview:-1\" \/>\n<meta property=\"og:locale\" content=\"es_ES\" \/>\n<meta property=\"og:type\" content=\"article\" \/>\n<meta property=\"og:title\" content=\"GAY SEX: MANUAL SOBRE SEXUALIDAD Y AUTOESTIMA ER\u00d3TICA PARA HOMBRES HOMOSEXUALES - Tienda Er\u00f3tica\" \/>\n<meta property=\"og:description\" content=\"GAY SEX: MANUAL SOBRE SEXUALIDAD Y AUTOESTIMA EROTICA PARA HOMBRES HOMOSEXUALES GABRIEL J. MARTIN Claves para dejar atr\u00e1s la masculinidad\" \/>\n<meta property=\"og:url\" content=\"https:\/\/demoweb.info\/sexshop001\/producto\/gay-sex-manual-sobre-sexualidad-y-autoestima-erotica-para-hombres-homosexuales\/\" \/>\n<meta property=\"og:site_name\" content=\"Tienda Er\u00f3tica\" \/>\n<meta property=\"article:modified_time\" content=\"2022-01-22T09:49:57+00:00\" \/>\n<meta property=\"og:image\" content=\"https:\/\/demoweb.info\/sexshop001\/wp-content\/uploads\/2022\/01\/GAY-SEX-MANUAL-SOBRE-SEXUALIDAD-Y-AUTOESTIMA-EROTICA-PARA-HOMBRES-HOMOSEXUALES.jpg\" \/>\n\t<meta property=\"og:image:width\" content=\"550\" \/>\n\t<meta property=\"og:image:height\" content=\"550\" \/>\n\t<meta property=\"og:image:type\" content=\"image\/jpeg\" \/>\n<meta name=\"twitter:card\" content=\"summary_large_image\" \/>\n<meta name=\"twitter:label1\" content=\"Tiempo de lectura\" \/>\n\t<meta name=\"twitter:data1\" content=\"1 minuto\" \/>\n<script type=\"application\/ld+json\" class=\"yoast-schema-graph\">{\"@context\":\"https:\/\/schema.org\",\"@graph\":[{\"@type\":\"WebPage\",\"@id\":\"https:\/\/demoweb.info\/sexshop001\/producto\/gay-sex-manual-sobre-sexualidad-y-autoestima-erotica-para-hombres-homosexuales\/\",\"url\":\"https:\/\/demoweb.info\/sexshop001\/producto\/gay-sex-manual-sobre-sexualidad-y-autoestima-erotica-para-hombres-homosexuales\/\",\"name\":\"GAY SEX: MANUAL SOBRE SEXUALIDAD Y AUTOESTIMA ER\u00d3TICA PARA HOMBRES HOMOSEXUALES - Tienda Er\u00f3tica\",\"isPartOf\":{\"@id\":\"https:\/\/demoweb.info\/sexshop001\/#website\"},\"datePublished\":\"2022-01-22T09:49:49+00:00\",\"dateModified\":\"2022-01-22T09:49:57+00:00\",\"breadcrumb\":{\"@id\":\"https:\/\/demoweb.info\/sexshop001\/producto\/gay-sex-manual-sobre-sexualidad-y-autoestima-erotica-para-hombres-homosexuales\/#breadcrumb\"},\"inLanguage\":\"es\",\"potentialAction\":[{\"@type\":\"ReadAction\",\"target\":[\"https:\/\/demoweb.info\/sexshop001\/producto\/gay-sex-manual-sobre-sexualidad-y-autoestima-erotica-para-hombres-homosexuales\/\"]}]},{\"@type\":\"BreadcrumbList\",\"@id\":\"https:\/\/demoweb.info\/sexshop001\/producto\/gay-sex-manual-sobre-sexualidad-y-autoestima-erotica-para-hombres-homosexuales\/#breadcrumb\",\"itemListElement\":[{\"@type\":\"ListItem\",\"position\":1,\"name\":\"Portada\",\"item\":\"https:\/\/demoweb.info\/sexshop001\/\"},{\"@type\":\"ListItem\",\"position\":2,\"name\":\"Tienda\",\"item\":\"https:\/\/demoweb.info\/sexshop001\/tienda\/\"},{\"@type\":\"ListItem\",\"position\":3,\"name\":\"GAY SEX: MANUAL SOBRE SEXUALIDAD Y AUTOESTIMA ER\u00d3TICA PARA HOMBRES HOMOSEXUALES\"}]},{\"@type\":\"WebSite\",\"@id\":\"https:\/\/demoweb.info\/sexshop001\/#website\",\"url\":\"https:\/\/demoweb.info\/sexshop001\/\",\"name\":\"Tienda Er\u00f3tica\",\"description\":\"DEMOWEB SL\",\"potentialAction\":[{\"@type\":\"SearchAction\",\"target\":{\"@type\":\"EntryPoint\",\"urlTemplate\":\"https:\/\/demoweb.info\/sexshop001\/?s={search_term_string}\"},\"query-input\":\"required name=search_term_string\"}],\"inLanguage\":\"es\"}]}<\/script>\n<!-- \/ Yoast SEO plugin. -->","yoast_head_json":{"title":"GAY SEX: MANUAL SOBRE SEXUALIDAD Y AUTOESTIMA ER\u00d3TICA PARA HOMBRES HOMOSEXUALES - Tienda Er\u00f3tica","robots":{"index":"noindex","follow":"follow","max-snippet":"max-snippet:-1","max-image-preview":"max-image-preview:large","max-video-preview":"max-video-preview:-1"},"og_locale":"es_ES","og_type":"article","og_title":"GAY SEX: MANUAL SOBRE SEXUALIDAD Y AUTOESTIMA ER\u00d3TICA PARA HOMBRES HOMOSEXUALES - Tienda Er\u00f3tica","og_description":"GAY SEX: MANUAL SOBRE SEXUALIDAD Y AUTOESTIMA EROTICA PARA HOMBRES HOMOSEXUALES GABRIEL J. MARTIN Claves para dejar atr\u00e1s la masculinidad","og_url":"https:\/\/demoweb.info\/sexshop001\/producto\/gay-sex-manual-sobre-sexualidad-y-autoestima-erotica-para-hombres-homosexuales\/","og_site_name":"Tienda Er\u00f3tica","article_modified_time":"2022-01-22T09:49:57+00:00","og_image":[{"width":550,"height":550,"url":"https:\/\/demoweb.info\/sexshop001\/wp-content\/uploads\/2022\/01\/GAY-SEX-MANUAL-SOBRE-SEXUALIDAD-Y-AUTOESTIMA-EROTICA-PARA-HOMBRES-HOMOSEXUALES.jpg","type":"image\/jpeg"}],"twitter_card":"summary_large_image","twitter_misc":{"Tiempo de lectura":"1 minuto"},"schema":{"@context":"https:\/\/schema.org","@graph":[{"@type":"WebPage","@id":"https:\/\/demoweb.info\/sexshop001\/producto\/gay-sex-manual-sobre-sexualidad-y-autoestima-erotica-para-hombres-homosexuales\/","url":"https:\/\/demoweb.info\/sexshop001\/producto\/gay-sex-manual-sobre-sexualidad-y-autoestima-erotica-para-hombres-homosexuales\/","name":"GAY SEX: MANUAL SOBRE SEXUALIDAD Y AUTOESTIMA ER\u00d3TICA PARA HOMBRES HOMOSEXUALES - Tienda Er\u00f3tica","isPartOf":{"@id":"https:\/\/demoweb.info\/sexshop001\/#website"},"datePublished":"2022-01-22T09:49:49+00:00","dateModified":"2022-01-22T09:49:57+00:00","breadcrumb":{"@id":"https:\/\/demoweb.info\/sexshop001\/producto\/gay-sex-manual-sobre-sexualidad-y-autoestima-erotica-para-hombres-homosexuales\/#breadcrumb"},"inLanguage":"es","potentialAction":[{"@type":"ReadAction","target":["https:\/\/demoweb.info\/sexshop001\/producto\/gay-sex-manual-sobre-sexualidad-y-autoestima-erotica-para-hombres-homosexuales\/"]}]},{"@type":"BreadcrumbList","@id":"https:\/\/demoweb.info\/sexshop001\/producto\/gay-sex-manual-sobre-sexualidad-y-autoestima-erotica-para-hombres-homosexuales\/#breadcrumb","itemListElement":[{"@type":"ListItem","position":1,"name":"Portada","item":"https:\/\/demoweb.info\/sexshop001\/"},{"@type":"ListItem","position":2,"name":"Tienda","item":"https:\/\/demoweb.info\/sexshop001\/tienda\/"},{"@type":"ListItem","position":3,"name":"GAY SEX: MANUAL SOBRE SEXUALIDAD Y AUTOESTIMA ER\u00d3TICA PARA HOMBRES HOMOSEXUALES"}]},{"@type":"WebSite","@id":"https:\/\/demoweb.info\/sexshop001\/#website","url":"https:\/\/demoweb.info\/sexshop001\/","name":"Tienda Er\u00f3tica","description":"DEMOWEB SL","potentialAction":[{"@type":"SearchAction","target":{"@type":"EntryPoint","urlTemplate":"https:\/\/demoweb.info\/sexshop001\/?s={search_term_string}"},"query-input":"required name=search_term_string"}],"inLanguage":"es"}]}},"_links":{"self":[{"href":"https:\/\/demoweb.info\/sexshop001\/wp-json\/wp\/v3\/product\/18035","targetHints":{"allow":["GET"]}}],"collection":[{"href":"https:\/\/demoweb.info\/sexshop001\/wp-json\/wp\/v3\/product"}],"about":[{"href":"https:\/\/demoweb.info\/sexshop001\/wp-json\/wp\/v2\/types\/product"}],"replies":[{"embeddable":true,"href":"https:\/\/demoweb.info\/sexshop001\/wp-json\/wp\/v2\/comments?post=18035"}],"wp:featuredmedia":[{"embeddable":true,"href":"https:\/\/demoweb.info\/sexshop001\/wp-json\/wp\/v2\/media\/18036"}],"wp:attachment":[{"href":"https:\/\/demoweb.info\/sexshop001\/wp-json\/wp\/v2\/media?parent=18035"}],"wp:term":[{"taxonomy":"product_cat","embeddable":true,"href":"https:\/\/demoweb.info\/sexshop001\/wp-json\/wp\/v2\/product_cat?post=18035"},{"taxonomy":"product_tag","embeddable":true,"href":"https:\/\/demoweb.info\/sexshop001\/wp-json\/wp\/v2\/product_tag?post=18035"}],"curies":[{"name":"wp","href":"https:\/\/api.w.org\/{rel}","templated":true}]}}