{"id":17802,"date":"2022-01-22T10:47:54","date_gmt":"2022-01-22T09:47:54","guid":{"rendered":"https:\/\/demoweb.info\/sexshop001\/producto\/satisfyer-feel-good-copa-menstrual-azul\/"},"modified":"2022-01-22T10:47:54","modified_gmt":"2022-01-22T09:47:54","slug":"satisfyer-feel-good-copa-menstrual-azul","status":"publish","type":"product","link":"https:\/\/demoweb.info\/sexshop001\/producto\/satisfyer-feel-good-copa-menstrual-azul\/","title":{"rendered":"SATISFYER FEEL GOOD COPA MENSTRUAL &#8211; AZUL"},"content":{"rendered":"<p><strong>SATISFYER FEEL GOOD MENSTRUAL CUP<\/strong><\/p>\n<p>Que comience la RevolUTION!!<\/p>\n<p>Cada caja de Satisfyer Feel Good contiene dos copas iguales pero con capacidad distinta: 15 ml y 20 ml<\/p>\n<p>Elaboradas en silicona m\u00e9dica hipoalerg\u00e9nica de alta calidad, son completamente seguras para el cuerpo y muy f\u00e1ciles de colocar.<br \/>\nGracias a su terminaci\u00f3n la puedes extraer sin dificultad.<\/p>\n<p>Muy c\u00f3modas, las podr\u00e1s usar para hacer deporte o cualquier otra actividad.<\/p>\n<p>Y llevarlas durante 12 horas.<\/p>\n<p>F\u00e1ciles de limpiar, incluyen una bolsa de almacenamiento en la caja para que puedas guardarlas hasta el siguiente ciclo menstrual.<\/p>\n<p>Caracter\u00edsticas:<\/p>\n<ul>\n<li>Cada paquete incluye dos copas menstruales, una de 15 ml y otra de 20 ml<\/li>\n<li>Elaboradas en silicona m\u00e9dica hipoalerg\u00e9nica de alta calidad<\/li>\n<li>Completamente seguras para el cuerpo<\/li>\n<li>Suaves y muy flexible<\/li>\n<li>Disponibles en siete colores diferentes<\/li>\n<li>Con una terminaci\u00f3n exclusiva para extraerla de forma f\u00e1cil y segura<\/li>\n<li>Econ\u00f3mica y saludable<\/li>\n<li>Dura hasta 15 a\u00f1os<\/li>\n<li>Puedes llevarla dentro hasta 12 horas seguidas, en funci\u00f3n de tu flujo<\/li>\n<li>Para mantenerla limpia solo tienes que lavarla regularmente con agua y jab\u00f3n y hervirla tres minutos despu\u00e9s de cada menstruaci\u00f3n<\/li>\n<li>Puedes utilizarla en tu vida diaria y en cualquier actividad que realices<\/li>\n<li>Viene con una c\u00f3moda bolsa para que la guardes y la lleves siempre contigo<\/li>\n<li>No la uses si tienes la piel da\u00f1ada o irritada<\/li>\n<\/ul>\n<p>Medidas:<\/p>\n<ul>\n<li>Di\u00e1metro interno copa peque\u00f1a: 2,5 cm<\/li>\n<li>Di\u00e1metro interno copa grande: 3 cm<\/li>\n<\/ul>\n","protected":false},"excerpt":{"rendered":"<p>SATISFYER FEEL GOOD MENSTRUAL CUP Que comience la RevolUTION!! Cada caja de Satisfyer Feel Good contiene dos copas iguales pero<\/p>\n","protected":false},"featured_media":17803,"comment_status":"open","ping_status":"open","template":"","meta":[],"product_cat":[732],"product_tag":[921,442],"class_list":["post-17802","product","type-product","status-publish","has-post-thumbnail","hentry","product_cat-copas-menstruales-menstruacion-parafarmacia","product_tag-cups","product_tag-satisfyer"],"bundled_by":[],"bundle_stock_status":"instock","bundle_stock_quantity":5,"bundle_virtual":false,"bundle_layout":"","bundle_add_to_cart_form_location":"","bundle_editable_in_cart":false,"bundle_sold_individually_context":"","bundle_item_grouping":"","bundle_min_size":"","bundle_max_size":"","bundled_items":[],"yoast_head":"<!-- This site is optimized with the Yoast SEO plugin v20.6 - https:\/\/yoast.com\/wordpress\/plugins\/seo\/ -->\n<title>SATISFYER FEEL GOOD COPA MENSTRUAL - AZUL - Tienda Er\u00f3tica<\/title>\n<meta name=\"robots\" content=\"noindex, follow, max-snippet:-1, max-image-preview:large, max-video-preview:-1\" \/>\n<meta property=\"og:locale\" content=\"es_ES\" \/>\n<meta property=\"og:type\" content=\"article\" \/>\n<meta property=\"og:title\" content=\"SATISFYER FEEL GOOD COPA MENSTRUAL - AZUL - Tienda Er\u00f3tica\" \/>\n<meta property=\"og:description\" content=\"SATISFYER FEEL GOOD MENSTRUAL CUP Que comience la RevolUTION!! Cada caja de Satisfyer Feel Good contiene dos copas iguales pero\" \/>\n<meta property=\"og:url\" content=\"https:\/\/demoweb.info\/sexshop001\/producto\/satisfyer-feel-good-copa-menstrual-azul\/\" \/>\n<meta property=\"og:site_name\" content=\"Tienda Er\u00f3tica\" \/>\n<meta property=\"og:image\" content=\"https:\/\/demoweb.info\/sexshop001\/wp-content\/uploads\/2022\/01\/SATISFYER-FEEL-GOOD-COPA-MENSTRUAL-AZUL.jpg\" \/>\n\t<meta property=\"og:image:width\" content=\"550\" \/>\n\t<meta property=\"og:image:height\" content=\"550\" \/>\n\t<meta property=\"og:image:type\" content=\"image\/jpeg\" \/>\n<meta name=\"twitter:card\" content=\"summary_large_image\" \/>\n<meta name=\"twitter:label1\" content=\"Tiempo de lectura\" \/>\n\t<meta name=\"twitter:data1\" content=\"1 minuto\" \/>\n<script type=\"application\/ld+json\" class=\"yoast-schema-graph\">{\"@context\":\"https:\/\/schema.org\",\"@graph\":[{\"@type\":\"WebPage\",\"@id\":\"https:\/\/demoweb.info\/sexshop001\/producto\/satisfyer-feel-good-copa-menstrual-azul\/\",\"url\":\"https:\/\/demoweb.info\/sexshop001\/producto\/satisfyer-feel-good-copa-menstrual-azul\/\",\"name\":\"SATISFYER FEEL GOOD COPA MENSTRUAL - AZUL - Tienda Er\u00f3tica\",\"isPartOf\":{\"@id\":\"https:\/\/demoweb.info\/sexshop001\/#website\"},\"datePublished\":\"2022-01-22T09:47:54+00:00\",\"dateModified\":\"2022-01-22T09:47:54+00:00\",\"breadcrumb\":{\"@id\":\"https:\/\/demoweb.info\/sexshop001\/producto\/satisfyer-feel-good-copa-menstrual-azul\/#breadcrumb\"},\"inLanguage\":\"es\",\"potentialAction\":[{\"@type\":\"ReadAction\",\"target\":[\"https:\/\/demoweb.info\/sexshop001\/producto\/satisfyer-feel-good-copa-menstrual-azul\/\"]}]},{\"@type\":\"BreadcrumbList\",\"@id\":\"https:\/\/demoweb.info\/sexshop001\/producto\/satisfyer-feel-good-copa-menstrual-azul\/#breadcrumb\",\"itemListElement\":[{\"@type\":\"ListItem\",\"position\":1,\"name\":\"Portada\",\"item\":\"https:\/\/demoweb.info\/sexshop001\/\"},{\"@type\":\"ListItem\",\"position\":2,\"name\":\"Tienda\",\"item\":\"https:\/\/demoweb.info\/sexshop001\/tienda\/\"},{\"@type\":\"ListItem\",\"position\":3,\"name\":\"SATISFYER FEEL GOOD COPA MENSTRUAL &#8211; AZUL\"}]},{\"@type\":\"WebSite\",\"@id\":\"https:\/\/demoweb.info\/sexshop001\/#website\",\"url\":\"https:\/\/demoweb.info\/sexshop001\/\",\"name\":\"Tienda Er\u00f3tica\",\"description\":\"DEMOWEB SL\",\"potentialAction\":[{\"@type\":\"SearchAction\",\"target\":{\"@type\":\"EntryPoint\",\"urlTemplate\":\"https:\/\/demoweb.info\/sexshop001\/?s={search_term_string}\"},\"query-input\":\"required name=search_term_string\"}],\"inLanguage\":\"es\"}]}<\/script>\n<!-- \/ Yoast SEO plugin. -->","yoast_head_json":{"title":"SATISFYER FEEL GOOD COPA MENSTRUAL - AZUL - Tienda Er\u00f3tica","robots":{"index":"noindex","follow":"follow","max-snippet":"max-snippet:-1","max-image-preview":"max-image-preview:large","max-video-preview":"max-video-preview:-1"},"og_locale":"es_ES","og_type":"article","og_title":"SATISFYER FEEL GOOD COPA MENSTRUAL - AZUL - Tienda Er\u00f3tica","og_description":"SATISFYER FEEL GOOD MENSTRUAL CUP Que comience la RevolUTION!! Cada caja de Satisfyer Feel Good contiene dos copas iguales pero","og_url":"https:\/\/demoweb.info\/sexshop001\/producto\/satisfyer-feel-good-copa-menstrual-azul\/","og_site_name":"Tienda Er\u00f3tica","og_image":[{"width":550,"height":550,"url":"https:\/\/demoweb.info\/sexshop001\/wp-content\/uploads\/2022\/01\/SATISFYER-FEEL-GOOD-COPA-MENSTRUAL-AZUL.jpg","type":"image\/jpeg"}],"twitter_card":"summary_large_image","twitter_misc":{"Tiempo de lectura":"1 minuto"},"schema":{"@context":"https:\/\/schema.org","@graph":[{"@type":"WebPage","@id":"https:\/\/demoweb.info\/sexshop001\/producto\/satisfyer-feel-good-copa-menstrual-azul\/","url":"https:\/\/demoweb.info\/sexshop001\/producto\/satisfyer-feel-good-copa-menstrual-azul\/","name":"SATISFYER FEEL GOOD COPA MENSTRUAL - AZUL - Tienda Er\u00f3tica","isPartOf":{"@id":"https:\/\/demoweb.info\/sexshop001\/#website"},"datePublished":"2022-01-22T09:47:54+00:00","dateModified":"2022-01-22T09:47:54+00:00","breadcrumb":{"@id":"https:\/\/demoweb.info\/sexshop001\/producto\/satisfyer-feel-good-copa-menstrual-azul\/#breadcrumb"},"inLanguage":"es","potentialAction":[{"@type":"ReadAction","target":["https:\/\/demoweb.info\/sexshop001\/producto\/satisfyer-feel-good-copa-menstrual-azul\/"]}]},{"@type":"BreadcrumbList","@id":"https:\/\/demoweb.info\/sexshop001\/producto\/satisfyer-feel-good-copa-menstrual-azul\/#breadcrumb","itemListElement":[{"@type":"ListItem","position":1,"name":"Portada","item":"https:\/\/demoweb.info\/sexshop001\/"},{"@type":"ListItem","position":2,"name":"Tienda","item":"https:\/\/demoweb.info\/sexshop001\/tienda\/"},{"@type":"ListItem","position":3,"name":"SATISFYER FEEL GOOD COPA MENSTRUAL &#8211; AZUL"}]},{"@type":"WebSite","@id":"https:\/\/demoweb.info\/sexshop001\/#website","url":"https:\/\/demoweb.info\/sexshop001\/","name":"Tienda Er\u00f3tica","description":"DEMOWEB SL","potentialAction":[{"@type":"SearchAction","target":{"@type":"EntryPoint","urlTemplate":"https:\/\/demoweb.info\/sexshop001\/?s={search_term_string}"},"query-input":"required name=search_term_string"}],"inLanguage":"es"}]}},"_links":{"self":[{"href":"https:\/\/demoweb.info\/sexshop001\/wp-json\/wp\/v3\/product\/17802","targetHints":{"allow":["GET"]}}],"collection":[{"href":"https:\/\/demoweb.info\/sexshop001\/wp-json\/wp\/v3\/product"}],"about":[{"href":"https:\/\/demoweb.info\/sexshop001\/wp-json\/wp\/v2\/types\/product"}],"replies":[{"embeddable":true,"href":"https:\/\/demoweb.info\/sexshop001\/wp-json\/wp\/v2\/comments?post=17802"}],"wp:featuredmedia":[{"embeddable":true,"href":"https:\/\/demoweb.info\/sexshop001\/wp-json\/wp\/v2\/media\/17803"}],"wp:attachment":[{"href":"https:\/\/demoweb.info\/sexshop001\/wp-json\/wp\/v2\/media?parent=17802"}],"wp:term":[{"taxonomy":"product_cat","embeddable":true,"href":"https:\/\/demoweb.info\/sexshop001\/wp-json\/wp\/v2\/product_cat?post=17802"},{"taxonomy":"product_tag","embeddable":true,"href":"https:\/\/demoweb.info\/sexshop001\/wp-json\/wp\/v2\/product_tag?post=17802"}],"curies":[{"name":"wp","href":"https:\/\/api.w.org\/{rel}","templated":true}]}}