{"id":17768,"date":"2022-01-22T10:47:35","date_gmt":"2022-01-22T09:47:35","guid":{"rendered":"https:\/\/demoweb.info\/sexshop001\/producto\/first-time-fetish-mascara-satinada\/"},"modified":"2022-01-22T10:47:38","modified_gmt":"2022-01-22T09:47:38","slug":"first-time-fetish-mascara-satinada","status":"publish","type":"product","link":"https:\/\/demoweb.info\/sexshop001\/producto\/first-time-fetish-mascara-satinada\/","title":{"rendered":"FIRST TIME FETISH MASCARA SATINADA"},"content":{"rendered":"<p><font size=&quot;1&quot;><br \/>\n<b>FIRST TIME FETISH SATIN EYE MASK<\/b>.<\/p>\n<p>M\u00e1scara de lujo, suave y satinada que cubrir\u00e1 con suavidad tus ojos o los de tu amante aumentando vuestro deseo sexual. Esta m\u00e1scara de alta calidad permanece en su lugar con un lazo que podr\u00e1s ajustar al tama\u00f1o de la cabeza. Intensificar\u00e1 sus sentidos y te conducir\u00e1 a sesiones extraordinarias de amor para ti y tu pareja.<br \/>\n<\/font><\/p>\n","protected":false},"excerpt":{"rendered":"<p>FIRST TIME FETISH SATIN EYE MASK. M\u00e1scara de lujo, suave y satinada que cubrir\u00e1 con suavidad tus ojos o los<\/p>\n","protected":false},"featured_media":17769,"comment_status":"open","ping_status":"open","template":"","meta":[],"product_cat":[567],"product_tag":[660,920],"class_list":["post-17768","product","type-product","status-publish","has-post-thumbnail","hentry","product_cat-clasicas","product_tag-calexotics","product_tag-first-time"],"bundled_by":[],"bundle_stock_status":"outofstock","bundle_stock_quantity":0,"bundle_virtual":false,"bundle_layout":"","bundle_add_to_cart_form_location":"","bundle_editable_in_cart":false,"bundle_sold_individually_context":"","bundle_item_grouping":"","bundle_min_size":"","bundle_max_size":"","bundled_items":[],"yoast_head":"<!-- This site is optimized with the Yoast SEO plugin v20.6 - https:\/\/yoast.com\/wordpress\/plugins\/seo\/ -->\n<title>FIRST TIME FETISH MASCARA SATINADA - Tienda Er\u00f3tica<\/title>\n<meta name=\"robots\" content=\"noindex, follow, max-snippet:-1, max-image-preview:large, max-video-preview:-1\" \/>\n<meta property=\"og:locale\" content=\"es_ES\" \/>\n<meta property=\"og:type\" content=\"article\" \/>\n<meta property=\"og:title\" content=\"FIRST TIME FETISH MASCARA SATINADA - Tienda Er\u00f3tica\" \/>\n<meta property=\"og:description\" content=\"FIRST TIME FETISH SATIN EYE MASK. M\u00e1scara de lujo, suave y satinada que cubrir\u00e1 con suavidad tus ojos o los\" \/>\n<meta property=\"og:url\" content=\"https:\/\/demoweb.info\/sexshop001\/producto\/first-time-fetish-mascara-satinada\/\" \/>\n<meta property=\"og:site_name\" content=\"Tienda Er\u00f3tica\" \/>\n<meta property=\"article:modified_time\" content=\"2022-01-22T09:47:38+00:00\" \/>\n<meta property=\"og:image\" content=\"https:\/\/demoweb.info\/sexshop001\/wp-content\/uploads\/2022\/01\/FIRST-TIME-FETISH-MASCARA-SATINADA.jpg\" \/>\n\t<meta property=\"og:image:width\" content=\"550\" \/>\n\t<meta property=\"og:image:height\" content=\"550\" \/>\n\t<meta property=\"og:image:type\" content=\"image\/jpeg\" \/>\n<meta name=\"twitter:card\" content=\"summary_large_image\" \/>\n<script type=\"application\/ld+json\" class=\"yoast-schema-graph\">{\"@context\":\"https:\/\/schema.org\",\"@graph\":[{\"@type\":\"WebPage\",\"@id\":\"https:\/\/demoweb.info\/sexshop001\/producto\/first-time-fetish-mascara-satinada\/\",\"url\":\"https:\/\/demoweb.info\/sexshop001\/producto\/first-time-fetish-mascara-satinada\/\",\"name\":\"FIRST TIME FETISH MASCARA SATINADA - Tienda Er\u00f3tica\",\"isPartOf\":{\"@id\":\"https:\/\/demoweb.info\/sexshop001\/#website\"},\"datePublished\":\"2022-01-22T09:47:35+00:00\",\"dateModified\":\"2022-01-22T09:47:38+00:00\",\"breadcrumb\":{\"@id\":\"https:\/\/demoweb.info\/sexshop001\/producto\/first-time-fetish-mascara-satinada\/#breadcrumb\"},\"inLanguage\":\"es\",\"potentialAction\":[{\"@type\":\"ReadAction\",\"target\":[\"https:\/\/demoweb.info\/sexshop001\/producto\/first-time-fetish-mascara-satinada\/\"]}]},{\"@type\":\"BreadcrumbList\",\"@id\":\"https:\/\/demoweb.info\/sexshop001\/producto\/first-time-fetish-mascara-satinada\/#breadcrumb\",\"itemListElement\":[{\"@type\":\"ListItem\",\"position\":1,\"name\":\"Portada\",\"item\":\"https:\/\/demoweb.info\/sexshop001\/\"},{\"@type\":\"ListItem\",\"position\":2,\"name\":\"Tienda\",\"item\":\"https:\/\/demoweb.info\/sexshop001\/tienda\/\"},{\"@type\":\"ListItem\",\"position\":3,\"name\":\"FIRST TIME FETISH MASCARA SATINADA\"}]},{\"@type\":\"WebSite\",\"@id\":\"https:\/\/demoweb.info\/sexshop001\/#website\",\"url\":\"https:\/\/demoweb.info\/sexshop001\/\",\"name\":\"Tienda Er\u00f3tica\",\"description\":\"DEMOWEB SL\",\"potentialAction\":[{\"@type\":\"SearchAction\",\"target\":{\"@type\":\"EntryPoint\",\"urlTemplate\":\"https:\/\/demoweb.info\/sexshop001\/?s={search_term_string}\"},\"query-input\":\"required name=search_term_string\"}],\"inLanguage\":\"es\"}]}<\/script>\n<!-- \/ Yoast SEO plugin. -->","yoast_head_json":{"title":"FIRST TIME FETISH MASCARA SATINADA - Tienda Er\u00f3tica","robots":{"index":"noindex","follow":"follow","max-snippet":"max-snippet:-1","max-image-preview":"max-image-preview:large","max-video-preview":"max-video-preview:-1"},"og_locale":"es_ES","og_type":"article","og_title":"FIRST TIME FETISH MASCARA SATINADA - Tienda Er\u00f3tica","og_description":"FIRST TIME FETISH SATIN EYE MASK. M\u00e1scara de lujo, suave y satinada que cubrir\u00e1 con suavidad tus ojos o los","og_url":"https:\/\/demoweb.info\/sexshop001\/producto\/first-time-fetish-mascara-satinada\/","og_site_name":"Tienda Er\u00f3tica","article_modified_time":"2022-01-22T09:47:38+00:00","og_image":[{"width":550,"height":550,"url":"https:\/\/demoweb.info\/sexshop001\/wp-content\/uploads\/2022\/01\/FIRST-TIME-FETISH-MASCARA-SATINADA.jpg","type":"image\/jpeg"}],"twitter_card":"summary_large_image","schema":{"@context":"https:\/\/schema.org","@graph":[{"@type":"WebPage","@id":"https:\/\/demoweb.info\/sexshop001\/producto\/first-time-fetish-mascara-satinada\/","url":"https:\/\/demoweb.info\/sexshop001\/producto\/first-time-fetish-mascara-satinada\/","name":"FIRST TIME FETISH MASCARA SATINADA - Tienda Er\u00f3tica","isPartOf":{"@id":"https:\/\/demoweb.info\/sexshop001\/#website"},"datePublished":"2022-01-22T09:47:35+00:00","dateModified":"2022-01-22T09:47:38+00:00","breadcrumb":{"@id":"https:\/\/demoweb.info\/sexshop001\/producto\/first-time-fetish-mascara-satinada\/#breadcrumb"},"inLanguage":"es","potentialAction":[{"@type":"ReadAction","target":["https:\/\/demoweb.info\/sexshop001\/producto\/first-time-fetish-mascara-satinada\/"]}]},{"@type":"BreadcrumbList","@id":"https:\/\/demoweb.info\/sexshop001\/producto\/first-time-fetish-mascara-satinada\/#breadcrumb","itemListElement":[{"@type":"ListItem","position":1,"name":"Portada","item":"https:\/\/demoweb.info\/sexshop001\/"},{"@type":"ListItem","position":2,"name":"Tienda","item":"https:\/\/demoweb.info\/sexshop001\/tienda\/"},{"@type":"ListItem","position":3,"name":"FIRST TIME FETISH MASCARA SATINADA"}]},{"@type":"WebSite","@id":"https:\/\/demoweb.info\/sexshop001\/#website","url":"https:\/\/demoweb.info\/sexshop001\/","name":"Tienda Er\u00f3tica","description":"DEMOWEB SL","potentialAction":[{"@type":"SearchAction","target":{"@type":"EntryPoint","urlTemplate":"https:\/\/demoweb.info\/sexshop001\/?s={search_term_string}"},"query-input":"required name=search_term_string"}],"inLanguage":"es"}]}},"_links":{"self":[{"href":"https:\/\/demoweb.info\/sexshop001\/wp-json\/wp\/v3\/product\/17768","targetHints":{"allow":["GET"]}}],"collection":[{"href":"https:\/\/demoweb.info\/sexshop001\/wp-json\/wp\/v3\/product"}],"about":[{"href":"https:\/\/demoweb.info\/sexshop001\/wp-json\/wp\/v2\/types\/product"}],"replies":[{"embeddable":true,"href":"https:\/\/demoweb.info\/sexshop001\/wp-json\/wp\/v2\/comments?post=17768"}],"wp:featuredmedia":[{"embeddable":true,"href":"https:\/\/demoweb.info\/sexshop001\/wp-json\/wp\/v2\/media\/17769"}],"wp:attachment":[{"href":"https:\/\/demoweb.info\/sexshop001\/wp-json\/wp\/v2\/media?parent=17768"}],"wp:term":[{"taxonomy":"product_cat","embeddable":true,"href":"https:\/\/demoweb.info\/sexshop001\/wp-json\/wp\/v2\/product_cat?post=17768"},{"taxonomy":"product_tag","embeddable":true,"href":"https:\/\/demoweb.info\/sexshop001\/wp-json\/wp\/v2\/product_tag?post=17768"}],"curies":[{"name":"wp","href":"https:\/\/api.w.org\/{rel}","templated":true}]}}