{"id":17739,"date":"2022-01-22T10:47:07","date_gmt":"2022-01-22T09:47:07","guid":{"rendered":"https:\/\/demoweb.info\/sexshop001\/producto\/ovo-f2-vibrador-negro\/"},"modified":"2022-01-22T10:47:21","modified_gmt":"2022-01-22T09:47:21","slug":"ovo-f2-vibrador-negro","status":"publish","type":"product","link":"https:\/\/demoweb.info\/sexshop001\/producto\/ovo-f2-vibrador-negro\/","title":{"rendered":"OVO F2 VIBRADOR NEGRO"},"content":{"rendered":"<p><font size=&quot;1&quot;><b>OVO F2 VIBRATOR BLACK.<\/b><\/p>\n<p>El cl\u00e1sico y placentero vibrador de siempre, pero la versi\u00f3n de la lujosa l\u00ednea de <b>Ovo<\/b>, ofrece una esfera perfecta como cabeza y un acabado vers\u00e1til que alcanzar\u00e1 cualquiera que sea tu objetivo de sexy o sensual. Largo, suave y directo como una flecha, su punta redondeada y su profundo cuerpo encontrar\u00e1 de forma natural tus puntos dulces tanto internos, como externos.<\/p>\n<p>Con sus  distintas velocidades, <b>F2<\/b> se ajusta a tus deseos de estimulaci\u00f3n cualquiera que sea el nivel y la intensidad, su base \u00fanica curvada aloja el control; con un m\u00ednimo esfuerzo podr\u00e1s cambiar entre sus 5 velocidades de una vibraci\u00f3n suave y constante y un torbellino de sensaciones intensas y poderosas. Por su tama\u00f1o es ideal para que te acompa\u00f1e en tus viajes y misiones secretas, incre\u00edblemente silencioso y discreto como para poder usarlo con la puerta cerrada sin ser detectado. Adem\u00e1s, dispone de un sistema de bloqueo para que no se active autom\u00e1ticamente.<\/p>\n<p>Como toda la l\u00ednea de <b>Ovo<\/b>, este vibrador est\u00e1 hecho con los materiales m\u00e1s seguros para tu cuerpo; higi\u00e9nico pl\u00e1stico ABS, respetuoso con tu piel, su acabado de tacto aterciopelado, extra suave y firme, se convertir\u00e1 en la textura que adorar\u00e1s y que te permitir\u00e1 alcanzar tu punto G.<\/p>\n<p>Para mantener este tesoro y sus caracter\u00edsticas de forma inmejorable, te recomendamos utilizar siempre un lubricante de base agua o silicona, lo que lo convierte en tu juguete m\u00e1s vers\u00e1til. Su acabado es extremadamente higi\u00e9nico y se limpia con mucha facilidad con un buen limpiador de juguetes o agua tibia y jab\u00f3n neutro. El <b>F2<\/b> es resistente al agua, siempre y cuando la tapa de las pilas est\u00e9 cerrada correctamente, por lo que lo podr\u00e1s utilizar en tu hora de la ducha. Si bien, no es recomendable sumergirlo por completo.<\/p>\n<p>Funciona con 2 pilas <b>AAA<\/b> que podr\u00e1s encontrar en nuestra secci\u00f3n <b>Pilas<\/b>.<\/p>\n<p>Medidas: 22 x 4,2 cm.<br \/>\n<\/font><\/p>\n","protected":false},"excerpt":{"rendered":"<p>OVO F2 VIBRATOR BLACK. El cl\u00e1sico y placentero vibrador de siempre, pero la versi\u00f3n de la lujosa l\u00ednea de Ovo,<\/p>\n","protected":false},"featured_media":17740,"comment_status":"open","ping_status":"open","template":"","meta":[],"product_cat":[639],"product_tag":[918,376],"class_list":["post-17739","product","type-product","status-publish","has-post-thumbnail","hentry","product_cat-punto-g","product_tag-f-vibrator","product_tag-ovo"],"bundled_by":[],"bundle_stock_status":"instock","bundle_stock_quantity":15,"bundle_virtual":false,"bundle_layout":"","bundle_add_to_cart_form_location":"","bundle_editable_in_cart":false,"bundle_sold_individually_context":"","bundle_item_grouping":"","bundle_min_size":"","bundle_max_size":"","bundled_items":[],"yoast_head":"<!-- This site is optimized with the Yoast SEO plugin v20.6 - https:\/\/yoast.com\/wordpress\/plugins\/seo\/ -->\n<title>OVO F2 VIBRADOR NEGRO - Tienda Er\u00f3tica<\/title>\n<meta name=\"robots\" content=\"noindex, follow, max-snippet:-1, max-image-preview:large, max-video-preview:-1\" \/>\n<meta property=\"og:locale\" content=\"es_ES\" \/>\n<meta property=\"og:type\" content=\"article\" \/>\n<meta property=\"og:title\" content=\"OVO F2 VIBRADOR NEGRO - Tienda Er\u00f3tica\" \/>\n<meta property=\"og:description\" content=\"OVO F2 VIBRATOR BLACK. El cl\u00e1sico y placentero vibrador de siempre, pero la versi\u00f3n de la lujosa l\u00ednea de Ovo,\" \/>\n<meta property=\"og:url\" content=\"https:\/\/demoweb.info\/sexshop001\/producto\/ovo-f2-vibrador-negro\/\" \/>\n<meta property=\"og:site_name\" content=\"Tienda Er\u00f3tica\" \/>\n<meta property=\"article:modified_time\" content=\"2022-01-22T09:47:21+00:00\" \/>\n<meta property=\"og:image\" content=\"https:\/\/demoweb.info\/sexshop001\/wp-content\/uploads\/2022\/01\/OVO-F2-VIBRADOR-NEGRO.jpg\" \/>\n\t<meta property=\"og:image:width\" content=\"550\" \/>\n\t<meta property=\"og:image:height\" content=\"550\" \/>\n\t<meta property=\"og:image:type\" content=\"image\/jpeg\" \/>\n<meta name=\"twitter:card\" content=\"summary_large_image\" \/>\n<meta name=\"twitter:label1\" content=\"Tiempo de lectura\" \/>\n\t<meta name=\"twitter:data1\" content=\"2 minutos\" \/>\n<script type=\"application\/ld+json\" class=\"yoast-schema-graph\">{\"@context\":\"https:\/\/schema.org\",\"@graph\":[{\"@type\":\"WebPage\",\"@id\":\"https:\/\/demoweb.info\/sexshop001\/producto\/ovo-f2-vibrador-negro\/\",\"url\":\"https:\/\/demoweb.info\/sexshop001\/producto\/ovo-f2-vibrador-negro\/\",\"name\":\"OVO F2 VIBRADOR NEGRO - Tienda Er\u00f3tica\",\"isPartOf\":{\"@id\":\"https:\/\/demoweb.info\/sexshop001\/#website\"},\"datePublished\":\"2022-01-22T09:47:07+00:00\",\"dateModified\":\"2022-01-22T09:47:21+00:00\",\"breadcrumb\":{\"@id\":\"https:\/\/demoweb.info\/sexshop001\/producto\/ovo-f2-vibrador-negro\/#breadcrumb\"},\"inLanguage\":\"es\",\"potentialAction\":[{\"@type\":\"ReadAction\",\"target\":[\"https:\/\/demoweb.info\/sexshop001\/producto\/ovo-f2-vibrador-negro\/\"]}]},{\"@type\":\"BreadcrumbList\",\"@id\":\"https:\/\/demoweb.info\/sexshop001\/producto\/ovo-f2-vibrador-negro\/#breadcrumb\",\"itemListElement\":[{\"@type\":\"ListItem\",\"position\":1,\"name\":\"Portada\",\"item\":\"https:\/\/demoweb.info\/sexshop001\/\"},{\"@type\":\"ListItem\",\"position\":2,\"name\":\"Tienda\",\"item\":\"https:\/\/demoweb.info\/sexshop001\/tienda\/\"},{\"@type\":\"ListItem\",\"position\":3,\"name\":\"OVO F2 VIBRADOR NEGRO\"}]},{\"@type\":\"WebSite\",\"@id\":\"https:\/\/demoweb.info\/sexshop001\/#website\",\"url\":\"https:\/\/demoweb.info\/sexshop001\/\",\"name\":\"Tienda Er\u00f3tica\",\"description\":\"DEMOWEB SL\",\"potentialAction\":[{\"@type\":\"SearchAction\",\"target\":{\"@type\":\"EntryPoint\",\"urlTemplate\":\"https:\/\/demoweb.info\/sexshop001\/?s={search_term_string}\"},\"query-input\":\"required name=search_term_string\"}],\"inLanguage\":\"es\"}]}<\/script>\n<!-- \/ Yoast SEO plugin. -->","yoast_head_json":{"title":"OVO F2 VIBRADOR NEGRO - Tienda Er\u00f3tica","robots":{"index":"noindex","follow":"follow","max-snippet":"max-snippet:-1","max-image-preview":"max-image-preview:large","max-video-preview":"max-video-preview:-1"},"og_locale":"es_ES","og_type":"article","og_title":"OVO F2 VIBRADOR NEGRO - Tienda Er\u00f3tica","og_description":"OVO F2 VIBRATOR BLACK. El cl\u00e1sico y placentero vibrador de siempre, pero la versi\u00f3n de la lujosa l\u00ednea de Ovo,","og_url":"https:\/\/demoweb.info\/sexshop001\/producto\/ovo-f2-vibrador-negro\/","og_site_name":"Tienda Er\u00f3tica","article_modified_time":"2022-01-22T09:47:21+00:00","og_image":[{"width":550,"height":550,"url":"https:\/\/demoweb.info\/sexshop001\/wp-content\/uploads\/2022\/01\/OVO-F2-VIBRADOR-NEGRO.jpg","type":"image\/jpeg"}],"twitter_card":"summary_large_image","twitter_misc":{"Tiempo de lectura":"2 minutos"},"schema":{"@context":"https:\/\/schema.org","@graph":[{"@type":"WebPage","@id":"https:\/\/demoweb.info\/sexshop001\/producto\/ovo-f2-vibrador-negro\/","url":"https:\/\/demoweb.info\/sexshop001\/producto\/ovo-f2-vibrador-negro\/","name":"OVO F2 VIBRADOR NEGRO - Tienda Er\u00f3tica","isPartOf":{"@id":"https:\/\/demoweb.info\/sexshop001\/#website"},"datePublished":"2022-01-22T09:47:07+00:00","dateModified":"2022-01-22T09:47:21+00:00","breadcrumb":{"@id":"https:\/\/demoweb.info\/sexshop001\/producto\/ovo-f2-vibrador-negro\/#breadcrumb"},"inLanguage":"es","potentialAction":[{"@type":"ReadAction","target":["https:\/\/demoweb.info\/sexshop001\/producto\/ovo-f2-vibrador-negro\/"]}]},{"@type":"BreadcrumbList","@id":"https:\/\/demoweb.info\/sexshop001\/producto\/ovo-f2-vibrador-negro\/#breadcrumb","itemListElement":[{"@type":"ListItem","position":1,"name":"Portada","item":"https:\/\/demoweb.info\/sexshop001\/"},{"@type":"ListItem","position":2,"name":"Tienda","item":"https:\/\/demoweb.info\/sexshop001\/tienda\/"},{"@type":"ListItem","position":3,"name":"OVO F2 VIBRADOR NEGRO"}]},{"@type":"WebSite","@id":"https:\/\/demoweb.info\/sexshop001\/#website","url":"https:\/\/demoweb.info\/sexshop001\/","name":"Tienda Er\u00f3tica","description":"DEMOWEB SL","potentialAction":[{"@type":"SearchAction","target":{"@type":"EntryPoint","urlTemplate":"https:\/\/demoweb.info\/sexshop001\/?s={search_term_string}"},"query-input":"required name=search_term_string"}],"inLanguage":"es"}]}},"_links":{"self":[{"href":"https:\/\/demoweb.info\/sexshop001\/wp-json\/wp\/v3\/product\/17739","targetHints":{"allow":["GET"]}}],"collection":[{"href":"https:\/\/demoweb.info\/sexshop001\/wp-json\/wp\/v3\/product"}],"about":[{"href":"https:\/\/demoweb.info\/sexshop001\/wp-json\/wp\/v2\/types\/product"}],"replies":[{"embeddable":true,"href":"https:\/\/demoweb.info\/sexshop001\/wp-json\/wp\/v2\/comments?post=17739"}],"wp:featuredmedia":[{"embeddable":true,"href":"https:\/\/demoweb.info\/sexshop001\/wp-json\/wp\/v2\/media\/17740"}],"wp:attachment":[{"href":"https:\/\/demoweb.info\/sexshop001\/wp-json\/wp\/v2\/media?parent=17739"}],"wp:term":[{"taxonomy":"product_cat","embeddable":true,"href":"https:\/\/demoweb.info\/sexshop001\/wp-json\/wp\/v2\/product_cat?post=17739"},{"taxonomy":"product_tag","embeddable":true,"href":"https:\/\/demoweb.info\/sexshop001\/wp-json\/wp\/v2\/product_tag?post=17739"}],"curies":[{"name":"wp","href":"https:\/\/api.w.org\/{rel}","templated":true}]}}