{"id":17725,"date":"2022-01-22T10:47:07","date_gmt":"2022-01-22T09:47:07","guid":{"rendered":"https:\/\/demoweb.info\/sexshop001\/producto\/ovo-k2-vibrador-conejito-blanco-rosa\/"},"modified":"2022-01-22T10:47:16","modified_gmt":"2022-01-22T09:47:16","slug":"ovo-k2-vibrador-conejito-blanco-rosa","status":"publish","type":"product","link":"https:\/\/demoweb.info\/sexshop001\/producto\/ovo-k2-vibrador-conejito-blanco-rosa\/","title":{"rendered":"OVO K2 VIBRADOR CONEJITO BLANCO\/ROSA"},"content":{"rendered":"<p><font size=&quot;1&quot;><b>OVO K2 RABBIT WHITE\/PINK.<\/b><\/p>\n<p>Eleva el cl\u00e1sico vibrador de conejo a un nivel absolutamente celestial de doble funcionalidad. Emocionantemente placentero, est\u00e1 fabricado con silicona. Esta sensaci\u00f3n sedosa, junto con su eje de penetraci\u00f3n te har\u00e1n so\u00f1ar, adem\u00e1s, cuenta con una lengua curvada flexible que vibra intensamente sobre tu cl\u00edtoris, complaciendo tus deseos m\u00e1s oscuros. El vibrador se adapta a las curvas de tu cuerpo de mujer sin esfuerzo.<\/p>\n<p>El <b>K2<\/b> ha sido h\u00e1bilmente dise\u00f1ado para el disfrute femenino, aparte de la forma definitiva del cl\u00e1sico conejo, este vibrador es ligero y ergon\u00f3mico en la mano, fant\u00e1stico de manejar, lo que permite la colocaci\u00f3n precisa. Envuelto en hipoalerg\u00e9nica y aterciopelada silicona, uno de los mejores materiales, el vibrador al completo desde su punta hasta su base se adapta r\u00e1pidamente y de forma natural a la temperatura de tu cuerpo.<\/p>\n<p>Con sus  distintas velocidades, <b>K2<\/b> se ajusta a tus deseos de estimulaci\u00f3n cualquiera que sea el nivel y la intensidad, su base \u00fanica curvada aloja el control; con un m\u00ednimo esfuerzo podr\u00e1s cambiar entre sus 5 velocidades de una vibraci\u00f3n suave y constante y un torbellino de sensaciones intensas y poderosas. Por su tama\u00f1o es ideal para que te acompa\u00f1e en tus viajes y misiones secretas, incre\u00edblemente silencioso y discreto como para poder usarlo con la puerta cerrada sin ser detectado.<\/p>\n<p>Para mantener este tesoro y sus caracter\u00edsticas de forma inmejorable, te recomendamos utiliza siempre un lubricante de base agua, manteniendolo alejado de otros productos de silicona. La silicona es extremadamente segura e higi\u00e9nica y cuenta con una superficie no porosa, por lo que las bacterias no podr\u00e1n habitar en ella. Es hipoalerg\u00e9nico y una maravillosa opci\u00f3n para las pieles m\u00e1s sensibles. El <b>K2<\/b> es resistente al agua, siempre y cuando la tapa de las pilas est\u00e9 cerrada correctamente, por lo que lo podr\u00e1s utilizar en tu hora de la ducha. Si bien, no es recomendable sumergirlo por completo.<\/p>\n<p>Funciona con 2 pilas <b>AAA<\/b> que podr\u00e1s encontrar en nuestra secci\u00f3n <b>Pilas<\/b>.<\/p>\n<p>Medidas insertables: 10 x 3,5 cm.<br \/>\n<\/font><\/p>\n","protected":false},"excerpt":{"rendered":"<p>OVO K2 RABBIT WHITE\/PINK. Eleva el cl\u00e1sico vibrador de conejo a un nivel absolutamente celestial de doble funcionalidad. Emocionantemente placentero,<\/p>\n","protected":false},"featured_media":17726,"comment_status":"open","ping_status":"open","template":"","meta":[],"product_cat":[434],"product_tag":[917,376],"class_list":["post-17725","product","type-product","status-publish","has-post-thumbnail","hentry","product_cat-doble-estimulacion-vibradores-juguetes-xxx","product_tag-k-rabbit","product_tag-ovo"],"bundled_by":[],"bundle_stock_status":"instock","bundle_stock_quantity":9,"bundle_virtual":false,"bundle_layout":"","bundle_add_to_cart_form_location":"","bundle_editable_in_cart":false,"bundle_sold_individually_context":"","bundle_item_grouping":"","bundle_min_size":"","bundle_max_size":"","bundled_items":[],"yoast_head":"<!-- This site is optimized with the Yoast SEO plugin v20.6 - https:\/\/yoast.com\/wordpress\/plugins\/seo\/ -->\n<title>OVO K2 VIBRADOR CONEJITO BLANCO\/ROSA - Tienda Er\u00f3tica<\/title>\n<meta name=\"robots\" content=\"noindex, follow, max-snippet:-1, max-image-preview:large, max-video-preview:-1\" \/>\n<meta property=\"og:locale\" content=\"es_ES\" \/>\n<meta property=\"og:type\" content=\"article\" \/>\n<meta property=\"og:title\" content=\"OVO K2 VIBRADOR CONEJITO BLANCO\/ROSA - Tienda Er\u00f3tica\" \/>\n<meta property=\"og:description\" content=\"OVO K2 RABBIT WHITE\/PINK. Eleva el cl\u00e1sico vibrador de conejo a un nivel absolutamente celestial de doble funcionalidad. Emocionantemente placentero,\" \/>\n<meta property=\"og:url\" content=\"https:\/\/demoweb.info\/sexshop001\/producto\/ovo-k2-vibrador-conejito-blanco-rosa\/\" \/>\n<meta property=\"og:site_name\" content=\"Tienda Er\u00f3tica\" \/>\n<meta property=\"article:modified_time\" content=\"2022-01-22T09:47:16+00:00\" \/>\n<meta property=\"og:image\" content=\"https:\/\/demoweb.info\/sexshop001\/wp-content\/uploads\/2022\/01\/OVO-K2-VIBRADOR-CONEJITO-BLANCOROSA.jpg\" \/>\n\t<meta property=\"og:image:width\" content=\"550\" \/>\n\t<meta property=\"og:image:height\" content=\"550\" \/>\n\t<meta property=\"og:image:type\" content=\"image\/jpeg\" \/>\n<meta name=\"twitter:card\" content=\"summary_large_image\" \/>\n<meta name=\"twitter:label1\" content=\"Tiempo de lectura\" \/>\n\t<meta name=\"twitter:data1\" content=\"2 minutos\" \/>\n<script type=\"application\/ld+json\" class=\"yoast-schema-graph\">{\"@context\":\"https:\/\/schema.org\",\"@graph\":[{\"@type\":\"WebPage\",\"@id\":\"https:\/\/demoweb.info\/sexshop001\/producto\/ovo-k2-vibrador-conejito-blanco-rosa\/\",\"url\":\"https:\/\/demoweb.info\/sexshop001\/producto\/ovo-k2-vibrador-conejito-blanco-rosa\/\",\"name\":\"OVO K2 VIBRADOR CONEJITO BLANCO\/ROSA - Tienda Er\u00f3tica\",\"isPartOf\":{\"@id\":\"https:\/\/demoweb.info\/sexshop001\/#website\"},\"datePublished\":\"2022-01-22T09:47:07+00:00\",\"dateModified\":\"2022-01-22T09:47:16+00:00\",\"breadcrumb\":{\"@id\":\"https:\/\/demoweb.info\/sexshop001\/producto\/ovo-k2-vibrador-conejito-blanco-rosa\/#breadcrumb\"},\"inLanguage\":\"es\",\"potentialAction\":[{\"@type\":\"ReadAction\",\"target\":[\"https:\/\/demoweb.info\/sexshop001\/producto\/ovo-k2-vibrador-conejito-blanco-rosa\/\"]}]},{\"@type\":\"BreadcrumbList\",\"@id\":\"https:\/\/demoweb.info\/sexshop001\/producto\/ovo-k2-vibrador-conejito-blanco-rosa\/#breadcrumb\",\"itemListElement\":[{\"@type\":\"ListItem\",\"position\":1,\"name\":\"Portada\",\"item\":\"https:\/\/demoweb.info\/sexshop001\/\"},{\"@type\":\"ListItem\",\"position\":2,\"name\":\"Tienda\",\"item\":\"https:\/\/demoweb.info\/sexshop001\/tienda\/\"},{\"@type\":\"ListItem\",\"position\":3,\"name\":\"OVO K2 VIBRADOR CONEJITO BLANCO\/ROSA\"}]},{\"@type\":\"WebSite\",\"@id\":\"https:\/\/demoweb.info\/sexshop001\/#website\",\"url\":\"https:\/\/demoweb.info\/sexshop001\/\",\"name\":\"Tienda Er\u00f3tica\",\"description\":\"DEMOWEB SL\",\"potentialAction\":[{\"@type\":\"SearchAction\",\"target\":{\"@type\":\"EntryPoint\",\"urlTemplate\":\"https:\/\/demoweb.info\/sexshop001\/?s={search_term_string}\"},\"query-input\":\"required name=search_term_string\"}],\"inLanguage\":\"es\"}]}<\/script>\n<!-- \/ Yoast SEO plugin. -->","yoast_head_json":{"title":"OVO K2 VIBRADOR CONEJITO BLANCO\/ROSA - Tienda Er\u00f3tica","robots":{"index":"noindex","follow":"follow","max-snippet":"max-snippet:-1","max-image-preview":"max-image-preview:large","max-video-preview":"max-video-preview:-1"},"og_locale":"es_ES","og_type":"article","og_title":"OVO K2 VIBRADOR CONEJITO BLANCO\/ROSA - Tienda Er\u00f3tica","og_description":"OVO K2 RABBIT WHITE\/PINK. Eleva el cl\u00e1sico vibrador de conejo a un nivel absolutamente celestial de doble funcionalidad. Emocionantemente placentero,","og_url":"https:\/\/demoweb.info\/sexshop001\/producto\/ovo-k2-vibrador-conejito-blanco-rosa\/","og_site_name":"Tienda Er\u00f3tica","article_modified_time":"2022-01-22T09:47:16+00:00","og_image":[{"width":550,"height":550,"url":"https:\/\/demoweb.info\/sexshop001\/wp-content\/uploads\/2022\/01\/OVO-K2-VIBRADOR-CONEJITO-BLANCOROSA.jpg","type":"image\/jpeg"}],"twitter_card":"summary_large_image","twitter_misc":{"Tiempo de lectura":"2 minutos"},"schema":{"@context":"https:\/\/schema.org","@graph":[{"@type":"WebPage","@id":"https:\/\/demoweb.info\/sexshop001\/producto\/ovo-k2-vibrador-conejito-blanco-rosa\/","url":"https:\/\/demoweb.info\/sexshop001\/producto\/ovo-k2-vibrador-conejito-blanco-rosa\/","name":"OVO K2 VIBRADOR CONEJITO BLANCO\/ROSA - Tienda Er\u00f3tica","isPartOf":{"@id":"https:\/\/demoweb.info\/sexshop001\/#website"},"datePublished":"2022-01-22T09:47:07+00:00","dateModified":"2022-01-22T09:47:16+00:00","breadcrumb":{"@id":"https:\/\/demoweb.info\/sexshop001\/producto\/ovo-k2-vibrador-conejito-blanco-rosa\/#breadcrumb"},"inLanguage":"es","potentialAction":[{"@type":"ReadAction","target":["https:\/\/demoweb.info\/sexshop001\/producto\/ovo-k2-vibrador-conejito-blanco-rosa\/"]}]},{"@type":"BreadcrumbList","@id":"https:\/\/demoweb.info\/sexshop001\/producto\/ovo-k2-vibrador-conejito-blanco-rosa\/#breadcrumb","itemListElement":[{"@type":"ListItem","position":1,"name":"Portada","item":"https:\/\/demoweb.info\/sexshop001\/"},{"@type":"ListItem","position":2,"name":"Tienda","item":"https:\/\/demoweb.info\/sexshop001\/tienda\/"},{"@type":"ListItem","position":3,"name":"OVO K2 VIBRADOR CONEJITO BLANCO\/ROSA"}]},{"@type":"WebSite","@id":"https:\/\/demoweb.info\/sexshop001\/#website","url":"https:\/\/demoweb.info\/sexshop001\/","name":"Tienda Er\u00f3tica","description":"DEMOWEB SL","potentialAction":[{"@type":"SearchAction","target":{"@type":"EntryPoint","urlTemplate":"https:\/\/demoweb.info\/sexshop001\/?s={search_term_string}"},"query-input":"required name=search_term_string"}],"inLanguage":"es"}]}},"_links":{"self":[{"href":"https:\/\/demoweb.info\/sexshop001\/wp-json\/wp\/v3\/product\/17725","targetHints":{"allow":["GET"]}}],"collection":[{"href":"https:\/\/demoweb.info\/sexshop001\/wp-json\/wp\/v3\/product"}],"about":[{"href":"https:\/\/demoweb.info\/sexshop001\/wp-json\/wp\/v2\/types\/product"}],"replies":[{"embeddable":true,"href":"https:\/\/demoweb.info\/sexshop001\/wp-json\/wp\/v2\/comments?post=17725"}],"wp:featuredmedia":[{"embeddable":true,"href":"https:\/\/demoweb.info\/sexshop001\/wp-json\/wp\/v2\/media\/17726"}],"wp:attachment":[{"href":"https:\/\/demoweb.info\/sexshop001\/wp-json\/wp\/v2\/media?parent=17725"}],"wp:term":[{"taxonomy":"product_cat","embeddable":true,"href":"https:\/\/demoweb.info\/sexshop001\/wp-json\/wp\/v2\/product_cat?post=17725"},{"taxonomy":"product_tag","embeddable":true,"href":"https:\/\/demoweb.info\/sexshop001\/wp-json\/wp\/v2\/product_tag?post=17725"}],"curies":[{"name":"wp","href":"https:\/\/api.w.org\/{rel}","templated":true}]}}