{"id":17712,"date":"2022-01-22T10:47:07","date_gmt":"2022-01-22T09:47:07","guid":{"rendered":"https:\/\/demoweb.info\/sexshop001\/producto\/ovo-l1-bolas-chinas-azul-claro\/"},"modified":"2022-01-22T10:47:11","modified_gmt":"2022-01-22T09:47:11","slug":"ovo-l1-bolas-chinas-azul-claro","status":"publish","type":"product","link":"https:\/\/demoweb.info\/sexshop001\/producto\/ovo-l1-bolas-chinas-azul-claro\/","title":{"rendered":"OVO L1 BOLAS CHINAS AZUL CLARO"},"content":{"rendered":"<p><strong>OVO L1 LOVEBALLS LIGHT BLUE.<\/strong><\/p>\n<p>Hist\u00f3ricamente, las bolas Ben-Wa han ocupado un lugar en la historia, tanto sexual como en la salud relacionados con escenarios de cortesanas japonesas a las pr\u00e1cticas ginecol\u00f3gicas y obst\u00e9tricas m\u00e1s modernas. Hoy en d\u00eda, este tipo de herramienta se utiliza con mayor frecuencia para el fortalecimiento vaginal y aumentar la conciencia. Las bolas ayudan a tonificar los m\u00fasculos del suelo p\u00e9lvico responsables de placer sexual, mientras que mantiene las paredes de la vagina el\u00e1stica y sensible a la estimulaci\u00f3n y el placer.<\/p>\n<p>Conjunto de bolas de <strong>Ovo<\/strong> est\u00e1n perfectamente dise\u00f1adas para un uso personalizado, podr\u00e1s llevar las bolas en su soporte o usarlas individualmente. Si eres principiante, es posible que desees comenzar con una sola bola, las de color son las m\u00e1s ligeras con 79,4 gramos en total, mientras que el conjunto de cromo es un poco m\u00e1s pesado con 85 gramos, individualmente cada una pesa 34 y 39,7 gr., respectivamente. Cuando se colocan en su soporte, podr\u00e1s mezclar y combinar las bolas para alcanzar el peso ideal. Se deslizan f\u00e1cilmente, gracias a la flexible silicona. Una vez que las tengas dentro de ti, tus m\u00fasculos p\u00e9lvicos empezar\u00e1n a trabajar tratando de retener las bolas en su sitio.<\/p>\n<p>Aparte de las aplicaciones pr\u00e1cticas de este sistema fant\u00e1stico, las bolas son tambi\u00e9n una forma de obtener una mayor conciencia sexual, la circulaci\u00f3n mientras se usan las bolas crea un agradable y sutil sensaci\u00f3n de placer, ya que la peque\u00f1a esfera ubicada dentro de cada una de las bolas vibrar\u00e1 con suavidad con cada movimiento, estimulando naturalmente la zona vaginal. Muchas mujeres aman la sensaci\u00f3n de las bolas en su interior, y encuentran que aumenta el deseo. Dado <strong>L1<\/strong> son tan incre\u00edblemente discretas, podr\u00e1s llevarlas sin que nadie se de cuenta, en secreto y de forma divertida.<\/p>\n<p>Tanto las bolas como el soporte para estas, son completamente respetuosas con tu piel, libres de ftalatos y muy higi\u00e9nicas, sin olvidar que son hipoalerg\u00e9nicas y perfectas para las pieles m\u00e1s sensibles. Usar un buen lubricante a base de agua, si es necesario y evita las f\u00f3rmulas de silicona y el contacto con otros juguetes de silicona siempre que sea posible.<\/p>\n<p>Di\u00e1metro de las bolas: 3,5 cm.<\/p>\n","protected":false},"excerpt":{"rendered":"<p>OVO L1 LOVEBALLS LIGHT BLUE. Hist\u00f3ricamente, las bolas Ben-Wa han ocupado un lugar en la historia, tanto sexual como en<\/p>\n","protected":false},"featured_media":17713,"comment_status":"open","ping_status":"open","template":"","meta":[],"product_cat":[320],"product_tag":[377,376],"class_list":["post-17712","product","type-product","status-publish","has-post-thumbnail","hentry","product_cat-silicona-bolas-y-huevos","product_tag-l-loveballs","product_tag-ovo"],"bundled_by":[],"bundle_stock_status":"instock","bundle_stock_quantity":1,"bundle_virtual":false,"bundle_layout":"","bundle_add_to_cart_form_location":"","bundle_editable_in_cart":false,"bundle_sold_individually_context":"","bundle_item_grouping":"","bundle_min_size":"","bundle_max_size":"","bundled_items":[],"yoast_head":"<!-- This site is optimized with the Yoast SEO plugin v20.6 - https:\/\/yoast.com\/wordpress\/plugins\/seo\/ -->\n<title>OVO L1 BOLAS CHINAS AZUL CLARO - Tienda Er\u00f3tica<\/title>\n<meta name=\"robots\" content=\"noindex, follow, max-snippet:-1, max-image-preview:large, max-video-preview:-1\" \/>\n<meta property=\"og:locale\" content=\"es_ES\" \/>\n<meta property=\"og:type\" content=\"article\" \/>\n<meta property=\"og:title\" content=\"OVO L1 BOLAS CHINAS AZUL CLARO - Tienda Er\u00f3tica\" \/>\n<meta property=\"og:description\" content=\"OVO L1 LOVEBALLS LIGHT BLUE. Hist\u00f3ricamente, las bolas Ben-Wa han ocupado un lugar en la historia, tanto sexual como en\" \/>\n<meta property=\"og:url\" content=\"https:\/\/demoweb.info\/sexshop001\/producto\/ovo-l1-bolas-chinas-azul-claro\/\" \/>\n<meta property=\"og:site_name\" content=\"Tienda Er\u00f3tica\" \/>\n<meta property=\"article:modified_time\" content=\"2022-01-22T09:47:11+00:00\" \/>\n<meta property=\"og:image\" content=\"https:\/\/demoweb.info\/sexshop001\/wp-content\/uploads\/2022\/01\/OVO-L1-BOLAS-CHINAS-AZUL-CLARO.jpg\" \/>\n\t<meta property=\"og:image:width\" content=\"550\" \/>\n\t<meta property=\"og:image:height\" content=\"550\" \/>\n\t<meta property=\"og:image:type\" content=\"image\/jpeg\" \/>\n<meta name=\"twitter:card\" content=\"summary_large_image\" \/>\n<meta name=\"twitter:label1\" content=\"Tiempo de lectura\" \/>\n\t<meta name=\"twitter:data1\" content=\"2 minutos\" \/>\n<script type=\"application\/ld+json\" class=\"yoast-schema-graph\">{\"@context\":\"https:\/\/schema.org\",\"@graph\":[{\"@type\":\"WebPage\",\"@id\":\"https:\/\/demoweb.info\/sexshop001\/producto\/ovo-l1-bolas-chinas-azul-claro\/\",\"url\":\"https:\/\/demoweb.info\/sexshop001\/producto\/ovo-l1-bolas-chinas-azul-claro\/\",\"name\":\"OVO L1 BOLAS CHINAS AZUL CLARO - Tienda Er\u00f3tica\",\"isPartOf\":{\"@id\":\"https:\/\/demoweb.info\/sexshop001\/#website\"},\"datePublished\":\"2022-01-22T09:47:07+00:00\",\"dateModified\":\"2022-01-22T09:47:11+00:00\",\"breadcrumb\":{\"@id\":\"https:\/\/demoweb.info\/sexshop001\/producto\/ovo-l1-bolas-chinas-azul-claro\/#breadcrumb\"},\"inLanguage\":\"es\",\"potentialAction\":[{\"@type\":\"ReadAction\",\"target\":[\"https:\/\/demoweb.info\/sexshop001\/producto\/ovo-l1-bolas-chinas-azul-claro\/\"]}]},{\"@type\":\"BreadcrumbList\",\"@id\":\"https:\/\/demoweb.info\/sexshop001\/producto\/ovo-l1-bolas-chinas-azul-claro\/#breadcrumb\",\"itemListElement\":[{\"@type\":\"ListItem\",\"position\":1,\"name\":\"Portada\",\"item\":\"https:\/\/demoweb.info\/sexshop001\/\"},{\"@type\":\"ListItem\",\"position\":2,\"name\":\"Tienda\",\"item\":\"https:\/\/demoweb.info\/sexshop001\/tienda\/\"},{\"@type\":\"ListItem\",\"position\":3,\"name\":\"OVO L1 BOLAS CHINAS AZUL CLARO\"}]},{\"@type\":\"WebSite\",\"@id\":\"https:\/\/demoweb.info\/sexshop001\/#website\",\"url\":\"https:\/\/demoweb.info\/sexshop001\/\",\"name\":\"Tienda Er\u00f3tica\",\"description\":\"DEMOWEB SL\",\"potentialAction\":[{\"@type\":\"SearchAction\",\"target\":{\"@type\":\"EntryPoint\",\"urlTemplate\":\"https:\/\/demoweb.info\/sexshop001\/?s={search_term_string}\"},\"query-input\":\"required name=search_term_string\"}],\"inLanguage\":\"es\"}]}<\/script>\n<!-- \/ Yoast SEO plugin. -->","yoast_head_json":{"title":"OVO L1 BOLAS CHINAS AZUL CLARO - Tienda Er\u00f3tica","robots":{"index":"noindex","follow":"follow","max-snippet":"max-snippet:-1","max-image-preview":"max-image-preview:large","max-video-preview":"max-video-preview:-1"},"og_locale":"es_ES","og_type":"article","og_title":"OVO L1 BOLAS CHINAS AZUL CLARO - Tienda Er\u00f3tica","og_description":"OVO L1 LOVEBALLS LIGHT BLUE. Hist\u00f3ricamente, las bolas Ben-Wa han ocupado un lugar en la historia, tanto sexual como en","og_url":"https:\/\/demoweb.info\/sexshop001\/producto\/ovo-l1-bolas-chinas-azul-claro\/","og_site_name":"Tienda Er\u00f3tica","article_modified_time":"2022-01-22T09:47:11+00:00","og_image":[{"width":550,"height":550,"url":"https:\/\/demoweb.info\/sexshop001\/wp-content\/uploads\/2022\/01\/OVO-L1-BOLAS-CHINAS-AZUL-CLARO.jpg","type":"image\/jpeg"}],"twitter_card":"summary_large_image","twitter_misc":{"Tiempo de lectura":"2 minutos"},"schema":{"@context":"https:\/\/schema.org","@graph":[{"@type":"WebPage","@id":"https:\/\/demoweb.info\/sexshop001\/producto\/ovo-l1-bolas-chinas-azul-claro\/","url":"https:\/\/demoweb.info\/sexshop001\/producto\/ovo-l1-bolas-chinas-azul-claro\/","name":"OVO L1 BOLAS CHINAS AZUL CLARO - Tienda Er\u00f3tica","isPartOf":{"@id":"https:\/\/demoweb.info\/sexshop001\/#website"},"datePublished":"2022-01-22T09:47:07+00:00","dateModified":"2022-01-22T09:47:11+00:00","breadcrumb":{"@id":"https:\/\/demoweb.info\/sexshop001\/producto\/ovo-l1-bolas-chinas-azul-claro\/#breadcrumb"},"inLanguage":"es","potentialAction":[{"@type":"ReadAction","target":["https:\/\/demoweb.info\/sexshop001\/producto\/ovo-l1-bolas-chinas-azul-claro\/"]}]},{"@type":"BreadcrumbList","@id":"https:\/\/demoweb.info\/sexshop001\/producto\/ovo-l1-bolas-chinas-azul-claro\/#breadcrumb","itemListElement":[{"@type":"ListItem","position":1,"name":"Portada","item":"https:\/\/demoweb.info\/sexshop001\/"},{"@type":"ListItem","position":2,"name":"Tienda","item":"https:\/\/demoweb.info\/sexshop001\/tienda\/"},{"@type":"ListItem","position":3,"name":"OVO L1 BOLAS CHINAS AZUL CLARO"}]},{"@type":"WebSite","@id":"https:\/\/demoweb.info\/sexshop001\/#website","url":"https:\/\/demoweb.info\/sexshop001\/","name":"Tienda Er\u00f3tica","description":"DEMOWEB SL","potentialAction":[{"@type":"SearchAction","target":{"@type":"EntryPoint","urlTemplate":"https:\/\/demoweb.info\/sexshop001\/?s={search_term_string}"},"query-input":"required name=search_term_string"}],"inLanguage":"es"}]}},"_links":{"self":[{"href":"https:\/\/demoweb.info\/sexshop001\/wp-json\/wp\/v3\/product\/17712","targetHints":{"allow":["GET"]}}],"collection":[{"href":"https:\/\/demoweb.info\/sexshop001\/wp-json\/wp\/v3\/product"}],"about":[{"href":"https:\/\/demoweb.info\/sexshop001\/wp-json\/wp\/v2\/types\/product"}],"replies":[{"embeddable":true,"href":"https:\/\/demoweb.info\/sexshop001\/wp-json\/wp\/v2\/comments?post=17712"}],"wp:featuredmedia":[{"embeddable":true,"href":"https:\/\/demoweb.info\/sexshop001\/wp-json\/wp\/v2\/media\/17713"}],"wp:attachment":[{"href":"https:\/\/demoweb.info\/sexshop001\/wp-json\/wp\/v2\/media?parent=17712"}],"wp:term":[{"taxonomy":"product_cat","embeddable":true,"href":"https:\/\/demoweb.info\/sexshop001\/wp-json\/wp\/v2\/product_cat?post=17712"},{"taxonomy":"product_tag","embeddable":true,"href":"https:\/\/demoweb.info\/sexshop001\/wp-json\/wp\/v2\/product_tag?post=17712"}],"curies":[{"name":"wp","href":"https:\/\/api.w.org\/{rel}","templated":true}]}}