{"id":17686,"date":"2022-01-22T10:46:42","date_gmt":"2022-01-22T09:46:42","guid":{"rendered":"https:\/\/demoweb.info\/sexshop001\/producto\/fleshlight-guys-johnny-sins-dildo-pene-realistico-silicona\/"},"modified":"2022-01-22T10:46:57","modified_gmt":"2022-01-22T09:46:57","slug":"fleshlight-guys-johnny-sins-dildo-pene-realistico-silicona","status":"publish","type":"product","link":"https:\/\/demoweb.info\/sexshop001\/producto\/fleshlight-guys-johnny-sins-dildo-pene-realistico-silicona\/","title":{"rendered":"FLESHLIGHT GUYS JOHNNY SINS DILDO PENE REAL\u00cdSTICO SILICONA"},"content":{"rendered":"<p><strong>FLESHLIGHT GUYS JOHNNY SINS DILDO <\/strong><\/p>\n<p>Johnny Sins es la estrella sexy y sexy que estabas esperando. Como uno de los mejores artistas en el negocio, es dif\u00edcil creer que sea de una de las partes m\u00e1s fr\u00edas de los EE. UU. Una vez que veas su sonrisa que derrite el coraz\u00f3n, su cuerpo cincelado y su polla gigantesca, te dar\u00e1n ganas de pecar.<\/p>\n<p>DILDO REAL\u00cdSTICO<\/p>\n<p>El consolador Fleshjack te trae cada cent\u00edmetro de este potente actor. El dildo est\u00e1 hecho con la silicona platino curada de la m\u00e1s alta calidad para una mayor durabilidad y una sensaci\u00f3n verdaderamente real.<\/p>\n<p>Medidas:<\/p>\n<ul>\n<li>Longitud total desde la base: 20,64 cm<\/li>\n<li>Longitud insertable: 16,83 cm<\/li>\n<li>Circumferencia: 15,24 cm<\/li>\n<\/ul>\n","protected":false},"excerpt":{"rendered":"<p>FLESHLIGHT GUYS JOHNNY SINS DILDO Johnny Sins es la estrella sexy y sexy que estabas esperando. Como uno de los<\/p>\n","protected":false},"featured_media":17687,"comment_status":"open","ping_status":"open","template":"","meta":[],"product_cat":[277],"product_tag":[576,577],"class_list":["post-17686","product","type-product","status-publish","has-post-thumbnail","hentry","product_cat-silicona-penes","product_tag-fleshlight","product_tag-fleshlight-guys"],"bundled_by":[],"bundle_stock_status":"instock","bundle_stock_quantity":3,"bundle_virtual":false,"bundle_layout":"","bundle_add_to_cart_form_location":"","bundle_editable_in_cart":false,"bundle_sold_individually_context":"","bundle_item_grouping":"","bundle_min_size":"","bundle_max_size":"","bundled_items":[],"yoast_head":"<!-- This site is optimized with the Yoast SEO plugin v20.6 - https:\/\/yoast.com\/wordpress\/plugins\/seo\/ -->\n<title>FLESHLIGHT GUYS JOHNNY SINS DILDO PENE REAL\u00cdSTICO SILICONA - Tienda Er\u00f3tica<\/title>\n<meta name=\"robots\" content=\"noindex, follow, max-snippet:-1, max-image-preview:large, max-video-preview:-1\" \/>\n<meta property=\"og:locale\" content=\"es_ES\" \/>\n<meta property=\"og:type\" content=\"article\" \/>\n<meta property=\"og:title\" content=\"FLESHLIGHT GUYS JOHNNY SINS DILDO PENE REAL\u00cdSTICO SILICONA - Tienda Er\u00f3tica\" \/>\n<meta property=\"og:description\" content=\"FLESHLIGHT GUYS JOHNNY SINS DILDO Johnny Sins es la estrella sexy y sexy que estabas esperando. Como uno de los\" \/>\n<meta property=\"og:url\" content=\"https:\/\/demoweb.info\/sexshop001\/producto\/fleshlight-guys-johnny-sins-dildo-pene-realistico-silicona\/\" \/>\n<meta property=\"og:site_name\" content=\"Tienda Er\u00f3tica\" \/>\n<meta property=\"article:modified_time\" content=\"2022-01-22T09:46:57+00:00\" \/>\n<meta property=\"og:image\" content=\"https:\/\/demoweb.info\/sexshop001\/wp-content\/uploads\/2022\/01\/FLESHLIGHT-GUYS-JOHNNY-SINS-DILDO-PENE-REALISTICO-SILICONA.jpg\" \/>\n\t<meta property=\"og:image:width\" content=\"550\" \/>\n\t<meta property=\"og:image:height\" content=\"550\" \/>\n\t<meta property=\"og:image:type\" content=\"image\/jpeg\" \/>\n<meta name=\"twitter:card\" content=\"summary_large_image\" \/>\n<meta name=\"twitter:label1\" content=\"Tiempo de lectura\" \/>\n\t<meta name=\"twitter:data1\" content=\"1 minuto\" \/>\n<script type=\"application\/ld+json\" class=\"yoast-schema-graph\">{\"@context\":\"https:\/\/schema.org\",\"@graph\":[{\"@type\":\"WebPage\",\"@id\":\"https:\/\/demoweb.info\/sexshop001\/producto\/fleshlight-guys-johnny-sins-dildo-pene-realistico-silicona\/\",\"url\":\"https:\/\/demoweb.info\/sexshop001\/producto\/fleshlight-guys-johnny-sins-dildo-pene-realistico-silicona\/\",\"name\":\"FLESHLIGHT GUYS JOHNNY SINS DILDO PENE REAL\u00cdSTICO SILICONA - Tienda Er\u00f3tica\",\"isPartOf\":{\"@id\":\"https:\/\/demoweb.info\/sexshop001\/#website\"},\"datePublished\":\"2022-01-22T09:46:42+00:00\",\"dateModified\":\"2022-01-22T09:46:57+00:00\",\"breadcrumb\":{\"@id\":\"https:\/\/demoweb.info\/sexshop001\/producto\/fleshlight-guys-johnny-sins-dildo-pene-realistico-silicona\/#breadcrumb\"},\"inLanguage\":\"es\",\"potentialAction\":[{\"@type\":\"ReadAction\",\"target\":[\"https:\/\/demoweb.info\/sexshop001\/producto\/fleshlight-guys-johnny-sins-dildo-pene-realistico-silicona\/\"]}]},{\"@type\":\"BreadcrumbList\",\"@id\":\"https:\/\/demoweb.info\/sexshop001\/producto\/fleshlight-guys-johnny-sins-dildo-pene-realistico-silicona\/#breadcrumb\",\"itemListElement\":[{\"@type\":\"ListItem\",\"position\":1,\"name\":\"Portada\",\"item\":\"https:\/\/demoweb.info\/sexshop001\/\"},{\"@type\":\"ListItem\",\"position\":2,\"name\":\"Tienda\",\"item\":\"https:\/\/demoweb.info\/sexshop001\/tienda\/\"},{\"@type\":\"ListItem\",\"position\":3,\"name\":\"FLESHLIGHT GUYS JOHNNY SINS DILDO PENE REAL\u00cdSTICO SILICONA\"}]},{\"@type\":\"WebSite\",\"@id\":\"https:\/\/demoweb.info\/sexshop001\/#website\",\"url\":\"https:\/\/demoweb.info\/sexshop001\/\",\"name\":\"Tienda Er\u00f3tica\",\"description\":\"DEMOWEB SL\",\"potentialAction\":[{\"@type\":\"SearchAction\",\"target\":{\"@type\":\"EntryPoint\",\"urlTemplate\":\"https:\/\/demoweb.info\/sexshop001\/?s={search_term_string}\"},\"query-input\":\"required name=search_term_string\"}],\"inLanguage\":\"es\"}]}<\/script>\n<!-- \/ Yoast SEO plugin. -->","yoast_head_json":{"title":"FLESHLIGHT GUYS JOHNNY SINS DILDO PENE REAL\u00cdSTICO SILICONA - Tienda Er\u00f3tica","robots":{"index":"noindex","follow":"follow","max-snippet":"max-snippet:-1","max-image-preview":"max-image-preview:large","max-video-preview":"max-video-preview:-1"},"og_locale":"es_ES","og_type":"article","og_title":"FLESHLIGHT GUYS JOHNNY SINS DILDO PENE REAL\u00cdSTICO SILICONA - Tienda Er\u00f3tica","og_description":"FLESHLIGHT GUYS JOHNNY SINS DILDO Johnny Sins es la estrella sexy y sexy que estabas esperando. Como uno de los","og_url":"https:\/\/demoweb.info\/sexshop001\/producto\/fleshlight-guys-johnny-sins-dildo-pene-realistico-silicona\/","og_site_name":"Tienda Er\u00f3tica","article_modified_time":"2022-01-22T09:46:57+00:00","og_image":[{"width":550,"height":550,"url":"https:\/\/demoweb.info\/sexshop001\/wp-content\/uploads\/2022\/01\/FLESHLIGHT-GUYS-JOHNNY-SINS-DILDO-PENE-REALISTICO-SILICONA.jpg","type":"image\/jpeg"}],"twitter_card":"summary_large_image","twitter_misc":{"Tiempo de lectura":"1 minuto"},"schema":{"@context":"https:\/\/schema.org","@graph":[{"@type":"WebPage","@id":"https:\/\/demoweb.info\/sexshop001\/producto\/fleshlight-guys-johnny-sins-dildo-pene-realistico-silicona\/","url":"https:\/\/demoweb.info\/sexshop001\/producto\/fleshlight-guys-johnny-sins-dildo-pene-realistico-silicona\/","name":"FLESHLIGHT GUYS JOHNNY SINS DILDO PENE REAL\u00cdSTICO SILICONA - Tienda Er\u00f3tica","isPartOf":{"@id":"https:\/\/demoweb.info\/sexshop001\/#website"},"datePublished":"2022-01-22T09:46:42+00:00","dateModified":"2022-01-22T09:46:57+00:00","breadcrumb":{"@id":"https:\/\/demoweb.info\/sexshop001\/producto\/fleshlight-guys-johnny-sins-dildo-pene-realistico-silicona\/#breadcrumb"},"inLanguage":"es","potentialAction":[{"@type":"ReadAction","target":["https:\/\/demoweb.info\/sexshop001\/producto\/fleshlight-guys-johnny-sins-dildo-pene-realistico-silicona\/"]}]},{"@type":"BreadcrumbList","@id":"https:\/\/demoweb.info\/sexshop001\/producto\/fleshlight-guys-johnny-sins-dildo-pene-realistico-silicona\/#breadcrumb","itemListElement":[{"@type":"ListItem","position":1,"name":"Portada","item":"https:\/\/demoweb.info\/sexshop001\/"},{"@type":"ListItem","position":2,"name":"Tienda","item":"https:\/\/demoweb.info\/sexshop001\/tienda\/"},{"@type":"ListItem","position":3,"name":"FLESHLIGHT GUYS JOHNNY SINS DILDO PENE REAL\u00cdSTICO SILICONA"}]},{"@type":"WebSite","@id":"https:\/\/demoweb.info\/sexshop001\/#website","url":"https:\/\/demoweb.info\/sexshop001\/","name":"Tienda Er\u00f3tica","description":"DEMOWEB SL","potentialAction":[{"@type":"SearchAction","target":{"@type":"EntryPoint","urlTemplate":"https:\/\/demoweb.info\/sexshop001\/?s={search_term_string}"},"query-input":"required name=search_term_string"}],"inLanguage":"es"}]}},"_links":{"self":[{"href":"https:\/\/demoweb.info\/sexshop001\/wp-json\/wp\/v3\/product\/17686","targetHints":{"allow":["GET"]}}],"collection":[{"href":"https:\/\/demoweb.info\/sexshop001\/wp-json\/wp\/v3\/product"}],"about":[{"href":"https:\/\/demoweb.info\/sexshop001\/wp-json\/wp\/v2\/types\/product"}],"replies":[{"embeddable":true,"href":"https:\/\/demoweb.info\/sexshop001\/wp-json\/wp\/v2\/comments?post=17686"}],"wp:featuredmedia":[{"embeddable":true,"href":"https:\/\/demoweb.info\/sexshop001\/wp-json\/wp\/v2\/media\/17687"}],"wp:attachment":[{"href":"https:\/\/demoweb.info\/sexshop001\/wp-json\/wp\/v2\/media?parent=17686"}],"wp:term":[{"taxonomy":"product_cat","embeddable":true,"href":"https:\/\/demoweb.info\/sexshop001\/wp-json\/wp\/v2\/product_cat?post=17686"},{"taxonomy":"product_tag","embeddable":true,"href":"https:\/\/demoweb.info\/sexshop001\/wp-json\/wp\/v2\/product_tag?post=17686"}],"curies":[{"name":"wp","href":"https:\/\/api.w.org\/{rel}","templated":true}]}}