{"id":17676,"date":"2022-01-22T10:46:42","date_gmt":"2022-01-22T09:46:42","guid":{"rendered":"https:\/\/demoweb.info\/sexshop001\/producto\/taboom-my-favorite-mini-rabbit-vibrador-negro\/"},"modified":"2022-01-22T10:46:54","modified_gmt":"2022-01-22T09:46:54","slug":"taboom-my-favorite-mini-rabbit-vibrador-negro","status":"publish","type":"product","link":"https:\/\/demoweb.info\/sexshop001\/producto\/taboom-my-favorite-mini-rabbit-vibrador-negro\/","title":{"rendered":"TABOOM MY FAVORITE MINI RABBIT VIBRADOR NEGRO"},"content":{"rendered":"<p><strong>TABOOM MY FAVORITE MINI RABBIT VIBE BLACK<\/strong><\/p>\n<p>My favorite vibrador estimulador de cl\u00edtoris, es un vibrador firme de tacto suave y a la vez flexible, como un verdadero pene en erecci\u00f3n fabricado de silicona de grado m\u00e9dico. Elije entre uno de sus diferentes modos de vibraci\u00f3n. Resistente al agua tambi\u00e9n, as\u00ed que tambi\u00e9n lo puedes disfrutar en la ba\u00f1era o la ducha!<\/p>\n<p>Fabricado con pl\u00e1stico ABS, que respeta tu cuerpo.<br \/>\nResistente al agua.<br \/>\nFunciona con 2 pilas <strong>AAA, <\/strong> no van incluidas.<\/p>\n<p>Medidas: 12 cm x 2,9 cm<\/p>\n","protected":false},"excerpt":{"rendered":"<p>TABOOM MY FAVORITE MINI RABBIT VIBE BLACK My favorite vibrador estimulador de cl\u00edtoris, es un vibrador firme de tacto suave<\/p>\n","protected":false},"featured_media":17677,"comment_status":"open","ping_status":"open","template":"","meta":[],"product_cat":[434],"product_tag":[620],"class_list":["post-17676","product","type-product","status-publish","has-post-thumbnail","hentry","product_cat-doble-estimulacion-vibradores-juguetes-xxx","product_tag-taboom"],"bundled_by":[],"bundle_stock_status":"outofstock","bundle_stock_quantity":0,"bundle_virtual":false,"bundle_layout":"","bundle_add_to_cart_form_location":"","bundle_editable_in_cart":false,"bundle_sold_individually_context":"","bundle_item_grouping":"","bundle_min_size":"","bundle_max_size":"","bundled_items":[],"yoast_head":"<!-- This site is optimized with the Yoast SEO plugin v20.6 - https:\/\/yoast.com\/wordpress\/plugins\/seo\/ -->\n<title>TABOOM MY FAVORITE MINI RABBIT VIBRADOR NEGRO - Tienda Er\u00f3tica<\/title>\n<meta name=\"robots\" content=\"noindex, follow, max-snippet:-1, max-image-preview:large, max-video-preview:-1\" \/>\n<meta property=\"og:locale\" content=\"es_ES\" \/>\n<meta property=\"og:type\" content=\"article\" \/>\n<meta property=\"og:title\" content=\"TABOOM MY FAVORITE MINI RABBIT VIBRADOR NEGRO - Tienda Er\u00f3tica\" \/>\n<meta property=\"og:description\" content=\"TABOOM MY FAVORITE MINI RABBIT VIBE BLACK My favorite vibrador estimulador de cl\u00edtoris, es un vibrador firme de tacto suave\" \/>\n<meta property=\"og:url\" content=\"https:\/\/demoweb.info\/sexshop001\/producto\/taboom-my-favorite-mini-rabbit-vibrador-negro\/\" \/>\n<meta property=\"og:site_name\" content=\"Tienda Er\u00f3tica\" \/>\n<meta property=\"article:modified_time\" content=\"2022-01-22T09:46:54+00:00\" \/>\n<meta property=\"og:image\" content=\"https:\/\/demoweb.info\/sexshop001\/wp-content\/uploads\/2022\/01\/TABOOM-MY-FAVORITE-MINI-RABBIT-VIBRADOR-NEGRO.jpg\" \/>\n\t<meta property=\"og:image:width\" content=\"550\" \/>\n\t<meta property=\"og:image:height\" content=\"550\" \/>\n\t<meta property=\"og:image:type\" content=\"image\/jpeg\" \/>\n<meta name=\"twitter:card\" content=\"summary_large_image\" \/>\n<script type=\"application\/ld+json\" class=\"yoast-schema-graph\">{\"@context\":\"https:\/\/schema.org\",\"@graph\":[{\"@type\":\"WebPage\",\"@id\":\"https:\/\/demoweb.info\/sexshop001\/producto\/taboom-my-favorite-mini-rabbit-vibrador-negro\/\",\"url\":\"https:\/\/demoweb.info\/sexshop001\/producto\/taboom-my-favorite-mini-rabbit-vibrador-negro\/\",\"name\":\"TABOOM MY FAVORITE MINI RABBIT VIBRADOR NEGRO - Tienda Er\u00f3tica\",\"isPartOf\":{\"@id\":\"https:\/\/demoweb.info\/sexshop001\/#website\"},\"datePublished\":\"2022-01-22T09:46:42+00:00\",\"dateModified\":\"2022-01-22T09:46:54+00:00\",\"breadcrumb\":{\"@id\":\"https:\/\/demoweb.info\/sexshop001\/producto\/taboom-my-favorite-mini-rabbit-vibrador-negro\/#breadcrumb\"},\"inLanguage\":\"es\",\"potentialAction\":[{\"@type\":\"ReadAction\",\"target\":[\"https:\/\/demoweb.info\/sexshop001\/producto\/taboom-my-favorite-mini-rabbit-vibrador-negro\/\"]}]},{\"@type\":\"BreadcrumbList\",\"@id\":\"https:\/\/demoweb.info\/sexshop001\/producto\/taboom-my-favorite-mini-rabbit-vibrador-negro\/#breadcrumb\",\"itemListElement\":[{\"@type\":\"ListItem\",\"position\":1,\"name\":\"Portada\",\"item\":\"https:\/\/demoweb.info\/sexshop001\/\"},{\"@type\":\"ListItem\",\"position\":2,\"name\":\"Tienda\",\"item\":\"https:\/\/demoweb.info\/sexshop001\/tienda\/\"},{\"@type\":\"ListItem\",\"position\":3,\"name\":\"TABOOM MY FAVORITE MINI RABBIT VIBRADOR NEGRO\"}]},{\"@type\":\"WebSite\",\"@id\":\"https:\/\/demoweb.info\/sexshop001\/#website\",\"url\":\"https:\/\/demoweb.info\/sexshop001\/\",\"name\":\"Tienda Er\u00f3tica\",\"description\":\"DEMOWEB SL\",\"potentialAction\":[{\"@type\":\"SearchAction\",\"target\":{\"@type\":\"EntryPoint\",\"urlTemplate\":\"https:\/\/demoweb.info\/sexshop001\/?s={search_term_string}\"},\"query-input\":\"required name=search_term_string\"}],\"inLanguage\":\"es\"}]}<\/script>\n<!-- \/ Yoast SEO plugin. -->","yoast_head_json":{"title":"TABOOM MY FAVORITE MINI RABBIT VIBRADOR NEGRO - Tienda Er\u00f3tica","robots":{"index":"noindex","follow":"follow","max-snippet":"max-snippet:-1","max-image-preview":"max-image-preview:large","max-video-preview":"max-video-preview:-1"},"og_locale":"es_ES","og_type":"article","og_title":"TABOOM MY FAVORITE MINI RABBIT VIBRADOR NEGRO - Tienda Er\u00f3tica","og_description":"TABOOM MY FAVORITE MINI RABBIT VIBE BLACK My favorite vibrador estimulador de cl\u00edtoris, es un vibrador firme de tacto suave","og_url":"https:\/\/demoweb.info\/sexshop001\/producto\/taboom-my-favorite-mini-rabbit-vibrador-negro\/","og_site_name":"Tienda Er\u00f3tica","article_modified_time":"2022-01-22T09:46:54+00:00","og_image":[{"width":550,"height":550,"url":"https:\/\/demoweb.info\/sexshop001\/wp-content\/uploads\/2022\/01\/TABOOM-MY-FAVORITE-MINI-RABBIT-VIBRADOR-NEGRO.jpg","type":"image\/jpeg"}],"twitter_card":"summary_large_image","schema":{"@context":"https:\/\/schema.org","@graph":[{"@type":"WebPage","@id":"https:\/\/demoweb.info\/sexshop001\/producto\/taboom-my-favorite-mini-rabbit-vibrador-negro\/","url":"https:\/\/demoweb.info\/sexshop001\/producto\/taboom-my-favorite-mini-rabbit-vibrador-negro\/","name":"TABOOM MY FAVORITE MINI RABBIT VIBRADOR NEGRO - Tienda Er\u00f3tica","isPartOf":{"@id":"https:\/\/demoweb.info\/sexshop001\/#website"},"datePublished":"2022-01-22T09:46:42+00:00","dateModified":"2022-01-22T09:46:54+00:00","breadcrumb":{"@id":"https:\/\/demoweb.info\/sexshop001\/producto\/taboom-my-favorite-mini-rabbit-vibrador-negro\/#breadcrumb"},"inLanguage":"es","potentialAction":[{"@type":"ReadAction","target":["https:\/\/demoweb.info\/sexshop001\/producto\/taboom-my-favorite-mini-rabbit-vibrador-negro\/"]}]},{"@type":"BreadcrumbList","@id":"https:\/\/demoweb.info\/sexshop001\/producto\/taboom-my-favorite-mini-rabbit-vibrador-negro\/#breadcrumb","itemListElement":[{"@type":"ListItem","position":1,"name":"Portada","item":"https:\/\/demoweb.info\/sexshop001\/"},{"@type":"ListItem","position":2,"name":"Tienda","item":"https:\/\/demoweb.info\/sexshop001\/tienda\/"},{"@type":"ListItem","position":3,"name":"TABOOM MY FAVORITE MINI RABBIT VIBRADOR NEGRO"}]},{"@type":"WebSite","@id":"https:\/\/demoweb.info\/sexshop001\/#website","url":"https:\/\/demoweb.info\/sexshop001\/","name":"Tienda Er\u00f3tica","description":"DEMOWEB SL","potentialAction":[{"@type":"SearchAction","target":{"@type":"EntryPoint","urlTemplate":"https:\/\/demoweb.info\/sexshop001\/?s={search_term_string}"},"query-input":"required name=search_term_string"}],"inLanguage":"es"}]}},"_links":{"self":[{"href":"https:\/\/demoweb.info\/sexshop001\/wp-json\/wp\/v3\/product\/17676","targetHints":{"allow":["GET"]}}],"collection":[{"href":"https:\/\/demoweb.info\/sexshop001\/wp-json\/wp\/v3\/product"}],"about":[{"href":"https:\/\/demoweb.info\/sexshop001\/wp-json\/wp\/v2\/types\/product"}],"replies":[{"embeddable":true,"href":"https:\/\/demoweb.info\/sexshop001\/wp-json\/wp\/v2\/comments?post=17676"}],"wp:featuredmedia":[{"embeddable":true,"href":"https:\/\/demoweb.info\/sexshop001\/wp-json\/wp\/v2\/media\/17677"}],"wp:attachment":[{"href":"https:\/\/demoweb.info\/sexshop001\/wp-json\/wp\/v2\/media?parent=17676"}],"wp:term":[{"taxonomy":"product_cat","embeddable":true,"href":"https:\/\/demoweb.info\/sexshop001\/wp-json\/wp\/v2\/product_cat?post=17676"},{"taxonomy":"product_tag","embeddable":true,"href":"https:\/\/demoweb.info\/sexshop001\/wp-json\/wp\/v2\/product_tag?post=17676"}],"curies":[{"name":"wp","href":"https:\/\/api.w.org\/{rel}","templated":true}]}}