{"id":17667,"date":"2022-01-22T10:46:42","date_gmt":"2022-01-22T09:46:42","guid":{"rendered":"https:\/\/demoweb.info\/sexshop001\/producto\/lust-by-jopen-l-6-morado\/"},"modified":"2022-01-22T10:46:50","modified_gmt":"2022-01-22T09:46:50","slug":"lust-by-jopen-l-6-morado","status":"publish","type":"product","link":"https:\/\/demoweb.info\/sexshop001\/producto\/lust-by-jopen-l-6-morado\/","title":{"rendered":"LUST BY JOPEN L 6 MORADO"},"content":{"rendered":"<p><strong>LUST BY JOPEN L 6 PURPLE, <\/strong>sofisticado masajeador el cu\u00e1l te proporcionar\u00e1 un placer externo tanto en el punto P como en el punto G.<\/p>\n<p>&#8211; Silicona de alta calidad<br \/>\n&#8211; 10 funciones increibles.<br \/>\n&#8211; Intenso control de incrementos de velocidad.<br \/>\n&#8211; USB dispositivo recargable.<br \/>\n&#8211; 100% impermeable.<br \/>\n&#8211; Bater\u00eda recargable de iones de litio<br \/>\n&#8211; Carga completa en 2 horas<br \/>\n&#8211; Masajeador en funcionamiento 2 horas a velocidad m\u00e1xima y 3 horas a velocidad suave<br \/>\n&#8211; Sin perfume, no poroso, hipoalerg\u00e9nico<br \/>\n&#8211; Bot\u00f3n instant\u00e1neo encendido\/pagado<br \/>\n&#8211; Funci\u00f3n de bloqueo de Seguridad<br \/>\n&#8211; Silencioso<br \/>\n&#8211; 100% resistente al agua<br \/>\n&#8211; F\u00e1cil de limpiar<br \/>\n&#8211; Un a\u00f1o de garant\u00eda<\/p>\n","protected":false},"excerpt":{"rendered":"<p>LUST BY JOPEN L 6 PURPLE, sofisticado masajeador el cu\u00e1l te proporcionar\u00e1 un placer externo tanto en el punto P<\/p>\n","protected":false},"featured_media":17668,"comment_status":"open","ping_status":"open","template":"","meta":[],"product_cat":[370],"product_tag":[728,914],"class_list":["post-17667","product","type-product","status-publish","has-post-thumbnail","hentry","product_cat-clitoris","product_tag-jopen","product_tag-lust"],"bundled_by":[],"bundle_stock_status":"instock","bundle_stock_quantity":1,"bundle_virtual":false,"bundle_layout":"","bundle_add_to_cart_form_location":"","bundle_editable_in_cart":false,"bundle_sold_individually_context":"","bundle_item_grouping":"","bundle_min_size":"","bundle_max_size":"","bundled_items":[],"yoast_head":"<!-- This site is optimized with the Yoast SEO plugin v20.6 - https:\/\/yoast.com\/wordpress\/plugins\/seo\/ -->\n<title>LUST BY JOPEN L 6 MORADO - Tienda Er\u00f3tica<\/title>\n<meta name=\"robots\" content=\"noindex, follow, max-snippet:-1, max-image-preview:large, max-video-preview:-1\" \/>\n<meta property=\"og:locale\" content=\"es_ES\" \/>\n<meta property=\"og:type\" content=\"article\" \/>\n<meta property=\"og:title\" content=\"LUST BY JOPEN L 6 MORADO - Tienda Er\u00f3tica\" \/>\n<meta property=\"og:description\" content=\"LUST BY JOPEN L 6 PURPLE, sofisticado masajeador el cu\u00e1l te proporcionar\u00e1 un placer externo tanto en el punto P\" \/>\n<meta property=\"og:url\" content=\"https:\/\/demoweb.info\/sexshop001\/producto\/lust-by-jopen-l-6-morado\/\" \/>\n<meta property=\"og:site_name\" content=\"Tienda Er\u00f3tica\" \/>\n<meta property=\"article:modified_time\" content=\"2022-01-22T09:46:50+00:00\" \/>\n<meta property=\"og:image\" content=\"https:\/\/demoweb.info\/sexshop001\/wp-content\/uploads\/2022\/01\/LUST-BY-JOPEN-L-6-MORADO.jpg\" \/>\n\t<meta property=\"og:image:width\" content=\"550\" \/>\n\t<meta property=\"og:image:height\" content=\"550\" \/>\n\t<meta property=\"og:image:type\" content=\"image\/jpeg\" \/>\n<meta name=\"twitter:card\" content=\"summary_large_image\" \/>\n<meta name=\"twitter:label1\" content=\"Tiempo de lectura\" \/>\n\t<meta name=\"twitter:data1\" content=\"1 minuto\" \/>\n<script type=\"application\/ld+json\" class=\"yoast-schema-graph\">{\"@context\":\"https:\/\/schema.org\",\"@graph\":[{\"@type\":\"WebPage\",\"@id\":\"https:\/\/demoweb.info\/sexshop001\/producto\/lust-by-jopen-l-6-morado\/\",\"url\":\"https:\/\/demoweb.info\/sexshop001\/producto\/lust-by-jopen-l-6-morado\/\",\"name\":\"LUST BY JOPEN L 6 MORADO - Tienda Er\u00f3tica\",\"isPartOf\":{\"@id\":\"https:\/\/demoweb.info\/sexshop001\/#website\"},\"datePublished\":\"2022-01-22T09:46:42+00:00\",\"dateModified\":\"2022-01-22T09:46:50+00:00\",\"breadcrumb\":{\"@id\":\"https:\/\/demoweb.info\/sexshop001\/producto\/lust-by-jopen-l-6-morado\/#breadcrumb\"},\"inLanguage\":\"es\",\"potentialAction\":[{\"@type\":\"ReadAction\",\"target\":[\"https:\/\/demoweb.info\/sexshop001\/producto\/lust-by-jopen-l-6-morado\/\"]}]},{\"@type\":\"BreadcrumbList\",\"@id\":\"https:\/\/demoweb.info\/sexshop001\/producto\/lust-by-jopen-l-6-morado\/#breadcrumb\",\"itemListElement\":[{\"@type\":\"ListItem\",\"position\":1,\"name\":\"Portada\",\"item\":\"https:\/\/demoweb.info\/sexshop001\/\"},{\"@type\":\"ListItem\",\"position\":2,\"name\":\"Tienda\",\"item\":\"https:\/\/demoweb.info\/sexshop001\/tienda\/\"},{\"@type\":\"ListItem\",\"position\":3,\"name\":\"LUST BY JOPEN L 6 MORADO\"}]},{\"@type\":\"WebSite\",\"@id\":\"https:\/\/demoweb.info\/sexshop001\/#website\",\"url\":\"https:\/\/demoweb.info\/sexshop001\/\",\"name\":\"Tienda Er\u00f3tica\",\"description\":\"DEMOWEB SL\",\"potentialAction\":[{\"@type\":\"SearchAction\",\"target\":{\"@type\":\"EntryPoint\",\"urlTemplate\":\"https:\/\/demoweb.info\/sexshop001\/?s={search_term_string}\"},\"query-input\":\"required name=search_term_string\"}],\"inLanguage\":\"es\"}]}<\/script>\n<!-- \/ Yoast SEO plugin. -->","yoast_head_json":{"title":"LUST BY JOPEN L 6 MORADO - Tienda Er\u00f3tica","robots":{"index":"noindex","follow":"follow","max-snippet":"max-snippet:-1","max-image-preview":"max-image-preview:large","max-video-preview":"max-video-preview:-1"},"og_locale":"es_ES","og_type":"article","og_title":"LUST BY JOPEN L 6 MORADO - Tienda Er\u00f3tica","og_description":"LUST BY JOPEN L 6 PURPLE, sofisticado masajeador el cu\u00e1l te proporcionar\u00e1 un placer externo tanto en el punto P","og_url":"https:\/\/demoweb.info\/sexshop001\/producto\/lust-by-jopen-l-6-morado\/","og_site_name":"Tienda Er\u00f3tica","article_modified_time":"2022-01-22T09:46:50+00:00","og_image":[{"width":550,"height":550,"url":"https:\/\/demoweb.info\/sexshop001\/wp-content\/uploads\/2022\/01\/LUST-BY-JOPEN-L-6-MORADO.jpg","type":"image\/jpeg"}],"twitter_card":"summary_large_image","twitter_misc":{"Tiempo de lectura":"1 minuto"},"schema":{"@context":"https:\/\/schema.org","@graph":[{"@type":"WebPage","@id":"https:\/\/demoweb.info\/sexshop001\/producto\/lust-by-jopen-l-6-morado\/","url":"https:\/\/demoweb.info\/sexshop001\/producto\/lust-by-jopen-l-6-morado\/","name":"LUST BY JOPEN L 6 MORADO - Tienda Er\u00f3tica","isPartOf":{"@id":"https:\/\/demoweb.info\/sexshop001\/#website"},"datePublished":"2022-01-22T09:46:42+00:00","dateModified":"2022-01-22T09:46:50+00:00","breadcrumb":{"@id":"https:\/\/demoweb.info\/sexshop001\/producto\/lust-by-jopen-l-6-morado\/#breadcrumb"},"inLanguage":"es","potentialAction":[{"@type":"ReadAction","target":["https:\/\/demoweb.info\/sexshop001\/producto\/lust-by-jopen-l-6-morado\/"]}]},{"@type":"BreadcrumbList","@id":"https:\/\/demoweb.info\/sexshop001\/producto\/lust-by-jopen-l-6-morado\/#breadcrumb","itemListElement":[{"@type":"ListItem","position":1,"name":"Portada","item":"https:\/\/demoweb.info\/sexshop001\/"},{"@type":"ListItem","position":2,"name":"Tienda","item":"https:\/\/demoweb.info\/sexshop001\/tienda\/"},{"@type":"ListItem","position":3,"name":"LUST BY JOPEN L 6 MORADO"}]},{"@type":"WebSite","@id":"https:\/\/demoweb.info\/sexshop001\/#website","url":"https:\/\/demoweb.info\/sexshop001\/","name":"Tienda Er\u00f3tica","description":"DEMOWEB SL","potentialAction":[{"@type":"SearchAction","target":{"@type":"EntryPoint","urlTemplate":"https:\/\/demoweb.info\/sexshop001\/?s={search_term_string}"},"query-input":"required name=search_term_string"}],"inLanguage":"es"}]}},"_links":{"self":[{"href":"https:\/\/demoweb.info\/sexshop001\/wp-json\/wp\/v3\/product\/17667","targetHints":{"allow":["GET"]}}],"collection":[{"href":"https:\/\/demoweb.info\/sexshop001\/wp-json\/wp\/v3\/product"}],"about":[{"href":"https:\/\/demoweb.info\/sexshop001\/wp-json\/wp\/v2\/types\/product"}],"replies":[{"embeddable":true,"href":"https:\/\/demoweb.info\/sexshop001\/wp-json\/wp\/v2\/comments?post=17667"}],"wp:featuredmedia":[{"embeddable":true,"href":"https:\/\/demoweb.info\/sexshop001\/wp-json\/wp\/v2\/media\/17668"}],"wp:attachment":[{"href":"https:\/\/demoweb.info\/sexshop001\/wp-json\/wp\/v2\/media?parent=17667"}],"wp:term":[{"taxonomy":"product_cat","embeddable":true,"href":"https:\/\/demoweb.info\/sexshop001\/wp-json\/wp\/v2\/product_cat?post=17667"},{"taxonomy":"product_tag","embeddable":true,"href":"https:\/\/demoweb.info\/sexshop001\/wp-json\/wp\/v2\/product_tag?post=17667"}],"curies":[{"name":"wp","href":"https:\/\/api.w.org\/{rel}","templated":true}]}}