{"id":17661,"date":"2022-01-22T10:46:42","date_gmt":"2022-01-22T09:46:42","guid":{"rendered":"https:\/\/demoweb.info\/sexshop001\/producto\/verifica-semen-detector-test-de-infidelidad\/"},"modified":"2022-01-22T10:46:48","modified_gmt":"2022-01-22T09:46:48","slug":"verifica-semen-detector-test-de-infidelidad","status":"publish","type":"product","link":"https:\/\/demoweb.info\/sexshop001\/producto\/verifica-semen-detector-test-de-infidelidad\/","title":{"rendered":"VERIFICA\u00ae SEMEN DETECTOR\u00ae TEST DE INFIDELIDAD"},"content":{"rendered":"<p><strong>VERIFICA\u00ae SEMEN DETECTOR\u00ae TEST DE INFIDELIDAD.<\/strong><strong> Detecci\u00f3n de semen mediante PSA.<\/strong><\/p>\n<p>El test definitivo a la hora de detectar infidelidades.<\/p>\n<p>Despu\u00e9s de haber practicado sexo, <strong>incluso con protecci\u00f3n<\/strong>, pueden haber quedado trazas de semen en los tejidos o en superficies donde haya podido estar en contacto, incluso la piel puede transportar dichas trazas sin que aparezca a simple vista. Lo que permite dicha detecci\u00f3n. El Kit de detecci\u00f3n de semen de la gama Semen Detector\u00ae, es el m\u00e9todo de mayor fiablidad para detectar semen, sin recurrir a un laboratorio de an\u00e1lisis. Es un sistema revolucionario y f\u00e1cil de usar, este test le permite detectar semen en prendas, tejidos o superficies que pudieran tener restos. Se basa en una tecnolog\u00eda de extremada fiabilidad y cient\u00edficamente probada.<\/p>\n<p>&#8211; Este test es r\u00e1pido y muy f\u00e1cil de usar, adem\u00e1s le permite realizar 2 pruebas.<br \/>\n&#8211; Los resultados son inmediatos, por lo que el procedimiento dura menos de 10 minutos.<br \/>\n&#8211; Por favor, siga los pasos que le marcan las instrucciones que se encuentran en el interior.<br \/>\n&#8211; El kit no da\u00f1ar\u00e1 la muestra biol\u00f3gica, en el caso que requiera una verificacion de ADN.<br \/>\n&#8211; Almacene el KIT en un lugar fr\u00edo y seco.<br \/>\n&#8211; Mantenga el producto fuera del alcance de los ni\u00f1os. \n <\/p>\n","protected":false},"excerpt":{"rendered":"<p>VERIFICA\u00ae SEMEN DETECTOR\u00ae TEST DE INFIDELIDAD. Detecci\u00f3n de semen mediante PSA. El test definitivo a la hora de detectar infidelidades.<\/p>\n","protected":false},"featured_media":17662,"comment_status":"open","ping_status":"open","template":"","meta":[],"product_cat":[912],"product_tag":[913],"class_list":["post-17661","product","type-product","status-publish","has-post-thumbnail","hentry","product_cat-test-corporal","product_tag-semen-detector"],"bundled_by":[],"bundle_stock_status":"instock","bundle_stock_quantity":11,"bundle_virtual":false,"bundle_layout":"","bundle_add_to_cart_form_location":"","bundle_editable_in_cart":false,"bundle_sold_individually_context":"","bundle_item_grouping":"","bundle_min_size":"","bundle_max_size":"","bundled_items":[],"yoast_head":"<!-- This site is optimized with the Yoast SEO plugin v20.6 - https:\/\/yoast.com\/wordpress\/plugins\/seo\/ -->\n<title>VERIFICA\u00ae SEMEN DETECTOR\u00ae TEST DE INFIDELIDAD - Tienda Er\u00f3tica<\/title>\n<meta name=\"robots\" content=\"noindex, follow, max-snippet:-1, max-image-preview:large, max-video-preview:-1\" \/>\n<meta property=\"og:locale\" content=\"es_ES\" \/>\n<meta property=\"og:type\" content=\"article\" \/>\n<meta property=\"og:title\" content=\"VERIFICA\u00ae SEMEN DETECTOR\u00ae TEST DE INFIDELIDAD - Tienda Er\u00f3tica\" \/>\n<meta property=\"og:description\" content=\"VERIFICA\u00ae SEMEN DETECTOR\u00ae TEST DE INFIDELIDAD. Detecci\u00f3n de semen mediante PSA. El test definitivo a la hora de detectar infidelidades.\" \/>\n<meta property=\"og:url\" content=\"https:\/\/demoweb.info\/sexshop001\/producto\/verifica-semen-detector-test-de-infidelidad\/\" \/>\n<meta property=\"og:site_name\" content=\"Tienda Er\u00f3tica\" \/>\n<meta property=\"article:modified_time\" content=\"2022-01-22T09:46:48+00:00\" \/>\n<meta property=\"og:image\" content=\"https:\/\/demoweb.info\/sexshop001\/wp-content\/uploads\/2022\/01\/VERIFICA\u00ae-SEMEN-DETECTOR\u00ae-TEST-DE-INFIDELIDAD.jpg\" \/>\n\t<meta property=\"og:image:width\" content=\"550\" \/>\n\t<meta property=\"og:image:height\" content=\"550\" \/>\n\t<meta property=\"og:image:type\" content=\"image\/jpeg\" \/>\n<meta name=\"twitter:card\" content=\"summary_large_image\" \/>\n<meta name=\"twitter:label1\" content=\"Tiempo de lectura\" \/>\n\t<meta name=\"twitter:data1\" content=\"1 minuto\" \/>\n<script type=\"application\/ld+json\" class=\"yoast-schema-graph\">{\"@context\":\"https:\/\/schema.org\",\"@graph\":[{\"@type\":\"WebPage\",\"@id\":\"https:\/\/demoweb.info\/sexshop001\/producto\/verifica-semen-detector-test-de-infidelidad\/\",\"url\":\"https:\/\/demoweb.info\/sexshop001\/producto\/verifica-semen-detector-test-de-infidelidad\/\",\"name\":\"VERIFICA\u00ae SEMEN DETECTOR\u00ae TEST DE INFIDELIDAD - Tienda Er\u00f3tica\",\"isPartOf\":{\"@id\":\"https:\/\/demoweb.info\/sexshop001\/#website\"},\"datePublished\":\"2022-01-22T09:46:42+00:00\",\"dateModified\":\"2022-01-22T09:46:48+00:00\",\"breadcrumb\":{\"@id\":\"https:\/\/demoweb.info\/sexshop001\/producto\/verifica-semen-detector-test-de-infidelidad\/#breadcrumb\"},\"inLanguage\":\"es\",\"potentialAction\":[{\"@type\":\"ReadAction\",\"target\":[\"https:\/\/demoweb.info\/sexshop001\/producto\/verifica-semen-detector-test-de-infidelidad\/\"]}]},{\"@type\":\"BreadcrumbList\",\"@id\":\"https:\/\/demoweb.info\/sexshop001\/producto\/verifica-semen-detector-test-de-infidelidad\/#breadcrumb\",\"itemListElement\":[{\"@type\":\"ListItem\",\"position\":1,\"name\":\"Portada\",\"item\":\"https:\/\/demoweb.info\/sexshop001\/\"},{\"@type\":\"ListItem\",\"position\":2,\"name\":\"Tienda\",\"item\":\"https:\/\/demoweb.info\/sexshop001\/tienda\/\"},{\"@type\":\"ListItem\",\"position\":3,\"name\":\"VERIFICA\u00ae SEMEN DETECTOR\u00ae TEST DE INFIDELIDAD\"}]},{\"@type\":\"WebSite\",\"@id\":\"https:\/\/demoweb.info\/sexshop001\/#website\",\"url\":\"https:\/\/demoweb.info\/sexshop001\/\",\"name\":\"Tienda Er\u00f3tica\",\"description\":\"DEMOWEB SL\",\"potentialAction\":[{\"@type\":\"SearchAction\",\"target\":{\"@type\":\"EntryPoint\",\"urlTemplate\":\"https:\/\/demoweb.info\/sexshop001\/?s={search_term_string}\"},\"query-input\":\"required name=search_term_string\"}],\"inLanguage\":\"es\"}]}<\/script>\n<!-- \/ Yoast SEO plugin. -->","yoast_head_json":{"title":"VERIFICA\u00ae SEMEN DETECTOR\u00ae TEST DE INFIDELIDAD - Tienda Er\u00f3tica","robots":{"index":"noindex","follow":"follow","max-snippet":"max-snippet:-1","max-image-preview":"max-image-preview:large","max-video-preview":"max-video-preview:-1"},"og_locale":"es_ES","og_type":"article","og_title":"VERIFICA\u00ae SEMEN DETECTOR\u00ae TEST DE INFIDELIDAD - Tienda Er\u00f3tica","og_description":"VERIFICA\u00ae SEMEN DETECTOR\u00ae TEST DE INFIDELIDAD. Detecci\u00f3n de semen mediante PSA. El test definitivo a la hora de detectar infidelidades.","og_url":"https:\/\/demoweb.info\/sexshop001\/producto\/verifica-semen-detector-test-de-infidelidad\/","og_site_name":"Tienda Er\u00f3tica","article_modified_time":"2022-01-22T09:46:48+00:00","og_image":[{"width":550,"height":550,"url":"https:\/\/demoweb.info\/sexshop001\/wp-content\/uploads\/2022\/01\/VERIFICA\u00ae-SEMEN-DETECTOR\u00ae-TEST-DE-INFIDELIDAD.jpg","type":"image\/jpeg"}],"twitter_card":"summary_large_image","twitter_misc":{"Tiempo de lectura":"1 minuto"},"schema":{"@context":"https:\/\/schema.org","@graph":[{"@type":"WebPage","@id":"https:\/\/demoweb.info\/sexshop001\/producto\/verifica-semen-detector-test-de-infidelidad\/","url":"https:\/\/demoweb.info\/sexshop001\/producto\/verifica-semen-detector-test-de-infidelidad\/","name":"VERIFICA\u00ae SEMEN DETECTOR\u00ae TEST DE INFIDELIDAD - Tienda Er\u00f3tica","isPartOf":{"@id":"https:\/\/demoweb.info\/sexshop001\/#website"},"datePublished":"2022-01-22T09:46:42+00:00","dateModified":"2022-01-22T09:46:48+00:00","breadcrumb":{"@id":"https:\/\/demoweb.info\/sexshop001\/producto\/verifica-semen-detector-test-de-infidelidad\/#breadcrumb"},"inLanguage":"es","potentialAction":[{"@type":"ReadAction","target":["https:\/\/demoweb.info\/sexshop001\/producto\/verifica-semen-detector-test-de-infidelidad\/"]}]},{"@type":"BreadcrumbList","@id":"https:\/\/demoweb.info\/sexshop001\/producto\/verifica-semen-detector-test-de-infidelidad\/#breadcrumb","itemListElement":[{"@type":"ListItem","position":1,"name":"Portada","item":"https:\/\/demoweb.info\/sexshop001\/"},{"@type":"ListItem","position":2,"name":"Tienda","item":"https:\/\/demoweb.info\/sexshop001\/tienda\/"},{"@type":"ListItem","position":3,"name":"VERIFICA\u00ae SEMEN DETECTOR\u00ae TEST DE INFIDELIDAD"}]},{"@type":"WebSite","@id":"https:\/\/demoweb.info\/sexshop001\/#website","url":"https:\/\/demoweb.info\/sexshop001\/","name":"Tienda Er\u00f3tica","description":"DEMOWEB SL","potentialAction":[{"@type":"SearchAction","target":{"@type":"EntryPoint","urlTemplate":"https:\/\/demoweb.info\/sexshop001\/?s={search_term_string}"},"query-input":"required name=search_term_string"}],"inLanguage":"es"}]}},"_links":{"self":[{"href":"https:\/\/demoweb.info\/sexshop001\/wp-json\/wp\/v3\/product\/17661","targetHints":{"allow":["GET"]}}],"collection":[{"href":"https:\/\/demoweb.info\/sexshop001\/wp-json\/wp\/v3\/product"}],"about":[{"href":"https:\/\/demoweb.info\/sexshop001\/wp-json\/wp\/v2\/types\/product"}],"replies":[{"embeddable":true,"href":"https:\/\/demoweb.info\/sexshop001\/wp-json\/wp\/v2\/comments?post=17661"}],"wp:featuredmedia":[{"embeddable":true,"href":"https:\/\/demoweb.info\/sexshop001\/wp-json\/wp\/v2\/media\/17662"}],"wp:attachment":[{"href":"https:\/\/demoweb.info\/sexshop001\/wp-json\/wp\/v2\/media?parent=17661"}],"wp:term":[{"taxonomy":"product_cat","embeddable":true,"href":"https:\/\/demoweb.info\/sexshop001\/wp-json\/wp\/v2\/product_cat?post=17661"},{"taxonomy":"product_tag","embeddable":true,"href":"https:\/\/demoweb.info\/sexshop001\/wp-json\/wp\/v2\/product_tag?post=17661"}],"curies":[{"name":"wp","href":"https:\/\/api.w.org\/{rel}","templated":true}]}}