{"id":17653,"date":"2022-01-22T10:46:42","date_gmt":"2022-01-22T09:46:42","guid":{"rendered":"https:\/\/demoweb.info\/sexshop001\/producto\/tenga-air-tech-fuerte\/"},"modified":"2022-01-22T10:46:44","modified_gmt":"2022-01-22T09:46:44","slug":"tenga-air-tech-fuerte","status":"publish","type":"product","link":"https:\/\/demoweb.info\/sexshop001\/producto\/tenga-air-tech-fuerte\/","title":{"rendered":"TENGA AIR TECH FUERTE"},"content":{"rendered":"<p><strong>TENGA AIR-TECH STRONG<\/strong>, es el innovador masturbador masculino, que ha revolucionado los juguetes de placer para el hombre.<\/p>\n<p>Descubre la sensaci\u00f3n de aerostimulation. Sensaciones impresionantes, una y otra vez.<\/p>\n<p>TENGA por fin ha dise\u00f1ado un masturbador <strong>reutilizable<\/strong>, que garantiza la higiene en cada uso. Elaborado a partir de la tecnolog\u00eda de colch\u00f3n de aire \u00fanico de TENGA, este producto no utiliza espuma interna por lo que es higi\u00e9nico para su reutilizaci\u00f3n!<\/p>\n<p>No s\u00f3lo esto, sino que la nueva <strong>estructura de flujo de aire<\/strong> permite una sensaci\u00f3n de succi\u00f3n intensa, incluso m\u00e1s fuerte que la serie original CUP!<\/p>\n<p>Con el Aire-Tech, se obtiene <strong>sensaciones impresionantes<\/strong>, una y otra vez, con la fuerza de vac\u00edo impulsado por la nueva estructura Air Tech!<\/p>\n<p>La tecnolog\u00eda<strong> AIR-TECH<\/strong> esta dividida en tres diferentes tipos de resistencia desde la m\u00e1s <strong>suave y regular a fuerte<\/strong>!<\/p>\n<p>-La estructura de flujo de aire de Air-Tech permite que el aire fluya libremente a trav\u00e9s de la opci\u00f3n para la m\u00e1xima aspiraci\u00f3n de vac\u00edo!<br \/>\n-La tecnolog\u00eda de colch\u00f3n de aire proporciona retroalimentaci\u00f3n agradable tras la inserci\u00f3n para una sensaci\u00f3n estimulante sin la necesidad de espuma interna!<br \/>\n-Rreutilizable, simplemente quitar la funda y lavar!<br \/>\n-Lubricante incluido.<\/p>\n","protected":false},"excerpt":{"rendered":"<p>TENGA AIR-TECH STRONG, es el innovador masturbador masculino, que ha revolucionado los juguetes de placer para el hombre. Descubre la<\/p>\n","protected":false},"featured_media":17654,"comment_status":"open","ping_status":"open","template":"","meta":[],"product_cat":[542],"product_tag":[911,584],"class_list":["post-17653","product","type-product","status-publish","has-post-thumbnail","hentry","product_cat-clasicos","product_tag-air-tech","product_tag-tenga"],"bundled_by":[],"bundle_stock_status":"instock","bundle_stock_quantity":9,"bundle_virtual":false,"bundle_layout":"","bundle_add_to_cart_form_location":"","bundle_editable_in_cart":false,"bundle_sold_individually_context":"","bundle_item_grouping":"","bundle_min_size":"","bundle_max_size":"","bundled_items":[],"yoast_head":"<!-- This site is optimized with the Yoast SEO plugin v20.6 - https:\/\/yoast.com\/wordpress\/plugins\/seo\/ -->\n<title>TENGA AIR TECH FUERTE - Tienda Er\u00f3tica<\/title>\n<meta name=\"robots\" content=\"noindex, follow, max-snippet:-1, max-image-preview:large, max-video-preview:-1\" \/>\n<meta property=\"og:locale\" content=\"es_ES\" \/>\n<meta property=\"og:type\" content=\"article\" \/>\n<meta property=\"og:title\" content=\"TENGA AIR TECH FUERTE - Tienda Er\u00f3tica\" \/>\n<meta property=\"og:description\" content=\"TENGA AIR-TECH STRONG, es el innovador masturbador masculino, que ha revolucionado los juguetes de placer para el hombre. Descubre la\" \/>\n<meta property=\"og:url\" content=\"https:\/\/demoweb.info\/sexshop001\/producto\/tenga-air-tech-fuerte\/\" \/>\n<meta property=\"og:site_name\" content=\"Tienda Er\u00f3tica\" \/>\n<meta property=\"article:modified_time\" content=\"2022-01-22T09:46:44+00:00\" \/>\n<meta property=\"og:image\" content=\"https:\/\/demoweb.info\/sexshop001\/wp-content\/uploads\/2022\/01\/TENGA-AIR-TECH-FUERTE.jpg\" \/>\n\t<meta property=\"og:image:width\" content=\"550\" \/>\n\t<meta property=\"og:image:height\" content=\"550\" \/>\n\t<meta property=\"og:image:type\" content=\"image\/jpeg\" \/>\n<meta name=\"twitter:card\" content=\"summary_large_image\" \/>\n<meta name=\"twitter:label1\" content=\"Tiempo de lectura\" \/>\n\t<meta name=\"twitter:data1\" content=\"1 minuto\" \/>\n<script type=\"application\/ld+json\" class=\"yoast-schema-graph\">{\"@context\":\"https:\/\/schema.org\",\"@graph\":[{\"@type\":\"WebPage\",\"@id\":\"https:\/\/demoweb.info\/sexshop001\/producto\/tenga-air-tech-fuerte\/\",\"url\":\"https:\/\/demoweb.info\/sexshop001\/producto\/tenga-air-tech-fuerte\/\",\"name\":\"TENGA AIR TECH FUERTE - Tienda Er\u00f3tica\",\"isPartOf\":{\"@id\":\"https:\/\/demoweb.info\/sexshop001\/#website\"},\"datePublished\":\"2022-01-22T09:46:42+00:00\",\"dateModified\":\"2022-01-22T09:46:44+00:00\",\"breadcrumb\":{\"@id\":\"https:\/\/demoweb.info\/sexshop001\/producto\/tenga-air-tech-fuerte\/#breadcrumb\"},\"inLanguage\":\"es\",\"potentialAction\":[{\"@type\":\"ReadAction\",\"target\":[\"https:\/\/demoweb.info\/sexshop001\/producto\/tenga-air-tech-fuerte\/\"]}]},{\"@type\":\"BreadcrumbList\",\"@id\":\"https:\/\/demoweb.info\/sexshop001\/producto\/tenga-air-tech-fuerte\/#breadcrumb\",\"itemListElement\":[{\"@type\":\"ListItem\",\"position\":1,\"name\":\"Portada\",\"item\":\"https:\/\/demoweb.info\/sexshop001\/\"},{\"@type\":\"ListItem\",\"position\":2,\"name\":\"Tienda\",\"item\":\"https:\/\/demoweb.info\/sexshop001\/tienda\/\"},{\"@type\":\"ListItem\",\"position\":3,\"name\":\"TENGA AIR TECH FUERTE\"}]},{\"@type\":\"WebSite\",\"@id\":\"https:\/\/demoweb.info\/sexshop001\/#website\",\"url\":\"https:\/\/demoweb.info\/sexshop001\/\",\"name\":\"Tienda Er\u00f3tica\",\"description\":\"DEMOWEB SL\",\"potentialAction\":[{\"@type\":\"SearchAction\",\"target\":{\"@type\":\"EntryPoint\",\"urlTemplate\":\"https:\/\/demoweb.info\/sexshop001\/?s={search_term_string}\"},\"query-input\":\"required name=search_term_string\"}],\"inLanguage\":\"es\"}]}<\/script>\n<!-- \/ Yoast SEO plugin. -->","yoast_head_json":{"title":"TENGA AIR TECH FUERTE - Tienda Er\u00f3tica","robots":{"index":"noindex","follow":"follow","max-snippet":"max-snippet:-1","max-image-preview":"max-image-preview:large","max-video-preview":"max-video-preview:-1"},"og_locale":"es_ES","og_type":"article","og_title":"TENGA AIR TECH FUERTE - Tienda Er\u00f3tica","og_description":"TENGA AIR-TECH STRONG, es el innovador masturbador masculino, que ha revolucionado los juguetes de placer para el hombre. Descubre la","og_url":"https:\/\/demoweb.info\/sexshop001\/producto\/tenga-air-tech-fuerte\/","og_site_name":"Tienda Er\u00f3tica","article_modified_time":"2022-01-22T09:46:44+00:00","og_image":[{"width":550,"height":550,"url":"https:\/\/demoweb.info\/sexshop001\/wp-content\/uploads\/2022\/01\/TENGA-AIR-TECH-FUERTE.jpg","type":"image\/jpeg"}],"twitter_card":"summary_large_image","twitter_misc":{"Tiempo de lectura":"1 minuto"},"schema":{"@context":"https:\/\/schema.org","@graph":[{"@type":"WebPage","@id":"https:\/\/demoweb.info\/sexshop001\/producto\/tenga-air-tech-fuerte\/","url":"https:\/\/demoweb.info\/sexshop001\/producto\/tenga-air-tech-fuerte\/","name":"TENGA AIR TECH FUERTE - Tienda Er\u00f3tica","isPartOf":{"@id":"https:\/\/demoweb.info\/sexshop001\/#website"},"datePublished":"2022-01-22T09:46:42+00:00","dateModified":"2022-01-22T09:46:44+00:00","breadcrumb":{"@id":"https:\/\/demoweb.info\/sexshop001\/producto\/tenga-air-tech-fuerte\/#breadcrumb"},"inLanguage":"es","potentialAction":[{"@type":"ReadAction","target":["https:\/\/demoweb.info\/sexshop001\/producto\/tenga-air-tech-fuerte\/"]}]},{"@type":"BreadcrumbList","@id":"https:\/\/demoweb.info\/sexshop001\/producto\/tenga-air-tech-fuerte\/#breadcrumb","itemListElement":[{"@type":"ListItem","position":1,"name":"Portada","item":"https:\/\/demoweb.info\/sexshop001\/"},{"@type":"ListItem","position":2,"name":"Tienda","item":"https:\/\/demoweb.info\/sexshop001\/tienda\/"},{"@type":"ListItem","position":3,"name":"TENGA AIR TECH FUERTE"}]},{"@type":"WebSite","@id":"https:\/\/demoweb.info\/sexshop001\/#website","url":"https:\/\/demoweb.info\/sexshop001\/","name":"Tienda Er\u00f3tica","description":"DEMOWEB SL","potentialAction":[{"@type":"SearchAction","target":{"@type":"EntryPoint","urlTemplate":"https:\/\/demoweb.info\/sexshop001\/?s={search_term_string}"},"query-input":"required name=search_term_string"}],"inLanguage":"es"}]}},"_links":{"self":[{"href":"https:\/\/demoweb.info\/sexshop001\/wp-json\/wp\/v3\/product\/17653","targetHints":{"allow":["GET"]}}],"collection":[{"href":"https:\/\/demoweb.info\/sexshop001\/wp-json\/wp\/v3\/product"}],"about":[{"href":"https:\/\/demoweb.info\/sexshop001\/wp-json\/wp\/v2\/types\/product"}],"replies":[{"embeddable":true,"href":"https:\/\/demoweb.info\/sexshop001\/wp-json\/wp\/v2\/comments?post=17653"}],"wp:featuredmedia":[{"embeddable":true,"href":"https:\/\/demoweb.info\/sexshop001\/wp-json\/wp\/v2\/media\/17654"}],"wp:attachment":[{"href":"https:\/\/demoweb.info\/sexshop001\/wp-json\/wp\/v2\/media?parent=17653"}],"wp:term":[{"taxonomy":"product_cat","embeddable":true,"href":"https:\/\/demoweb.info\/sexshop001\/wp-json\/wp\/v2\/product_cat?post=17653"},{"taxonomy":"product_tag","embeddable":true,"href":"https:\/\/demoweb.info\/sexshop001\/wp-json\/wp\/v2\/product_tag?post=17653"}],"curies":[{"name":"wp","href":"https:\/\/api.w.org\/{rel}","templated":true}]}}