{"id":17645,"date":"2022-01-22T10:46:00","date_gmt":"2022-01-22T09:46:00","guid":{"rendered":"https:\/\/demoweb.info\/sexshop001\/producto\/wow-rabbit-g-vibrador-rosa\/"},"modified":"2022-01-22T10:46:39","modified_gmt":"2022-01-22T09:46:39","slug":"wow-rabbit-g-vibrador-rosa","status":"publish","type":"product","link":"https:\/\/demoweb.info\/sexshop001\/producto\/wow-rabbit-g-vibrador-rosa\/","title":{"rendered":"WOW RABBIT G VIBRADOR ROSA"},"content":{"rendered":"<p><strong>WOW WONDER RABBIT PINK<\/strong><\/p>\n<p><strong>Wow Woonder<\/strong> rabbit forma parte de la nueva colecci\u00f3n de<strong> vibraciones de alta gama y lujo de primera calidad<\/strong>. Elegante y de primer nivel, y h\u00e1bilmente dise\u00f1ado con incre\u00edble detalle, esta l\u00ednea de masajeadores luxurioius te dejar\u00e1 sin aliento. Hecho de <strong>silicona de grado m\u00e9dico 100%<\/strong> y propulsado por tres motores japoneses-susurro quitet, el WOW! Conejo G cambiar\u00e1 tu percepci\u00f3n del placer.<\/p>\n<p>Dise\u00f1ado con una flexibilidad incre\u00edble y curvada, punta bulbosa ofrece <strong>precisa estimulaci\u00f3n del punto G<\/strong>. Con <strong>dos balas separadas<\/strong> ubicadas en la punta del vibrador y en el conejo, disfrutar\u00e1 el doble de la estimulaci\u00f3n en comparaci\u00f3n con los conejos normales. El eje de silicona muy suave golpea todos los puntos correctos, mientras que el estimulador de cl\u00edtoris juega dando la satisfacci\u00f3n que te mereces. Ciclo a trav\u00e9s de<strong> 7 patrones de pulsaci\u00f3n<\/strong> \u00fanica mediante el bot\u00f3n ondas y pasar de un aleteo de un latido en cuesti\u00f3n de segundos.<\/p>\n<p>Nuestro exclusivo <strong>Elite de silicona es seguro cuerpo, hipoalerg\u00e9nico, libre de ftalatos<\/strong>, y respeta tu piel. Pruebe esta maravilla impermeable en la ducha o en el spa! Limpie el juguete con un limpiador de juguetes y agua tibia.<\/p>\n<p>Longitud insertable: 11 cm<br \/>\nDi\u00e1metro: 3.8 cm<\/p>\n","protected":false},"excerpt":{"rendered":"<p>WOW WONDER RABBIT PINK Wow Woonder rabbit forma parte de la nueva colecci\u00f3n de vibraciones de alta gama y lujo<\/p>\n","protected":false},"featured_media":17646,"comment_status":"open","ping_status":"open","template":"","meta":[],"product_cat":[434],"product_tag":[259,691],"class_list":["post-17645","product","type-product","status-publish","has-post-thumbnail","hentry","product_cat-doble-estimulacion-vibradores-juguetes-xxx","product_tag-pipedream","product_tag-wow"],"bundled_by":[],"bundle_stock_status":"instock","bundle_stock_quantity":1,"bundle_virtual":false,"bundle_layout":"","bundle_add_to_cart_form_location":"","bundle_editable_in_cart":false,"bundle_sold_individually_context":"","bundle_item_grouping":"","bundle_min_size":"","bundle_max_size":"","bundled_items":[],"yoast_head":"<!-- This site is optimized with the Yoast SEO plugin v20.6 - https:\/\/yoast.com\/wordpress\/plugins\/seo\/ -->\n<title>WOW RABBIT G VIBRADOR ROSA - Tienda Er\u00f3tica<\/title>\n<meta name=\"robots\" content=\"noindex, follow, max-snippet:-1, max-image-preview:large, max-video-preview:-1\" \/>\n<meta property=\"og:locale\" content=\"es_ES\" \/>\n<meta property=\"og:type\" content=\"article\" \/>\n<meta property=\"og:title\" content=\"WOW RABBIT G VIBRADOR ROSA - Tienda Er\u00f3tica\" \/>\n<meta property=\"og:description\" content=\"WOW WONDER RABBIT PINK Wow Woonder rabbit forma parte de la nueva colecci\u00f3n de vibraciones de alta gama y lujo\" \/>\n<meta property=\"og:url\" content=\"https:\/\/demoweb.info\/sexshop001\/producto\/wow-rabbit-g-vibrador-rosa\/\" \/>\n<meta property=\"og:site_name\" content=\"Tienda Er\u00f3tica\" \/>\n<meta property=\"article:modified_time\" content=\"2022-01-22T09:46:39+00:00\" \/>\n<meta property=\"og:image\" content=\"https:\/\/demoweb.info\/sexshop001\/wp-content\/uploads\/2022\/01\/WOW-RABBIT-G-VIBRADOR-ROSA.jpg\" \/>\n\t<meta property=\"og:image:width\" content=\"550\" \/>\n\t<meta property=\"og:image:height\" content=\"550\" \/>\n\t<meta property=\"og:image:type\" content=\"image\/jpeg\" \/>\n<meta name=\"twitter:card\" content=\"summary_large_image\" \/>\n<meta name=\"twitter:label1\" content=\"Tiempo de lectura\" \/>\n\t<meta name=\"twitter:data1\" content=\"1 minuto\" \/>\n<script type=\"application\/ld+json\" class=\"yoast-schema-graph\">{\"@context\":\"https:\/\/schema.org\",\"@graph\":[{\"@type\":\"WebPage\",\"@id\":\"https:\/\/demoweb.info\/sexshop001\/producto\/wow-rabbit-g-vibrador-rosa\/\",\"url\":\"https:\/\/demoweb.info\/sexshop001\/producto\/wow-rabbit-g-vibrador-rosa\/\",\"name\":\"WOW RABBIT G VIBRADOR ROSA - Tienda Er\u00f3tica\",\"isPartOf\":{\"@id\":\"https:\/\/demoweb.info\/sexshop001\/#website\"},\"datePublished\":\"2022-01-22T09:46:00+00:00\",\"dateModified\":\"2022-01-22T09:46:39+00:00\",\"breadcrumb\":{\"@id\":\"https:\/\/demoweb.info\/sexshop001\/producto\/wow-rabbit-g-vibrador-rosa\/#breadcrumb\"},\"inLanguage\":\"es\",\"potentialAction\":[{\"@type\":\"ReadAction\",\"target\":[\"https:\/\/demoweb.info\/sexshop001\/producto\/wow-rabbit-g-vibrador-rosa\/\"]}]},{\"@type\":\"BreadcrumbList\",\"@id\":\"https:\/\/demoweb.info\/sexshop001\/producto\/wow-rabbit-g-vibrador-rosa\/#breadcrumb\",\"itemListElement\":[{\"@type\":\"ListItem\",\"position\":1,\"name\":\"Portada\",\"item\":\"https:\/\/demoweb.info\/sexshop001\/\"},{\"@type\":\"ListItem\",\"position\":2,\"name\":\"Tienda\",\"item\":\"https:\/\/demoweb.info\/sexshop001\/tienda\/\"},{\"@type\":\"ListItem\",\"position\":3,\"name\":\"WOW RABBIT G VIBRADOR ROSA\"}]},{\"@type\":\"WebSite\",\"@id\":\"https:\/\/demoweb.info\/sexshop001\/#website\",\"url\":\"https:\/\/demoweb.info\/sexshop001\/\",\"name\":\"Tienda Er\u00f3tica\",\"description\":\"DEMOWEB SL\",\"potentialAction\":[{\"@type\":\"SearchAction\",\"target\":{\"@type\":\"EntryPoint\",\"urlTemplate\":\"https:\/\/demoweb.info\/sexshop001\/?s={search_term_string}\"},\"query-input\":\"required name=search_term_string\"}],\"inLanguage\":\"es\"}]}<\/script>\n<!-- \/ Yoast SEO plugin. -->","yoast_head_json":{"title":"WOW RABBIT G VIBRADOR ROSA - Tienda Er\u00f3tica","robots":{"index":"noindex","follow":"follow","max-snippet":"max-snippet:-1","max-image-preview":"max-image-preview:large","max-video-preview":"max-video-preview:-1"},"og_locale":"es_ES","og_type":"article","og_title":"WOW RABBIT G VIBRADOR ROSA - Tienda Er\u00f3tica","og_description":"WOW WONDER RABBIT PINK Wow Woonder rabbit forma parte de la nueva colecci\u00f3n de vibraciones de alta gama y lujo","og_url":"https:\/\/demoweb.info\/sexshop001\/producto\/wow-rabbit-g-vibrador-rosa\/","og_site_name":"Tienda Er\u00f3tica","article_modified_time":"2022-01-22T09:46:39+00:00","og_image":[{"width":550,"height":550,"url":"https:\/\/demoweb.info\/sexshop001\/wp-content\/uploads\/2022\/01\/WOW-RABBIT-G-VIBRADOR-ROSA.jpg","type":"image\/jpeg"}],"twitter_card":"summary_large_image","twitter_misc":{"Tiempo de lectura":"1 minuto"},"schema":{"@context":"https:\/\/schema.org","@graph":[{"@type":"WebPage","@id":"https:\/\/demoweb.info\/sexshop001\/producto\/wow-rabbit-g-vibrador-rosa\/","url":"https:\/\/demoweb.info\/sexshop001\/producto\/wow-rabbit-g-vibrador-rosa\/","name":"WOW RABBIT G VIBRADOR ROSA - Tienda Er\u00f3tica","isPartOf":{"@id":"https:\/\/demoweb.info\/sexshop001\/#website"},"datePublished":"2022-01-22T09:46:00+00:00","dateModified":"2022-01-22T09:46:39+00:00","breadcrumb":{"@id":"https:\/\/demoweb.info\/sexshop001\/producto\/wow-rabbit-g-vibrador-rosa\/#breadcrumb"},"inLanguage":"es","potentialAction":[{"@type":"ReadAction","target":["https:\/\/demoweb.info\/sexshop001\/producto\/wow-rabbit-g-vibrador-rosa\/"]}]},{"@type":"BreadcrumbList","@id":"https:\/\/demoweb.info\/sexshop001\/producto\/wow-rabbit-g-vibrador-rosa\/#breadcrumb","itemListElement":[{"@type":"ListItem","position":1,"name":"Portada","item":"https:\/\/demoweb.info\/sexshop001\/"},{"@type":"ListItem","position":2,"name":"Tienda","item":"https:\/\/demoweb.info\/sexshop001\/tienda\/"},{"@type":"ListItem","position":3,"name":"WOW RABBIT G VIBRADOR ROSA"}]},{"@type":"WebSite","@id":"https:\/\/demoweb.info\/sexshop001\/#website","url":"https:\/\/demoweb.info\/sexshop001\/","name":"Tienda Er\u00f3tica","description":"DEMOWEB SL","potentialAction":[{"@type":"SearchAction","target":{"@type":"EntryPoint","urlTemplate":"https:\/\/demoweb.info\/sexshop001\/?s={search_term_string}"},"query-input":"required name=search_term_string"}],"inLanguage":"es"}]}},"_links":{"self":[{"href":"https:\/\/demoweb.info\/sexshop001\/wp-json\/wp\/v3\/product\/17645","targetHints":{"allow":["GET"]}}],"collection":[{"href":"https:\/\/demoweb.info\/sexshop001\/wp-json\/wp\/v3\/product"}],"about":[{"href":"https:\/\/demoweb.info\/sexshop001\/wp-json\/wp\/v2\/types\/product"}],"replies":[{"embeddable":true,"href":"https:\/\/demoweb.info\/sexshop001\/wp-json\/wp\/v2\/comments?post=17645"}],"wp:featuredmedia":[{"embeddable":true,"href":"https:\/\/demoweb.info\/sexshop001\/wp-json\/wp\/v2\/media\/17646"}],"wp:attachment":[{"href":"https:\/\/demoweb.info\/sexshop001\/wp-json\/wp\/v2\/media?parent=17645"}],"wp:term":[{"taxonomy":"product_cat","embeddable":true,"href":"https:\/\/demoweb.info\/sexshop001\/wp-json\/wp\/v2\/product_cat?post=17645"},{"taxonomy":"product_tag","embeddable":true,"href":"https:\/\/demoweb.info\/sexshop001\/wp-json\/wp\/v2\/product_tag?post=17645"}],"curies":[{"name":"wp","href":"https:\/\/api.w.org\/{rel}","templated":true}]}}