{"id":17618,"date":"2022-01-22T10:46:00","date_gmt":"2022-01-22T09:46:00","guid":{"rendered":"https:\/\/demoweb.info\/sexshop001\/producto\/spring-connector-negro\/"},"modified":"2022-01-22T10:46:28","modified_gmt":"2022-01-22T09:46:28","slug":"spring-connector-negro","status":"publish","type":"product","link":"https:\/\/demoweb.info\/sexshop001\/producto\/spring-connector-negro\/","title":{"rendered":"SPRING CONNECTOR &#8211; NEGRO"},"content":{"rendered":"<p><strong>SPRING CONNECTOR &#8211; BLACK<\/strong><\/p>\n<p>DISE\u00d1O ESPECIAL: Adaptado a la m\u00e1quina sexual Hismith premium solamente.<\/p>\n<p>MATERIAL DE CALIDAD: Muelle flexible con super rebote y duradero.<\/p>\n<p>SOLUCI\u00d3N CREATIVA: Facilitando diversas posiciones de penetraci\u00f3n.<\/p>\n<p>PEQUE\u00d1O TAMA\u00d1O: F\u00e1cil de usar, limpiar y almacenar, bien embalado por la membrana de sellado.<\/p>\n<p>EMBALAJE DISCRETO: Embalaje neutral, evitando la verg\u00fcenza innecesaria.Hismith se centra en la serie de m\u00e1quinas sexuales, producimos la m\u00e1quina y los accesorios emparejados.<\/p>\n<p>Este art\u00edculo hecho de material de acero inoxidable de alta calidad, super poder de rebote. definitivamente una nueva idea para disfrutar del sexo autom\u00e1tico. con este adaptador de primavera, se puede disfrutar de diferentes placeres de penetraci\u00f3n sin ajustar la m\u00e1quina. no es necesario mantener una postura durante mucho tiempo, se puede encontrar una posici\u00f3n c\u00f3moda cuando se utiliza la m\u00e1quina. si quieres sentirte libre, \u00bfpor qu\u00e9 no probarlo?<\/p>\n<p>Par\u00e1metros: Longitud total: 15.5cm (6.10 pulgadas) | Longitud del muelle: 6cm (2.36 pulgadas) | Material: Aleaci\u00f3n de acero para muelles y acero inoxidable | Peso neto\/bruto: 238\/246g | Paquete: Paquete de pl\u00e1stico con caja blanca<\/p>\n<p>IMPORTANTE: Por favor, no use dilo enorme ni copa de masturbaci\u00f3n masculina con este adaptador | Por favor, no lave este adaptador con detergentes fuertes en caso de oxidaci\u00f3n | Por favor, no mantenga sus ojos demasiado cerca del accesorio cuando lo cambie.<\/p>\n<p>Resistencia al agua: Impermeable<\/p>\n<p>Material: RVS | Aluminio<\/p>\n","protected":false},"excerpt":{"rendered":"<p>SPRING CONNECTOR &#8211; BLACK DISE\u00d1O ESPECIAL: Adaptado a la m\u00e1quina sexual Hismith premium solamente. MATERIAL DE CALIDAD: Muelle flexible con<\/p>\n","protected":false},"featured_media":17619,"comment_status":"open","ping_status":"open","template":"","meta":[],"product_cat":[680],"product_tag":[910],"class_list":["post-17618","product","type-product","status-publish","has-post-thumbnail","hentry","product_cat-maquinas-del-amor","product_tag-hismith"],"bundled_by":[],"bundle_stock_status":"instock","bundle_stock_quantity":1,"bundle_virtual":false,"bundle_layout":"","bundle_add_to_cart_form_location":"","bundle_editable_in_cart":false,"bundle_sold_individually_context":"","bundle_item_grouping":"","bundle_min_size":"","bundle_max_size":"","bundled_items":[],"yoast_head":"<!-- This site is optimized with the Yoast SEO plugin v20.6 - https:\/\/yoast.com\/wordpress\/plugins\/seo\/ -->\n<title>SPRING CONNECTOR - NEGRO - Tienda Er\u00f3tica<\/title>\n<meta name=\"robots\" content=\"noindex, follow, max-snippet:-1, max-image-preview:large, max-video-preview:-1\" \/>\n<meta property=\"og:locale\" content=\"es_ES\" \/>\n<meta property=\"og:type\" content=\"article\" \/>\n<meta property=\"og:title\" content=\"SPRING CONNECTOR - NEGRO - Tienda Er\u00f3tica\" \/>\n<meta property=\"og:description\" content=\"SPRING CONNECTOR &#8211; BLACK DISE\u00d1O ESPECIAL: Adaptado a la m\u00e1quina sexual Hismith premium solamente. MATERIAL DE CALIDAD: Muelle flexible con\" \/>\n<meta property=\"og:url\" content=\"https:\/\/demoweb.info\/sexshop001\/producto\/spring-connector-negro\/\" \/>\n<meta property=\"og:site_name\" content=\"Tienda Er\u00f3tica\" \/>\n<meta property=\"article:modified_time\" content=\"2022-01-22T09:46:28+00:00\" \/>\n<meta property=\"og:image\" content=\"https:\/\/demoweb.info\/sexshop001\/wp-content\/uploads\/2022\/01\/SPRING-CONNECTOR-NEGRO.jpg\" \/>\n\t<meta property=\"og:image:width\" content=\"550\" \/>\n\t<meta property=\"og:image:height\" content=\"550\" \/>\n\t<meta property=\"og:image:type\" content=\"image\/jpeg\" \/>\n<meta name=\"twitter:card\" content=\"summary_large_image\" \/>\n<meta name=\"twitter:label1\" content=\"Tiempo de lectura\" \/>\n\t<meta name=\"twitter:data1\" content=\"1 minuto\" \/>\n<script type=\"application\/ld+json\" class=\"yoast-schema-graph\">{\"@context\":\"https:\/\/schema.org\",\"@graph\":[{\"@type\":\"WebPage\",\"@id\":\"https:\/\/demoweb.info\/sexshop001\/producto\/spring-connector-negro\/\",\"url\":\"https:\/\/demoweb.info\/sexshop001\/producto\/spring-connector-negro\/\",\"name\":\"SPRING CONNECTOR - NEGRO - Tienda Er\u00f3tica\",\"isPartOf\":{\"@id\":\"https:\/\/demoweb.info\/sexshop001\/#website\"},\"datePublished\":\"2022-01-22T09:46:00+00:00\",\"dateModified\":\"2022-01-22T09:46:28+00:00\",\"breadcrumb\":{\"@id\":\"https:\/\/demoweb.info\/sexshop001\/producto\/spring-connector-negro\/#breadcrumb\"},\"inLanguage\":\"es\",\"potentialAction\":[{\"@type\":\"ReadAction\",\"target\":[\"https:\/\/demoweb.info\/sexshop001\/producto\/spring-connector-negro\/\"]}]},{\"@type\":\"BreadcrumbList\",\"@id\":\"https:\/\/demoweb.info\/sexshop001\/producto\/spring-connector-negro\/#breadcrumb\",\"itemListElement\":[{\"@type\":\"ListItem\",\"position\":1,\"name\":\"Portada\",\"item\":\"https:\/\/demoweb.info\/sexshop001\/\"},{\"@type\":\"ListItem\",\"position\":2,\"name\":\"Tienda\",\"item\":\"https:\/\/demoweb.info\/sexshop001\/tienda\/\"},{\"@type\":\"ListItem\",\"position\":3,\"name\":\"SPRING CONNECTOR &#8211; NEGRO\"}]},{\"@type\":\"WebSite\",\"@id\":\"https:\/\/demoweb.info\/sexshop001\/#website\",\"url\":\"https:\/\/demoweb.info\/sexshop001\/\",\"name\":\"Tienda Er\u00f3tica\",\"description\":\"DEMOWEB SL\",\"potentialAction\":[{\"@type\":\"SearchAction\",\"target\":{\"@type\":\"EntryPoint\",\"urlTemplate\":\"https:\/\/demoweb.info\/sexshop001\/?s={search_term_string}\"},\"query-input\":\"required name=search_term_string\"}],\"inLanguage\":\"es\"}]}<\/script>\n<!-- \/ Yoast SEO plugin. -->","yoast_head_json":{"title":"SPRING CONNECTOR - NEGRO - Tienda Er\u00f3tica","robots":{"index":"noindex","follow":"follow","max-snippet":"max-snippet:-1","max-image-preview":"max-image-preview:large","max-video-preview":"max-video-preview:-1"},"og_locale":"es_ES","og_type":"article","og_title":"SPRING CONNECTOR - NEGRO - Tienda Er\u00f3tica","og_description":"SPRING CONNECTOR &#8211; BLACK DISE\u00d1O ESPECIAL: Adaptado a la m\u00e1quina sexual Hismith premium solamente. MATERIAL DE CALIDAD: Muelle flexible con","og_url":"https:\/\/demoweb.info\/sexshop001\/producto\/spring-connector-negro\/","og_site_name":"Tienda Er\u00f3tica","article_modified_time":"2022-01-22T09:46:28+00:00","og_image":[{"width":550,"height":550,"url":"https:\/\/demoweb.info\/sexshop001\/wp-content\/uploads\/2022\/01\/SPRING-CONNECTOR-NEGRO.jpg","type":"image\/jpeg"}],"twitter_card":"summary_large_image","twitter_misc":{"Tiempo de lectura":"1 minuto"},"schema":{"@context":"https:\/\/schema.org","@graph":[{"@type":"WebPage","@id":"https:\/\/demoweb.info\/sexshop001\/producto\/spring-connector-negro\/","url":"https:\/\/demoweb.info\/sexshop001\/producto\/spring-connector-negro\/","name":"SPRING CONNECTOR - NEGRO - Tienda Er\u00f3tica","isPartOf":{"@id":"https:\/\/demoweb.info\/sexshop001\/#website"},"datePublished":"2022-01-22T09:46:00+00:00","dateModified":"2022-01-22T09:46:28+00:00","breadcrumb":{"@id":"https:\/\/demoweb.info\/sexshop001\/producto\/spring-connector-negro\/#breadcrumb"},"inLanguage":"es","potentialAction":[{"@type":"ReadAction","target":["https:\/\/demoweb.info\/sexshop001\/producto\/spring-connector-negro\/"]}]},{"@type":"BreadcrumbList","@id":"https:\/\/demoweb.info\/sexshop001\/producto\/spring-connector-negro\/#breadcrumb","itemListElement":[{"@type":"ListItem","position":1,"name":"Portada","item":"https:\/\/demoweb.info\/sexshop001\/"},{"@type":"ListItem","position":2,"name":"Tienda","item":"https:\/\/demoweb.info\/sexshop001\/tienda\/"},{"@type":"ListItem","position":3,"name":"SPRING CONNECTOR &#8211; NEGRO"}]},{"@type":"WebSite","@id":"https:\/\/demoweb.info\/sexshop001\/#website","url":"https:\/\/demoweb.info\/sexshop001\/","name":"Tienda Er\u00f3tica","description":"DEMOWEB SL","potentialAction":[{"@type":"SearchAction","target":{"@type":"EntryPoint","urlTemplate":"https:\/\/demoweb.info\/sexshop001\/?s={search_term_string}"},"query-input":"required name=search_term_string"}],"inLanguage":"es"}]}},"_links":{"self":[{"href":"https:\/\/demoweb.info\/sexshop001\/wp-json\/wp\/v3\/product\/17618","targetHints":{"allow":["GET"]}}],"collection":[{"href":"https:\/\/demoweb.info\/sexshop001\/wp-json\/wp\/v3\/product"}],"about":[{"href":"https:\/\/demoweb.info\/sexshop001\/wp-json\/wp\/v2\/types\/product"}],"replies":[{"embeddable":true,"href":"https:\/\/demoweb.info\/sexshop001\/wp-json\/wp\/v2\/comments?post=17618"}],"wp:featuredmedia":[{"embeddable":true,"href":"https:\/\/demoweb.info\/sexshop001\/wp-json\/wp\/v2\/media\/17619"}],"wp:attachment":[{"href":"https:\/\/demoweb.info\/sexshop001\/wp-json\/wp\/v2\/media?parent=17618"}],"wp:term":[{"taxonomy":"product_cat","embeddable":true,"href":"https:\/\/demoweb.info\/sexshop001\/wp-json\/wp\/v2\/product_cat?post=17618"},{"taxonomy":"product_tag","embeddable":true,"href":"https:\/\/demoweb.info\/sexshop001\/wp-json\/wp\/v2\/product_tag?post=17618"}],"curies":[{"name":"wp","href":"https:\/\/api.w.org\/{rel}","templated":true}]}}