{"id":17611,"date":"2022-01-22T10:46:00","date_gmt":"2022-01-22T09:46:00","guid":{"rendered":"https:\/\/demoweb.info\/sexshop001\/producto\/premium-4-fuck-machine-2-0\/"},"modified":"2022-01-22T10:46:25","modified_gmt":"2022-01-22T09:46:25","slug":"premium-4-fuck-machine-2-0","status":"publish","type":"product","link":"https:\/\/demoweb.info\/sexshop001\/producto\/premium-4-fuck-machine-2-0\/","title":{"rendered":"PREMIUM 4 FUCK MACHINE 2.0"},"content":{"rendered":"<p><strong>PREMIUM 4 FUCK MACHINE 2.0<\/strong><\/p>\n<p>La Fuck Machine Hismith AK-06 acaba de recibir una actualizaci\u00f3n masiva y ahora es la nueva Premium 4 Fuck Machine 2.0.<\/p>\n<p>Es m\u00e1s fuerte, m\u00e1s r\u00e1pido, m\u00e1s estable, m\u00e1s f\u00e1cil de ajustar, m\u00e1s r\u00edgido, m\u00e1s vers\u00e1til y viene en su propia bolsa de transporte nueva para un transporte y almacenamiento discretos.<\/p>\n<p>\u00bfQue estas esperando? Si disfrutaste ser aplastado por el AK-06, \u00a1es hora de actualizar a Premium 4 Fuck Machine 2.0 para la m\u00e1xima satisfacci\u00f3n!<\/p>\n<p>Se suministra con un dong de 15,25 cm de color piel claro en silicona hipoalerg\u00e9nica.<\/p>\n<p><strong>Aqu\u00ed est\u00e1n las mejoras en detalle: <\/strong><\/p>\n<ul>\n<li>Operado por tel\u00e9fono inteligente<\/li>\n<li>Patas de acero s\u00f3lido con peso para mayor estabilidad<\/li>\n<li>Abrazaderas de pierna de liberaci\u00f3n r\u00e1pida revisadas 400% m\u00e1s r\u00edgidas que la pro II<\/li>\n<li>Nuevo motor de alta velocidad (hasta 280 RPM)<\/li>\n<li>Adaptador de juguete de conexi\u00f3n r\u00e1pida con aspiradora Leng\u00fceta tipo U-lock (Cambie los juguetes sin esfuerzo en segundos)<\/li>\n<li>Masa rec\u00edproca reducida para un funcionamiento m\u00e1s suave<\/li>\n<li>Se guarda en una bolsa de nailon de alta calidad con forro de espuma a medida para proteger su m\u00e1quina mientras se desplaza discretamente<\/li>\n<li>Esta m\u00e1quina sexual es extremadamente potente y vers\u00e1til con una longitud de varilla de empuje ajustable, profundidad de empuje ajustable y patas delanteras y traseras ajustables para adaptarse a varias posiciones<\/li>\n<\/ul>\n<p> <strong>Informaci\u00f3n adicional:<\/strong><\/p>\n<p>Este art\u00edculo se puede controlar a trav\u00e9s de un tel\u00e9fono inteligente.<\/p>\n<p>El paquete incluye: 1 x m\u00e1quina principal | 1 x base de metal pesado | 1 x varilla vertical principal | 2 x varilla de pie | 4 x varilla de conexi\u00f3n r\u00e1pida | 1 x fuente de alimentaci\u00f3n | 1 x controlador con cable | 1 x dong de silicona (15,25 cm) | 1 X Adaptador convertidor de enchufe.<\/p>\n<p>El paquete viene con una caja marr\u00f3n lisa, sin palabras sensibles en el paquete.<\/p>\n<p>Material: Fuck machine: Chrome stainless steel | Plastic | Aluminium | Included Dildo: 100% premium medical Silicone<\/p>\n<p>Dimensiones del producto: 50 x 53 x 45 cm<\/p>\n","protected":false},"excerpt":{"rendered":"<p>PREMIUM 4 FUCK MACHINE 2.0 La Fuck Machine Hismith AK-06 acaba de recibir una actualizaci\u00f3n masiva y ahora es la<\/p>\n","protected":false},"featured_media":17612,"comment_status":"open","ping_status":"open","template":"","meta":[],"product_cat":[680],"product_tag":[910],"class_list":["post-17611","product","type-product","status-publish","has-post-thumbnail","hentry","product_cat-maquinas-del-amor","product_tag-hismith"],"bundled_by":[],"bundle_stock_status":"instock","bundle_stock_quantity":1,"bundle_virtual":false,"bundle_layout":"","bundle_add_to_cart_form_location":"","bundle_editable_in_cart":false,"bundle_sold_individually_context":"","bundle_item_grouping":"","bundle_min_size":"","bundle_max_size":"","bundled_items":[],"yoast_head":"<!-- This site is optimized with the Yoast SEO plugin v20.6 - https:\/\/yoast.com\/wordpress\/plugins\/seo\/ -->\n<title>PREMIUM 4 FUCK MACHINE 2.0 - Tienda Er\u00f3tica<\/title>\n<meta name=\"robots\" content=\"noindex, follow, max-snippet:-1, max-image-preview:large, max-video-preview:-1\" \/>\n<meta property=\"og:locale\" content=\"es_ES\" \/>\n<meta property=\"og:type\" content=\"article\" \/>\n<meta property=\"og:title\" content=\"PREMIUM 4 FUCK MACHINE 2.0 - Tienda Er\u00f3tica\" \/>\n<meta property=\"og:description\" content=\"PREMIUM 4 FUCK MACHINE 2.0 La Fuck Machine Hismith AK-06 acaba de recibir una actualizaci\u00f3n masiva y ahora es la\" \/>\n<meta property=\"og:url\" content=\"https:\/\/demoweb.info\/sexshop001\/producto\/premium-4-fuck-machine-2-0\/\" \/>\n<meta property=\"og:site_name\" content=\"Tienda Er\u00f3tica\" \/>\n<meta property=\"article:modified_time\" content=\"2022-01-22T09:46:25+00:00\" \/>\n<meta property=\"og:image\" content=\"https:\/\/demoweb.info\/sexshop001\/wp-content\/uploads\/2022\/01\/PREMIUM-4-FUCK-MACHINE-2.0.jpg\" \/>\n\t<meta property=\"og:image:width\" content=\"550\" \/>\n\t<meta property=\"og:image:height\" content=\"550\" \/>\n\t<meta property=\"og:image:type\" content=\"image\/jpeg\" \/>\n<meta name=\"twitter:card\" content=\"summary_large_image\" \/>\n<meta name=\"twitter:label1\" content=\"Tiempo de lectura\" \/>\n\t<meta name=\"twitter:data1\" content=\"2 minutos\" \/>\n<script type=\"application\/ld+json\" class=\"yoast-schema-graph\">{\"@context\":\"https:\/\/schema.org\",\"@graph\":[{\"@type\":\"WebPage\",\"@id\":\"https:\/\/demoweb.info\/sexshop001\/producto\/premium-4-fuck-machine-2-0\/\",\"url\":\"https:\/\/demoweb.info\/sexshop001\/producto\/premium-4-fuck-machine-2-0\/\",\"name\":\"PREMIUM 4 FUCK MACHINE 2.0 - Tienda Er\u00f3tica\",\"isPartOf\":{\"@id\":\"https:\/\/demoweb.info\/sexshop001\/#website\"},\"datePublished\":\"2022-01-22T09:46:00+00:00\",\"dateModified\":\"2022-01-22T09:46:25+00:00\",\"breadcrumb\":{\"@id\":\"https:\/\/demoweb.info\/sexshop001\/producto\/premium-4-fuck-machine-2-0\/#breadcrumb\"},\"inLanguage\":\"es\",\"potentialAction\":[{\"@type\":\"ReadAction\",\"target\":[\"https:\/\/demoweb.info\/sexshop001\/producto\/premium-4-fuck-machine-2-0\/\"]}]},{\"@type\":\"BreadcrumbList\",\"@id\":\"https:\/\/demoweb.info\/sexshop001\/producto\/premium-4-fuck-machine-2-0\/#breadcrumb\",\"itemListElement\":[{\"@type\":\"ListItem\",\"position\":1,\"name\":\"Portada\",\"item\":\"https:\/\/demoweb.info\/sexshop001\/\"},{\"@type\":\"ListItem\",\"position\":2,\"name\":\"Tienda\",\"item\":\"https:\/\/demoweb.info\/sexshop001\/tienda\/\"},{\"@type\":\"ListItem\",\"position\":3,\"name\":\"PREMIUM 4 FUCK MACHINE 2.0\"}]},{\"@type\":\"WebSite\",\"@id\":\"https:\/\/demoweb.info\/sexshop001\/#website\",\"url\":\"https:\/\/demoweb.info\/sexshop001\/\",\"name\":\"Tienda Er\u00f3tica\",\"description\":\"DEMOWEB SL\",\"potentialAction\":[{\"@type\":\"SearchAction\",\"target\":{\"@type\":\"EntryPoint\",\"urlTemplate\":\"https:\/\/demoweb.info\/sexshop001\/?s={search_term_string}\"},\"query-input\":\"required name=search_term_string\"}],\"inLanguage\":\"es\"}]}<\/script>\n<!-- \/ Yoast SEO plugin. -->","yoast_head_json":{"title":"PREMIUM 4 FUCK MACHINE 2.0 - Tienda Er\u00f3tica","robots":{"index":"noindex","follow":"follow","max-snippet":"max-snippet:-1","max-image-preview":"max-image-preview:large","max-video-preview":"max-video-preview:-1"},"og_locale":"es_ES","og_type":"article","og_title":"PREMIUM 4 FUCK MACHINE 2.0 - Tienda Er\u00f3tica","og_description":"PREMIUM 4 FUCK MACHINE 2.0 La Fuck Machine Hismith AK-06 acaba de recibir una actualizaci\u00f3n masiva y ahora es la","og_url":"https:\/\/demoweb.info\/sexshop001\/producto\/premium-4-fuck-machine-2-0\/","og_site_name":"Tienda Er\u00f3tica","article_modified_time":"2022-01-22T09:46:25+00:00","og_image":[{"width":550,"height":550,"url":"https:\/\/demoweb.info\/sexshop001\/wp-content\/uploads\/2022\/01\/PREMIUM-4-FUCK-MACHINE-2.0.jpg","type":"image\/jpeg"}],"twitter_card":"summary_large_image","twitter_misc":{"Tiempo de lectura":"2 minutos"},"schema":{"@context":"https:\/\/schema.org","@graph":[{"@type":"WebPage","@id":"https:\/\/demoweb.info\/sexshop001\/producto\/premium-4-fuck-machine-2-0\/","url":"https:\/\/demoweb.info\/sexshop001\/producto\/premium-4-fuck-machine-2-0\/","name":"PREMIUM 4 FUCK MACHINE 2.0 - Tienda Er\u00f3tica","isPartOf":{"@id":"https:\/\/demoweb.info\/sexshop001\/#website"},"datePublished":"2022-01-22T09:46:00+00:00","dateModified":"2022-01-22T09:46:25+00:00","breadcrumb":{"@id":"https:\/\/demoweb.info\/sexshop001\/producto\/premium-4-fuck-machine-2-0\/#breadcrumb"},"inLanguage":"es","potentialAction":[{"@type":"ReadAction","target":["https:\/\/demoweb.info\/sexshop001\/producto\/premium-4-fuck-machine-2-0\/"]}]},{"@type":"BreadcrumbList","@id":"https:\/\/demoweb.info\/sexshop001\/producto\/premium-4-fuck-machine-2-0\/#breadcrumb","itemListElement":[{"@type":"ListItem","position":1,"name":"Portada","item":"https:\/\/demoweb.info\/sexshop001\/"},{"@type":"ListItem","position":2,"name":"Tienda","item":"https:\/\/demoweb.info\/sexshop001\/tienda\/"},{"@type":"ListItem","position":3,"name":"PREMIUM 4 FUCK MACHINE 2.0"}]},{"@type":"WebSite","@id":"https:\/\/demoweb.info\/sexshop001\/#website","url":"https:\/\/demoweb.info\/sexshop001\/","name":"Tienda Er\u00f3tica","description":"DEMOWEB SL","potentialAction":[{"@type":"SearchAction","target":{"@type":"EntryPoint","urlTemplate":"https:\/\/demoweb.info\/sexshop001\/?s={search_term_string}"},"query-input":"required name=search_term_string"}],"inLanguage":"es"}]}},"_links":{"self":[{"href":"https:\/\/demoweb.info\/sexshop001\/wp-json\/wp\/v3\/product\/17611","targetHints":{"allow":["GET"]}}],"collection":[{"href":"https:\/\/demoweb.info\/sexshop001\/wp-json\/wp\/v3\/product"}],"about":[{"href":"https:\/\/demoweb.info\/sexshop001\/wp-json\/wp\/v2\/types\/product"}],"replies":[{"embeddable":true,"href":"https:\/\/demoweb.info\/sexshop001\/wp-json\/wp\/v2\/comments?post=17611"}],"wp:featuredmedia":[{"embeddable":true,"href":"https:\/\/demoweb.info\/sexshop001\/wp-json\/wp\/v2\/media\/17612"}],"wp:attachment":[{"href":"https:\/\/demoweb.info\/sexshop001\/wp-json\/wp\/v2\/media?parent=17611"}],"wp:term":[{"taxonomy":"product_cat","embeddable":true,"href":"https:\/\/demoweb.info\/sexshop001\/wp-json\/wp\/v2\/product_cat?post=17611"},{"taxonomy":"product_tag","embeddable":true,"href":"https:\/\/demoweb.info\/sexshop001\/wp-json\/wp\/v2\/product_tag?post=17611"}],"curies":[{"name":"wp","href":"https:\/\/api.w.org\/{rel}","templated":true}]}}