{"id":17537,"date":"2022-01-22T10:45:30","date_gmt":"2022-01-22T09:45:30","guid":{"rendered":"https:\/\/demoweb.info\/sexshop001\/producto\/pulse-duo-azul\/"},"modified":"2022-01-22T10:45:40","modified_gmt":"2022-01-22T09:45:40","slug":"pulse-duo-azul","status":"publish","type":"product","link":"https:\/\/demoweb.info\/sexshop001\/producto\/pulse-duo-azul\/","title":{"rendered":"PULSE DUO &#8211; AZUL"},"content":{"rendered":"<p><strong>PULSE DUO &#8211; BLUE<\/strong><\/p>\n<p>El juguete sexual para parejas que convierte los juegos previos en el evento principal. Lleva los juegos previos al siguiente nivel con PULSE DUO.<\/p>\n<p>Combinando nuestra tecnolog\u00eda patentada PulsePlate con potentes vibraciones controladas a distancia, este juguete sexual para parejas puede hacer que ambos se corran con las manos libres.<\/p>\n<p>Su dise\u00f1o vers\u00e1til significa que es el juguete perfecto para cualquier relaci\u00f3n.<\/p>\n<p><strong>CARACTER\u00cdSTICAS<\/strong><\/p>\n<ul>\n<li>Dimensiones del producto: 11.7 x 6.7 x 7.2 cm<\/li>\n<li>Longitud total: 11.7 cm<\/li>\n<li>Vibrando: Si<\/li>\n<li>Modos de vibraci\u00f3n: 5<\/li>\n<li>Modos de velocidad: 3<\/li>\n<li>Resistencia al agua: Impermeable<\/li>\n<li>Seguro para el cuerpo: Si<\/li>\n<li>Material: Silicona | ABS Plastic<\/li>\n<li>Motores: 2<\/li>\n<li>Carga: USB<\/li>\n<li>Pilas requeridas: Lithium Ion<\/li>\n<li>Baterias incluidas: Si<\/li>\n<li>Tiempo de carga en minutos: 180<\/li>\n<li>Tiempo de funcionamiento en minutos: 60<\/li>\n<li>Control remoto: Si<\/li>\n<\/ul>\n","protected":false},"excerpt":{"rendered":"<p>PULSE DUO &#8211; BLUE El juguete sexual para parejas que convierte los juegos previos en el evento principal. Lleva los<\/p>\n","protected":false},"featured_media":17538,"comment_status":"open","ping_status":"open","template":"","meta":[],"product_cat":[542],"product_tag":[909],"class_list":["post-17537","product","type-product","status-publish","has-post-thumbnail","hentry","product_cat-clasicos","product_tag-hot-octopuss"],"bundled_by":[],"bundle_stock_status":"instock","bundle_stock_quantity":1,"bundle_virtual":false,"bundle_layout":"","bundle_add_to_cart_form_location":"","bundle_editable_in_cart":false,"bundle_sold_individually_context":"","bundle_item_grouping":"","bundle_min_size":"","bundle_max_size":"","bundled_items":[],"yoast_head":"<!-- This site is optimized with the Yoast SEO plugin v20.6 - https:\/\/yoast.com\/wordpress\/plugins\/seo\/ -->\n<title>PULSE DUO - AZUL - Tienda Er\u00f3tica<\/title>\n<meta name=\"robots\" content=\"noindex, follow, max-snippet:-1, max-image-preview:large, max-video-preview:-1\" \/>\n<meta property=\"og:locale\" content=\"es_ES\" \/>\n<meta property=\"og:type\" content=\"article\" \/>\n<meta property=\"og:title\" content=\"PULSE DUO - AZUL - Tienda Er\u00f3tica\" \/>\n<meta property=\"og:description\" content=\"PULSE DUO &#8211; BLUE El juguete sexual para parejas que convierte los juegos previos en el evento principal. Lleva los\" \/>\n<meta property=\"og:url\" content=\"https:\/\/demoweb.info\/sexshop001\/producto\/pulse-duo-azul\/\" \/>\n<meta property=\"og:site_name\" content=\"Tienda Er\u00f3tica\" \/>\n<meta property=\"article:modified_time\" content=\"2022-01-22T09:45:40+00:00\" \/>\n<meta property=\"og:image\" content=\"https:\/\/demoweb.info\/sexshop001\/wp-content\/uploads\/2022\/01\/PULSE-DUO-AZUL.jpg\" \/>\n\t<meta property=\"og:image:width\" content=\"550\" \/>\n\t<meta property=\"og:image:height\" content=\"550\" \/>\n\t<meta property=\"og:image:type\" content=\"image\/jpeg\" \/>\n<meta name=\"twitter:card\" content=\"summary_large_image\" \/>\n<meta name=\"twitter:label1\" content=\"Tiempo de lectura\" \/>\n\t<meta name=\"twitter:data1\" content=\"1 minuto\" \/>\n<script type=\"application\/ld+json\" class=\"yoast-schema-graph\">{\"@context\":\"https:\/\/schema.org\",\"@graph\":[{\"@type\":\"WebPage\",\"@id\":\"https:\/\/demoweb.info\/sexshop001\/producto\/pulse-duo-azul\/\",\"url\":\"https:\/\/demoweb.info\/sexshop001\/producto\/pulse-duo-azul\/\",\"name\":\"PULSE DUO - AZUL - Tienda Er\u00f3tica\",\"isPartOf\":{\"@id\":\"https:\/\/demoweb.info\/sexshop001\/#website\"},\"datePublished\":\"2022-01-22T09:45:30+00:00\",\"dateModified\":\"2022-01-22T09:45:40+00:00\",\"breadcrumb\":{\"@id\":\"https:\/\/demoweb.info\/sexshop001\/producto\/pulse-duo-azul\/#breadcrumb\"},\"inLanguage\":\"es\",\"potentialAction\":[{\"@type\":\"ReadAction\",\"target\":[\"https:\/\/demoweb.info\/sexshop001\/producto\/pulse-duo-azul\/\"]}]},{\"@type\":\"BreadcrumbList\",\"@id\":\"https:\/\/demoweb.info\/sexshop001\/producto\/pulse-duo-azul\/#breadcrumb\",\"itemListElement\":[{\"@type\":\"ListItem\",\"position\":1,\"name\":\"Portada\",\"item\":\"https:\/\/demoweb.info\/sexshop001\/\"},{\"@type\":\"ListItem\",\"position\":2,\"name\":\"Tienda\",\"item\":\"https:\/\/demoweb.info\/sexshop001\/tienda\/\"},{\"@type\":\"ListItem\",\"position\":3,\"name\":\"PULSE DUO &#8211; AZUL\"}]},{\"@type\":\"WebSite\",\"@id\":\"https:\/\/demoweb.info\/sexshop001\/#website\",\"url\":\"https:\/\/demoweb.info\/sexshop001\/\",\"name\":\"Tienda Er\u00f3tica\",\"description\":\"DEMOWEB SL\",\"potentialAction\":[{\"@type\":\"SearchAction\",\"target\":{\"@type\":\"EntryPoint\",\"urlTemplate\":\"https:\/\/demoweb.info\/sexshop001\/?s={search_term_string}\"},\"query-input\":\"required name=search_term_string\"}],\"inLanguage\":\"es\"}]}<\/script>\n<!-- \/ Yoast SEO plugin. -->","yoast_head_json":{"title":"PULSE DUO - AZUL - Tienda Er\u00f3tica","robots":{"index":"noindex","follow":"follow","max-snippet":"max-snippet:-1","max-image-preview":"max-image-preview:large","max-video-preview":"max-video-preview:-1"},"og_locale":"es_ES","og_type":"article","og_title":"PULSE DUO - AZUL - Tienda Er\u00f3tica","og_description":"PULSE DUO &#8211; BLUE El juguete sexual para parejas que convierte los juegos previos en el evento principal. Lleva los","og_url":"https:\/\/demoweb.info\/sexshop001\/producto\/pulse-duo-azul\/","og_site_name":"Tienda Er\u00f3tica","article_modified_time":"2022-01-22T09:45:40+00:00","og_image":[{"width":550,"height":550,"url":"https:\/\/demoweb.info\/sexshop001\/wp-content\/uploads\/2022\/01\/PULSE-DUO-AZUL.jpg","type":"image\/jpeg"}],"twitter_card":"summary_large_image","twitter_misc":{"Tiempo de lectura":"1 minuto"},"schema":{"@context":"https:\/\/schema.org","@graph":[{"@type":"WebPage","@id":"https:\/\/demoweb.info\/sexshop001\/producto\/pulse-duo-azul\/","url":"https:\/\/demoweb.info\/sexshop001\/producto\/pulse-duo-azul\/","name":"PULSE DUO - AZUL - Tienda Er\u00f3tica","isPartOf":{"@id":"https:\/\/demoweb.info\/sexshop001\/#website"},"datePublished":"2022-01-22T09:45:30+00:00","dateModified":"2022-01-22T09:45:40+00:00","breadcrumb":{"@id":"https:\/\/demoweb.info\/sexshop001\/producto\/pulse-duo-azul\/#breadcrumb"},"inLanguage":"es","potentialAction":[{"@type":"ReadAction","target":["https:\/\/demoweb.info\/sexshop001\/producto\/pulse-duo-azul\/"]}]},{"@type":"BreadcrumbList","@id":"https:\/\/demoweb.info\/sexshop001\/producto\/pulse-duo-azul\/#breadcrumb","itemListElement":[{"@type":"ListItem","position":1,"name":"Portada","item":"https:\/\/demoweb.info\/sexshop001\/"},{"@type":"ListItem","position":2,"name":"Tienda","item":"https:\/\/demoweb.info\/sexshop001\/tienda\/"},{"@type":"ListItem","position":3,"name":"PULSE DUO &#8211; AZUL"}]},{"@type":"WebSite","@id":"https:\/\/demoweb.info\/sexshop001\/#website","url":"https:\/\/demoweb.info\/sexshop001\/","name":"Tienda Er\u00f3tica","description":"DEMOWEB SL","potentialAction":[{"@type":"SearchAction","target":{"@type":"EntryPoint","urlTemplate":"https:\/\/demoweb.info\/sexshop001\/?s={search_term_string}"},"query-input":"required name=search_term_string"}],"inLanguage":"es"}]}},"_links":{"self":[{"href":"https:\/\/demoweb.info\/sexshop001\/wp-json\/wp\/v3\/product\/17537","targetHints":{"allow":["GET"]}}],"collection":[{"href":"https:\/\/demoweb.info\/sexshop001\/wp-json\/wp\/v3\/product"}],"about":[{"href":"https:\/\/demoweb.info\/sexshop001\/wp-json\/wp\/v2\/types\/product"}],"replies":[{"embeddable":true,"href":"https:\/\/demoweb.info\/sexshop001\/wp-json\/wp\/v2\/comments?post=17537"}],"wp:featuredmedia":[{"embeddable":true,"href":"https:\/\/demoweb.info\/sexshop001\/wp-json\/wp\/v2\/media\/17538"}],"wp:attachment":[{"href":"https:\/\/demoweb.info\/sexshop001\/wp-json\/wp\/v2\/media?parent=17537"}],"wp:term":[{"taxonomy":"product_cat","embeddable":true,"href":"https:\/\/demoweb.info\/sexshop001\/wp-json\/wp\/v2\/product_cat?post=17537"},{"taxonomy":"product_tag","embeddable":true,"href":"https:\/\/demoweb.info\/sexshop001\/wp-json\/wp\/v2\/product_tag?post=17537"}],"curies":[{"name":"wp","href":"https:\/\/api.w.org\/{rel}","templated":true}]}}