{"id":17518,"date":"2022-01-22T10:45:30","date_gmt":"2022-01-22T09:45:30","guid":{"rendered":"https:\/\/demoweb.info\/sexshop001\/producto\/njoy-eleven\/"},"modified":"2022-01-22T10:45:33","modified_gmt":"2022-01-22T09:45:33","slug":"njoy-eleven","status":"publish","type":"product","link":"https:\/\/demoweb.info\/sexshop001\/producto\/njoy-eleven\/","title":{"rendered":"NJOY &#8211; ELEVEN"},"content":{"rendered":"<p><strong>NJOY &#8211; ELEVEN<\/strong><\/p>\n<p>Ampliando (\u00a1literalmente!) En la l\u00ednea njoy, njoy presenta modestamente el njoy Eleven. Combinando tecnolog\u00eda de fabricaci\u00f3n revolucionaria con el estilo de marca registrada de njoy, njoy traspas\u00f3 los l\u00edmites del acero inoxidable er\u00f3tico.<\/p>\n<p>\u00a1Esperamos que los Once tambi\u00e9n superen sus l\u00edmites. njoy!<\/p>\n<p><strong>CARACTER\u00cdSTICAS<\/strong><\/p>\n<ul>\n<li>Longitud total: 28 cm<\/li>\n<li>Di\u00e1metro: 4.5 to 5.1 cm<\/li>\n<li>Material: Acero Inoxidable<\/li>\n<\/ul>\n","protected":false},"excerpt":{"rendered":"<p>NJOY &#8211; ELEVEN Ampliando (\u00a1literalmente!) En la l\u00ednea njoy, njoy presenta modestamente el njoy Eleven. Combinando tecnolog\u00eda de fabricaci\u00f3n revolucionaria<\/p>\n","protected":false},"featured_media":17519,"comment_status":"open","ping_status":"open","template":"","meta":[],"product_cat":[908],"product_tag":[907],"class_list":["post-17518","product","type-product","status-publish","has-post-thumbnail","hentry","product_cat-metal-dildos","product_tag-njoy"],"bundled_by":[],"bundle_stock_status":"instock","bundle_stock_quantity":1,"bundle_virtual":false,"bundle_layout":"","bundle_add_to_cart_form_location":"","bundle_editable_in_cart":false,"bundle_sold_individually_context":"","bundle_item_grouping":"","bundle_min_size":"","bundle_max_size":"","bundled_items":[],"yoast_head":"<!-- This site is optimized with the Yoast SEO plugin v20.6 - https:\/\/yoast.com\/wordpress\/plugins\/seo\/ -->\n<title>NJOY - ELEVEN - Tienda Er\u00f3tica<\/title>\n<meta name=\"robots\" content=\"noindex, follow, max-snippet:-1, max-image-preview:large, max-video-preview:-1\" \/>\n<meta property=\"og:locale\" content=\"es_ES\" \/>\n<meta property=\"og:type\" content=\"article\" \/>\n<meta property=\"og:title\" content=\"NJOY - ELEVEN - Tienda Er\u00f3tica\" \/>\n<meta property=\"og:description\" content=\"NJOY &#8211; ELEVEN Ampliando (\u00a1literalmente!) En la l\u00ednea njoy, njoy presenta modestamente el njoy Eleven. Combinando tecnolog\u00eda de fabricaci\u00f3n revolucionaria\" \/>\n<meta property=\"og:url\" content=\"https:\/\/demoweb.info\/sexshop001\/producto\/njoy-eleven\/\" \/>\n<meta property=\"og:site_name\" content=\"Tienda Er\u00f3tica\" \/>\n<meta property=\"article:modified_time\" content=\"2022-01-22T09:45:33+00:00\" \/>\n<meta property=\"og:image\" content=\"https:\/\/demoweb.info\/sexshop001\/wp-content\/uploads\/2022\/01\/NJOY-ELEVEN.jpg\" \/>\n\t<meta property=\"og:image:width\" content=\"550\" \/>\n\t<meta property=\"og:image:height\" content=\"550\" \/>\n\t<meta property=\"og:image:type\" content=\"image\/jpeg\" \/>\n<meta name=\"twitter:card\" content=\"summary_large_image\" \/>\n<script type=\"application\/ld+json\" class=\"yoast-schema-graph\">{\"@context\":\"https:\/\/schema.org\",\"@graph\":[{\"@type\":\"WebPage\",\"@id\":\"https:\/\/demoweb.info\/sexshop001\/producto\/njoy-eleven\/\",\"url\":\"https:\/\/demoweb.info\/sexshop001\/producto\/njoy-eleven\/\",\"name\":\"NJOY - ELEVEN - Tienda Er\u00f3tica\",\"isPartOf\":{\"@id\":\"https:\/\/demoweb.info\/sexshop001\/#website\"},\"datePublished\":\"2022-01-22T09:45:30+00:00\",\"dateModified\":\"2022-01-22T09:45:33+00:00\",\"breadcrumb\":{\"@id\":\"https:\/\/demoweb.info\/sexshop001\/producto\/njoy-eleven\/#breadcrumb\"},\"inLanguage\":\"es\",\"potentialAction\":[{\"@type\":\"ReadAction\",\"target\":[\"https:\/\/demoweb.info\/sexshop001\/producto\/njoy-eleven\/\"]}]},{\"@type\":\"BreadcrumbList\",\"@id\":\"https:\/\/demoweb.info\/sexshop001\/producto\/njoy-eleven\/#breadcrumb\",\"itemListElement\":[{\"@type\":\"ListItem\",\"position\":1,\"name\":\"Portada\",\"item\":\"https:\/\/demoweb.info\/sexshop001\/\"},{\"@type\":\"ListItem\",\"position\":2,\"name\":\"Tienda\",\"item\":\"https:\/\/demoweb.info\/sexshop001\/tienda\/\"},{\"@type\":\"ListItem\",\"position\":3,\"name\":\"NJOY &#8211; ELEVEN\"}]},{\"@type\":\"WebSite\",\"@id\":\"https:\/\/demoweb.info\/sexshop001\/#website\",\"url\":\"https:\/\/demoweb.info\/sexshop001\/\",\"name\":\"Tienda Er\u00f3tica\",\"description\":\"DEMOWEB SL\",\"potentialAction\":[{\"@type\":\"SearchAction\",\"target\":{\"@type\":\"EntryPoint\",\"urlTemplate\":\"https:\/\/demoweb.info\/sexshop001\/?s={search_term_string}\"},\"query-input\":\"required name=search_term_string\"}],\"inLanguage\":\"es\"}]}<\/script>\n<!-- \/ Yoast SEO plugin. -->","yoast_head_json":{"title":"NJOY - ELEVEN - Tienda Er\u00f3tica","robots":{"index":"noindex","follow":"follow","max-snippet":"max-snippet:-1","max-image-preview":"max-image-preview:large","max-video-preview":"max-video-preview:-1"},"og_locale":"es_ES","og_type":"article","og_title":"NJOY - ELEVEN - Tienda Er\u00f3tica","og_description":"NJOY &#8211; ELEVEN Ampliando (\u00a1literalmente!) En la l\u00ednea njoy, njoy presenta modestamente el njoy Eleven. Combinando tecnolog\u00eda de fabricaci\u00f3n revolucionaria","og_url":"https:\/\/demoweb.info\/sexshop001\/producto\/njoy-eleven\/","og_site_name":"Tienda Er\u00f3tica","article_modified_time":"2022-01-22T09:45:33+00:00","og_image":[{"width":550,"height":550,"url":"https:\/\/demoweb.info\/sexshop001\/wp-content\/uploads\/2022\/01\/NJOY-ELEVEN.jpg","type":"image\/jpeg"}],"twitter_card":"summary_large_image","schema":{"@context":"https:\/\/schema.org","@graph":[{"@type":"WebPage","@id":"https:\/\/demoweb.info\/sexshop001\/producto\/njoy-eleven\/","url":"https:\/\/demoweb.info\/sexshop001\/producto\/njoy-eleven\/","name":"NJOY - ELEVEN - Tienda Er\u00f3tica","isPartOf":{"@id":"https:\/\/demoweb.info\/sexshop001\/#website"},"datePublished":"2022-01-22T09:45:30+00:00","dateModified":"2022-01-22T09:45:33+00:00","breadcrumb":{"@id":"https:\/\/demoweb.info\/sexshop001\/producto\/njoy-eleven\/#breadcrumb"},"inLanguage":"es","potentialAction":[{"@type":"ReadAction","target":["https:\/\/demoweb.info\/sexshop001\/producto\/njoy-eleven\/"]}]},{"@type":"BreadcrumbList","@id":"https:\/\/demoweb.info\/sexshop001\/producto\/njoy-eleven\/#breadcrumb","itemListElement":[{"@type":"ListItem","position":1,"name":"Portada","item":"https:\/\/demoweb.info\/sexshop001\/"},{"@type":"ListItem","position":2,"name":"Tienda","item":"https:\/\/demoweb.info\/sexshop001\/tienda\/"},{"@type":"ListItem","position":3,"name":"NJOY &#8211; ELEVEN"}]},{"@type":"WebSite","@id":"https:\/\/demoweb.info\/sexshop001\/#website","url":"https:\/\/demoweb.info\/sexshop001\/","name":"Tienda Er\u00f3tica","description":"DEMOWEB SL","potentialAction":[{"@type":"SearchAction","target":{"@type":"EntryPoint","urlTemplate":"https:\/\/demoweb.info\/sexshop001\/?s={search_term_string}"},"query-input":"required name=search_term_string"}],"inLanguage":"es"}]}},"_links":{"self":[{"href":"https:\/\/demoweb.info\/sexshop001\/wp-json\/wp\/v3\/product\/17518","targetHints":{"allow":["GET"]}}],"collection":[{"href":"https:\/\/demoweb.info\/sexshop001\/wp-json\/wp\/v3\/product"}],"about":[{"href":"https:\/\/demoweb.info\/sexshop001\/wp-json\/wp\/v2\/types\/product"}],"replies":[{"embeddable":true,"href":"https:\/\/demoweb.info\/sexshop001\/wp-json\/wp\/v2\/comments?post=17518"}],"wp:featuredmedia":[{"embeddable":true,"href":"https:\/\/demoweb.info\/sexshop001\/wp-json\/wp\/v2\/media\/17519"}],"wp:attachment":[{"href":"https:\/\/demoweb.info\/sexshop001\/wp-json\/wp\/v2\/media?parent=17518"}],"wp:term":[{"taxonomy":"product_cat","embeddable":true,"href":"https:\/\/demoweb.info\/sexshop001\/wp-json\/wp\/v2\/product_cat?post=17518"},{"taxonomy":"product_tag","embeddable":true,"href":"https:\/\/demoweb.info\/sexshop001\/wp-json\/wp\/v2\/product_tag?post=17518"}],"curies":[{"name":"wp","href":"https:\/\/api.w.org\/{rel}","templated":true}]}}