{"id":17479,"date":"2022-01-22T10:45:07","date_gmt":"2022-01-22T09:45:07","guid":{"rendered":"https:\/\/demoweb.info\/sexshop001\/producto\/funda-para-el-pene-de-silicona-con-vibrador\/"},"modified":"2022-01-22T10:45:15","modified_gmt":"2022-01-22T09:45:15","slug":"funda-para-el-pene-de-silicona-con-vibrador","status":"publish","type":"product","link":"https:\/\/demoweb.info\/sexshop001\/producto\/funda-para-el-pene-de-silicona-con-vibrador\/","title":{"rendered":"FUNDA PARA EL PENE DE SILICONA CON VIBRADOR"},"content":{"rendered":"<p><strong>EXTREME SILICONE POWER CAGE<\/strong><\/p>\n<p>Suave, y sin embargo, excitante y realistico, esta funda para el pene te ofrecer\u00e1 eso y m\u00e1s. Acabado con excitantes n\u00f3dulos que proporcionan una er\u00f3tica estimulaci\u00f3n, as\u00ed como un incremento en tu pene en longitud, \u00bfqu\u00e9 m\u00e1s podr\u00eda pedir tu pareja? Disfruta de un EXTRA en vuestras relaciones sexuales!<\/p>\n<p>Fabricados con la silicona premium Elite, la funda envolver\u00e1 el pene y los test\u00edculos, proporcionando una mejor erecci\u00f3n y un est\u00edmulo a\u00f1adido los dos. Los anillos son el\u00e1sticos y encajan c\u00f3modamente alrededor de la base del pene, retrasando la eyaculaci\u00f3n, mientras que la funda excita los sentidos y proporciona un alucinante cl\u00edmax para los dos. La limpieza es una obligaci\u00f3n, despu\u00e9s de la diversi\u00f3n con el limpiador de juguetes Pipedream y agua tibia.<\/p>\n<p>En la parte superior de la manga texturizada se encuentra un estimulador de cl\u00edtoris alimentado por una micro bala vibradora. Elije entre tres velocidades de gran alcance y dale a tu pareja un zumbido que nunca olvidar\u00e1n!<\/p>\n<p>Longuitud: 12 cm<br \/>\nDi\u00e1metro interior: 3,8 cm<\/p>\n","protected":false},"excerpt":{"rendered":"<p>EXTREME SILICONE POWER CAGE Suave, y sin embargo, excitante y realistico, esta funda para el pene te ofrecer\u00e1 eso y<\/p>\n","protected":false},"featured_media":17480,"comment_status":"open","ping_status":"open","template":"","meta":[],"product_cat":[544],"product_tag":[875,259],"class_list":["post-17479","product","type-product","status-publish","has-post-thumbnail","hentry","product_cat-con-vibrador-fundas","product_tag-fantasy-x-tensions","product_tag-pipedream"],"bundled_by":[],"bundle_stock_status":"instock","bundle_stock_quantity":4,"bundle_virtual":false,"bundle_layout":"","bundle_add_to_cart_form_location":"","bundle_editable_in_cart":false,"bundle_sold_individually_context":"","bundle_item_grouping":"","bundle_min_size":"","bundle_max_size":"","bundled_items":[],"yoast_head":"<!-- This site is optimized with the Yoast SEO plugin v20.6 - https:\/\/yoast.com\/wordpress\/plugins\/seo\/ -->\n<title>FUNDA PARA EL PENE DE SILICONA CON VIBRADOR - Tienda Er\u00f3tica<\/title>\n<meta name=\"robots\" content=\"noindex, follow, max-snippet:-1, max-image-preview:large, max-video-preview:-1\" \/>\n<meta property=\"og:locale\" content=\"es_ES\" \/>\n<meta property=\"og:type\" content=\"article\" \/>\n<meta property=\"og:title\" content=\"FUNDA PARA EL PENE DE SILICONA CON VIBRADOR - Tienda Er\u00f3tica\" \/>\n<meta property=\"og:description\" content=\"EXTREME SILICONE POWER CAGE Suave, y sin embargo, excitante y realistico, esta funda para el pene te ofrecer\u00e1 eso y\" \/>\n<meta property=\"og:url\" content=\"https:\/\/demoweb.info\/sexshop001\/producto\/funda-para-el-pene-de-silicona-con-vibrador\/\" \/>\n<meta property=\"og:site_name\" content=\"Tienda Er\u00f3tica\" \/>\n<meta property=\"article:modified_time\" content=\"2022-01-22T09:45:15+00:00\" \/>\n<meta property=\"og:image\" content=\"https:\/\/demoweb.info\/sexshop001\/wp-content\/uploads\/2022\/01\/FUNDA-PARA-EL-PENE-DE-SILICONA-CON-VIBRADOR.jpg\" \/>\n\t<meta property=\"og:image:width\" content=\"550\" \/>\n\t<meta property=\"og:image:height\" content=\"550\" \/>\n\t<meta property=\"og:image:type\" content=\"image\/jpeg\" \/>\n<meta name=\"twitter:card\" content=\"summary_large_image\" \/>\n<meta name=\"twitter:label1\" content=\"Tiempo de lectura\" \/>\n\t<meta name=\"twitter:data1\" content=\"1 minuto\" \/>\n<script type=\"application\/ld+json\" class=\"yoast-schema-graph\">{\"@context\":\"https:\/\/schema.org\",\"@graph\":[{\"@type\":\"WebPage\",\"@id\":\"https:\/\/demoweb.info\/sexshop001\/producto\/funda-para-el-pene-de-silicona-con-vibrador\/\",\"url\":\"https:\/\/demoweb.info\/sexshop001\/producto\/funda-para-el-pene-de-silicona-con-vibrador\/\",\"name\":\"FUNDA PARA EL PENE DE SILICONA CON VIBRADOR - Tienda Er\u00f3tica\",\"isPartOf\":{\"@id\":\"https:\/\/demoweb.info\/sexshop001\/#website\"},\"datePublished\":\"2022-01-22T09:45:07+00:00\",\"dateModified\":\"2022-01-22T09:45:15+00:00\",\"breadcrumb\":{\"@id\":\"https:\/\/demoweb.info\/sexshop001\/producto\/funda-para-el-pene-de-silicona-con-vibrador\/#breadcrumb\"},\"inLanguage\":\"es\",\"potentialAction\":[{\"@type\":\"ReadAction\",\"target\":[\"https:\/\/demoweb.info\/sexshop001\/producto\/funda-para-el-pene-de-silicona-con-vibrador\/\"]}]},{\"@type\":\"BreadcrumbList\",\"@id\":\"https:\/\/demoweb.info\/sexshop001\/producto\/funda-para-el-pene-de-silicona-con-vibrador\/#breadcrumb\",\"itemListElement\":[{\"@type\":\"ListItem\",\"position\":1,\"name\":\"Portada\",\"item\":\"https:\/\/demoweb.info\/sexshop001\/\"},{\"@type\":\"ListItem\",\"position\":2,\"name\":\"Tienda\",\"item\":\"https:\/\/demoweb.info\/sexshop001\/tienda\/\"},{\"@type\":\"ListItem\",\"position\":3,\"name\":\"FUNDA PARA EL PENE DE SILICONA CON VIBRADOR\"}]},{\"@type\":\"WebSite\",\"@id\":\"https:\/\/demoweb.info\/sexshop001\/#website\",\"url\":\"https:\/\/demoweb.info\/sexshop001\/\",\"name\":\"Tienda Er\u00f3tica\",\"description\":\"DEMOWEB SL\",\"potentialAction\":[{\"@type\":\"SearchAction\",\"target\":{\"@type\":\"EntryPoint\",\"urlTemplate\":\"https:\/\/demoweb.info\/sexshop001\/?s={search_term_string}\"},\"query-input\":\"required name=search_term_string\"}],\"inLanguage\":\"es\"}]}<\/script>\n<!-- \/ Yoast SEO plugin. -->","yoast_head_json":{"title":"FUNDA PARA EL PENE DE SILICONA CON VIBRADOR - Tienda Er\u00f3tica","robots":{"index":"noindex","follow":"follow","max-snippet":"max-snippet:-1","max-image-preview":"max-image-preview:large","max-video-preview":"max-video-preview:-1"},"og_locale":"es_ES","og_type":"article","og_title":"FUNDA PARA EL PENE DE SILICONA CON VIBRADOR - Tienda Er\u00f3tica","og_description":"EXTREME SILICONE POWER CAGE Suave, y sin embargo, excitante y realistico, esta funda para el pene te ofrecer\u00e1 eso y","og_url":"https:\/\/demoweb.info\/sexshop001\/producto\/funda-para-el-pene-de-silicona-con-vibrador\/","og_site_name":"Tienda Er\u00f3tica","article_modified_time":"2022-01-22T09:45:15+00:00","og_image":[{"width":550,"height":550,"url":"https:\/\/demoweb.info\/sexshop001\/wp-content\/uploads\/2022\/01\/FUNDA-PARA-EL-PENE-DE-SILICONA-CON-VIBRADOR.jpg","type":"image\/jpeg"}],"twitter_card":"summary_large_image","twitter_misc":{"Tiempo de lectura":"1 minuto"},"schema":{"@context":"https:\/\/schema.org","@graph":[{"@type":"WebPage","@id":"https:\/\/demoweb.info\/sexshop001\/producto\/funda-para-el-pene-de-silicona-con-vibrador\/","url":"https:\/\/demoweb.info\/sexshop001\/producto\/funda-para-el-pene-de-silicona-con-vibrador\/","name":"FUNDA PARA EL PENE DE SILICONA CON VIBRADOR - Tienda Er\u00f3tica","isPartOf":{"@id":"https:\/\/demoweb.info\/sexshop001\/#website"},"datePublished":"2022-01-22T09:45:07+00:00","dateModified":"2022-01-22T09:45:15+00:00","breadcrumb":{"@id":"https:\/\/demoweb.info\/sexshop001\/producto\/funda-para-el-pene-de-silicona-con-vibrador\/#breadcrumb"},"inLanguage":"es","potentialAction":[{"@type":"ReadAction","target":["https:\/\/demoweb.info\/sexshop001\/producto\/funda-para-el-pene-de-silicona-con-vibrador\/"]}]},{"@type":"BreadcrumbList","@id":"https:\/\/demoweb.info\/sexshop001\/producto\/funda-para-el-pene-de-silicona-con-vibrador\/#breadcrumb","itemListElement":[{"@type":"ListItem","position":1,"name":"Portada","item":"https:\/\/demoweb.info\/sexshop001\/"},{"@type":"ListItem","position":2,"name":"Tienda","item":"https:\/\/demoweb.info\/sexshop001\/tienda\/"},{"@type":"ListItem","position":3,"name":"FUNDA PARA EL PENE DE SILICONA CON VIBRADOR"}]},{"@type":"WebSite","@id":"https:\/\/demoweb.info\/sexshop001\/#website","url":"https:\/\/demoweb.info\/sexshop001\/","name":"Tienda Er\u00f3tica","description":"DEMOWEB SL","potentialAction":[{"@type":"SearchAction","target":{"@type":"EntryPoint","urlTemplate":"https:\/\/demoweb.info\/sexshop001\/?s={search_term_string}"},"query-input":"required name=search_term_string"}],"inLanguage":"es"}]}},"_links":{"self":[{"href":"https:\/\/demoweb.info\/sexshop001\/wp-json\/wp\/v3\/product\/17479","targetHints":{"allow":["GET"]}}],"collection":[{"href":"https:\/\/demoweb.info\/sexshop001\/wp-json\/wp\/v3\/product"}],"about":[{"href":"https:\/\/demoweb.info\/sexshop001\/wp-json\/wp\/v2\/types\/product"}],"replies":[{"embeddable":true,"href":"https:\/\/demoweb.info\/sexshop001\/wp-json\/wp\/v2\/comments?post=17479"}],"wp:featuredmedia":[{"embeddable":true,"href":"https:\/\/demoweb.info\/sexshop001\/wp-json\/wp\/v2\/media\/17480"}],"wp:attachment":[{"href":"https:\/\/demoweb.info\/sexshop001\/wp-json\/wp\/v2\/media?parent=17479"}],"wp:term":[{"taxonomy":"product_cat","embeddable":true,"href":"https:\/\/demoweb.info\/sexshop001\/wp-json\/wp\/v2\/product_cat?post=17479"},{"taxonomy":"product_tag","embeddable":true,"href":"https:\/\/demoweb.info\/sexshop001\/wp-json\/wp\/v2\/product_tag?post=17479"}],"curies":[{"name":"wp","href":"https:\/\/api.w.org\/{rel}","templated":true}]}}