{"id":17469,"date":"2022-01-22T10:45:07","date_gmt":"2022-01-22T09:45:07","guid":{"rendered":"https:\/\/demoweb.info\/sexshop001\/producto\/doggie-style-ano-mas-vagina-marron\/"},"modified":"2022-01-22T10:45:11","modified_gmt":"2022-01-22T09:45:11","slug":"doggie-style-ano-mas-vagina-marron","status":"publish","type":"product","link":"https:\/\/demoweb.info\/sexshop001\/producto\/doggie-style-ano-mas-vagina-marron\/","title":{"rendered":"DOGGIE STYLE ANO M\u00c1S VAGINA &#8211; MARR\u00d3N"},"content":{"rendered":"<p><strong>PICK YOUR PLEASURE STROKER &#8211; BROWN<\/strong><\/p>\n<p>\u00a1Elige tu agujero y haz realidad tus fantas\u00edas m\u00e1s calientes con el ultra-realista Pick Your Pleasure Stroker!<\/p>\n<p>Cada pieza cuenta con una textura de piel superdetallada y dos agujeros diferentes para la penetraci\u00f3n. Tanto si te apetece una vagina como un ano, \u00a1este masturbador te tiene cubierto!<\/p>\n<p>Tambi\u00e9n cuenta con un intrincado t\u00fanel interior forrado con protuberancias de placer que sacudir\u00e1n tu mundo. Fabricado con nuestro caracter\u00edstico material Fanta Flesh, el Stroker Pick Your Pleasure se ve y se siente igual que el real.<\/p>\n<p><strong>CARACTER\u00cdSTICAS<\/strong><\/p>\n<ul>\n<li>Informaci\u00f3n Adicional &#8211; Escoge tu hoyo: \u00a1Perfecto para los que anhelan la variedad! \u00bfQu\u00e9 te apetece? &#8211; Dise\u00f1o de t\u00fanel intrincado: Dise\u00f1ado para darte el m\u00e1ximo placer. &#8211; Textura de piel realista: Los detalles s\u00faper finos hacen que se vea y se sienta como si fuera real.<\/li>\n<li>Dimensiones del producto: 16,5 x 9,7 cm<\/li>\n<li>Longitud total: 16.5 cm<\/li>\n<li>Di\u00e1metro del t\u00fanel: se extiende a m\u00e1s de 7,6 cm<\/li>\n<li>Longitud insertable: Longitud del t\u00fanel Anal: 12,7 cm | Longitud del t\u00fanel Vagina: 12,7 cm<\/li>\n<li>Seguro para el cuerpo: Si<\/li>\n<li>Material: FantaFlesh TPR<\/li>\n<\/ul>\n","protected":false},"excerpt":{"rendered":"<p>PICK YOUR PLEASURE STROKER &#8211; BROWN \u00a1Elige tu agujero y haz realidad tus fantas\u00edas m\u00e1s calientes con el ultra-realista Pick<\/p>\n","protected":false},"featured_media":17470,"comment_status":"open","ping_status":"open","template":"","meta":[],"product_cat":[541],"product_tag":[904,259],"class_list":["post-17469","product","type-product","status-publish","has-post-thumbnail","hentry","product_cat-vaginas","product_tag-pdx-plus","product_tag-pipedream"],"bundled_by":[],"bundle_stock_status":"instock","bundle_stock_quantity":1,"bundle_virtual":false,"bundle_layout":"","bundle_add_to_cart_form_location":"","bundle_editable_in_cart":false,"bundle_sold_individually_context":"","bundle_item_grouping":"","bundle_min_size":"","bundle_max_size":"","bundled_items":[],"yoast_head":"<!-- This site is optimized with the Yoast SEO plugin v20.6 - https:\/\/yoast.com\/wordpress\/plugins\/seo\/ -->\n<title>DOGGIE STYLE ANO M\u00c1S VAGINA - MARR\u00d3N - Tienda Er\u00f3tica<\/title>\n<meta name=\"robots\" content=\"noindex, follow, max-snippet:-1, max-image-preview:large, max-video-preview:-1\" \/>\n<meta property=\"og:locale\" content=\"es_ES\" \/>\n<meta property=\"og:type\" content=\"article\" \/>\n<meta property=\"og:title\" content=\"DOGGIE STYLE ANO M\u00c1S VAGINA - MARR\u00d3N - Tienda Er\u00f3tica\" \/>\n<meta property=\"og:description\" content=\"PICK YOUR PLEASURE STROKER &#8211; BROWN \u00a1Elige tu agujero y haz realidad tus fantas\u00edas m\u00e1s calientes con el ultra-realista Pick\" \/>\n<meta property=\"og:url\" content=\"https:\/\/demoweb.info\/sexshop001\/producto\/doggie-style-ano-mas-vagina-marron\/\" \/>\n<meta property=\"og:site_name\" content=\"Tienda Er\u00f3tica\" \/>\n<meta property=\"article:modified_time\" content=\"2022-01-22T09:45:11+00:00\" \/>\n<meta property=\"og:image\" content=\"https:\/\/demoweb.info\/sexshop001\/wp-content\/uploads\/2022\/01\/DOGGIE-STYLE-ANO-MAS-VAGINA-MARRON.jpg\" \/>\n\t<meta property=\"og:image:width\" content=\"550\" \/>\n\t<meta property=\"og:image:height\" content=\"550\" \/>\n\t<meta property=\"og:image:type\" content=\"image\/jpeg\" \/>\n<meta name=\"twitter:card\" content=\"summary_large_image\" \/>\n<meta name=\"twitter:label1\" content=\"Tiempo de lectura\" \/>\n\t<meta name=\"twitter:data1\" content=\"1 minuto\" \/>\n<script type=\"application\/ld+json\" class=\"yoast-schema-graph\">{\"@context\":\"https:\/\/schema.org\",\"@graph\":[{\"@type\":\"WebPage\",\"@id\":\"https:\/\/demoweb.info\/sexshop001\/producto\/doggie-style-ano-mas-vagina-marron\/\",\"url\":\"https:\/\/demoweb.info\/sexshop001\/producto\/doggie-style-ano-mas-vagina-marron\/\",\"name\":\"DOGGIE STYLE ANO M\u00c1S VAGINA - MARR\u00d3N - Tienda Er\u00f3tica\",\"isPartOf\":{\"@id\":\"https:\/\/demoweb.info\/sexshop001\/#website\"},\"datePublished\":\"2022-01-22T09:45:07+00:00\",\"dateModified\":\"2022-01-22T09:45:11+00:00\",\"breadcrumb\":{\"@id\":\"https:\/\/demoweb.info\/sexshop001\/producto\/doggie-style-ano-mas-vagina-marron\/#breadcrumb\"},\"inLanguage\":\"es\",\"potentialAction\":[{\"@type\":\"ReadAction\",\"target\":[\"https:\/\/demoweb.info\/sexshop001\/producto\/doggie-style-ano-mas-vagina-marron\/\"]}]},{\"@type\":\"BreadcrumbList\",\"@id\":\"https:\/\/demoweb.info\/sexshop001\/producto\/doggie-style-ano-mas-vagina-marron\/#breadcrumb\",\"itemListElement\":[{\"@type\":\"ListItem\",\"position\":1,\"name\":\"Portada\",\"item\":\"https:\/\/demoweb.info\/sexshop001\/\"},{\"@type\":\"ListItem\",\"position\":2,\"name\":\"Tienda\",\"item\":\"https:\/\/demoweb.info\/sexshop001\/tienda\/\"},{\"@type\":\"ListItem\",\"position\":3,\"name\":\"DOGGIE STYLE ANO M\u00c1S VAGINA &#8211; MARR\u00d3N\"}]},{\"@type\":\"WebSite\",\"@id\":\"https:\/\/demoweb.info\/sexshop001\/#website\",\"url\":\"https:\/\/demoweb.info\/sexshop001\/\",\"name\":\"Tienda Er\u00f3tica\",\"description\":\"DEMOWEB SL\",\"potentialAction\":[{\"@type\":\"SearchAction\",\"target\":{\"@type\":\"EntryPoint\",\"urlTemplate\":\"https:\/\/demoweb.info\/sexshop001\/?s={search_term_string}\"},\"query-input\":\"required name=search_term_string\"}],\"inLanguage\":\"es\"}]}<\/script>\n<!-- \/ Yoast SEO plugin. -->","yoast_head_json":{"title":"DOGGIE STYLE ANO M\u00c1S VAGINA - MARR\u00d3N - Tienda Er\u00f3tica","robots":{"index":"noindex","follow":"follow","max-snippet":"max-snippet:-1","max-image-preview":"max-image-preview:large","max-video-preview":"max-video-preview:-1"},"og_locale":"es_ES","og_type":"article","og_title":"DOGGIE STYLE ANO M\u00c1S VAGINA - MARR\u00d3N - Tienda Er\u00f3tica","og_description":"PICK YOUR PLEASURE STROKER &#8211; BROWN \u00a1Elige tu agujero y haz realidad tus fantas\u00edas m\u00e1s calientes con el ultra-realista Pick","og_url":"https:\/\/demoweb.info\/sexshop001\/producto\/doggie-style-ano-mas-vagina-marron\/","og_site_name":"Tienda Er\u00f3tica","article_modified_time":"2022-01-22T09:45:11+00:00","og_image":[{"width":550,"height":550,"url":"https:\/\/demoweb.info\/sexshop001\/wp-content\/uploads\/2022\/01\/DOGGIE-STYLE-ANO-MAS-VAGINA-MARRON.jpg","type":"image\/jpeg"}],"twitter_card":"summary_large_image","twitter_misc":{"Tiempo de lectura":"1 minuto"},"schema":{"@context":"https:\/\/schema.org","@graph":[{"@type":"WebPage","@id":"https:\/\/demoweb.info\/sexshop001\/producto\/doggie-style-ano-mas-vagina-marron\/","url":"https:\/\/demoweb.info\/sexshop001\/producto\/doggie-style-ano-mas-vagina-marron\/","name":"DOGGIE STYLE ANO M\u00c1S VAGINA - MARR\u00d3N - Tienda Er\u00f3tica","isPartOf":{"@id":"https:\/\/demoweb.info\/sexshop001\/#website"},"datePublished":"2022-01-22T09:45:07+00:00","dateModified":"2022-01-22T09:45:11+00:00","breadcrumb":{"@id":"https:\/\/demoweb.info\/sexshop001\/producto\/doggie-style-ano-mas-vagina-marron\/#breadcrumb"},"inLanguage":"es","potentialAction":[{"@type":"ReadAction","target":["https:\/\/demoweb.info\/sexshop001\/producto\/doggie-style-ano-mas-vagina-marron\/"]}]},{"@type":"BreadcrumbList","@id":"https:\/\/demoweb.info\/sexshop001\/producto\/doggie-style-ano-mas-vagina-marron\/#breadcrumb","itemListElement":[{"@type":"ListItem","position":1,"name":"Portada","item":"https:\/\/demoweb.info\/sexshop001\/"},{"@type":"ListItem","position":2,"name":"Tienda","item":"https:\/\/demoweb.info\/sexshop001\/tienda\/"},{"@type":"ListItem","position":3,"name":"DOGGIE STYLE ANO M\u00c1S VAGINA &#8211; MARR\u00d3N"}]},{"@type":"WebSite","@id":"https:\/\/demoweb.info\/sexshop001\/#website","url":"https:\/\/demoweb.info\/sexshop001\/","name":"Tienda Er\u00f3tica","description":"DEMOWEB SL","potentialAction":[{"@type":"SearchAction","target":{"@type":"EntryPoint","urlTemplate":"https:\/\/demoweb.info\/sexshop001\/?s={search_term_string}"},"query-input":"required name=search_term_string"}],"inLanguage":"es"}]}},"_links":{"self":[{"href":"https:\/\/demoweb.info\/sexshop001\/wp-json\/wp\/v3\/product\/17469","targetHints":{"allow":["GET"]}}],"collection":[{"href":"https:\/\/demoweb.info\/sexshop001\/wp-json\/wp\/v3\/product"}],"about":[{"href":"https:\/\/demoweb.info\/sexshop001\/wp-json\/wp\/v2\/types\/product"}],"replies":[{"embeddable":true,"href":"https:\/\/demoweb.info\/sexshop001\/wp-json\/wp\/v2\/comments?post=17469"}],"wp:featuredmedia":[{"embeddable":true,"href":"https:\/\/demoweb.info\/sexshop001\/wp-json\/wp\/v2\/media\/17470"}],"wp:attachment":[{"href":"https:\/\/demoweb.info\/sexshop001\/wp-json\/wp\/v2\/media?parent=17469"}],"wp:term":[{"taxonomy":"product_cat","embeddable":true,"href":"https:\/\/demoweb.info\/sexshop001\/wp-json\/wp\/v2\/product_cat?post=17469"},{"taxonomy":"product_tag","embeddable":true,"href":"https:\/\/demoweb.info\/sexshop001\/wp-json\/wp\/v2\/product_tag?post=17469"}],"curies":[{"name":"wp","href":"https:\/\/api.w.org\/{rel}","templated":true}]}}