{"id":17459,"date":"2022-01-22T10:45:07","date_gmt":"2022-01-22T09:45:07","guid":{"rendered":"https:\/\/demoweb.info\/sexshop001\/producto\/perfect-pussy-dream-stroker-piel\/"},"modified":"2022-01-22T10:45:08","modified_gmt":"2022-01-22T09:45:08","slug":"perfect-pussy-dream-stroker-piel","status":"publish","type":"product","link":"https:\/\/demoweb.info\/sexshop001\/producto\/perfect-pussy-dream-stroker-piel\/","title":{"rendered":"PERFECT PUSSY DREAM STROKER &#8211; PIEL"},"content":{"rendered":"<p><strong>PERFECT PUSSY DREAM STROKER &#8211; SKIN<\/strong><\/p>\n<p>Llamando a todos los amantes de los labios, los adictos a los arrebatos, los man\u00edacos y los conocedores de los coquetos: \u00a1Bienvenidos al para\u00edso de las vaginas! \u00a1Vaginas perfectas que se sienten tan bien como se ven!<\/p>\n<p>Desl\u00edzate dentro de esta vagina de bolsillo ultrarrealista y flexible y experimenta el para\u00edso para tu pene. Con un tama\u00f1o inteligente para que sea realista y compacto, este satisfacedor de solteros est\u00e1 hecho de Fanta-Flesh s\u00faper suave y cuenta con detalles incre\u00edblemente intrincados.<\/p>\n<p><strong>CARACTER\u00cdSTICAS<\/strong><\/p>\n<ul>\n<li>Informaci\u00f3n adicional &#8211; Detalles hiperrealistas: Esculpido profesionalmente para una experiencia m\u00e1s realista. &#8211; Dise\u00f1o intrincado del t\u00fanel: \u00a1Dise\u00f1ado para darte el m\u00e1ximo placer! &#8211; Textura realista de la piel: \u00a1Los detalles s\u00faper finos hacen que se vea y se sienta como la cosa real!<\/li>\n<li>Dimensiones del producto: 14,8 x 4,9 cm<\/li>\n<li>Longitud total de 14,8 cm<\/li>\n<li>El di\u00e1metro del t\u00fanel se extiende a m\u00e1s de 7,6 cm<\/li>\n<li>Longitud del t\u00fanel insertable: 11,4 cm<\/li>\n<li>Seguro para el cuerpo: S\u00ed<\/li>\n<li>Material: FantaFlesh TPR<\/li>\n<\/ul>\n","protected":false},"excerpt":{"rendered":"<p>PERFECT PUSSY DREAM STROKER &#8211; SKIN Llamando a todos los amantes de los labios, los adictos a los arrebatos, los<\/p>\n","protected":false},"featured_media":17460,"comment_status":"open","ping_status":"open","template":"","meta":[],"product_cat":[541],"product_tag":[904,259],"class_list":["post-17459","product","type-product","status-publish","has-post-thumbnail","hentry","product_cat-vaginas","product_tag-pdx-plus","product_tag-pipedream"],"bundled_by":[],"bundle_stock_status":"instock","bundle_stock_quantity":1,"bundle_virtual":false,"bundle_layout":"","bundle_add_to_cart_form_location":"","bundle_editable_in_cart":false,"bundle_sold_individually_context":"","bundle_item_grouping":"","bundle_min_size":"","bundle_max_size":"","bundled_items":[],"yoast_head":"<!-- This site is optimized with the Yoast SEO plugin v20.6 - https:\/\/yoast.com\/wordpress\/plugins\/seo\/ -->\n<title>PERFECT PUSSY DREAM STROKER - PIEL - Tienda Er\u00f3tica<\/title>\n<meta name=\"robots\" content=\"noindex, follow, max-snippet:-1, max-image-preview:large, max-video-preview:-1\" \/>\n<meta property=\"og:locale\" content=\"es_ES\" \/>\n<meta property=\"og:type\" content=\"article\" \/>\n<meta property=\"og:title\" content=\"PERFECT PUSSY DREAM STROKER - PIEL - Tienda Er\u00f3tica\" \/>\n<meta property=\"og:description\" content=\"PERFECT PUSSY DREAM STROKER &#8211; SKIN Llamando a todos los amantes de los labios, los adictos a los arrebatos, los\" \/>\n<meta property=\"og:url\" content=\"https:\/\/demoweb.info\/sexshop001\/producto\/perfect-pussy-dream-stroker-piel\/\" \/>\n<meta property=\"og:site_name\" content=\"Tienda Er\u00f3tica\" \/>\n<meta property=\"article:modified_time\" content=\"2022-01-22T09:45:08+00:00\" \/>\n<meta property=\"og:image\" content=\"https:\/\/demoweb.info\/sexshop001\/wp-content\/uploads\/2022\/01\/PERFECT-PUSSY-DREAM-STROKER-PIEL.jpg\" \/>\n\t<meta property=\"og:image:width\" content=\"550\" \/>\n\t<meta property=\"og:image:height\" content=\"550\" \/>\n\t<meta property=\"og:image:type\" content=\"image\/jpeg\" \/>\n<meta name=\"twitter:card\" content=\"summary_large_image\" \/>\n<meta name=\"twitter:label1\" content=\"Tiempo de lectura\" \/>\n\t<meta name=\"twitter:data1\" content=\"1 minuto\" \/>\n<script type=\"application\/ld+json\" class=\"yoast-schema-graph\">{\"@context\":\"https:\/\/schema.org\",\"@graph\":[{\"@type\":\"WebPage\",\"@id\":\"https:\/\/demoweb.info\/sexshop001\/producto\/perfect-pussy-dream-stroker-piel\/\",\"url\":\"https:\/\/demoweb.info\/sexshop001\/producto\/perfect-pussy-dream-stroker-piel\/\",\"name\":\"PERFECT PUSSY DREAM STROKER - PIEL - Tienda Er\u00f3tica\",\"isPartOf\":{\"@id\":\"https:\/\/demoweb.info\/sexshop001\/#website\"},\"datePublished\":\"2022-01-22T09:45:07+00:00\",\"dateModified\":\"2022-01-22T09:45:08+00:00\",\"breadcrumb\":{\"@id\":\"https:\/\/demoweb.info\/sexshop001\/producto\/perfect-pussy-dream-stroker-piel\/#breadcrumb\"},\"inLanguage\":\"es\",\"potentialAction\":[{\"@type\":\"ReadAction\",\"target\":[\"https:\/\/demoweb.info\/sexshop001\/producto\/perfect-pussy-dream-stroker-piel\/\"]}]},{\"@type\":\"BreadcrumbList\",\"@id\":\"https:\/\/demoweb.info\/sexshop001\/producto\/perfect-pussy-dream-stroker-piel\/#breadcrumb\",\"itemListElement\":[{\"@type\":\"ListItem\",\"position\":1,\"name\":\"Portada\",\"item\":\"https:\/\/demoweb.info\/sexshop001\/\"},{\"@type\":\"ListItem\",\"position\":2,\"name\":\"Tienda\",\"item\":\"https:\/\/demoweb.info\/sexshop001\/tienda\/\"},{\"@type\":\"ListItem\",\"position\":3,\"name\":\"PERFECT PUSSY DREAM STROKER &#8211; PIEL\"}]},{\"@type\":\"WebSite\",\"@id\":\"https:\/\/demoweb.info\/sexshop001\/#website\",\"url\":\"https:\/\/demoweb.info\/sexshop001\/\",\"name\":\"Tienda Er\u00f3tica\",\"description\":\"DEMOWEB SL\",\"potentialAction\":[{\"@type\":\"SearchAction\",\"target\":{\"@type\":\"EntryPoint\",\"urlTemplate\":\"https:\/\/demoweb.info\/sexshop001\/?s={search_term_string}\"},\"query-input\":\"required name=search_term_string\"}],\"inLanguage\":\"es\"}]}<\/script>\n<!-- \/ Yoast SEO plugin. -->","yoast_head_json":{"title":"PERFECT PUSSY DREAM STROKER - PIEL - Tienda Er\u00f3tica","robots":{"index":"noindex","follow":"follow","max-snippet":"max-snippet:-1","max-image-preview":"max-image-preview:large","max-video-preview":"max-video-preview:-1"},"og_locale":"es_ES","og_type":"article","og_title":"PERFECT PUSSY DREAM STROKER - PIEL - Tienda Er\u00f3tica","og_description":"PERFECT PUSSY DREAM STROKER &#8211; SKIN Llamando a todos los amantes de los labios, los adictos a los arrebatos, los","og_url":"https:\/\/demoweb.info\/sexshop001\/producto\/perfect-pussy-dream-stroker-piel\/","og_site_name":"Tienda Er\u00f3tica","article_modified_time":"2022-01-22T09:45:08+00:00","og_image":[{"width":550,"height":550,"url":"https:\/\/demoweb.info\/sexshop001\/wp-content\/uploads\/2022\/01\/PERFECT-PUSSY-DREAM-STROKER-PIEL.jpg","type":"image\/jpeg"}],"twitter_card":"summary_large_image","twitter_misc":{"Tiempo de lectura":"1 minuto"},"schema":{"@context":"https:\/\/schema.org","@graph":[{"@type":"WebPage","@id":"https:\/\/demoweb.info\/sexshop001\/producto\/perfect-pussy-dream-stroker-piel\/","url":"https:\/\/demoweb.info\/sexshop001\/producto\/perfect-pussy-dream-stroker-piel\/","name":"PERFECT PUSSY DREAM STROKER - PIEL - Tienda Er\u00f3tica","isPartOf":{"@id":"https:\/\/demoweb.info\/sexshop001\/#website"},"datePublished":"2022-01-22T09:45:07+00:00","dateModified":"2022-01-22T09:45:08+00:00","breadcrumb":{"@id":"https:\/\/demoweb.info\/sexshop001\/producto\/perfect-pussy-dream-stroker-piel\/#breadcrumb"},"inLanguage":"es","potentialAction":[{"@type":"ReadAction","target":["https:\/\/demoweb.info\/sexshop001\/producto\/perfect-pussy-dream-stroker-piel\/"]}]},{"@type":"BreadcrumbList","@id":"https:\/\/demoweb.info\/sexshop001\/producto\/perfect-pussy-dream-stroker-piel\/#breadcrumb","itemListElement":[{"@type":"ListItem","position":1,"name":"Portada","item":"https:\/\/demoweb.info\/sexshop001\/"},{"@type":"ListItem","position":2,"name":"Tienda","item":"https:\/\/demoweb.info\/sexshop001\/tienda\/"},{"@type":"ListItem","position":3,"name":"PERFECT PUSSY DREAM STROKER &#8211; PIEL"}]},{"@type":"WebSite","@id":"https:\/\/demoweb.info\/sexshop001\/#website","url":"https:\/\/demoweb.info\/sexshop001\/","name":"Tienda Er\u00f3tica","description":"DEMOWEB SL","potentialAction":[{"@type":"SearchAction","target":{"@type":"EntryPoint","urlTemplate":"https:\/\/demoweb.info\/sexshop001\/?s={search_term_string}"},"query-input":"required name=search_term_string"}],"inLanguage":"es"}]}},"_links":{"self":[{"href":"https:\/\/demoweb.info\/sexshop001\/wp-json\/wp\/v3\/product\/17459","targetHints":{"allow":["GET"]}}],"collection":[{"href":"https:\/\/demoweb.info\/sexshop001\/wp-json\/wp\/v3\/product"}],"about":[{"href":"https:\/\/demoweb.info\/sexshop001\/wp-json\/wp\/v2\/types\/product"}],"replies":[{"embeddable":true,"href":"https:\/\/demoweb.info\/sexshop001\/wp-json\/wp\/v2\/comments?post=17459"}],"wp:featuredmedia":[{"embeddable":true,"href":"https:\/\/demoweb.info\/sexshop001\/wp-json\/wp\/v2\/media\/17460"}],"wp:attachment":[{"href":"https:\/\/demoweb.info\/sexshop001\/wp-json\/wp\/v2\/media?parent=17459"}],"wp:term":[{"taxonomy":"product_cat","embeddable":true,"href":"https:\/\/demoweb.info\/sexshop001\/wp-json\/wp\/v2\/product_cat?post=17459"},{"taxonomy":"product_tag","embeddable":true,"href":"https:\/\/demoweb.info\/sexshop001\/wp-json\/wp\/v2\/product_tag?post=17459"}],"curies":[{"name":"wp","href":"https:\/\/api.w.org\/{rel}","templated":true}]}}