{"id":17442,"date":"2022-01-22T10:44:27","date_gmt":"2022-01-22T09:44:27","guid":{"rendered":"https:\/\/demoweb.info\/sexshop001\/producto\/milk-me-silly\/"},"modified":"2022-01-22T10:44:58","modified_gmt":"2022-01-22T09:44:58","slug":"milk-me-silly","status":"publish","type":"product","link":"https:\/\/demoweb.info\/sexshop001\/producto\/milk-me-silly\/","title":{"rendered":"MILK ME SILLY"},"content":{"rendered":"<p><strong>MILK ME SILLY<\/strong><\/p>\n<p>Esperamos que est\u00e9s listo, porque est\u00e1s a punto de disfrutar de la experiencia de masturbaci\u00f3n m\u00e1s intensa y realista del mundo con Milk Me Silly.<\/p>\n<p>Este masturbador gigante de tope de burbuja est\u00e1 listo con dos megapotentes motores giratorios que vibran y masajean al mismo tiempo.<\/p>\n<p>Puedes elegir entre 5 funciones de rotaci\u00f3n diferentes y 5 funciones de vibraci\u00f3n distintas para una combinaci\u00f3n infinita de diversi\u00f3n.<\/p>\n<p>\u00a1Milk Me Silly definitivamente lo lleva al siguiente nivel!<\/p>\n<p><strong>Informaci\u00f3n Adicional:<\/strong><\/p>\n<ul>\n<li>Motores giratorios duales: \u00a1Cada mejilla cuenta con un motor giratorio megapotente para que tu pene sea masajeado por ambos lados al mismo tiempo!<\/li>\n<li>Alimentado por un adaptador de 24 V, cada motor proporciona una potencia de masaje sin igual<\/li>\n<li>Experiencia de masturbaci\u00f3n definitiva: con un motor giratorio a ambos lados del pene y una bala vibrante debajo, cubrimos todos los \u00e1ngulos para asegurarnos de que su experiencia sea de primera categor\u00eda.<\/li>\n<li>Potente bala vibradora: estrat\u00e9gicamente colocada para maximizar la estimulaci\u00f3n de su pene, esta s\u00faper poderosa bala vibradora agrega otro elemento de placer a su experiencia.<\/li>\n<li>Modos de vibraci\u00f3n y rotaci\u00f3n: \u00a1prep\u00e1rese para una combinaci\u00f3n infinita de diversi\u00f3n! Los motores giratorios ofrecen 5 modos de rotaci\u00f3n y 5 velocidades de rotaci\u00f3n. La potente bala tambi\u00e9n ofrece 5 modos de vibraci\u00f3n y 5 velocidades de vibraci\u00f3n.<\/li>\n<li>3 enchufes de viaje incluidos: el Milk Me Silly viene con 3 enchufes de viaje internacionales para usar con su adaptador de 24 V para que nunca pierda el ritmo. \u00a1Disfrute de poderosas vibraciones y una intensa acci\u00f3n donde quiera que vaya!<\/li>\n<\/ul>\n<p>Caracter\u00edsticas:<\/p>\n<ul>\n<li>Dimensiones del producto    30 x 31 x 18 cm<\/li>\n<li>Longitud total    31 cm<\/li>\n<li>Di\u00e1metro    Tunnel Diameter stretches to over 7.6 cm<\/li>\n<li>Longitud insertable    Tunnel length Anal: 13.3 cm | Tunnel length Vagina: 13.3 cm<\/li>\n<li>Vibrando    Si<\/li>\n<li>Modos de vibraci\u00f3n    5<\/li>\n<li>Modos de velocidad    5<\/li>\n<li>Bodysafe    Si<\/li>\n<li>Material    TPE | ABS Plastic | Silicone<\/li>\n<li>Pilas requeridas    Lithium Ion<\/li>\n<li>Baterias incluidas    Si<\/li>\n<\/ul>\n","protected":false},"excerpt":{"rendered":"<p>MILK ME SILLY Esperamos que est\u00e9s listo, porque est\u00e1s a punto de disfrutar de la experiencia de masturbaci\u00f3n m\u00e1s intensa<\/p>\n","protected":false},"featured_media":17443,"comment_status":"open","ping_status":"open","template":"","meta":[],"product_cat":[560],"product_tag":[521,259],"class_list":["post-17442","product","type-product","status-publish","has-post-thumbnail","hentry","product_cat-vaginas-y-anos","product_tag-pdx-elite","product_tag-pipedream"],"bundled_by":[],"bundle_stock_status":"instock","bundle_stock_quantity":1,"bundle_virtual":false,"bundle_layout":"","bundle_add_to_cart_form_location":"","bundle_editable_in_cart":false,"bundle_sold_individually_context":"","bundle_item_grouping":"","bundle_min_size":"","bundle_max_size":"","bundled_items":[],"yoast_head":"<!-- This site is optimized with the Yoast SEO plugin v20.6 - https:\/\/yoast.com\/wordpress\/plugins\/seo\/ -->\n<title>MILK ME SILLY - Tienda Er\u00f3tica<\/title>\n<meta name=\"robots\" content=\"noindex, follow, max-snippet:-1, max-image-preview:large, max-video-preview:-1\" \/>\n<meta property=\"og:locale\" content=\"es_ES\" \/>\n<meta property=\"og:type\" content=\"article\" \/>\n<meta property=\"og:title\" content=\"MILK ME SILLY - Tienda Er\u00f3tica\" \/>\n<meta property=\"og:description\" content=\"MILK ME SILLY Esperamos que est\u00e9s listo, porque est\u00e1s a punto de disfrutar de la experiencia de masturbaci\u00f3n m\u00e1s intensa\" \/>\n<meta property=\"og:url\" content=\"https:\/\/demoweb.info\/sexshop001\/producto\/milk-me-silly\/\" \/>\n<meta property=\"og:site_name\" content=\"Tienda Er\u00f3tica\" \/>\n<meta property=\"article:modified_time\" content=\"2022-01-22T09:44:58+00:00\" \/>\n<meta property=\"og:image\" content=\"https:\/\/demoweb.info\/sexshop001\/wp-content\/uploads\/2022\/01\/MILK-ME-SILLY.jpg\" \/>\n\t<meta property=\"og:image:width\" content=\"550\" \/>\n\t<meta property=\"og:image:height\" content=\"550\" \/>\n\t<meta property=\"og:image:type\" content=\"image\/jpeg\" \/>\n<meta name=\"twitter:card\" content=\"summary_large_image\" \/>\n<meta name=\"twitter:label1\" content=\"Tiempo de lectura\" \/>\n\t<meta name=\"twitter:data1\" content=\"2 minutos\" \/>\n<script type=\"application\/ld+json\" class=\"yoast-schema-graph\">{\"@context\":\"https:\/\/schema.org\",\"@graph\":[{\"@type\":\"WebPage\",\"@id\":\"https:\/\/demoweb.info\/sexshop001\/producto\/milk-me-silly\/\",\"url\":\"https:\/\/demoweb.info\/sexshop001\/producto\/milk-me-silly\/\",\"name\":\"MILK ME SILLY - Tienda Er\u00f3tica\",\"isPartOf\":{\"@id\":\"https:\/\/demoweb.info\/sexshop001\/#website\"},\"datePublished\":\"2022-01-22T09:44:27+00:00\",\"dateModified\":\"2022-01-22T09:44:58+00:00\",\"breadcrumb\":{\"@id\":\"https:\/\/demoweb.info\/sexshop001\/producto\/milk-me-silly\/#breadcrumb\"},\"inLanguage\":\"es\",\"potentialAction\":[{\"@type\":\"ReadAction\",\"target\":[\"https:\/\/demoweb.info\/sexshop001\/producto\/milk-me-silly\/\"]}]},{\"@type\":\"BreadcrumbList\",\"@id\":\"https:\/\/demoweb.info\/sexshop001\/producto\/milk-me-silly\/#breadcrumb\",\"itemListElement\":[{\"@type\":\"ListItem\",\"position\":1,\"name\":\"Portada\",\"item\":\"https:\/\/demoweb.info\/sexshop001\/\"},{\"@type\":\"ListItem\",\"position\":2,\"name\":\"Tienda\",\"item\":\"https:\/\/demoweb.info\/sexshop001\/tienda\/\"},{\"@type\":\"ListItem\",\"position\":3,\"name\":\"MILK ME SILLY\"}]},{\"@type\":\"WebSite\",\"@id\":\"https:\/\/demoweb.info\/sexshop001\/#website\",\"url\":\"https:\/\/demoweb.info\/sexshop001\/\",\"name\":\"Tienda Er\u00f3tica\",\"description\":\"DEMOWEB SL\",\"potentialAction\":[{\"@type\":\"SearchAction\",\"target\":{\"@type\":\"EntryPoint\",\"urlTemplate\":\"https:\/\/demoweb.info\/sexshop001\/?s={search_term_string}\"},\"query-input\":\"required name=search_term_string\"}],\"inLanguage\":\"es\"}]}<\/script>\n<!-- \/ Yoast SEO plugin. -->","yoast_head_json":{"title":"MILK ME SILLY - Tienda Er\u00f3tica","robots":{"index":"noindex","follow":"follow","max-snippet":"max-snippet:-1","max-image-preview":"max-image-preview:large","max-video-preview":"max-video-preview:-1"},"og_locale":"es_ES","og_type":"article","og_title":"MILK ME SILLY - Tienda Er\u00f3tica","og_description":"MILK ME SILLY Esperamos que est\u00e9s listo, porque est\u00e1s a punto de disfrutar de la experiencia de masturbaci\u00f3n m\u00e1s intensa","og_url":"https:\/\/demoweb.info\/sexshop001\/producto\/milk-me-silly\/","og_site_name":"Tienda Er\u00f3tica","article_modified_time":"2022-01-22T09:44:58+00:00","og_image":[{"width":550,"height":550,"url":"https:\/\/demoweb.info\/sexshop001\/wp-content\/uploads\/2022\/01\/MILK-ME-SILLY.jpg","type":"image\/jpeg"}],"twitter_card":"summary_large_image","twitter_misc":{"Tiempo de lectura":"2 minutos"},"schema":{"@context":"https:\/\/schema.org","@graph":[{"@type":"WebPage","@id":"https:\/\/demoweb.info\/sexshop001\/producto\/milk-me-silly\/","url":"https:\/\/demoweb.info\/sexshop001\/producto\/milk-me-silly\/","name":"MILK ME SILLY - Tienda Er\u00f3tica","isPartOf":{"@id":"https:\/\/demoweb.info\/sexshop001\/#website"},"datePublished":"2022-01-22T09:44:27+00:00","dateModified":"2022-01-22T09:44:58+00:00","breadcrumb":{"@id":"https:\/\/demoweb.info\/sexshop001\/producto\/milk-me-silly\/#breadcrumb"},"inLanguage":"es","potentialAction":[{"@type":"ReadAction","target":["https:\/\/demoweb.info\/sexshop001\/producto\/milk-me-silly\/"]}]},{"@type":"BreadcrumbList","@id":"https:\/\/demoweb.info\/sexshop001\/producto\/milk-me-silly\/#breadcrumb","itemListElement":[{"@type":"ListItem","position":1,"name":"Portada","item":"https:\/\/demoweb.info\/sexshop001\/"},{"@type":"ListItem","position":2,"name":"Tienda","item":"https:\/\/demoweb.info\/sexshop001\/tienda\/"},{"@type":"ListItem","position":3,"name":"MILK ME SILLY"}]},{"@type":"WebSite","@id":"https:\/\/demoweb.info\/sexshop001\/#website","url":"https:\/\/demoweb.info\/sexshop001\/","name":"Tienda Er\u00f3tica","description":"DEMOWEB SL","potentialAction":[{"@type":"SearchAction","target":{"@type":"EntryPoint","urlTemplate":"https:\/\/demoweb.info\/sexshop001\/?s={search_term_string}"},"query-input":"required name=search_term_string"}],"inLanguage":"es"}]}},"_links":{"self":[{"href":"https:\/\/demoweb.info\/sexshop001\/wp-json\/wp\/v3\/product\/17442","targetHints":{"allow":["GET"]}}],"collection":[{"href":"https:\/\/demoweb.info\/sexshop001\/wp-json\/wp\/v3\/product"}],"about":[{"href":"https:\/\/demoweb.info\/sexshop001\/wp-json\/wp\/v2\/types\/product"}],"replies":[{"embeddable":true,"href":"https:\/\/demoweb.info\/sexshop001\/wp-json\/wp\/v2\/comments?post=17442"}],"wp:featuredmedia":[{"embeddable":true,"href":"https:\/\/demoweb.info\/sexshop001\/wp-json\/wp\/v2\/media\/17443"}],"wp:attachment":[{"href":"https:\/\/demoweb.info\/sexshop001\/wp-json\/wp\/v2\/media?parent=17442"}],"wp:term":[{"taxonomy":"product_cat","embeddable":true,"href":"https:\/\/demoweb.info\/sexshop001\/wp-json\/wp\/v2\/product_cat?post=17442"},{"taxonomy":"product_tag","embeddable":true,"href":"https:\/\/demoweb.info\/sexshop001\/wp-json\/wp\/v2\/product_tag?post=17442"}],"curies":[{"name":"wp","href":"https:\/\/api.w.org\/{rel}","templated":true}]}}