{"id":17436,"date":"2022-01-22T10:44:27","date_gmt":"2022-01-22T09:44:27","guid":{"rendered":"https:\/\/demoweb.info\/sexshop001\/producto\/assgasm-anillo-con-plug-anal\/"},"modified":"2022-01-22T10:44:56","modified_gmt":"2022-01-22T09:44:56","slug":"assgasm-anillo-con-plug-anal","status":"publish","type":"product","link":"https:\/\/demoweb.info\/sexshop001\/producto\/assgasm-anillo-con-plug-anal\/","title":{"rendered":"ASSGASM ANILLO CON PLUG ANAL"},"content":{"rendered":"<p><strong>ASSGASM COCKRING ANAL BEADS<\/strong><\/p>\n<p>\u00a1El anillo de pene Ass-Gasm m\u00e1s vendido ahora est\u00e1 disponible en una versi\u00f3n con cuentas para principiantes! Disfruta de las eyaculaciones m\u00e1s explosivas de la historia con las perlas anales Ass-Gasm Cockring.<\/p>\n<p>Hecho completamente de nuestra silicona Elite suave como la seda, este enchufe port\u00e1til funciona como un anillo para el pene que mejora el rendimiento, lo que permite al usuario prolongar la eyaculaci\u00f3n y extender la diversi\u00f3n mientras disfruta de una incre\u00edble estimulaci\u00f3n de la pr\u00f3stata.<\/p>\n<p>\u00a1Con las perlas anales Ass-Gasm Cockring y el anillo envuelto alrededor de tu pene y test\u00edculos, te mantendr\u00e1s m\u00e1s duro y fuerte que nunca! El anillo de silicona s\u00faper el\u00e1stico pone el freno a las bajas de rendimiento, \u00a1manteniendo erecciones firmes que duran y duran!<\/p>\n<p>Las cuentas graduadas facilitan la entrada y la recuperaci\u00f3n, mientras que el eje delgado y c\u00f3nico asegura que el tap\u00f3n permanecer\u00e1 en su lugar entre sus mejillas cuando la acci\u00f3n se intensifique.<\/p>\n<p>\u00a1Coloque el anillo alargado alrededor de la base de su pene y test\u00edculos y \u00faselo todo el d\u00eda para una diversi\u00f3n duradera y eyaculaciones enormes y poderosas!<\/p>\n<p>Las perlas anales Ass-Gasm Cockring cuentan con una base \u00fanica que fue dise\u00f1ada estrat\u00e9gicamente para permitir que el usuario aplique presi\u00f3n suavemente en la parte inferior del tap\u00f3n para facilitar la inserci\u00f3n c\u00f3modamente.<\/p>\n<p>La silicona Elite ultra higi\u00e9nica es s\u00faper flexible.<\/p>\n<p>Caracter\u00edsticas:<\/p>\n<ul>\n<li>Dimensiones del producto    12 x 12 x 4 cm<\/li>\n<li>Longitud total    12 cm<\/li>\n<li>Di\u00e1metro    C-Ring: 4.5 cm<\/li>\n<li>Longitud insertable    10 cm<\/li>\n<li>Bodysafe    Si<\/li>\n<li>Material    Silicone<\/li>\n<\/ul>\n","protected":false},"excerpt":{"rendered":"<p>ASSGASM COCKRING ANAL BEADS \u00a1El anillo de pene Ass-Gasm m\u00e1s vendido ahora est\u00e1 disponible en una versi\u00f3n con cuentas para<\/p>\n","protected":false},"featured_media":17437,"comment_status":"open","ping_status":"open","template":"","meta":[],"product_cat":[338],"product_tag":[485,259],"class_list":["post-17436","product","type-product","status-publish","has-post-thumbnail","hentry","product_cat-silicona-plugs","product_tag-anal-fantasy-collection","product_tag-pipedream"],"bundled_by":[],"bundle_stock_status":"instock","bundle_stock_quantity":1,"bundle_virtual":false,"bundle_layout":"","bundle_add_to_cart_form_location":"","bundle_editable_in_cart":false,"bundle_sold_individually_context":"","bundle_item_grouping":"","bundle_min_size":"","bundle_max_size":"","bundled_items":[],"yoast_head":"<!-- This site is optimized with the Yoast SEO plugin v20.6 - https:\/\/yoast.com\/wordpress\/plugins\/seo\/ -->\n<title>ASSGASM ANILLO CON PLUG ANAL - Tienda Er\u00f3tica<\/title>\n<meta name=\"robots\" content=\"noindex, follow, max-snippet:-1, max-image-preview:large, max-video-preview:-1\" \/>\n<meta property=\"og:locale\" content=\"es_ES\" \/>\n<meta property=\"og:type\" content=\"article\" \/>\n<meta property=\"og:title\" content=\"ASSGASM ANILLO CON PLUG ANAL - Tienda Er\u00f3tica\" \/>\n<meta property=\"og:description\" content=\"ASSGASM COCKRING ANAL BEADS \u00a1El anillo de pene Ass-Gasm m\u00e1s vendido ahora est\u00e1 disponible en una versi\u00f3n con cuentas para\" \/>\n<meta property=\"og:url\" content=\"https:\/\/demoweb.info\/sexshop001\/producto\/assgasm-anillo-con-plug-anal\/\" \/>\n<meta property=\"og:site_name\" content=\"Tienda Er\u00f3tica\" \/>\n<meta property=\"article:modified_time\" content=\"2022-01-22T09:44:56+00:00\" \/>\n<meta property=\"og:image\" content=\"https:\/\/demoweb.info\/sexshop001\/wp-content\/uploads\/2022\/01\/ASSGASM-ANILLO-CON-PLUG-ANAL.jpg\" \/>\n\t<meta property=\"og:image:width\" content=\"550\" \/>\n\t<meta property=\"og:image:height\" content=\"550\" \/>\n\t<meta property=\"og:image:type\" content=\"image\/jpeg\" \/>\n<meta name=\"twitter:card\" content=\"summary_large_image\" \/>\n<meta name=\"twitter:label1\" content=\"Tiempo de lectura\" \/>\n\t<meta name=\"twitter:data1\" content=\"1 minuto\" \/>\n<script type=\"application\/ld+json\" class=\"yoast-schema-graph\">{\"@context\":\"https:\/\/schema.org\",\"@graph\":[{\"@type\":\"WebPage\",\"@id\":\"https:\/\/demoweb.info\/sexshop001\/producto\/assgasm-anillo-con-plug-anal\/\",\"url\":\"https:\/\/demoweb.info\/sexshop001\/producto\/assgasm-anillo-con-plug-anal\/\",\"name\":\"ASSGASM ANILLO CON PLUG ANAL - Tienda Er\u00f3tica\",\"isPartOf\":{\"@id\":\"https:\/\/demoweb.info\/sexshop001\/#website\"},\"datePublished\":\"2022-01-22T09:44:27+00:00\",\"dateModified\":\"2022-01-22T09:44:56+00:00\",\"breadcrumb\":{\"@id\":\"https:\/\/demoweb.info\/sexshop001\/producto\/assgasm-anillo-con-plug-anal\/#breadcrumb\"},\"inLanguage\":\"es\",\"potentialAction\":[{\"@type\":\"ReadAction\",\"target\":[\"https:\/\/demoweb.info\/sexshop001\/producto\/assgasm-anillo-con-plug-anal\/\"]}]},{\"@type\":\"BreadcrumbList\",\"@id\":\"https:\/\/demoweb.info\/sexshop001\/producto\/assgasm-anillo-con-plug-anal\/#breadcrumb\",\"itemListElement\":[{\"@type\":\"ListItem\",\"position\":1,\"name\":\"Portada\",\"item\":\"https:\/\/demoweb.info\/sexshop001\/\"},{\"@type\":\"ListItem\",\"position\":2,\"name\":\"Tienda\",\"item\":\"https:\/\/demoweb.info\/sexshop001\/tienda\/\"},{\"@type\":\"ListItem\",\"position\":3,\"name\":\"ASSGASM ANILLO CON PLUG ANAL\"}]},{\"@type\":\"WebSite\",\"@id\":\"https:\/\/demoweb.info\/sexshop001\/#website\",\"url\":\"https:\/\/demoweb.info\/sexshop001\/\",\"name\":\"Tienda Er\u00f3tica\",\"description\":\"DEMOWEB SL\",\"potentialAction\":[{\"@type\":\"SearchAction\",\"target\":{\"@type\":\"EntryPoint\",\"urlTemplate\":\"https:\/\/demoweb.info\/sexshop001\/?s={search_term_string}\"},\"query-input\":\"required name=search_term_string\"}],\"inLanguage\":\"es\"}]}<\/script>\n<!-- \/ Yoast SEO plugin. -->","yoast_head_json":{"title":"ASSGASM ANILLO CON PLUG ANAL - Tienda Er\u00f3tica","robots":{"index":"noindex","follow":"follow","max-snippet":"max-snippet:-1","max-image-preview":"max-image-preview:large","max-video-preview":"max-video-preview:-1"},"og_locale":"es_ES","og_type":"article","og_title":"ASSGASM ANILLO CON PLUG ANAL - Tienda Er\u00f3tica","og_description":"ASSGASM COCKRING ANAL BEADS \u00a1El anillo de pene Ass-Gasm m\u00e1s vendido ahora est\u00e1 disponible en una versi\u00f3n con cuentas para","og_url":"https:\/\/demoweb.info\/sexshop001\/producto\/assgasm-anillo-con-plug-anal\/","og_site_name":"Tienda Er\u00f3tica","article_modified_time":"2022-01-22T09:44:56+00:00","og_image":[{"width":550,"height":550,"url":"https:\/\/demoweb.info\/sexshop001\/wp-content\/uploads\/2022\/01\/ASSGASM-ANILLO-CON-PLUG-ANAL.jpg","type":"image\/jpeg"}],"twitter_card":"summary_large_image","twitter_misc":{"Tiempo de lectura":"1 minuto"},"schema":{"@context":"https:\/\/schema.org","@graph":[{"@type":"WebPage","@id":"https:\/\/demoweb.info\/sexshop001\/producto\/assgasm-anillo-con-plug-anal\/","url":"https:\/\/demoweb.info\/sexshop001\/producto\/assgasm-anillo-con-plug-anal\/","name":"ASSGASM ANILLO CON PLUG ANAL - Tienda Er\u00f3tica","isPartOf":{"@id":"https:\/\/demoweb.info\/sexshop001\/#website"},"datePublished":"2022-01-22T09:44:27+00:00","dateModified":"2022-01-22T09:44:56+00:00","breadcrumb":{"@id":"https:\/\/demoweb.info\/sexshop001\/producto\/assgasm-anillo-con-plug-anal\/#breadcrumb"},"inLanguage":"es","potentialAction":[{"@type":"ReadAction","target":["https:\/\/demoweb.info\/sexshop001\/producto\/assgasm-anillo-con-plug-anal\/"]}]},{"@type":"BreadcrumbList","@id":"https:\/\/demoweb.info\/sexshop001\/producto\/assgasm-anillo-con-plug-anal\/#breadcrumb","itemListElement":[{"@type":"ListItem","position":1,"name":"Portada","item":"https:\/\/demoweb.info\/sexshop001\/"},{"@type":"ListItem","position":2,"name":"Tienda","item":"https:\/\/demoweb.info\/sexshop001\/tienda\/"},{"@type":"ListItem","position":3,"name":"ASSGASM ANILLO CON PLUG ANAL"}]},{"@type":"WebSite","@id":"https:\/\/demoweb.info\/sexshop001\/#website","url":"https:\/\/demoweb.info\/sexshop001\/","name":"Tienda Er\u00f3tica","description":"DEMOWEB SL","potentialAction":[{"@type":"SearchAction","target":{"@type":"EntryPoint","urlTemplate":"https:\/\/demoweb.info\/sexshop001\/?s={search_term_string}"},"query-input":"required name=search_term_string"}],"inLanguage":"es"}]}},"_links":{"self":[{"href":"https:\/\/demoweb.info\/sexshop001\/wp-json\/wp\/v3\/product\/17436","targetHints":{"allow":["GET"]}}],"collection":[{"href":"https:\/\/demoweb.info\/sexshop001\/wp-json\/wp\/v3\/product"}],"about":[{"href":"https:\/\/demoweb.info\/sexshop001\/wp-json\/wp\/v2\/types\/product"}],"replies":[{"embeddable":true,"href":"https:\/\/demoweb.info\/sexshop001\/wp-json\/wp\/v2\/comments?post=17436"}],"wp:featuredmedia":[{"embeddable":true,"href":"https:\/\/demoweb.info\/sexshop001\/wp-json\/wp\/v2\/media\/17437"}],"wp:attachment":[{"href":"https:\/\/demoweb.info\/sexshop001\/wp-json\/wp\/v2\/media?parent=17436"}],"wp:term":[{"taxonomy":"product_cat","embeddable":true,"href":"https:\/\/demoweb.info\/sexshop001\/wp-json\/wp\/v2\/product_cat?post=17436"},{"taxonomy":"product_tag","embeddable":true,"href":"https:\/\/demoweb.info\/sexshop001\/wp-json\/wp\/v2\/product_tag?post=17436"}],"curies":[{"name":"wp","href":"https:\/\/api.w.org\/{rel}","templated":true}]}}