{"id":17422,"date":"2022-01-22T10:44:27","date_gmt":"2022-01-22T09:44:27","guid":{"rendered":"https:\/\/demoweb.info\/sexshop001\/producto\/pene-realistico-3d-cock-swinging-balls-245cm\/"},"modified":"2022-01-22T10:44:50","modified_gmt":"2022-01-22T09:44:50","slug":"pene-realistico-3d-cock-swinging-balls-245cm","status":"publish","type":"product","link":"https:\/\/demoweb.info\/sexshop001\/producto\/pene-realistico-3d-cock-swinging-balls-245cm\/","title":{"rendered":"PENE REAL\u00cdSTICO 3D COCK SWINGING BALLS 24,5CM"},"content":{"rendered":"<p><strong>3D COCK SWINGING BALLS<\/strong><\/p>\n<p>\u00a1Siente la diferencia!<\/p>\n<p>El consolador King Cock Plus Triple Density est\u00e1 hecho de material Fanta Flesh nuevo y mejorado, lo que lo hace r\u00edgido por dentro y suave por fuera. Cada King Cock se fabrica de manera responsable con materiales que cumplen con las normas y se revisa cuidadosamente para que coincida con nuestras pautas de calidad superior. Puede disfrutar de cada obra maestra de King Cock con total confianza.<\/p>\n<p>Test\u00edculos oscilantes realistas: los test\u00edculos especialmente dise\u00f1ados y un saco flexible se sienten como test\u00edculos oscilantes ultrarrealistas con cada empuje.<\/p>\n<p>Mayor realismo: la piel exterior realista es suave al tacto, mientras que el eje interior est\u00e1 r\u00edgido y erecto como un pene real, \u00a1haciendo que su experiencia de placer sea lo m\u00e1s fiel posible a la vida real!<\/p>\n<p>Menos aroma: la f\u00f3rmula mejorada reduce significativamente el aroma que se puede asociar con otros productos basados en TPE.<\/p>\n<p>Estabilidad mejorada de la ventosa: la ventosa s\u00f3lida ha sido redise\u00f1ada para una mayor adherencia, brind\u00e1ndole m\u00e1s versatilidad y conveniencia durante el uso.<\/p>\n<p>La base ancha es compatible con arn\u00e9s con correa: la ventosa tambi\u00e9n hace que este consolador King Cock Plus de triple densidad sea compatible con el arn\u00e9s si lo desea.<\/p>\n<p>Caracter\u00edsticas:<\/p>\n<ul>\n<li>Longitud total 24.5 cm<\/li>\n<li>Di\u00e1metro 5 cm<\/li>\n<li>Longitud insertable 17,8 cm<\/li>\n<li>Bodysafe Si<\/li>\n<li>Material TPE<\/li>\n<\/ul>\n","protected":false},"excerpt":{"rendered":"<p>3D COCK SWINGING BALLS \u00a1Siente la diferencia! El consolador King Cock Plus Triple Density est\u00e1 hecho de material Fanta Flesh<\/p>\n","protected":false},"featured_media":17423,"comment_status":"open","ping_status":"open","template":"","meta":[],"product_cat":[386],"product_tag":[489,259],"class_list":["post-17422","product","type-product","status-publish","has-post-thumbnail","hentry","product_cat-realisticos","product_tag-king-cock","product_tag-pipedream"],"bundled_by":[],"bundle_stock_status":"instock","bundle_stock_quantity":1,"bundle_virtual":false,"bundle_layout":"","bundle_add_to_cart_form_location":"","bundle_editable_in_cart":false,"bundle_sold_individually_context":"","bundle_item_grouping":"","bundle_min_size":"","bundle_max_size":"","bundled_items":[],"yoast_head":"<!-- This site is optimized with the Yoast SEO plugin v20.6 - https:\/\/yoast.com\/wordpress\/plugins\/seo\/ -->\n<title>PENE REAL\u00cdSTICO 3D COCK SWINGING BALLS 24,5CM - Tienda Er\u00f3tica<\/title>\n<meta name=\"robots\" content=\"noindex, follow, max-snippet:-1, max-image-preview:large, max-video-preview:-1\" \/>\n<meta property=\"og:locale\" content=\"es_ES\" \/>\n<meta property=\"og:type\" content=\"article\" \/>\n<meta property=\"og:title\" content=\"PENE REAL\u00cdSTICO 3D COCK SWINGING BALLS 24,5CM - Tienda Er\u00f3tica\" \/>\n<meta property=\"og:description\" content=\"3D COCK SWINGING BALLS \u00a1Siente la diferencia! El consolador King Cock Plus Triple Density est\u00e1 hecho de material Fanta Flesh\" \/>\n<meta property=\"og:url\" content=\"https:\/\/demoweb.info\/sexshop001\/producto\/pene-realistico-3d-cock-swinging-balls-245cm\/\" \/>\n<meta property=\"og:site_name\" content=\"Tienda Er\u00f3tica\" \/>\n<meta property=\"article:modified_time\" content=\"2022-01-22T09:44:50+00:00\" \/>\n<meta property=\"og:image\" content=\"https:\/\/demoweb.info\/sexshop001\/wp-content\/uploads\/2022\/01\/PENE-REALISTICO-3D-COCK-SWINGING-BALLS-245CM.jpg\" \/>\n\t<meta property=\"og:image:width\" content=\"550\" \/>\n\t<meta property=\"og:image:height\" content=\"550\" \/>\n\t<meta property=\"og:image:type\" content=\"image\/jpeg\" \/>\n<meta name=\"twitter:card\" content=\"summary_large_image\" \/>\n<meta name=\"twitter:label1\" content=\"Tiempo de lectura\" \/>\n\t<meta name=\"twitter:data1\" content=\"1 minuto\" \/>\n<script type=\"application\/ld+json\" class=\"yoast-schema-graph\">{\"@context\":\"https:\/\/schema.org\",\"@graph\":[{\"@type\":\"WebPage\",\"@id\":\"https:\/\/demoweb.info\/sexshop001\/producto\/pene-realistico-3d-cock-swinging-balls-245cm\/\",\"url\":\"https:\/\/demoweb.info\/sexshop001\/producto\/pene-realistico-3d-cock-swinging-balls-245cm\/\",\"name\":\"PENE REAL\u00cdSTICO 3D COCK SWINGING BALLS 24,5CM - Tienda Er\u00f3tica\",\"isPartOf\":{\"@id\":\"https:\/\/demoweb.info\/sexshop001\/#website\"},\"datePublished\":\"2022-01-22T09:44:27+00:00\",\"dateModified\":\"2022-01-22T09:44:50+00:00\",\"breadcrumb\":{\"@id\":\"https:\/\/demoweb.info\/sexshop001\/producto\/pene-realistico-3d-cock-swinging-balls-245cm\/#breadcrumb\"},\"inLanguage\":\"es\",\"potentialAction\":[{\"@type\":\"ReadAction\",\"target\":[\"https:\/\/demoweb.info\/sexshop001\/producto\/pene-realistico-3d-cock-swinging-balls-245cm\/\"]}]},{\"@type\":\"BreadcrumbList\",\"@id\":\"https:\/\/demoweb.info\/sexshop001\/producto\/pene-realistico-3d-cock-swinging-balls-245cm\/#breadcrumb\",\"itemListElement\":[{\"@type\":\"ListItem\",\"position\":1,\"name\":\"Portada\",\"item\":\"https:\/\/demoweb.info\/sexshop001\/\"},{\"@type\":\"ListItem\",\"position\":2,\"name\":\"Tienda\",\"item\":\"https:\/\/demoweb.info\/sexshop001\/tienda\/\"},{\"@type\":\"ListItem\",\"position\":3,\"name\":\"PENE REAL\u00cdSTICO 3D COCK SWINGING BALLS 24,5CM\"}]},{\"@type\":\"WebSite\",\"@id\":\"https:\/\/demoweb.info\/sexshop001\/#website\",\"url\":\"https:\/\/demoweb.info\/sexshop001\/\",\"name\":\"Tienda Er\u00f3tica\",\"description\":\"DEMOWEB SL\",\"potentialAction\":[{\"@type\":\"SearchAction\",\"target\":{\"@type\":\"EntryPoint\",\"urlTemplate\":\"https:\/\/demoweb.info\/sexshop001\/?s={search_term_string}\"},\"query-input\":\"required name=search_term_string\"}],\"inLanguage\":\"es\"}]}<\/script>\n<!-- \/ Yoast SEO plugin. -->","yoast_head_json":{"title":"PENE REAL\u00cdSTICO 3D COCK SWINGING BALLS 24,5CM - Tienda Er\u00f3tica","robots":{"index":"noindex","follow":"follow","max-snippet":"max-snippet:-1","max-image-preview":"max-image-preview:large","max-video-preview":"max-video-preview:-1"},"og_locale":"es_ES","og_type":"article","og_title":"PENE REAL\u00cdSTICO 3D COCK SWINGING BALLS 24,5CM - Tienda Er\u00f3tica","og_description":"3D COCK SWINGING BALLS \u00a1Siente la diferencia! El consolador King Cock Plus Triple Density est\u00e1 hecho de material Fanta Flesh","og_url":"https:\/\/demoweb.info\/sexshop001\/producto\/pene-realistico-3d-cock-swinging-balls-245cm\/","og_site_name":"Tienda Er\u00f3tica","article_modified_time":"2022-01-22T09:44:50+00:00","og_image":[{"width":550,"height":550,"url":"https:\/\/demoweb.info\/sexshop001\/wp-content\/uploads\/2022\/01\/PENE-REALISTICO-3D-COCK-SWINGING-BALLS-245CM.jpg","type":"image\/jpeg"}],"twitter_card":"summary_large_image","twitter_misc":{"Tiempo de lectura":"1 minuto"},"schema":{"@context":"https:\/\/schema.org","@graph":[{"@type":"WebPage","@id":"https:\/\/demoweb.info\/sexshop001\/producto\/pene-realistico-3d-cock-swinging-balls-245cm\/","url":"https:\/\/demoweb.info\/sexshop001\/producto\/pene-realistico-3d-cock-swinging-balls-245cm\/","name":"PENE REAL\u00cdSTICO 3D COCK SWINGING BALLS 24,5CM - Tienda Er\u00f3tica","isPartOf":{"@id":"https:\/\/demoweb.info\/sexshop001\/#website"},"datePublished":"2022-01-22T09:44:27+00:00","dateModified":"2022-01-22T09:44:50+00:00","breadcrumb":{"@id":"https:\/\/demoweb.info\/sexshop001\/producto\/pene-realistico-3d-cock-swinging-balls-245cm\/#breadcrumb"},"inLanguage":"es","potentialAction":[{"@type":"ReadAction","target":["https:\/\/demoweb.info\/sexshop001\/producto\/pene-realistico-3d-cock-swinging-balls-245cm\/"]}]},{"@type":"BreadcrumbList","@id":"https:\/\/demoweb.info\/sexshop001\/producto\/pene-realistico-3d-cock-swinging-balls-245cm\/#breadcrumb","itemListElement":[{"@type":"ListItem","position":1,"name":"Portada","item":"https:\/\/demoweb.info\/sexshop001\/"},{"@type":"ListItem","position":2,"name":"Tienda","item":"https:\/\/demoweb.info\/sexshop001\/tienda\/"},{"@type":"ListItem","position":3,"name":"PENE REAL\u00cdSTICO 3D COCK SWINGING BALLS 24,5CM"}]},{"@type":"WebSite","@id":"https:\/\/demoweb.info\/sexshop001\/#website","url":"https:\/\/demoweb.info\/sexshop001\/","name":"Tienda Er\u00f3tica","description":"DEMOWEB SL","potentialAction":[{"@type":"SearchAction","target":{"@type":"EntryPoint","urlTemplate":"https:\/\/demoweb.info\/sexshop001\/?s={search_term_string}"},"query-input":"required name=search_term_string"}],"inLanguage":"es"}]}},"_links":{"self":[{"href":"https:\/\/demoweb.info\/sexshop001\/wp-json\/wp\/v3\/product\/17422","targetHints":{"allow":["GET"]}}],"collection":[{"href":"https:\/\/demoweb.info\/sexshop001\/wp-json\/wp\/v3\/product"}],"about":[{"href":"https:\/\/demoweb.info\/sexshop001\/wp-json\/wp\/v2\/types\/product"}],"replies":[{"embeddable":true,"href":"https:\/\/demoweb.info\/sexshop001\/wp-json\/wp\/v2\/comments?post=17422"}],"wp:featuredmedia":[{"embeddable":true,"href":"https:\/\/demoweb.info\/sexshop001\/wp-json\/wp\/v2\/media\/17423"}],"wp:attachment":[{"href":"https:\/\/demoweb.info\/sexshop001\/wp-json\/wp\/v2\/media?parent=17422"}],"wp:term":[{"taxonomy":"product_cat","embeddable":true,"href":"https:\/\/demoweb.info\/sexshop001\/wp-json\/wp\/v2\/product_cat?post=17422"},{"taxonomy":"product_tag","embeddable":true,"href":"https:\/\/demoweb.info\/sexshop001\/wp-json\/wp\/v2\/product_tag?post=17422"}],"curies":[{"name":"wp","href":"https:\/\/api.w.org\/{rel}","templated":true}]}}