{"id":17397,"date":"2022-01-22T10:44:27","date_gmt":"2022-01-22T09:44:27","guid":{"rendered":"https:\/\/demoweb.info\/sexshop001\/producto\/king-cock-plus-triple-threat\/"},"modified":"2022-01-22T10:44:36","modified_gmt":"2022-01-22T09:44:36","slug":"king-cock-plus-triple-threat","status":"publish","type":"product","link":"https:\/\/demoweb.info\/sexshop001\/producto\/king-cock-plus-triple-threat\/","title":{"rendered":"KING COCK PLUS TRIPLE THREAT"},"content":{"rendered":"<p><strong>KING COCK PLUS TRIPLE THREAT<\/strong><\/p>\n<p>\u00a1Siente la diferencia! El King Cock Plus Thrusting Cock With Balls es verdaderamente una triple amenaza que presenta un movimiento de empuje accionado por pist\u00f3n de 2,5 cm de profundidad, calentamiento interno a la temperatura corporal en minutos y poderosas vibraciones estimulantes para la mejor experiencia.<\/p>\n<p>El placer de empujar est\u00e1 dise\u00f1ado para responder naturalmente, masajeando cada movimiento, r\u00e1pido o lento.<\/p>\n<p>La simple presi\u00f3n de un bot\u00f3n activa las 7 funciones \u00fanicas del motor vibratorio, que est\u00e1 estrat\u00e9gicamente ubicado en la punta del Thrusting Cock para se\u00f1alar el placer interno y externo.<\/p>\n<p>Para una estimulaci\u00f3n \u00f3ptima, la vibraci\u00f3n din\u00e1mica combinada con la acci\u00f3n de empuje sensible y el calentamiento interno crean resultados org\u00e1smicos explosivos en todo momento.<\/p>\n<p>Caracter\u00edsticas:<\/p>\n<ul>\n<li>Dimensiones del producto    Motor: 10.5 x \u00d8 5.5 cm | Dildo: 16.6 x \u00d8 3.6 cm<\/li>\n<li>Longitud total    27.1 cm<\/li>\n<li>Di\u00e1metro    3.6 cm<\/li>\n<li>Longitud insertable    14 cm<\/li>\n<li>Vibrando    Si<\/li>\n<li>Modos de vibraci\u00f3n    4<\/li>\n<li>Modos de velocidad    3<\/li>\n<li>Bodysafe    Si<\/li>\n<li>Material    TPE | ABS Plastic<\/li>\n<li>Recargable    Si<\/li>\n<li>Pilas requeridas    Lithium Ion<\/li>\n<li>Tiempo de carga en minutos    150<\/li>\n<li>Tiempo de funcionamiento en minutos    25<\/li>\n<li>Calienta    Si<\/li>\n<\/ul>\n","protected":false},"excerpt":{"rendered":"<p>KING COCK PLUS TRIPLE THREAT \u00a1Siente la diferencia! El King Cock Plus Thrusting Cock With Balls es verdaderamente una triple<\/p>\n","protected":false},"featured_media":17398,"comment_status":"open","ping_status":"open","template":"","meta":[],"product_cat":[386],"product_tag":[489,259],"class_list":["post-17397","product","type-product","status-publish","has-post-thumbnail","hentry","product_cat-realisticos","product_tag-king-cock","product_tag-pipedream"],"bundled_by":[],"bundle_stock_status":"instock","bundle_stock_quantity":1,"bundle_virtual":false,"bundle_layout":"","bundle_add_to_cart_form_location":"","bundle_editable_in_cart":false,"bundle_sold_individually_context":"","bundle_item_grouping":"","bundle_min_size":"","bundle_max_size":"","bundled_items":[],"yoast_head":"<!-- This site is optimized with the Yoast SEO plugin v20.6 - https:\/\/yoast.com\/wordpress\/plugins\/seo\/ -->\n<title>KING COCK PLUS TRIPLE THREAT - Tienda Er\u00f3tica<\/title>\n<meta name=\"robots\" content=\"noindex, follow, max-snippet:-1, max-image-preview:large, max-video-preview:-1\" \/>\n<meta property=\"og:locale\" content=\"es_ES\" \/>\n<meta property=\"og:type\" content=\"article\" \/>\n<meta property=\"og:title\" content=\"KING COCK PLUS TRIPLE THREAT - Tienda Er\u00f3tica\" \/>\n<meta property=\"og:description\" content=\"KING COCK PLUS TRIPLE THREAT \u00a1Siente la diferencia! El King Cock Plus Thrusting Cock With Balls es verdaderamente una triple\" \/>\n<meta property=\"og:url\" content=\"https:\/\/demoweb.info\/sexshop001\/producto\/king-cock-plus-triple-threat\/\" \/>\n<meta property=\"og:site_name\" content=\"Tienda Er\u00f3tica\" \/>\n<meta property=\"article:modified_time\" content=\"2022-01-22T09:44:36+00:00\" \/>\n<meta property=\"og:image\" content=\"https:\/\/demoweb.info\/sexshop001\/wp-content\/uploads\/2022\/01\/KING-COCK-PLUS-TRIPLE-THREAT.jpg\" \/>\n\t<meta property=\"og:image:width\" content=\"550\" \/>\n\t<meta property=\"og:image:height\" content=\"550\" \/>\n\t<meta property=\"og:image:type\" content=\"image\/jpeg\" \/>\n<meta name=\"twitter:card\" content=\"summary_large_image\" \/>\n<meta name=\"twitter:label1\" content=\"Tiempo de lectura\" \/>\n\t<meta name=\"twitter:data1\" content=\"1 minuto\" \/>\n<script type=\"application\/ld+json\" class=\"yoast-schema-graph\">{\"@context\":\"https:\/\/schema.org\",\"@graph\":[{\"@type\":\"WebPage\",\"@id\":\"https:\/\/demoweb.info\/sexshop001\/producto\/king-cock-plus-triple-threat\/\",\"url\":\"https:\/\/demoweb.info\/sexshop001\/producto\/king-cock-plus-triple-threat\/\",\"name\":\"KING COCK PLUS TRIPLE THREAT - Tienda Er\u00f3tica\",\"isPartOf\":{\"@id\":\"https:\/\/demoweb.info\/sexshop001\/#website\"},\"datePublished\":\"2022-01-22T09:44:27+00:00\",\"dateModified\":\"2022-01-22T09:44:36+00:00\",\"breadcrumb\":{\"@id\":\"https:\/\/demoweb.info\/sexshop001\/producto\/king-cock-plus-triple-threat\/#breadcrumb\"},\"inLanguage\":\"es\",\"potentialAction\":[{\"@type\":\"ReadAction\",\"target\":[\"https:\/\/demoweb.info\/sexshop001\/producto\/king-cock-plus-triple-threat\/\"]}]},{\"@type\":\"BreadcrumbList\",\"@id\":\"https:\/\/demoweb.info\/sexshop001\/producto\/king-cock-plus-triple-threat\/#breadcrumb\",\"itemListElement\":[{\"@type\":\"ListItem\",\"position\":1,\"name\":\"Portada\",\"item\":\"https:\/\/demoweb.info\/sexshop001\/\"},{\"@type\":\"ListItem\",\"position\":2,\"name\":\"Tienda\",\"item\":\"https:\/\/demoweb.info\/sexshop001\/tienda\/\"},{\"@type\":\"ListItem\",\"position\":3,\"name\":\"KING COCK PLUS TRIPLE THREAT\"}]},{\"@type\":\"WebSite\",\"@id\":\"https:\/\/demoweb.info\/sexshop001\/#website\",\"url\":\"https:\/\/demoweb.info\/sexshop001\/\",\"name\":\"Tienda Er\u00f3tica\",\"description\":\"DEMOWEB SL\",\"potentialAction\":[{\"@type\":\"SearchAction\",\"target\":{\"@type\":\"EntryPoint\",\"urlTemplate\":\"https:\/\/demoweb.info\/sexshop001\/?s={search_term_string}\"},\"query-input\":\"required name=search_term_string\"}],\"inLanguage\":\"es\"}]}<\/script>\n<!-- \/ Yoast SEO plugin. -->","yoast_head_json":{"title":"KING COCK PLUS TRIPLE THREAT - Tienda Er\u00f3tica","robots":{"index":"noindex","follow":"follow","max-snippet":"max-snippet:-1","max-image-preview":"max-image-preview:large","max-video-preview":"max-video-preview:-1"},"og_locale":"es_ES","og_type":"article","og_title":"KING COCK PLUS TRIPLE THREAT - Tienda Er\u00f3tica","og_description":"KING COCK PLUS TRIPLE THREAT \u00a1Siente la diferencia! El King Cock Plus Thrusting Cock With Balls es verdaderamente una triple","og_url":"https:\/\/demoweb.info\/sexshop001\/producto\/king-cock-plus-triple-threat\/","og_site_name":"Tienda Er\u00f3tica","article_modified_time":"2022-01-22T09:44:36+00:00","og_image":[{"width":550,"height":550,"url":"https:\/\/demoweb.info\/sexshop001\/wp-content\/uploads\/2022\/01\/KING-COCK-PLUS-TRIPLE-THREAT.jpg","type":"image\/jpeg"}],"twitter_card":"summary_large_image","twitter_misc":{"Tiempo de lectura":"1 minuto"},"schema":{"@context":"https:\/\/schema.org","@graph":[{"@type":"WebPage","@id":"https:\/\/demoweb.info\/sexshop001\/producto\/king-cock-plus-triple-threat\/","url":"https:\/\/demoweb.info\/sexshop001\/producto\/king-cock-plus-triple-threat\/","name":"KING COCK PLUS TRIPLE THREAT - Tienda Er\u00f3tica","isPartOf":{"@id":"https:\/\/demoweb.info\/sexshop001\/#website"},"datePublished":"2022-01-22T09:44:27+00:00","dateModified":"2022-01-22T09:44:36+00:00","breadcrumb":{"@id":"https:\/\/demoweb.info\/sexshop001\/producto\/king-cock-plus-triple-threat\/#breadcrumb"},"inLanguage":"es","potentialAction":[{"@type":"ReadAction","target":["https:\/\/demoweb.info\/sexshop001\/producto\/king-cock-plus-triple-threat\/"]}]},{"@type":"BreadcrumbList","@id":"https:\/\/demoweb.info\/sexshop001\/producto\/king-cock-plus-triple-threat\/#breadcrumb","itemListElement":[{"@type":"ListItem","position":1,"name":"Portada","item":"https:\/\/demoweb.info\/sexshop001\/"},{"@type":"ListItem","position":2,"name":"Tienda","item":"https:\/\/demoweb.info\/sexshop001\/tienda\/"},{"@type":"ListItem","position":3,"name":"KING COCK PLUS TRIPLE THREAT"}]},{"@type":"WebSite","@id":"https:\/\/demoweb.info\/sexshop001\/#website","url":"https:\/\/demoweb.info\/sexshop001\/","name":"Tienda Er\u00f3tica","description":"DEMOWEB SL","potentialAction":[{"@type":"SearchAction","target":{"@type":"EntryPoint","urlTemplate":"https:\/\/demoweb.info\/sexshop001\/?s={search_term_string}"},"query-input":"required name=search_term_string"}],"inLanguage":"es"}]}},"_links":{"self":[{"href":"https:\/\/demoweb.info\/sexshop001\/wp-json\/wp\/v3\/product\/17397","targetHints":{"allow":["GET"]}}],"collection":[{"href":"https:\/\/demoweb.info\/sexshop001\/wp-json\/wp\/v3\/product"}],"about":[{"href":"https:\/\/demoweb.info\/sexshop001\/wp-json\/wp\/v2\/types\/product"}],"replies":[{"embeddable":true,"href":"https:\/\/demoweb.info\/sexshop001\/wp-json\/wp\/v2\/comments?post=17397"}],"wp:featuredmedia":[{"embeddable":true,"href":"https:\/\/demoweb.info\/sexshop001\/wp-json\/wp\/v2\/media\/17398"}],"wp:attachment":[{"href":"https:\/\/demoweb.info\/sexshop001\/wp-json\/wp\/v2\/media?parent=17397"}],"wp:term":[{"taxonomy":"product_cat","embeddable":true,"href":"https:\/\/demoweb.info\/sexshop001\/wp-json\/wp\/v2\/product_cat?post=17397"},{"taxonomy":"product_tag","embeddable":true,"href":"https:\/\/demoweb.info\/sexshop001\/wp-json\/wp\/v2\/product_tag?post=17397"}],"curies":[{"name":"wp","href":"https:\/\/api.w.org\/{rel}","templated":true}]}}