{"id":17383,"date":"2022-01-22T10:44:27","date_gmt":"2022-01-22T09:44:27","guid":{"rendered":"https:\/\/demoweb.info\/sexshop001\/producto\/icicles-no-84\/"},"modified":"2022-01-22T10:44:30","modified_gmt":"2022-01-22T09:44:30","slug":"icicles-no-84","status":"publish","type":"product","link":"https:\/\/demoweb.info\/sexshop001\/producto\/icicles-no-84\/","title":{"rendered":"ICICLES NO 84"},"content":{"rendered":"<p><strong>ICICLES NO 84<\/strong><\/p>\n<p>El Icicle n&ordm; 84 est\u00e1 dise\u00f1ado para crear la experiencia definitiva en sesiones de sexo en solitario o para compartirlo con una pareja y vivir una aventura sexual sublime. Este plug multifunci\u00f3n de cristal vibrador para el punto P cuenta con una punta curvada para un placer preciso y una base acampanada para una f\u00e1cil extracci\u00f3n.<\/p>\n<p>El mando a distancia inal\u00e1mbrico incluido pone el control en la punta de tus dedos, o incluso mejor, en las manos de tu pareja. Recorre los 10 patrones de vibraci\u00f3n exclusivos para conseguir orgasmos realmente intensos y que te hagan sentir como una s\u00e1bana. Una potente base de ventosa de silicona extra\u00edble sostiene a Icicle. No. 84 para alcanzar esos puntos perfectos.<\/p>\n<p>Con su potente base de ventosa de silicona que mantiene el plug firmemente en su sitio, conseguir\u00e1s una excitante estimulaci\u00f3n justo donde la quieres.<\/p>\n<p>P\u00e9galo al suelo, a la pared, al poste de la cama o a casi cualquier superficie plana, y te sorprender\u00e1 c\u00f3mo se mantiene en su sitio durante cada apasionado empuj\u00f3n.<\/p>\n<p>Adem\u00e1s, el vibrador es resistente al agua, as\u00ed que convierte la hora del ba\u00f1o en la hora del juego. Experimenta la diversi\u00f3n y descubre un sinf\u00edn de posibilidades.<\/p>\n<p><strong>CARACTER\u00cdSTICAS<\/strong><\/p>\n<ul>\n<li>Informaci\u00f3n Adicional &#8211; PRECAUCI\u00d3N: Manejar con cuidado. Los tapones de vidrio pueden ser muy resbaladizos cuando est\u00e1n mojados o lubricados. Si se caen sobre un suelo de piedra o baldosa, el cristal puede astillarse o romperse. Inspeccione siempre el enchufe antes de utilizarlo y deje de usarlo inmediatamente si est\u00e1 da\u00f1ado. &#8211; Mando a distancia inal\u00e1mbrico recargable incluido: El mando a distancia recargable de un solo bot\u00f3n controla 10 funciones de vibraci\u00f3n y pone toda la potencia al alcance de su mano o de la de su pareja. &#8211; Enchufe recargable y mando a distancia &#8211; Instrucciones de uso: Mant\u00e9n pulsado el bot\u00f3n de encendido del vibrador o del mando inal\u00e1mbrico durante 3 segundos para encenderlo. Pulsa el bot\u00f3n de encendido para recorrer los 7 niveles y las 3 velocidades de vibraci\u00f3n. Para apagarlo, mant\u00e9n pulsado el bot\u00f3n de encendido durante 3 segundos. &#8211; Instrucciones de cuidado: La limpieza es muy f\u00e1cil despu\u00e9s de la diversi\u00f3n con ToyCleaner y agua tibia. NOTA: El mando no es impermeable. L\u00edmpielo suavemente con un pa\u00f1o h\u00famedo y no lo sumerja.<\/li>\n<li>Longitud total: 10,6 cm<\/li>\n<li>Di\u00e1metro: 3,1 cm<\/li>\n<li>Longitud insertable: 9,1 cm<\/li>\n<li>Vibrando: Si<\/li>\n<li>Modos de vibraci\u00f3n: 7<\/li>\n<li>Modos de velocidad: 3<\/li>\n<li>Resistencia al agua: Impermeable<\/li>\n<li>Seguro para el cuerpo: Si<\/li>\n<li>Material Juguete: Vidrio | Base de succi\u00f3n: Silicona | Bala: Pl\u00e1stico ABS<\/li>\n<li>Recargable: Si<\/li>\n<li>Pilas requeridas: Lithium Ion<\/li>\n<li>Tiempo de carga en minutos: 120<\/li>\n<li>Tiempo de funcionamiento en minutos: 45<\/li>\n<li>Control remoto: Si\n\t <\/li>\n<\/ul>\n","protected":false},"excerpt":{"rendered":"<p>ICICLES NO 84 El Icicle n&ordm; 84 est\u00e1 dise\u00f1ado para crear la experiencia definitiva en sesiones de sexo en solitario<\/p>\n","protected":false},"featured_media":17384,"comment_status":"open","ping_status":"open","template":"","meta":[],"product_cat":[462],"product_tag":[793,259],"class_list":["post-17383","product","type-product","status-publish","has-post-thumbnail","hentry","product_cat-cristal","product_tag-icicles","product_tag-pipedream"],"bundled_by":[],"bundle_stock_status":"instock","bundle_stock_quantity":1,"bundle_virtual":false,"bundle_layout":"","bundle_add_to_cart_form_location":"","bundle_editable_in_cart":false,"bundle_sold_individually_context":"","bundle_item_grouping":"","bundle_min_size":"","bundle_max_size":"","bundled_items":[],"yoast_head":"<!-- This site is optimized with the Yoast SEO plugin v20.6 - https:\/\/yoast.com\/wordpress\/plugins\/seo\/ -->\n<title>ICICLES NO 84 - Tienda Er\u00f3tica<\/title>\n<meta name=\"robots\" content=\"noindex, follow, max-snippet:-1, max-image-preview:large, max-video-preview:-1\" \/>\n<meta property=\"og:locale\" content=\"es_ES\" \/>\n<meta property=\"og:type\" content=\"article\" \/>\n<meta property=\"og:title\" content=\"ICICLES NO 84 - Tienda Er\u00f3tica\" \/>\n<meta property=\"og:description\" content=\"ICICLES NO 84 El Icicle n&ordm; 84 est\u00e1 dise\u00f1ado para crear la experiencia definitiva en sesiones de sexo en solitario\" \/>\n<meta property=\"og:url\" content=\"https:\/\/demoweb.info\/sexshop001\/producto\/icicles-no-84\/\" \/>\n<meta property=\"og:site_name\" content=\"Tienda Er\u00f3tica\" \/>\n<meta property=\"article:modified_time\" content=\"2022-01-22T09:44:30+00:00\" \/>\n<meta property=\"og:image\" content=\"https:\/\/demoweb.info\/sexshop001\/wp-content\/uploads\/2022\/01\/ICICLES-NO-84.jpg\" \/>\n\t<meta property=\"og:image:width\" content=\"550\" \/>\n\t<meta property=\"og:image:height\" content=\"550\" \/>\n\t<meta property=\"og:image:type\" content=\"image\/jpeg\" \/>\n<meta name=\"twitter:card\" content=\"summary_large_image\" \/>\n<meta name=\"twitter:label1\" content=\"Tiempo de lectura\" \/>\n\t<meta name=\"twitter:data1\" content=\"2 minutos\" \/>\n<script type=\"application\/ld+json\" class=\"yoast-schema-graph\">{\"@context\":\"https:\/\/schema.org\",\"@graph\":[{\"@type\":\"WebPage\",\"@id\":\"https:\/\/demoweb.info\/sexshop001\/producto\/icicles-no-84\/\",\"url\":\"https:\/\/demoweb.info\/sexshop001\/producto\/icicles-no-84\/\",\"name\":\"ICICLES NO 84 - Tienda Er\u00f3tica\",\"isPartOf\":{\"@id\":\"https:\/\/demoweb.info\/sexshop001\/#website\"},\"datePublished\":\"2022-01-22T09:44:27+00:00\",\"dateModified\":\"2022-01-22T09:44:30+00:00\",\"breadcrumb\":{\"@id\":\"https:\/\/demoweb.info\/sexshop001\/producto\/icicles-no-84\/#breadcrumb\"},\"inLanguage\":\"es\",\"potentialAction\":[{\"@type\":\"ReadAction\",\"target\":[\"https:\/\/demoweb.info\/sexshop001\/producto\/icicles-no-84\/\"]}]},{\"@type\":\"BreadcrumbList\",\"@id\":\"https:\/\/demoweb.info\/sexshop001\/producto\/icicles-no-84\/#breadcrumb\",\"itemListElement\":[{\"@type\":\"ListItem\",\"position\":1,\"name\":\"Portada\",\"item\":\"https:\/\/demoweb.info\/sexshop001\/\"},{\"@type\":\"ListItem\",\"position\":2,\"name\":\"Tienda\",\"item\":\"https:\/\/demoweb.info\/sexshop001\/tienda\/\"},{\"@type\":\"ListItem\",\"position\":3,\"name\":\"ICICLES NO 84\"}]},{\"@type\":\"WebSite\",\"@id\":\"https:\/\/demoweb.info\/sexshop001\/#website\",\"url\":\"https:\/\/demoweb.info\/sexshop001\/\",\"name\":\"Tienda Er\u00f3tica\",\"description\":\"DEMOWEB SL\",\"potentialAction\":[{\"@type\":\"SearchAction\",\"target\":{\"@type\":\"EntryPoint\",\"urlTemplate\":\"https:\/\/demoweb.info\/sexshop001\/?s={search_term_string}\"},\"query-input\":\"required name=search_term_string\"}],\"inLanguage\":\"es\"}]}<\/script>\n<!-- \/ Yoast SEO plugin. -->","yoast_head_json":{"title":"ICICLES NO 84 - Tienda Er\u00f3tica","robots":{"index":"noindex","follow":"follow","max-snippet":"max-snippet:-1","max-image-preview":"max-image-preview:large","max-video-preview":"max-video-preview:-1"},"og_locale":"es_ES","og_type":"article","og_title":"ICICLES NO 84 - Tienda Er\u00f3tica","og_description":"ICICLES NO 84 El Icicle n&ordm; 84 est\u00e1 dise\u00f1ado para crear la experiencia definitiva en sesiones de sexo en solitario","og_url":"https:\/\/demoweb.info\/sexshop001\/producto\/icicles-no-84\/","og_site_name":"Tienda Er\u00f3tica","article_modified_time":"2022-01-22T09:44:30+00:00","og_image":[{"width":550,"height":550,"url":"https:\/\/demoweb.info\/sexshop001\/wp-content\/uploads\/2022\/01\/ICICLES-NO-84.jpg","type":"image\/jpeg"}],"twitter_card":"summary_large_image","twitter_misc":{"Tiempo de lectura":"2 minutos"},"schema":{"@context":"https:\/\/schema.org","@graph":[{"@type":"WebPage","@id":"https:\/\/demoweb.info\/sexshop001\/producto\/icicles-no-84\/","url":"https:\/\/demoweb.info\/sexshop001\/producto\/icicles-no-84\/","name":"ICICLES NO 84 - Tienda Er\u00f3tica","isPartOf":{"@id":"https:\/\/demoweb.info\/sexshop001\/#website"},"datePublished":"2022-01-22T09:44:27+00:00","dateModified":"2022-01-22T09:44:30+00:00","breadcrumb":{"@id":"https:\/\/demoweb.info\/sexshop001\/producto\/icicles-no-84\/#breadcrumb"},"inLanguage":"es","potentialAction":[{"@type":"ReadAction","target":["https:\/\/demoweb.info\/sexshop001\/producto\/icicles-no-84\/"]}]},{"@type":"BreadcrumbList","@id":"https:\/\/demoweb.info\/sexshop001\/producto\/icicles-no-84\/#breadcrumb","itemListElement":[{"@type":"ListItem","position":1,"name":"Portada","item":"https:\/\/demoweb.info\/sexshop001\/"},{"@type":"ListItem","position":2,"name":"Tienda","item":"https:\/\/demoweb.info\/sexshop001\/tienda\/"},{"@type":"ListItem","position":3,"name":"ICICLES NO 84"}]},{"@type":"WebSite","@id":"https:\/\/demoweb.info\/sexshop001\/#website","url":"https:\/\/demoweb.info\/sexshop001\/","name":"Tienda Er\u00f3tica","description":"DEMOWEB SL","potentialAction":[{"@type":"SearchAction","target":{"@type":"EntryPoint","urlTemplate":"https:\/\/demoweb.info\/sexshop001\/?s={search_term_string}"},"query-input":"required name=search_term_string"}],"inLanguage":"es"}]}},"_links":{"self":[{"href":"https:\/\/demoweb.info\/sexshop001\/wp-json\/wp\/v3\/product\/17383","targetHints":{"allow":["GET"]}}],"collection":[{"href":"https:\/\/demoweb.info\/sexshop001\/wp-json\/wp\/v3\/product"}],"about":[{"href":"https:\/\/demoweb.info\/sexshop001\/wp-json\/wp\/v2\/types\/product"}],"replies":[{"embeddable":true,"href":"https:\/\/demoweb.info\/sexshop001\/wp-json\/wp\/v2\/comments?post=17383"}],"wp:featuredmedia":[{"embeddable":true,"href":"https:\/\/demoweb.info\/sexshop001\/wp-json\/wp\/v2\/media\/17384"}],"wp:attachment":[{"href":"https:\/\/demoweb.info\/sexshop001\/wp-json\/wp\/v2\/media?parent=17383"}],"wp:term":[{"taxonomy":"product_cat","embeddable":true,"href":"https:\/\/demoweb.info\/sexshop001\/wp-json\/wp\/v2\/product_cat?post=17383"},{"taxonomy":"product_tag","embeddable":true,"href":"https:\/\/demoweb.info\/sexshop001\/wp-json\/wp\/v2\/product_tag?post=17383"}],"curies":[{"name":"wp","href":"https:\/\/api.w.org\/{rel}","templated":true}]}}