{"id":17289,"date":"2022-01-22T10:43:49","date_gmt":"2022-01-22T09:43:49","guid":{"rendered":"https:\/\/demoweb.info\/sexshop001\/producto\/set-anillos-pene-multicolor-stamina-rings\/"},"modified":"2022-01-22T10:43:51","modified_gmt":"2022-01-22T09:43:51","slug":"set-anillos-pene-multicolor-stamina-rings","status":"publish","type":"product","link":"https:\/\/demoweb.info\/sexshop001\/producto\/set-anillos-pene-multicolor-stamina-rings\/","title":{"rendered":"SET ANILLOS PENE  MULTICOLOR &#8211; STAMINA RINGS"},"content":{"rendered":"<p><strong>STAMINA RINGS &#8211; MULTICOLOR<\/strong><\/p>\n<p>Anillos Renegade Resistencia: ideal para el placer duradero. Es f\u00e1cil de estirar para adaptarse a cualquier tama\u00f1o. Combine varios anillos para una experiencia m\u00e1s agradable. Hecho de elast\u00f3mero termopl\u00e1stico, aseguro para salud, y son adecuados para su uso con cualquier lubricante.<\/p>\n<p><strong>CARACTER\u00cdSTICAS<\/strong><\/p>\n<ul>\n<li>Dimensiones del producto: 24,5 x 5,1 x 5,1<\/li>\n<li>Longitud total: de 24,5 a 29,2 cm<\/li>\n<li>Di\u00e1metro: 3,8 cm<\/li>\n<li>Longitud insertable: de 12 a 17 cm<\/li>\n<li>Modos de vibraci\u00f3n: 10<\/li>\n<li>Modos de velocidad: 3<\/li>\n<li>Resistencia al agua: A prueba de salpicaduras<\/li>\n<li>Seguro para el cuerpo: S\u00ed<\/li>\n<li>Material: Silicona | Pl\u00e1stico ABS<\/li>\n<li>Bater\u00edas necesarias: Ion de litio<\/li>\n<\/ul>\n","protected":false},"excerpt":{"rendered":"<p>STAMINA RINGS &#8211; MULTICOLOR Anillos Renegade Resistencia: ideal para el placer duradero. Es f\u00e1cil de estirar para adaptarse a cualquier<\/p>\n","protected":false},"featured_media":17290,"comment_status":"open","ping_status":"open","template":"","meta":[],"product_cat":[323],"product_tag":[666,670],"class_list":["post-17289","product","type-product","status-publish","has-post-thumbnail","hentry","product_cat-silicona-anillos","product_tag-nsnovelties","product_tag-renegade"],"bundled_by":[],"bundle_stock_status":"outofstock","bundle_stock_quantity":0,"bundle_virtual":false,"bundle_layout":"","bundle_add_to_cart_form_location":"","bundle_editable_in_cart":false,"bundle_sold_individually_context":"","bundle_item_grouping":"","bundle_min_size":"","bundle_max_size":"","bundled_items":[],"yoast_head":"<!-- This site is optimized with the Yoast SEO plugin v20.6 - https:\/\/yoast.com\/wordpress\/plugins\/seo\/ -->\n<title>SET ANILLOS PENE MULTICOLOR - STAMINA RINGS - Tienda Er\u00f3tica<\/title>\n<meta name=\"robots\" content=\"noindex, follow, max-snippet:-1, max-image-preview:large, max-video-preview:-1\" \/>\n<meta property=\"og:locale\" content=\"es_ES\" \/>\n<meta property=\"og:type\" content=\"article\" \/>\n<meta property=\"og:title\" content=\"SET ANILLOS PENE MULTICOLOR - STAMINA RINGS - Tienda Er\u00f3tica\" \/>\n<meta property=\"og:description\" content=\"STAMINA RINGS &#8211; MULTICOLOR Anillos Renegade Resistencia: ideal para el placer duradero. Es f\u00e1cil de estirar para adaptarse a cualquier\" \/>\n<meta property=\"og:url\" content=\"https:\/\/demoweb.info\/sexshop001\/producto\/set-anillos-pene-multicolor-stamina-rings\/\" \/>\n<meta property=\"og:site_name\" content=\"Tienda Er\u00f3tica\" \/>\n<meta property=\"article:modified_time\" content=\"2022-01-22T09:43:51+00:00\" \/>\n<meta property=\"og:image\" content=\"https:\/\/demoweb.info\/sexshop001\/wp-content\/uploads\/2022\/01\/SET-ANILLOS-PENE-MULTICOLOR-STAMINA-RINGS.jpg\" \/>\n\t<meta property=\"og:image:width\" content=\"550\" \/>\n\t<meta property=\"og:image:height\" content=\"550\" \/>\n\t<meta property=\"og:image:type\" content=\"image\/jpeg\" \/>\n<meta name=\"twitter:card\" content=\"summary_large_image\" \/>\n<meta name=\"twitter:label1\" content=\"Tiempo de lectura\" \/>\n\t<meta name=\"twitter:data1\" content=\"1 minuto\" \/>\n<script type=\"application\/ld+json\" class=\"yoast-schema-graph\">{\"@context\":\"https:\/\/schema.org\",\"@graph\":[{\"@type\":\"WebPage\",\"@id\":\"https:\/\/demoweb.info\/sexshop001\/producto\/set-anillos-pene-multicolor-stamina-rings\/\",\"url\":\"https:\/\/demoweb.info\/sexshop001\/producto\/set-anillos-pene-multicolor-stamina-rings\/\",\"name\":\"SET ANILLOS PENE MULTICOLOR - STAMINA RINGS - Tienda Er\u00f3tica\",\"isPartOf\":{\"@id\":\"https:\/\/demoweb.info\/sexshop001\/#website\"},\"datePublished\":\"2022-01-22T09:43:49+00:00\",\"dateModified\":\"2022-01-22T09:43:51+00:00\",\"breadcrumb\":{\"@id\":\"https:\/\/demoweb.info\/sexshop001\/producto\/set-anillos-pene-multicolor-stamina-rings\/#breadcrumb\"},\"inLanguage\":\"es\",\"potentialAction\":[{\"@type\":\"ReadAction\",\"target\":[\"https:\/\/demoweb.info\/sexshop001\/producto\/set-anillos-pene-multicolor-stamina-rings\/\"]}]},{\"@type\":\"BreadcrumbList\",\"@id\":\"https:\/\/demoweb.info\/sexshop001\/producto\/set-anillos-pene-multicolor-stamina-rings\/#breadcrumb\",\"itemListElement\":[{\"@type\":\"ListItem\",\"position\":1,\"name\":\"Portada\",\"item\":\"https:\/\/demoweb.info\/sexshop001\/\"},{\"@type\":\"ListItem\",\"position\":2,\"name\":\"Tienda\",\"item\":\"https:\/\/demoweb.info\/sexshop001\/tienda\/\"},{\"@type\":\"ListItem\",\"position\":3,\"name\":\"SET ANILLOS PENE MULTICOLOR &#8211; STAMINA RINGS\"}]},{\"@type\":\"WebSite\",\"@id\":\"https:\/\/demoweb.info\/sexshop001\/#website\",\"url\":\"https:\/\/demoweb.info\/sexshop001\/\",\"name\":\"Tienda Er\u00f3tica\",\"description\":\"DEMOWEB SL\",\"potentialAction\":[{\"@type\":\"SearchAction\",\"target\":{\"@type\":\"EntryPoint\",\"urlTemplate\":\"https:\/\/demoweb.info\/sexshop001\/?s={search_term_string}\"},\"query-input\":\"required name=search_term_string\"}],\"inLanguage\":\"es\"}]}<\/script>\n<!-- \/ Yoast SEO plugin. -->","yoast_head_json":{"title":"SET ANILLOS PENE MULTICOLOR - STAMINA RINGS - Tienda Er\u00f3tica","robots":{"index":"noindex","follow":"follow","max-snippet":"max-snippet:-1","max-image-preview":"max-image-preview:large","max-video-preview":"max-video-preview:-1"},"og_locale":"es_ES","og_type":"article","og_title":"SET ANILLOS PENE MULTICOLOR - STAMINA RINGS - Tienda Er\u00f3tica","og_description":"STAMINA RINGS &#8211; MULTICOLOR Anillos Renegade Resistencia: ideal para el placer duradero. Es f\u00e1cil de estirar para adaptarse a cualquier","og_url":"https:\/\/demoweb.info\/sexshop001\/producto\/set-anillos-pene-multicolor-stamina-rings\/","og_site_name":"Tienda Er\u00f3tica","article_modified_time":"2022-01-22T09:43:51+00:00","og_image":[{"width":550,"height":550,"url":"https:\/\/demoweb.info\/sexshop001\/wp-content\/uploads\/2022\/01\/SET-ANILLOS-PENE-MULTICOLOR-STAMINA-RINGS.jpg","type":"image\/jpeg"}],"twitter_card":"summary_large_image","twitter_misc":{"Tiempo de lectura":"1 minuto"},"schema":{"@context":"https:\/\/schema.org","@graph":[{"@type":"WebPage","@id":"https:\/\/demoweb.info\/sexshop001\/producto\/set-anillos-pene-multicolor-stamina-rings\/","url":"https:\/\/demoweb.info\/sexshop001\/producto\/set-anillos-pene-multicolor-stamina-rings\/","name":"SET ANILLOS PENE MULTICOLOR - STAMINA RINGS - Tienda Er\u00f3tica","isPartOf":{"@id":"https:\/\/demoweb.info\/sexshop001\/#website"},"datePublished":"2022-01-22T09:43:49+00:00","dateModified":"2022-01-22T09:43:51+00:00","breadcrumb":{"@id":"https:\/\/demoweb.info\/sexshop001\/producto\/set-anillos-pene-multicolor-stamina-rings\/#breadcrumb"},"inLanguage":"es","potentialAction":[{"@type":"ReadAction","target":["https:\/\/demoweb.info\/sexshop001\/producto\/set-anillos-pene-multicolor-stamina-rings\/"]}]},{"@type":"BreadcrumbList","@id":"https:\/\/demoweb.info\/sexshop001\/producto\/set-anillos-pene-multicolor-stamina-rings\/#breadcrumb","itemListElement":[{"@type":"ListItem","position":1,"name":"Portada","item":"https:\/\/demoweb.info\/sexshop001\/"},{"@type":"ListItem","position":2,"name":"Tienda","item":"https:\/\/demoweb.info\/sexshop001\/tienda\/"},{"@type":"ListItem","position":3,"name":"SET ANILLOS PENE MULTICOLOR &#8211; STAMINA RINGS"}]},{"@type":"WebSite","@id":"https:\/\/demoweb.info\/sexshop001\/#website","url":"https:\/\/demoweb.info\/sexshop001\/","name":"Tienda Er\u00f3tica","description":"DEMOWEB SL","potentialAction":[{"@type":"SearchAction","target":{"@type":"EntryPoint","urlTemplate":"https:\/\/demoweb.info\/sexshop001\/?s={search_term_string}"},"query-input":"required name=search_term_string"}],"inLanguage":"es"}]}},"_links":{"self":[{"href":"https:\/\/demoweb.info\/sexshop001\/wp-json\/wp\/v3\/product\/17289","targetHints":{"allow":["GET"]}}],"collection":[{"href":"https:\/\/demoweb.info\/sexshop001\/wp-json\/wp\/v3\/product"}],"about":[{"href":"https:\/\/demoweb.info\/sexshop001\/wp-json\/wp\/v2\/types\/product"}],"replies":[{"embeddable":true,"href":"https:\/\/demoweb.info\/sexshop001\/wp-json\/wp\/v2\/comments?post=17289"}],"wp:featuredmedia":[{"embeddable":true,"href":"https:\/\/demoweb.info\/sexshop001\/wp-json\/wp\/v2\/media\/17290"}],"wp:attachment":[{"href":"https:\/\/demoweb.info\/sexshop001\/wp-json\/wp\/v2\/media?parent=17289"}],"wp:term":[{"taxonomy":"product_cat","embeddable":true,"href":"https:\/\/demoweb.info\/sexshop001\/wp-json\/wp\/v2\/product_cat?post=17289"},{"taxonomy":"product_tag","embeddable":true,"href":"https:\/\/demoweb.info\/sexshop001\/wp-json\/wp\/v2\/product_tag?post=17289"}],"curies":[{"name":"wp","href":"https:\/\/api.w.org\/{rel}","templated":true}]}}