{"id":17286,"date":"2022-01-22T10:43:49","date_gmt":"2022-01-22T09:43:49","guid":{"rendered":"https:\/\/demoweb.info\/sexshop001\/producto\/vibrador-inya-deep-stroker-rosa\/"},"modified":"2022-01-22T10:43:50","modified_gmt":"2022-01-22T09:43:50","slug":"vibrador-inya-deep-stroker-rosa","status":"publish","type":"product","link":"https:\/\/demoweb.info\/sexshop001\/producto\/vibrador-inya-deep-stroker-rosa\/","title":{"rendered":"VIBRADOR &#8211; INYA DEEP STROKER &#8211; ROSA"},"content":{"rendered":"<p><strong>INYA DEEP STROKER &#8211; PINK<\/strong><\/p>\n<p>El Deep Stroker de INYA cuenta con un mayor rango de movimiento para una penetraci\u00f3n profunda y una intensa vibraci\u00f3n para un placer org\u00e1smico explosivo. Dentro y fuera, arriba y abajo: el Deep Stroker de INYA.<\/p>\n<p><strong>CARACTER\u00cdSTICAS<\/strong><\/p>\n<ul>\n<li>Dimensiones del producto: 24,5 x 5,1 x 5,1<\/li>\n<li>Longitud total: de 24,5 a 29,2 cm<\/li>\n<li>Di\u00e1metro: 3,8 cm<\/li>\n<li>Longitud insertable: de 12 a 17 cm<\/li>\n<li>Modos de vibraci\u00f3n: 10<\/li>\n<li>Modos de velocidad: 3<\/li>\n<li>Resistencia al agua: A prueba de salpicaduras<\/li>\n<li>Seguro para el cuerpo: S\u00ed<\/li>\n<li>Material: Silicona | Pl\u00e1stico ABS<\/li>\n<li>Bater\u00edas necesarias: Ion de litio<\/li>\n<\/ul>\n","protected":false},"excerpt":{"rendered":"<p>INYA DEEP STROKER &#8211; PINK El Deep Stroker de INYA cuenta con un mayor rango de movimiento para una penetraci\u00f3n<\/p>\n","protected":false},"featured_media":17287,"comment_status":"open","ping_status":"open","template":"","meta":[],"product_cat":[776],"product_tag":[667,666],"class_list":["post-17286","product","type-product","status-publish","has-post-thumbnail","hentry","product_cat-vibradores-dildos","product_tag-inya","product_tag-nsnovelties"],"bundled_by":[],"bundle_stock_status":"instock","bundle_stock_quantity":1,"bundle_virtual":false,"bundle_layout":"","bundle_add_to_cart_form_location":"","bundle_editable_in_cart":false,"bundle_sold_individually_context":"","bundle_item_grouping":"","bundle_min_size":"","bundle_max_size":"","bundled_items":[],"yoast_head":"<!-- This site is optimized with the Yoast SEO plugin v20.6 - https:\/\/yoast.com\/wordpress\/plugins\/seo\/ -->\n<title>VIBRADOR - INYA DEEP STROKER - ROSA - Tienda Er\u00f3tica<\/title>\n<meta name=\"robots\" content=\"noindex, follow, max-snippet:-1, max-image-preview:large, max-video-preview:-1\" \/>\n<meta property=\"og:locale\" content=\"es_ES\" \/>\n<meta property=\"og:type\" content=\"article\" \/>\n<meta property=\"og:title\" content=\"VIBRADOR - INYA DEEP STROKER - ROSA - Tienda Er\u00f3tica\" \/>\n<meta property=\"og:description\" content=\"INYA DEEP STROKER &#8211; PINK El Deep Stroker de INYA cuenta con un mayor rango de movimiento para una penetraci\u00f3n\" \/>\n<meta property=\"og:url\" content=\"https:\/\/demoweb.info\/sexshop001\/producto\/vibrador-inya-deep-stroker-rosa\/\" \/>\n<meta property=\"og:site_name\" content=\"Tienda Er\u00f3tica\" \/>\n<meta property=\"article:modified_time\" content=\"2022-01-22T09:43:50+00:00\" \/>\n<meta property=\"og:image\" content=\"https:\/\/demoweb.info\/sexshop001\/wp-content\/uploads\/2022\/01\/VIBRADOR-INYA-DEEP-STROKER-ROSA.jpg\" \/>\n\t<meta property=\"og:image:width\" content=\"550\" \/>\n\t<meta property=\"og:image:height\" content=\"550\" \/>\n\t<meta property=\"og:image:type\" content=\"image\/jpeg\" \/>\n<meta name=\"twitter:card\" content=\"summary_large_image\" \/>\n<script type=\"application\/ld+json\" class=\"yoast-schema-graph\">{\"@context\":\"https:\/\/schema.org\",\"@graph\":[{\"@type\":\"WebPage\",\"@id\":\"https:\/\/demoweb.info\/sexshop001\/producto\/vibrador-inya-deep-stroker-rosa\/\",\"url\":\"https:\/\/demoweb.info\/sexshop001\/producto\/vibrador-inya-deep-stroker-rosa\/\",\"name\":\"VIBRADOR - INYA DEEP STROKER - ROSA - Tienda Er\u00f3tica\",\"isPartOf\":{\"@id\":\"https:\/\/demoweb.info\/sexshop001\/#website\"},\"datePublished\":\"2022-01-22T09:43:49+00:00\",\"dateModified\":\"2022-01-22T09:43:50+00:00\",\"breadcrumb\":{\"@id\":\"https:\/\/demoweb.info\/sexshop001\/producto\/vibrador-inya-deep-stroker-rosa\/#breadcrumb\"},\"inLanguage\":\"es\",\"potentialAction\":[{\"@type\":\"ReadAction\",\"target\":[\"https:\/\/demoweb.info\/sexshop001\/producto\/vibrador-inya-deep-stroker-rosa\/\"]}]},{\"@type\":\"BreadcrumbList\",\"@id\":\"https:\/\/demoweb.info\/sexshop001\/producto\/vibrador-inya-deep-stroker-rosa\/#breadcrumb\",\"itemListElement\":[{\"@type\":\"ListItem\",\"position\":1,\"name\":\"Portada\",\"item\":\"https:\/\/demoweb.info\/sexshop001\/\"},{\"@type\":\"ListItem\",\"position\":2,\"name\":\"Tienda\",\"item\":\"https:\/\/demoweb.info\/sexshop001\/tienda\/\"},{\"@type\":\"ListItem\",\"position\":3,\"name\":\"VIBRADOR &#8211; INYA DEEP STROKER &#8211; ROSA\"}]},{\"@type\":\"WebSite\",\"@id\":\"https:\/\/demoweb.info\/sexshop001\/#website\",\"url\":\"https:\/\/demoweb.info\/sexshop001\/\",\"name\":\"Tienda Er\u00f3tica\",\"description\":\"DEMOWEB SL\",\"potentialAction\":[{\"@type\":\"SearchAction\",\"target\":{\"@type\":\"EntryPoint\",\"urlTemplate\":\"https:\/\/demoweb.info\/sexshop001\/?s={search_term_string}\"},\"query-input\":\"required name=search_term_string\"}],\"inLanguage\":\"es\"}]}<\/script>\n<!-- \/ Yoast SEO plugin. -->","yoast_head_json":{"title":"VIBRADOR - INYA DEEP STROKER - ROSA - Tienda Er\u00f3tica","robots":{"index":"noindex","follow":"follow","max-snippet":"max-snippet:-1","max-image-preview":"max-image-preview:large","max-video-preview":"max-video-preview:-1"},"og_locale":"es_ES","og_type":"article","og_title":"VIBRADOR - INYA DEEP STROKER - ROSA - Tienda Er\u00f3tica","og_description":"INYA DEEP STROKER &#8211; PINK El Deep Stroker de INYA cuenta con un mayor rango de movimiento para una penetraci\u00f3n","og_url":"https:\/\/demoweb.info\/sexshop001\/producto\/vibrador-inya-deep-stroker-rosa\/","og_site_name":"Tienda Er\u00f3tica","article_modified_time":"2022-01-22T09:43:50+00:00","og_image":[{"width":550,"height":550,"url":"https:\/\/demoweb.info\/sexshop001\/wp-content\/uploads\/2022\/01\/VIBRADOR-INYA-DEEP-STROKER-ROSA.jpg","type":"image\/jpeg"}],"twitter_card":"summary_large_image","schema":{"@context":"https:\/\/schema.org","@graph":[{"@type":"WebPage","@id":"https:\/\/demoweb.info\/sexshop001\/producto\/vibrador-inya-deep-stroker-rosa\/","url":"https:\/\/demoweb.info\/sexshop001\/producto\/vibrador-inya-deep-stroker-rosa\/","name":"VIBRADOR - INYA DEEP STROKER - ROSA - Tienda Er\u00f3tica","isPartOf":{"@id":"https:\/\/demoweb.info\/sexshop001\/#website"},"datePublished":"2022-01-22T09:43:49+00:00","dateModified":"2022-01-22T09:43:50+00:00","breadcrumb":{"@id":"https:\/\/demoweb.info\/sexshop001\/producto\/vibrador-inya-deep-stroker-rosa\/#breadcrumb"},"inLanguage":"es","potentialAction":[{"@type":"ReadAction","target":["https:\/\/demoweb.info\/sexshop001\/producto\/vibrador-inya-deep-stroker-rosa\/"]}]},{"@type":"BreadcrumbList","@id":"https:\/\/demoweb.info\/sexshop001\/producto\/vibrador-inya-deep-stroker-rosa\/#breadcrumb","itemListElement":[{"@type":"ListItem","position":1,"name":"Portada","item":"https:\/\/demoweb.info\/sexshop001\/"},{"@type":"ListItem","position":2,"name":"Tienda","item":"https:\/\/demoweb.info\/sexshop001\/tienda\/"},{"@type":"ListItem","position":3,"name":"VIBRADOR &#8211; INYA DEEP STROKER &#8211; ROSA"}]},{"@type":"WebSite","@id":"https:\/\/demoweb.info\/sexshop001\/#website","url":"https:\/\/demoweb.info\/sexshop001\/","name":"Tienda Er\u00f3tica","description":"DEMOWEB SL","potentialAction":[{"@type":"SearchAction","target":{"@type":"EntryPoint","urlTemplate":"https:\/\/demoweb.info\/sexshop001\/?s={search_term_string}"},"query-input":"required name=search_term_string"}],"inLanguage":"es"}]}},"_links":{"self":[{"href":"https:\/\/demoweb.info\/sexshop001\/wp-json\/wp\/v3\/product\/17286","targetHints":{"allow":["GET"]}}],"collection":[{"href":"https:\/\/demoweb.info\/sexshop001\/wp-json\/wp\/v3\/product"}],"about":[{"href":"https:\/\/demoweb.info\/sexshop001\/wp-json\/wp\/v2\/types\/product"}],"replies":[{"embeddable":true,"href":"https:\/\/demoweb.info\/sexshop001\/wp-json\/wp\/v2\/comments?post=17286"}],"wp:featuredmedia":[{"embeddable":true,"href":"https:\/\/demoweb.info\/sexshop001\/wp-json\/wp\/v2\/media\/17287"}],"wp:attachment":[{"href":"https:\/\/demoweb.info\/sexshop001\/wp-json\/wp\/v2\/media?parent=17286"}],"wp:term":[{"taxonomy":"product_cat","embeddable":true,"href":"https:\/\/demoweb.info\/sexshop001\/wp-json\/wp\/v2\/product_cat?post=17286"},{"taxonomy":"product_tag","embeddable":true,"href":"https:\/\/demoweb.info\/sexshop001\/wp-json\/wp\/v2\/product_tag?post=17286"}],"curies":[{"name":"wp","href":"https:\/\/api.w.org\/{rel}","templated":true}]}}