{"id":17177,"date":"2022-01-22T10:42:22","date_gmt":"2022-01-22T09:42:22","guid":{"rendered":"https:\/\/demoweb.info\/sexshop001\/producto\/slim-thumper-vibrador-de-empuje\/"},"modified":"2022-01-22T10:42:53","modified_gmt":"2022-01-22T09:42:53","slug":"slim-thumper-vibrador-de-empuje","status":"publish","type":"product","link":"https:\/\/demoweb.info\/sexshop001\/producto\/slim-thumper-vibrador-de-empuje\/","title":{"rendered":"SLIM THUMPER &#8211; VIBRADOR DE EMPUJE"},"content":{"rendered":"<p><strong>SLIM THUMPER<\/strong><\/p>\n<p>El poder de una m\u00e1quina sexual en la palma de tu mano, \u00a1eso es Shameless! Este masajeador de lujo es incre\u00edblemente poderoso con hasta 850 empujes por minuto. Con un eje delgado y sexy; esta vibra sensacional lo tiene todo.<\/p>\n<p>\u00a1No hay verg\u00fcenza en este juego!<\/p>\n<p>Experimente todo el placer de empuje que anhela con este Thumper. Cuenta con 4 funciones de movimiento vigoroso hacia arriba y hacia abajo y est\u00e1 hecho con silicona segura para el cuerpo que se siente incre\u00edble en la piel.<\/p>\n<p><strong>Informaci\u00f3n Adicional:<\/strong><\/p>\n<p>\u00a1El poder de una m\u00e1quina sexual en la palma de tu mano! | Potente masajeador con hasta 850 empujes por minuto | 4 funciones de movimiento vigoroso hacia arriba y hacia abajo en el eje | Silicona segura para el cuerpo | Dise\u00f1o delgado para un placer extraordinario | Mango ergon\u00f3micamente curvado | Funci\u00f3n de bloqueo de seguridad para viajes: mant\u00e9ngalo pulsado durante 3 segundos para encenderlo o apagarlo<\/p>\n<p><strong>Caracter\u00edsticas:<\/strong><\/p>\n<ul>\n<li>Dimensiones del producto    22.8 x 3.8 cm<\/li>\n<li>Longitud total    22.75 cm<\/li>\n<li>Di\u00e1metro    3.25 cm<\/li>\n<li>Longitud insertable    15.25 cm<\/li>\n<li>Vibrando    Si<\/li>\n<li>Modos de vibraci\u00f3n    4<\/li>\n<li>Resistencia al agua    Impermeable<\/li>\n<li>Bodysafe    Si<\/li>\n<li>Material    Silicona (masajeador) | ABS (botones) | ABS con ba\u00f1o de oro (decoraci\u00f3n)<\/li>\n<li>Recargable    USB rechargeable<\/li>\n<li>Pilas requeridas    Lithium Ion<\/li>\n<li>Baterias incluidas    Si<\/li>\n<li>Tiempo de carga en minutos    120<\/li>\n<li>Tiempo de funcionamiento en minutos    80<\/li>\n<\/ul>\n","protected":false},"excerpt":{"rendered":"<p>SLIM THUMPER El poder de una m\u00e1quina sexual en la palma de tu mano, \u00a1eso es Shameless! Este masajeador de<\/p>\n","protected":false},"featured_media":17178,"comment_status":"open","ping_status":"open","template":"","meta":[],"product_cat":[897],"product_tag":[660,898],"class_list":["post-17177","product","type-product","status-publish","has-post-thumbnail","hentry","product_cat-con-empuje","product_tag-calexotics","product_tag-shameless"],"bundled_by":[],"bundle_stock_status":"instock","bundle_stock_quantity":1,"bundle_virtual":false,"bundle_layout":"","bundle_add_to_cart_form_location":"","bundle_editable_in_cart":false,"bundle_sold_individually_context":"","bundle_item_grouping":"","bundle_min_size":"","bundle_max_size":"","bundled_items":[],"yoast_head":"<!-- This site is optimized with the Yoast SEO plugin v20.6 - https:\/\/yoast.com\/wordpress\/plugins\/seo\/ -->\n<title>SLIM THUMPER - VIBRADOR DE EMPUJE - Tienda Er\u00f3tica<\/title>\n<meta name=\"robots\" content=\"noindex, follow, max-snippet:-1, max-image-preview:large, max-video-preview:-1\" \/>\n<meta property=\"og:locale\" content=\"es_ES\" \/>\n<meta property=\"og:type\" content=\"article\" \/>\n<meta property=\"og:title\" content=\"SLIM THUMPER - VIBRADOR DE EMPUJE - Tienda Er\u00f3tica\" \/>\n<meta property=\"og:description\" content=\"SLIM THUMPER El poder de una m\u00e1quina sexual en la palma de tu mano, \u00a1eso es Shameless! Este masajeador de\" \/>\n<meta property=\"og:url\" content=\"https:\/\/demoweb.info\/sexshop001\/producto\/slim-thumper-vibrador-de-empuje\/\" \/>\n<meta property=\"og:site_name\" content=\"Tienda Er\u00f3tica\" \/>\n<meta property=\"article:modified_time\" content=\"2022-01-22T09:42:53+00:00\" \/>\n<meta property=\"og:image\" content=\"https:\/\/demoweb.info\/sexshop001\/wp-content\/uploads\/2022\/01\/SLIM-THUMPER-VIBRADOR-DE-EMPUJE.jpg\" \/>\n\t<meta property=\"og:image:width\" content=\"550\" \/>\n\t<meta property=\"og:image:height\" content=\"550\" \/>\n\t<meta property=\"og:image:type\" content=\"image\/jpeg\" \/>\n<meta name=\"twitter:card\" content=\"summary_large_image\" \/>\n<meta name=\"twitter:label1\" content=\"Tiempo de lectura\" \/>\n\t<meta name=\"twitter:data1\" content=\"1 minuto\" \/>\n<script type=\"application\/ld+json\" class=\"yoast-schema-graph\">{\"@context\":\"https:\/\/schema.org\",\"@graph\":[{\"@type\":\"WebPage\",\"@id\":\"https:\/\/demoweb.info\/sexshop001\/producto\/slim-thumper-vibrador-de-empuje\/\",\"url\":\"https:\/\/demoweb.info\/sexshop001\/producto\/slim-thumper-vibrador-de-empuje\/\",\"name\":\"SLIM THUMPER - VIBRADOR DE EMPUJE - Tienda Er\u00f3tica\",\"isPartOf\":{\"@id\":\"https:\/\/demoweb.info\/sexshop001\/#website\"},\"datePublished\":\"2022-01-22T09:42:22+00:00\",\"dateModified\":\"2022-01-22T09:42:53+00:00\",\"breadcrumb\":{\"@id\":\"https:\/\/demoweb.info\/sexshop001\/producto\/slim-thumper-vibrador-de-empuje\/#breadcrumb\"},\"inLanguage\":\"es\",\"potentialAction\":[{\"@type\":\"ReadAction\",\"target\":[\"https:\/\/demoweb.info\/sexshop001\/producto\/slim-thumper-vibrador-de-empuje\/\"]}]},{\"@type\":\"BreadcrumbList\",\"@id\":\"https:\/\/demoweb.info\/sexshop001\/producto\/slim-thumper-vibrador-de-empuje\/#breadcrumb\",\"itemListElement\":[{\"@type\":\"ListItem\",\"position\":1,\"name\":\"Portada\",\"item\":\"https:\/\/demoweb.info\/sexshop001\/\"},{\"@type\":\"ListItem\",\"position\":2,\"name\":\"Tienda\",\"item\":\"https:\/\/demoweb.info\/sexshop001\/tienda\/\"},{\"@type\":\"ListItem\",\"position\":3,\"name\":\"SLIM THUMPER &#8211; VIBRADOR DE EMPUJE\"}]},{\"@type\":\"WebSite\",\"@id\":\"https:\/\/demoweb.info\/sexshop001\/#website\",\"url\":\"https:\/\/demoweb.info\/sexshop001\/\",\"name\":\"Tienda Er\u00f3tica\",\"description\":\"DEMOWEB SL\",\"potentialAction\":[{\"@type\":\"SearchAction\",\"target\":{\"@type\":\"EntryPoint\",\"urlTemplate\":\"https:\/\/demoweb.info\/sexshop001\/?s={search_term_string}\"},\"query-input\":\"required name=search_term_string\"}],\"inLanguage\":\"es\"}]}<\/script>\n<!-- \/ Yoast SEO plugin. -->","yoast_head_json":{"title":"SLIM THUMPER - VIBRADOR DE EMPUJE - Tienda Er\u00f3tica","robots":{"index":"noindex","follow":"follow","max-snippet":"max-snippet:-1","max-image-preview":"max-image-preview:large","max-video-preview":"max-video-preview:-1"},"og_locale":"es_ES","og_type":"article","og_title":"SLIM THUMPER - VIBRADOR DE EMPUJE - Tienda Er\u00f3tica","og_description":"SLIM THUMPER El poder de una m\u00e1quina sexual en la palma de tu mano, \u00a1eso es Shameless! Este masajeador de","og_url":"https:\/\/demoweb.info\/sexshop001\/producto\/slim-thumper-vibrador-de-empuje\/","og_site_name":"Tienda Er\u00f3tica","article_modified_time":"2022-01-22T09:42:53+00:00","og_image":[{"width":550,"height":550,"url":"https:\/\/demoweb.info\/sexshop001\/wp-content\/uploads\/2022\/01\/SLIM-THUMPER-VIBRADOR-DE-EMPUJE.jpg","type":"image\/jpeg"}],"twitter_card":"summary_large_image","twitter_misc":{"Tiempo de lectura":"1 minuto"},"schema":{"@context":"https:\/\/schema.org","@graph":[{"@type":"WebPage","@id":"https:\/\/demoweb.info\/sexshop001\/producto\/slim-thumper-vibrador-de-empuje\/","url":"https:\/\/demoweb.info\/sexshop001\/producto\/slim-thumper-vibrador-de-empuje\/","name":"SLIM THUMPER - VIBRADOR DE EMPUJE - Tienda Er\u00f3tica","isPartOf":{"@id":"https:\/\/demoweb.info\/sexshop001\/#website"},"datePublished":"2022-01-22T09:42:22+00:00","dateModified":"2022-01-22T09:42:53+00:00","breadcrumb":{"@id":"https:\/\/demoweb.info\/sexshop001\/producto\/slim-thumper-vibrador-de-empuje\/#breadcrumb"},"inLanguage":"es","potentialAction":[{"@type":"ReadAction","target":["https:\/\/demoweb.info\/sexshop001\/producto\/slim-thumper-vibrador-de-empuje\/"]}]},{"@type":"BreadcrumbList","@id":"https:\/\/demoweb.info\/sexshop001\/producto\/slim-thumper-vibrador-de-empuje\/#breadcrumb","itemListElement":[{"@type":"ListItem","position":1,"name":"Portada","item":"https:\/\/demoweb.info\/sexshop001\/"},{"@type":"ListItem","position":2,"name":"Tienda","item":"https:\/\/demoweb.info\/sexshop001\/tienda\/"},{"@type":"ListItem","position":3,"name":"SLIM THUMPER &#8211; VIBRADOR DE EMPUJE"}]},{"@type":"WebSite","@id":"https:\/\/demoweb.info\/sexshop001\/#website","url":"https:\/\/demoweb.info\/sexshop001\/","name":"Tienda Er\u00f3tica","description":"DEMOWEB SL","potentialAction":[{"@type":"SearchAction","target":{"@type":"EntryPoint","urlTemplate":"https:\/\/demoweb.info\/sexshop001\/?s={search_term_string}"},"query-input":"required name=search_term_string"}],"inLanguage":"es"}]}},"_links":{"self":[{"href":"https:\/\/demoweb.info\/sexshop001\/wp-json\/wp\/v3\/product\/17177","targetHints":{"allow":["GET"]}}],"collection":[{"href":"https:\/\/demoweb.info\/sexshop001\/wp-json\/wp\/v3\/product"}],"about":[{"href":"https:\/\/demoweb.info\/sexshop001\/wp-json\/wp\/v2\/types\/product"}],"replies":[{"embeddable":true,"href":"https:\/\/demoweb.info\/sexshop001\/wp-json\/wp\/v2\/comments?post=17177"}],"wp:featuredmedia":[{"embeddable":true,"href":"https:\/\/demoweb.info\/sexshop001\/wp-json\/wp\/v2\/media\/17178"}],"wp:attachment":[{"href":"https:\/\/demoweb.info\/sexshop001\/wp-json\/wp\/v2\/media?parent=17177"}],"wp:term":[{"taxonomy":"product_cat","embeddable":true,"href":"https:\/\/demoweb.info\/sexshop001\/wp-json\/wp\/v2\/product_cat?post=17177"},{"taxonomy":"product_tag","embeddable":true,"href":"https:\/\/demoweb.info\/sexshop001\/wp-json\/wp\/v2\/product_tag?post=17177"}],"curies":[{"name":"wp","href":"https:\/\/api.w.org\/{rel}","templated":true}]}}