{"id":17127,"date":"2022-01-22T10:42:22","date_gmt":"2022-01-22T09:42:22","guid":{"rendered":"https:\/\/demoweb.info\/sexshop001\/producto\/vibrador-punto-g-inflable-rosa\/"},"modified":"2022-01-22T10:42:25","modified_gmt":"2022-01-22T09:42:25","slug":"vibrador-punto-g-inflable-rosa","status":"publish","type":"product","link":"https:\/\/demoweb.info\/sexshop001\/producto\/vibrador-punto-g-inflable-rosa\/","title":{"rendered":"VIBRADOR PUNTO G INFLABLE &#8211; ROSA"},"content":{"rendered":"<p><strong>G INFLATABLE G-WAND<\/strong><\/p>\n<p>El Insatiable G &#8211; Inflatable G-Wand es un vibrador inflable autom\u00e1tico y es el juguete para adultos que seguramente te brindar\u00e1 el placer insaciable que est\u00e1s buscando.<\/p>\n<p>Disfrute de cuatro configuraciones inflables \u00fanicas de inflaci\u00f3n leve, media y alta y una caracter\u00edstica \u00fanica de inflaci\u00f3n pulsante, junto con las 7 configuraciones de vibraci\u00f3n diferentes combinadas controladas por un controlador de tres botones.<\/p>\n<p>Caracter\u00edsticas:<\/p>\n<ul>\n<li>Dimensiones del producto 21.5 x 3.75cm<\/li>\n<li>Longitud total 21.5 cm<\/li>\n<li>Di\u00e1metro 3.75 cm<\/li>\n<li>Longitud insertable 15.25 cm<\/li>\n<li>Vibrando Si<\/li>\n<li>Modos de velocidad 7<\/li>\n<li>Bodysafe Si<\/li>\n<li>Material Silicona | Pl\u00e1stico ABS<\/li>\n<li>Recargable USB rechargeable<\/li>\n<li>Pilas requeridas Lithium Ion<\/li>\n<li>Baterias incluidas Si<\/li>\n<li>Tiempo de carga en minutos 120<\/li>\n<li>Tiempo de funcionamiento en minutos 100<\/li>\n<\/ul>\n","protected":false},"excerpt":{"rendered":"<p>G INFLATABLE G-WAND El Insatiable G &#8211; Inflatable G-Wand es un vibrador inflable autom\u00e1tico y es el juguete para adultos<\/p>\n","protected":false},"featured_media":17128,"comment_status":"open","ping_status":"open","template":"","meta":[],"product_cat":[639],"product_tag":[660,896],"class_list":["post-17127","product","type-product","status-publish","has-post-thumbnail","hentry","product_cat-punto-g","product_tag-calexotics","product_tag-insatiable-g"],"bundled_by":[],"bundle_stock_status":"instock","bundle_stock_quantity":1,"bundle_virtual":false,"bundle_layout":"","bundle_add_to_cart_form_location":"","bundle_editable_in_cart":false,"bundle_sold_individually_context":"","bundle_item_grouping":"","bundle_min_size":"","bundle_max_size":"","bundled_items":[],"yoast_head":"<!-- This site is optimized with the Yoast SEO plugin v20.6 - https:\/\/yoast.com\/wordpress\/plugins\/seo\/ -->\n<title>VIBRADOR PUNTO G INFLABLE - ROSA - Tienda Er\u00f3tica<\/title>\n<meta name=\"robots\" content=\"noindex, follow, max-snippet:-1, max-image-preview:large, max-video-preview:-1\" \/>\n<meta property=\"og:locale\" content=\"es_ES\" \/>\n<meta property=\"og:type\" content=\"article\" \/>\n<meta property=\"og:title\" content=\"VIBRADOR PUNTO G INFLABLE - ROSA - Tienda Er\u00f3tica\" \/>\n<meta property=\"og:description\" content=\"G INFLATABLE G-WAND El Insatiable G &#8211; Inflatable G-Wand es un vibrador inflable autom\u00e1tico y es el juguete para adultos\" \/>\n<meta property=\"og:url\" content=\"https:\/\/demoweb.info\/sexshop001\/producto\/vibrador-punto-g-inflable-rosa\/\" \/>\n<meta property=\"og:site_name\" content=\"Tienda Er\u00f3tica\" \/>\n<meta property=\"article:modified_time\" content=\"2022-01-22T09:42:25+00:00\" \/>\n<meta property=\"og:image\" content=\"https:\/\/demoweb.info\/sexshop001\/wp-content\/uploads\/2022\/01\/VIBRADOR-PUNTO-G-INFLABLE-ROSA.jpg\" \/>\n\t<meta property=\"og:image:width\" content=\"550\" \/>\n\t<meta property=\"og:image:height\" content=\"550\" \/>\n\t<meta property=\"og:image:type\" content=\"image\/jpeg\" \/>\n<meta name=\"twitter:card\" content=\"summary_large_image\" \/>\n<meta name=\"twitter:label1\" content=\"Tiempo de lectura\" \/>\n\t<meta name=\"twitter:data1\" content=\"1 minuto\" \/>\n<script type=\"application\/ld+json\" class=\"yoast-schema-graph\">{\"@context\":\"https:\/\/schema.org\",\"@graph\":[{\"@type\":\"WebPage\",\"@id\":\"https:\/\/demoweb.info\/sexshop001\/producto\/vibrador-punto-g-inflable-rosa\/\",\"url\":\"https:\/\/demoweb.info\/sexshop001\/producto\/vibrador-punto-g-inflable-rosa\/\",\"name\":\"VIBRADOR PUNTO G INFLABLE - ROSA - Tienda Er\u00f3tica\",\"isPartOf\":{\"@id\":\"https:\/\/demoweb.info\/sexshop001\/#website\"},\"datePublished\":\"2022-01-22T09:42:22+00:00\",\"dateModified\":\"2022-01-22T09:42:25+00:00\",\"breadcrumb\":{\"@id\":\"https:\/\/demoweb.info\/sexshop001\/producto\/vibrador-punto-g-inflable-rosa\/#breadcrumb\"},\"inLanguage\":\"es\",\"potentialAction\":[{\"@type\":\"ReadAction\",\"target\":[\"https:\/\/demoweb.info\/sexshop001\/producto\/vibrador-punto-g-inflable-rosa\/\"]}]},{\"@type\":\"BreadcrumbList\",\"@id\":\"https:\/\/demoweb.info\/sexshop001\/producto\/vibrador-punto-g-inflable-rosa\/#breadcrumb\",\"itemListElement\":[{\"@type\":\"ListItem\",\"position\":1,\"name\":\"Portada\",\"item\":\"https:\/\/demoweb.info\/sexshop001\/\"},{\"@type\":\"ListItem\",\"position\":2,\"name\":\"Tienda\",\"item\":\"https:\/\/demoweb.info\/sexshop001\/tienda\/\"},{\"@type\":\"ListItem\",\"position\":3,\"name\":\"VIBRADOR PUNTO G INFLABLE &#8211; ROSA\"}]},{\"@type\":\"WebSite\",\"@id\":\"https:\/\/demoweb.info\/sexshop001\/#website\",\"url\":\"https:\/\/demoweb.info\/sexshop001\/\",\"name\":\"Tienda Er\u00f3tica\",\"description\":\"DEMOWEB SL\",\"potentialAction\":[{\"@type\":\"SearchAction\",\"target\":{\"@type\":\"EntryPoint\",\"urlTemplate\":\"https:\/\/demoweb.info\/sexshop001\/?s={search_term_string}\"},\"query-input\":\"required name=search_term_string\"}],\"inLanguage\":\"es\"}]}<\/script>\n<!-- \/ Yoast SEO plugin. -->","yoast_head_json":{"title":"VIBRADOR PUNTO G INFLABLE - ROSA - Tienda Er\u00f3tica","robots":{"index":"noindex","follow":"follow","max-snippet":"max-snippet:-1","max-image-preview":"max-image-preview:large","max-video-preview":"max-video-preview:-1"},"og_locale":"es_ES","og_type":"article","og_title":"VIBRADOR PUNTO G INFLABLE - ROSA - Tienda Er\u00f3tica","og_description":"G INFLATABLE G-WAND El Insatiable G &#8211; Inflatable G-Wand es un vibrador inflable autom\u00e1tico y es el juguete para adultos","og_url":"https:\/\/demoweb.info\/sexshop001\/producto\/vibrador-punto-g-inflable-rosa\/","og_site_name":"Tienda Er\u00f3tica","article_modified_time":"2022-01-22T09:42:25+00:00","og_image":[{"width":550,"height":550,"url":"https:\/\/demoweb.info\/sexshop001\/wp-content\/uploads\/2022\/01\/VIBRADOR-PUNTO-G-INFLABLE-ROSA.jpg","type":"image\/jpeg"}],"twitter_card":"summary_large_image","twitter_misc":{"Tiempo de lectura":"1 minuto"},"schema":{"@context":"https:\/\/schema.org","@graph":[{"@type":"WebPage","@id":"https:\/\/demoweb.info\/sexshop001\/producto\/vibrador-punto-g-inflable-rosa\/","url":"https:\/\/demoweb.info\/sexshop001\/producto\/vibrador-punto-g-inflable-rosa\/","name":"VIBRADOR PUNTO G INFLABLE - ROSA - Tienda Er\u00f3tica","isPartOf":{"@id":"https:\/\/demoweb.info\/sexshop001\/#website"},"datePublished":"2022-01-22T09:42:22+00:00","dateModified":"2022-01-22T09:42:25+00:00","breadcrumb":{"@id":"https:\/\/demoweb.info\/sexshop001\/producto\/vibrador-punto-g-inflable-rosa\/#breadcrumb"},"inLanguage":"es","potentialAction":[{"@type":"ReadAction","target":["https:\/\/demoweb.info\/sexshop001\/producto\/vibrador-punto-g-inflable-rosa\/"]}]},{"@type":"BreadcrumbList","@id":"https:\/\/demoweb.info\/sexshop001\/producto\/vibrador-punto-g-inflable-rosa\/#breadcrumb","itemListElement":[{"@type":"ListItem","position":1,"name":"Portada","item":"https:\/\/demoweb.info\/sexshop001\/"},{"@type":"ListItem","position":2,"name":"Tienda","item":"https:\/\/demoweb.info\/sexshop001\/tienda\/"},{"@type":"ListItem","position":3,"name":"VIBRADOR PUNTO G INFLABLE &#8211; ROSA"}]},{"@type":"WebSite","@id":"https:\/\/demoweb.info\/sexshop001\/#website","url":"https:\/\/demoweb.info\/sexshop001\/","name":"Tienda Er\u00f3tica","description":"DEMOWEB SL","potentialAction":[{"@type":"SearchAction","target":{"@type":"EntryPoint","urlTemplate":"https:\/\/demoweb.info\/sexshop001\/?s={search_term_string}"},"query-input":"required name=search_term_string"}],"inLanguage":"es"}]}},"_links":{"self":[{"href":"https:\/\/demoweb.info\/sexshop001\/wp-json\/wp\/v3\/product\/17127","targetHints":{"allow":["GET"]}}],"collection":[{"href":"https:\/\/demoweb.info\/sexshop001\/wp-json\/wp\/v3\/product"}],"about":[{"href":"https:\/\/demoweb.info\/sexshop001\/wp-json\/wp\/v2\/types\/product"}],"replies":[{"embeddable":true,"href":"https:\/\/demoweb.info\/sexshop001\/wp-json\/wp\/v2\/comments?post=17127"}],"wp:featuredmedia":[{"embeddable":true,"href":"https:\/\/demoweb.info\/sexshop001\/wp-json\/wp\/v2\/media\/17128"}],"wp:attachment":[{"href":"https:\/\/demoweb.info\/sexshop001\/wp-json\/wp\/v2\/media?parent=17127"}],"wp:term":[{"taxonomy":"product_cat","embeddable":true,"href":"https:\/\/demoweb.info\/sexshop001\/wp-json\/wp\/v2\/product_cat?post=17127"},{"taxonomy":"product_tag","embeddable":true,"href":"https:\/\/demoweb.info\/sexshop001\/wp-json\/wp\/v2\/product_tag?post=17127"}],"curies":[{"name":"wp","href":"https:\/\/api.w.org\/{rel}","templated":true}]}}