{"id":17106,"date":"2022-01-22T10:41:41","date_gmt":"2022-01-22T09:41:41","guid":{"rendered":"https:\/\/demoweb.info\/sexshop001\/producto\/anillo-vibrador-pack-24-pcs-naranja\/"},"modified":"2022-01-22T10:42:13","modified_gmt":"2022-01-22T09:42:13","slug":"anillo-vibrador-pack-24-pcs-naranja","status":"publish","type":"product","link":"https:\/\/demoweb.info\/sexshop001\/producto\/anillo-vibrador-pack-24-pcs-naranja\/","title":{"rendered":"ANILLO VIBRADOR PACK 24 PCS &#8211; NARANJA"},"content":{"rendered":"<p><strong>VIBRATING RING 24 PCS<\/strong><\/p>\n<p>Este anillo vibrante para el pene es el zumbido en toda la ciudad. Para la persona que simplemente no est\u00e1 satisfecha con la norma, el anillo vibrador Foil Pack (disponible como un paquete de 24) le brinda la cobertura din\u00e1mica que necesita y la funci\u00f3n que se merece.<\/p>\n<p>Mantenga la fuerza, la circunferencia y el placer de su miembro usando este anillo s\u00faper el\u00e1stico para abrazar c\u00f3modamente su posesi\u00f3n m\u00e1s valiosa, manteni\u00e9ndolo m\u00e1s duro por m\u00e1s tiempo.<\/p>\n<p>Caracter\u00edsticas:<\/p>\n<ul>\n<li>Di\u00e1metro 1.3 cm<\/li>\n<li>Vibrando Si<\/li>\n<li>Resistencia al agua No<\/li>\n<li>Bodysafe Si<\/li>\n<li>Material TPE | Pl\u00e1stico ABS<\/li>\n<li>Recargable No<\/li>\n<li>Pilas requeridas AG4 \/ LR626<\/li>\n<li>Cantidad de la bater\u00eda 3<\/li>\n<li>Baterias incluidas Si<\/li>\n<\/ul>\n","protected":false},"excerpt":{"rendered":"<p>VIBRATING RING 24 PCS Este anillo vibrante para el pene es el zumbido en toda la ciudad. Para la persona<\/p>\n","protected":false},"featured_media":17107,"comment_status":"open","ping_status":"open","template":"","meta":[],"product_cat":[438],"product_tag":[660,895],"class_list":["post-17106","product","type-product","status-publish","has-post-thumbnail","hentry","product_cat-con-vibrador-anillos","product_tag-calexotics","product_tag-fun-packs"],"bundled_by":[],"bundle_stock_status":"outofstock","bundle_stock_quantity":0,"bundle_virtual":false,"bundle_layout":"","bundle_add_to_cart_form_location":"","bundle_editable_in_cart":false,"bundle_sold_individually_context":"","bundle_item_grouping":"","bundle_min_size":"","bundle_max_size":"","bundled_items":[],"yoast_head":"<!-- This site is optimized with the Yoast SEO plugin v20.6 - https:\/\/yoast.com\/wordpress\/plugins\/seo\/ -->\n<title>ANILLO VIBRADOR PACK 24 PCS - NARANJA - Tienda Er\u00f3tica<\/title>\n<meta name=\"robots\" content=\"noindex, follow, max-snippet:-1, max-image-preview:large, max-video-preview:-1\" \/>\n<meta property=\"og:locale\" content=\"es_ES\" \/>\n<meta property=\"og:type\" content=\"article\" \/>\n<meta property=\"og:title\" content=\"ANILLO VIBRADOR PACK 24 PCS - NARANJA - Tienda Er\u00f3tica\" \/>\n<meta property=\"og:description\" content=\"VIBRATING RING 24 PCS Este anillo vibrante para el pene es el zumbido en toda la ciudad. Para la persona\" \/>\n<meta property=\"og:url\" content=\"https:\/\/demoweb.info\/sexshop001\/producto\/anillo-vibrador-pack-24-pcs-naranja\/\" \/>\n<meta property=\"og:site_name\" content=\"Tienda Er\u00f3tica\" \/>\n<meta property=\"article:modified_time\" content=\"2022-01-22T09:42:13+00:00\" \/>\n<meta property=\"og:image\" content=\"https:\/\/demoweb.info\/sexshop001\/wp-content\/uploads\/2022\/01\/ANILLO-VIBRADOR-PACK-24-PCS-NARANJA.jpg\" \/>\n\t<meta property=\"og:image:width\" content=\"550\" \/>\n\t<meta property=\"og:image:height\" content=\"550\" \/>\n\t<meta property=\"og:image:type\" content=\"image\/jpeg\" \/>\n<meta name=\"twitter:card\" content=\"summary_large_image\" \/>\n<meta name=\"twitter:label1\" content=\"Tiempo de lectura\" \/>\n\t<meta name=\"twitter:data1\" content=\"1 minuto\" \/>\n<script type=\"application\/ld+json\" class=\"yoast-schema-graph\">{\"@context\":\"https:\/\/schema.org\",\"@graph\":[{\"@type\":\"WebPage\",\"@id\":\"https:\/\/demoweb.info\/sexshop001\/producto\/anillo-vibrador-pack-24-pcs-naranja\/\",\"url\":\"https:\/\/demoweb.info\/sexshop001\/producto\/anillo-vibrador-pack-24-pcs-naranja\/\",\"name\":\"ANILLO VIBRADOR PACK 24 PCS - NARANJA - Tienda Er\u00f3tica\",\"isPartOf\":{\"@id\":\"https:\/\/demoweb.info\/sexshop001\/#website\"},\"datePublished\":\"2022-01-22T09:41:41+00:00\",\"dateModified\":\"2022-01-22T09:42:13+00:00\",\"breadcrumb\":{\"@id\":\"https:\/\/demoweb.info\/sexshop001\/producto\/anillo-vibrador-pack-24-pcs-naranja\/#breadcrumb\"},\"inLanguage\":\"es\",\"potentialAction\":[{\"@type\":\"ReadAction\",\"target\":[\"https:\/\/demoweb.info\/sexshop001\/producto\/anillo-vibrador-pack-24-pcs-naranja\/\"]}]},{\"@type\":\"BreadcrumbList\",\"@id\":\"https:\/\/demoweb.info\/sexshop001\/producto\/anillo-vibrador-pack-24-pcs-naranja\/#breadcrumb\",\"itemListElement\":[{\"@type\":\"ListItem\",\"position\":1,\"name\":\"Portada\",\"item\":\"https:\/\/demoweb.info\/sexshop001\/\"},{\"@type\":\"ListItem\",\"position\":2,\"name\":\"Tienda\",\"item\":\"https:\/\/demoweb.info\/sexshop001\/tienda\/\"},{\"@type\":\"ListItem\",\"position\":3,\"name\":\"ANILLO VIBRADOR PACK 24 PCS &#8211; NARANJA\"}]},{\"@type\":\"WebSite\",\"@id\":\"https:\/\/demoweb.info\/sexshop001\/#website\",\"url\":\"https:\/\/demoweb.info\/sexshop001\/\",\"name\":\"Tienda Er\u00f3tica\",\"description\":\"DEMOWEB SL\",\"potentialAction\":[{\"@type\":\"SearchAction\",\"target\":{\"@type\":\"EntryPoint\",\"urlTemplate\":\"https:\/\/demoweb.info\/sexshop001\/?s={search_term_string}\"},\"query-input\":\"required name=search_term_string\"}],\"inLanguage\":\"es\"}]}<\/script>\n<!-- \/ Yoast SEO plugin. -->","yoast_head_json":{"title":"ANILLO VIBRADOR PACK 24 PCS - NARANJA - Tienda Er\u00f3tica","robots":{"index":"noindex","follow":"follow","max-snippet":"max-snippet:-1","max-image-preview":"max-image-preview:large","max-video-preview":"max-video-preview:-1"},"og_locale":"es_ES","og_type":"article","og_title":"ANILLO VIBRADOR PACK 24 PCS - NARANJA - Tienda Er\u00f3tica","og_description":"VIBRATING RING 24 PCS Este anillo vibrante para el pene es el zumbido en toda la ciudad. Para la persona","og_url":"https:\/\/demoweb.info\/sexshop001\/producto\/anillo-vibrador-pack-24-pcs-naranja\/","og_site_name":"Tienda Er\u00f3tica","article_modified_time":"2022-01-22T09:42:13+00:00","og_image":[{"width":550,"height":550,"url":"https:\/\/demoweb.info\/sexshop001\/wp-content\/uploads\/2022\/01\/ANILLO-VIBRADOR-PACK-24-PCS-NARANJA.jpg","type":"image\/jpeg"}],"twitter_card":"summary_large_image","twitter_misc":{"Tiempo de lectura":"1 minuto"},"schema":{"@context":"https:\/\/schema.org","@graph":[{"@type":"WebPage","@id":"https:\/\/demoweb.info\/sexshop001\/producto\/anillo-vibrador-pack-24-pcs-naranja\/","url":"https:\/\/demoweb.info\/sexshop001\/producto\/anillo-vibrador-pack-24-pcs-naranja\/","name":"ANILLO VIBRADOR PACK 24 PCS - NARANJA - Tienda Er\u00f3tica","isPartOf":{"@id":"https:\/\/demoweb.info\/sexshop001\/#website"},"datePublished":"2022-01-22T09:41:41+00:00","dateModified":"2022-01-22T09:42:13+00:00","breadcrumb":{"@id":"https:\/\/demoweb.info\/sexshop001\/producto\/anillo-vibrador-pack-24-pcs-naranja\/#breadcrumb"},"inLanguage":"es","potentialAction":[{"@type":"ReadAction","target":["https:\/\/demoweb.info\/sexshop001\/producto\/anillo-vibrador-pack-24-pcs-naranja\/"]}]},{"@type":"BreadcrumbList","@id":"https:\/\/demoweb.info\/sexshop001\/producto\/anillo-vibrador-pack-24-pcs-naranja\/#breadcrumb","itemListElement":[{"@type":"ListItem","position":1,"name":"Portada","item":"https:\/\/demoweb.info\/sexshop001\/"},{"@type":"ListItem","position":2,"name":"Tienda","item":"https:\/\/demoweb.info\/sexshop001\/tienda\/"},{"@type":"ListItem","position":3,"name":"ANILLO VIBRADOR PACK 24 PCS &#8211; NARANJA"}]},{"@type":"WebSite","@id":"https:\/\/demoweb.info\/sexshop001\/#website","url":"https:\/\/demoweb.info\/sexshop001\/","name":"Tienda Er\u00f3tica","description":"DEMOWEB SL","potentialAction":[{"@type":"SearchAction","target":{"@type":"EntryPoint","urlTemplate":"https:\/\/demoweb.info\/sexshop001\/?s={search_term_string}"},"query-input":"required name=search_term_string"}],"inLanguage":"es"}]}},"_links":{"self":[{"href":"https:\/\/demoweb.info\/sexshop001\/wp-json\/wp\/v3\/product\/17106","targetHints":{"allow":["GET"]}}],"collection":[{"href":"https:\/\/demoweb.info\/sexshop001\/wp-json\/wp\/v3\/product"}],"about":[{"href":"https:\/\/demoweb.info\/sexshop001\/wp-json\/wp\/v2\/types\/product"}],"replies":[{"embeddable":true,"href":"https:\/\/demoweb.info\/sexshop001\/wp-json\/wp\/v2\/comments?post=17106"}],"wp:featuredmedia":[{"embeddable":true,"href":"https:\/\/demoweb.info\/sexshop001\/wp-json\/wp\/v2\/media\/17107"}],"wp:attachment":[{"href":"https:\/\/demoweb.info\/sexshop001\/wp-json\/wp\/v2\/media?parent=17106"}],"wp:term":[{"taxonomy":"product_cat","embeddable":true,"href":"https:\/\/demoweb.info\/sexshop001\/wp-json\/wp\/v2\/product_cat?post=17106"},{"taxonomy":"product_tag","embeddable":true,"href":"https:\/\/demoweb.info\/sexshop001\/wp-json\/wp\/v2\/product_tag?post=17106"}],"curies":[{"name":"wp","href":"https:\/\/api.w.org\/{rel}","templated":true}]}}