{"id":17068,"date":"2022-01-22T10:41:41","date_gmt":"2022-01-22T09:41:41","guid":{"rendered":"https:\/\/demoweb.info\/sexshop001\/producto\/smart-pleasure-idol-succionador-luxury\/"},"modified":"2022-01-22T10:41:53","modified_gmt":"2022-01-22T09:41:53","slug":"smart-pleasure-idol-succionador-luxury","status":"publish","type":"product","link":"https:\/\/demoweb.info\/sexshop001\/producto\/smart-pleasure-idol-succionador-luxury\/","title":{"rendered":"SMART PLEASURE IDOL &#8211; SUCCIONADOR LUXURY"},"content":{"rendered":"<p><strong>SMART PLEASURE IDOL<\/strong><\/p>\n<p>Si\u00e9ntete empoderado con placer de 36 formas diferentes que revolucionan la forma en que disfrutas de tu tiempo personal con Empowered Smart Pleasure Idol. Este \u00eddolo ofrece una experiencia de placer verdaderamente m\u00e1s inteligente. Con una funci\u00f3n de succi\u00f3n constante, puede encontrar el nivel de succi\u00f3n exacto que su cuerpo desea.<\/p>\n<p>Caracter\u00edsticas:<\/p>\n<ul>\n<li>Dimensiones del producto    17.75 x 4.5 cm<\/li>\n<li>Longitud total    17.75 cm<\/li>\n<li>Di\u00e1metro    2 cm<\/li>\n<li>Vibrando    Si<\/li>\n<li>Modos de vibraci\u00f3n    6<\/li>\n<li>Bodysafe    Si<\/li>\n<li>Material    Silicona | Pl\u00e1stico ABS<\/li>\n<li>Recargable    USB rechargeable<\/li>\n<li>Pilas requeridas    Lithium Ion<\/li>\n<li>Baterias incluidas    Si<\/li>\n<li>Tiempo de carga en minutos    120<\/li>\n<li>Tiempo de funcionamiento en minutos    140<\/li>\n<\/ul>\n","protected":false},"excerpt":{"rendered":"<p>SMART PLEASURE IDOL Si\u00e9ntete empoderado con placer de 36 formas diferentes que revolucionan la forma en que disfrutas de tu<\/p>\n","protected":false},"featured_media":17069,"comment_status":"open","ping_status":"open","template":"","meta":[],"product_cat":[836],"product_tag":[660,894],"class_list":["post-17068","product","type-product","status-publish","has-post-thumbnail","hentry","product_cat-date-un-capricho","product_tag-calexotics","product_tag-empowered-smart-pleasure"],"bundled_by":[],"bundle_stock_status":"instock","bundle_stock_quantity":1,"bundle_virtual":false,"bundle_layout":"","bundle_add_to_cart_form_location":"","bundle_editable_in_cart":false,"bundle_sold_individually_context":"","bundle_item_grouping":"","bundle_min_size":"","bundle_max_size":"","bundled_items":[],"yoast_head":"<!-- This site is optimized with the Yoast SEO plugin v20.6 - https:\/\/yoast.com\/wordpress\/plugins\/seo\/ -->\n<title>SMART PLEASURE IDOL - SUCCIONADOR LUXURY - Tienda Er\u00f3tica<\/title>\n<meta name=\"robots\" content=\"noindex, follow, max-snippet:-1, max-image-preview:large, max-video-preview:-1\" \/>\n<meta property=\"og:locale\" content=\"es_ES\" \/>\n<meta property=\"og:type\" content=\"article\" \/>\n<meta property=\"og:title\" content=\"SMART PLEASURE IDOL - SUCCIONADOR LUXURY - Tienda Er\u00f3tica\" \/>\n<meta property=\"og:description\" content=\"SMART PLEASURE IDOL Si\u00e9ntete empoderado con placer de 36 formas diferentes que revolucionan la forma en que disfrutas de tu\" \/>\n<meta property=\"og:url\" content=\"https:\/\/demoweb.info\/sexshop001\/producto\/smart-pleasure-idol-succionador-luxury\/\" \/>\n<meta property=\"og:site_name\" content=\"Tienda Er\u00f3tica\" \/>\n<meta property=\"article:modified_time\" content=\"2022-01-22T09:41:53+00:00\" \/>\n<meta property=\"og:image\" content=\"https:\/\/demoweb.info\/sexshop001\/wp-content\/uploads\/2022\/01\/SMART-PLEASURE-IDOL-SUCCIONADOR-LUXURY.jpg\" \/>\n\t<meta property=\"og:image:width\" content=\"550\" \/>\n\t<meta property=\"og:image:height\" content=\"550\" \/>\n\t<meta property=\"og:image:type\" content=\"image\/jpeg\" \/>\n<meta name=\"twitter:card\" content=\"summary_large_image\" \/>\n<meta name=\"twitter:label1\" content=\"Tiempo de lectura\" \/>\n\t<meta name=\"twitter:data1\" content=\"1 minuto\" \/>\n<script type=\"application\/ld+json\" class=\"yoast-schema-graph\">{\"@context\":\"https:\/\/schema.org\",\"@graph\":[{\"@type\":\"WebPage\",\"@id\":\"https:\/\/demoweb.info\/sexshop001\/producto\/smart-pleasure-idol-succionador-luxury\/\",\"url\":\"https:\/\/demoweb.info\/sexshop001\/producto\/smart-pleasure-idol-succionador-luxury\/\",\"name\":\"SMART PLEASURE IDOL - SUCCIONADOR LUXURY - Tienda Er\u00f3tica\",\"isPartOf\":{\"@id\":\"https:\/\/demoweb.info\/sexshop001\/#website\"},\"datePublished\":\"2022-01-22T09:41:41+00:00\",\"dateModified\":\"2022-01-22T09:41:53+00:00\",\"breadcrumb\":{\"@id\":\"https:\/\/demoweb.info\/sexshop001\/producto\/smart-pleasure-idol-succionador-luxury\/#breadcrumb\"},\"inLanguage\":\"es\",\"potentialAction\":[{\"@type\":\"ReadAction\",\"target\":[\"https:\/\/demoweb.info\/sexshop001\/producto\/smart-pleasure-idol-succionador-luxury\/\"]}]},{\"@type\":\"BreadcrumbList\",\"@id\":\"https:\/\/demoweb.info\/sexshop001\/producto\/smart-pleasure-idol-succionador-luxury\/#breadcrumb\",\"itemListElement\":[{\"@type\":\"ListItem\",\"position\":1,\"name\":\"Portada\",\"item\":\"https:\/\/demoweb.info\/sexshop001\/\"},{\"@type\":\"ListItem\",\"position\":2,\"name\":\"Tienda\",\"item\":\"https:\/\/demoweb.info\/sexshop001\/tienda\/\"},{\"@type\":\"ListItem\",\"position\":3,\"name\":\"SMART PLEASURE IDOL &#8211; SUCCIONADOR LUXURY\"}]},{\"@type\":\"WebSite\",\"@id\":\"https:\/\/demoweb.info\/sexshop001\/#website\",\"url\":\"https:\/\/demoweb.info\/sexshop001\/\",\"name\":\"Tienda Er\u00f3tica\",\"description\":\"DEMOWEB SL\",\"potentialAction\":[{\"@type\":\"SearchAction\",\"target\":{\"@type\":\"EntryPoint\",\"urlTemplate\":\"https:\/\/demoweb.info\/sexshop001\/?s={search_term_string}\"},\"query-input\":\"required name=search_term_string\"}],\"inLanguage\":\"es\"}]}<\/script>\n<!-- \/ Yoast SEO plugin. -->","yoast_head_json":{"title":"SMART PLEASURE IDOL - SUCCIONADOR LUXURY - Tienda Er\u00f3tica","robots":{"index":"noindex","follow":"follow","max-snippet":"max-snippet:-1","max-image-preview":"max-image-preview:large","max-video-preview":"max-video-preview:-1"},"og_locale":"es_ES","og_type":"article","og_title":"SMART PLEASURE IDOL - SUCCIONADOR LUXURY - Tienda Er\u00f3tica","og_description":"SMART PLEASURE IDOL Si\u00e9ntete empoderado con placer de 36 formas diferentes que revolucionan la forma en que disfrutas de tu","og_url":"https:\/\/demoweb.info\/sexshop001\/producto\/smart-pleasure-idol-succionador-luxury\/","og_site_name":"Tienda Er\u00f3tica","article_modified_time":"2022-01-22T09:41:53+00:00","og_image":[{"width":550,"height":550,"url":"https:\/\/demoweb.info\/sexshop001\/wp-content\/uploads\/2022\/01\/SMART-PLEASURE-IDOL-SUCCIONADOR-LUXURY.jpg","type":"image\/jpeg"}],"twitter_card":"summary_large_image","twitter_misc":{"Tiempo de lectura":"1 minuto"},"schema":{"@context":"https:\/\/schema.org","@graph":[{"@type":"WebPage","@id":"https:\/\/demoweb.info\/sexshop001\/producto\/smart-pleasure-idol-succionador-luxury\/","url":"https:\/\/demoweb.info\/sexshop001\/producto\/smart-pleasure-idol-succionador-luxury\/","name":"SMART PLEASURE IDOL - SUCCIONADOR LUXURY - Tienda Er\u00f3tica","isPartOf":{"@id":"https:\/\/demoweb.info\/sexshop001\/#website"},"datePublished":"2022-01-22T09:41:41+00:00","dateModified":"2022-01-22T09:41:53+00:00","breadcrumb":{"@id":"https:\/\/demoweb.info\/sexshop001\/producto\/smart-pleasure-idol-succionador-luxury\/#breadcrumb"},"inLanguage":"es","potentialAction":[{"@type":"ReadAction","target":["https:\/\/demoweb.info\/sexshop001\/producto\/smart-pleasure-idol-succionador-luxury\/"]}]},{"@type":"BreadcrumbList","@id":"https:\/\/demoweb.info\/sexshop001\/producto\/smart-pleasure-idol-succionador-luxury\/#breadcrumb","itemListElement":[{"@type":"ListItem","position":1,"name":"Portada","item":"https:\/\/demoweb.info\/sexshop001\/"},{"@type":"ListItem","position":2,"name":"Tienda","item":"https:\/\/demoweb.info\/sexshop001\/tienda\/"},{"@type":"ListItem","position":3,"name":"SMART PLEASURE IDOL &#8211; SUCCIONADOR LUXURY"}]},{"@type":"WebSite","@id":"https:\/\/demoweb.info\/sexshop001\/#website","url":"https:\/\/demoweb.info\/sexshop001\/","name":"Tienda Er\u00f3tica","description":"DEMOWEB SL","potentialAction":[{"@type":"SearchAction","target":{"@type":"EntryPoint","urlTemplate":"https:\/\/demoweb.info\/sexshop001\/?s={search_term_string}"},"query-input":"required name=search_term_string"}],"inLanguage":"es"}]}},"_links":{"self":[{"href":"https:\/\/demoweb.info\/sexshop001\/wp-json\/wp\/v3\/product\/17068","targetHints":{"allow":["GET"]}}],"collection":[{"href":"https:\/\/demoweb.info\/sexshop001\/wp-json\/wp\/v3\/product"}],"about":[{"href":"https:\/\/demoweb.info\/sexshop001\/wp-json\/wp\/v2\/types\/product"}],"replies":[{"embeddable":true,"href":"https:\/\/demoweb.info\/sexshop001\/wp-json\/wp\/v2\/comments?post=17068"}],"wp:featuredmedia":[{"embeddable":true,"href":"https:\/\/demoweb.info\/sexshop001\/wp-json\/wp\/v2\/media\/17069"}],"wp:attachment":[{"href":"https:\/\/demoweb.info\/sexshop001\/wp-json\/wp\/v2\/media?parent=17068"}],"wp:term":[{"taxonomy":"product_cat","embeddable":true,"href":"https:\/\/demoweb.info\/sexshop001\/wp-json\/wp\/v2\/product_cat?post=17068"},{"taxonomy":"product_tag","embeddable":true,"href":"https:\/\/demoweb.info\/sexshop001\/wp-json\/wp\/v2\/product_tag?post=17068"}],"curies":[{"name":"wp","href":"https:\/\/api.w.org\/{rel}","templated":true}]}}