{"id":17054,"date":"2022-01-22T10:41:41","date_gmt":"2022-01-22T09:41:41","guid":{"rendered":"https:\/\/demoweb.info\/sexshop001\/producto\/chic-jasmine-azul\/"},"modified":"2022-01-22T10:41:47","modified_gmt":"2022-01-22T09:41:47","slug":"chic-jasmine-azul","status":"publish","type":"product","link":"https:\/\/demoweb.info\/sexshop001\/producto\/chic-jasmine-azul\/","title":{"rendered":"CHIC JASMINE &#8211; AZUL"},"content":{"rendered":"<p><strong>CHIC JASMINE &#8211; BLUE<\/strong><\/p>\n<p>Sofisticado. Refinado. Poderoso. La l\u00ednea Ch\u00edc tiene 10 velocidades de vibraci\u00f3n constante para un placer incre\u00edble. El ambiente le da una sensaci\u00f3n elegante con toques de joyer\u00eda estampada y silicona segura para el cuerpo, lo que le brinda la m\u00e1xima elegancia y un rendimiento de primer nivel.<\/p>\n<p><strong>CARACTER\u00cdSTICAS<\/strong><\/p>\n<ul>\n<li>Dimensiones del producto: 16 x 3,25 cm<\/li>\n<li>Longitud total: 16 cm<\/li>\n<li>Di\u00e1metro: 3.25 cm<\/li>\n<li>Vibrando: Si<\/li>\n<li>Modos de velocidad: 10<\/li>\n<li>Resistencia al agua: Impermeable<\/li>\n<li>Seguro para el cuerpo: Si<\/li>\n<li>Material: Silicona | Pl\u00e1stico ABS<\/li>\n<li>Recargable: USB recargable<\/li>\n<li>Pilas requeridas: Ion Litio<\/li>\n<li>Baterias incluidas: Si<\/li>\n<li>Tiempo de carga en minutos: 180<\/li>\n<li>Tiempo de funcionamiento en minutos: 120<\/li>\n<\/ul>\n","protected":false},"excerpt":{"rendered":"<p>CHIC JASMINE &#8211; BLUE Sofisticado. Refinado. Poderoso. La l\u00ednea Ch\u00edc tiene 10 velocidades de vibraci\u00f3n constante para un placer incre\u00edble.<\/p>\n","protected":false},"featured_media":17055,"comment_status":"open","ping_status":"open","template":"","meta":[],"product_cat":[795],"product_tag":[660],"class_list":["post-17054","product","type-product","status-publish","has-post-thumbnail","hentry","product_cat-basicos-vibradores-juguetes-xxx","product_tag-calexotics"],"bundled_by":[],"bundle_stock_status":"instock","bundle_stock_quantity":1,"bundle_virtual":false,"bundle_layout":"","bundle_add_to_cart_form_location":"","bundle_editable_in_cart":false,"bundle_sold_individually_context":"","bundle_item_grouping":"","bundle_min_size":"","bundle_max_size":"","bundled_items":[],"yoast_head":"<!-- This site is optimized with the Yoast SEO plugin v20.6 - https:\/\/yoast.com\/wordpress\/plugins\/seo\/ -->\n<title>CHIC JASMINE - AZUL - Tienda Er\u00f3tica<\/title>\n<meta name=\"robots\" content=\"noindex, follow, max-snippet:-1, max-image-preview:large, max-video-preview:-1\" \/>\n<meta property=\"og:locale\" content=\"es_ES\" \/>\n<meta property=\"og:type\" content=\"article\" \/>\n<meta property=\"og:title\" content=\"CHIC JASMINE - AZUL - Tienda Er\u00f3tica\" \/>\n<meta property=\"og:description\" content=\"CHIC JASMINE &#8211; BLUE Sofisticado. Refinado. Poderoso. La l\u00ednea Ch\u00edc tiene 10 velocidades de vibraci\u00f3n constante para un placer incre\u00edble.\" \/>\n<meta property=\"og:url\" content=\"https:\/\/demoweb.info\/sexshop001\/producto\/chic-jasmine-azul\/\" \/>\n<meta property=\"og:site_name\" content=\"Tienda Er\u00f3tica\" \/>\n<meta property=\"article:modified_time\" content=\"2022-01-22T09:41:47+00:00\" \/>\n<meta property=\"og:image\" content=\"https:\/\/demoweb.info\/sexshop001\/wp-content\/uploads\/2022\/01\/CHIC-JASMINE-AZUL.jpg\" \/>\n\t<meta property=\"og:image:width\" content=\"550\" \/>\n\t<meta property=\"og:image:height\" content=\"550\" \/>\n\t<meta property=\"og:image:type\" content=\"image\/jpeg\" \/>\n<meta name=\"twitter:card\" content=\"summary_large_image\" \/>\n<meta name=\"twitter:label1\" content=\"Tiempo de lectura\" \/>\n\t<meta name=\"twitter:data1\" content=\"1 minuto\" \/>\n<script type=\"application\/ld+json\" class=\"yoast-schema-graph\">{\"@context\":\"https:\/\/schema.org\",\"@graph\":[{\"@type\":\"WebPage\",\"@id\":\"https:\/\/demoweb.info\/sexshop001\/producto\/chic-jasmine-azul\/\",\"url\":\"https:\/\/demoweb.info\/sexshop001\/producto\/chic-jasmine-azul\/\",\"name\":\"CHIC JASMINE - AZUL - Tienda Er\u00f3tica\",\"isPartOf\":{\"@id\":\"https:\/\/demoweb.info\/sexshop001\/#website\"},\"datePublished\":\"2022-01-22T09:41:41+00:00\",\"dateModified\":\"2022-01-22T09:41:47+00:00\",\"breadcrumb\":{\"@id\":\"https:\/\/demoweb.info\/sexshop001\/producto\/chic-jasmine-azul\/#breadcrumb\"},\"inLanguage\":\"es\",\"potentialAction\":[{\"@type\":\"ReadAction\",\"target\":[\"https:\/\/demoweb.info\/sexshop001\/producto\/chic-jasmine-azul\/\"]}]},{\"@type\":\"BreadcrumbList\",\"@id\":\"https:\/\/demoweb.info\/sexshop001\/producto\/chic-jasmine-azul\/#breadcrumb\",\"itemListElement\":[{\"@type\":\"ListItem\",\"position\":1,\"name\":\"Portada\",\"item\":\"https:\/\/demoweb.info\/sexshop001\/\"},{\"@type\":\"ListItem\",\"position\":2,\"name\":\"Tienda\",\"item\":\"https:\/\/demoweb.info\/sexshop001\/tienda\/\"},{\"@type\":\"ListItem\",\"position\":3,\"name\":\"CHIC JASMINE &#8211; AZUL\"}]},{\"@type\":\"WebSite\",\"@id\":\"https:\/\/demoweb.info\/sexshop001\/#website\",\"url\":\"https:\/\/demoweb.info\/sexshop001\/\",\"name\":\"Tienda Er\u00f3tica\",\"description\":\"DEMOWEB SL\",\"potentialAction\":[{\"@type\":\"SearchAction\",\"target\":{\"@type\":\"EntryPoint\",\"urlTemplate\":\"https:\/\/demoweb.info\/sexshop001\/?s={search_term_string}\"},\"query-input\":\"required name=search_term_string\"}],\"inLanguage\":\"es\"}]}<\/script>\n<!-- \/ Yoast SEO plugin. -->","yoast_head_json":{"title":"CHIC JASMINE - AZUL - Tienda Er\u00f3tica","robots":{"index":"noindex","follow":"follow","max-snippet":"max-snippet:-1","max-image-preview":"max-image-preview:large","max-video-preview":"max-video-preview:-1"},"og_locale":"es_ES","og_type":"article","og_title":"CHIC JASMINE - AZUL - Tienda Er\u00f3tica","og_description":"CHIC JASMINE &#8211; BLUE Sofisticado. Refinado. Poderoso. La l\u00ednea Ch\u00edc tiene 10 velocidades de vibraci\u00f3n constante para un placer incre\u00edble.","og_url":"https:\/\/demoweb.info\/sexshop001\/producto\/chic-jasmine-azul\/","og_site_name":"Tienda Er\u00f3tica","article_modified_time":"2022-01-22T09:41:47+00:00","og_image":[{"width":550,"height":550,"url":"https:\/\/demoweb.info\/sexshop001\/wp-content\/uploads\/2022\/01\/CHIC-JASMINE-AZUL.jpg","type":"image\/jpeg"}],"twitter_card":"summary_large_image","twitter_misc":{"Tiempo de lectura":"1 minuto"},"schema":{"@context":"https:\/\/schema.org","@graph":[{"@type":"WebPage","@id":"https:\/\/demoweb.info\/sexshop001\/producto\/chic-jasmine-azul\/","url":"https:\/\/demoweb.info\/sexshop001\/producto\/chic-jasmine-azul\/","name":"CHIC JASMINE - AZUL - Tienda Er\u00f3tica","isPartOf":{"@id":"https:\/\/demoweb.info\/sexshop001\/#website"},"datePublished":"2022-01-22T09:41:41+00:00","dateModified":"2022-01-22T09:41:47+00:00","breadcrumb":{"@id":"https:\/\/demoweb.info\/sexshop001\/producto\/chic-jasmine-azul\/#breadcrumb"},"inLanguage":"es","potentialAction":[{"@type":"ReadAction","target":["https:\/\/demoweb.info\/sexshop001\/producto\/chic-jasmine-azul\/"]}]},{"@type":"BreadcrumbList","@id":"https:\/\/demoweb.info\/sexshop001\/producto\/chic-jasmine-azul\/#breadcrumb","itemListElement":[{"@type":"ListItem","position":1,"name":"Portada","item":"https:\/\/demoweb.info\/sexshop001\/"},{"@type":"ListItem","position":2,"name":"Tienda","item":"https:\/\/demoweb.info\/sexshop001\/tienda\/"},{"@type":"ListItem","position":3,"name":"CHIC JASMINE &#8211; AZUL"}]},{"@type":"WebSite","@id":"https:\/\/demoweb.info\/sexshop001\/#website","url":"https:\/\/demoweb.info\/sexshop001\/","name":"Tienda Er\u00f3tica","description":"DEMOWEB SL","potentialAction":[{"@type":"SearchAction","target":{"@type":"EntryPoint","urlTemplate":"https:\/\/demoweb.info\/sexshop001\/?s={search_term_string}"},"query-input":"required name=search_term_string"}],"inLanguage":"es"}]}},"_links":{"self":[{"href":"https:\/\/demoweb.info\/sexshop001\/wp-json\/wp\/v3\/product\/17054","targetHints":{"allow":["GET"]}}],"collection":[{"href":"https:\/\/demoweb.info\/sexshop001\/wp-json\/wp\/v3\/product"}],"about":[{"href":"https:\/\/demoweb.info\/sexshop001\/wp-json\/wp\/v2\/types\/product"}],"replies":[{"embeddable":true,"href":"https:\/\/demoweb.info\/sexshop001\/wp-json\/wp\/v2\/comments?post=17054"}],"wp:featuredmedia":[{"embeddable":true,"href":"https:\/\/demoweb.info\/sexshop001\/wp-json\/wp\/v2\/media\/17055"}],"wp:attachment":[{"href":"https:\/\/demoweb.info\/sexshop001\/wp-json\/wp\/v2\/media?parent=17054"}],"wp:term":[{"taxonomy":"product_cat","embeddable":true,"href":"https:\/\/demoweb.info\/sexshop001\/wp-json\/wp\/v2\/product_cat?post=17054"},{"taxonomy":"product_tag","embeddable":true,"href":"https:\/\/demoweb.info\/sexshop001\/wp-json\/wp\/v2\/product_tag?post=17054"}],"curies":[{"name":"wp","href":"https:\/\/api.w.org\/{rel}","templated":true}]}}