{"id":16924,"date":"2022-01-22T10:40:01","date_gmt":"2022-01-22T09:40:01","guid":{"rendered":"https:\/\/demoweb.info\/sexshop001\/producto\/ataduras-para-cama-boundless-bed-restraint-negro\/"},"modified":"2022-01-22T10:40:43","modified_gmt":"2022-01-22T09:40:43","slug":"ataduras-para-cama-boundless-bed-restraint-negro","status":"publish","type":"product","link":"https:\/\/demoweb.info\/sexshop001\/producto\/ataduras-para-cama-boundless-bed-restraint-negro\/","title":{"rendered":"ATADURAS PARA CAMA &#8211; BOUNDLESS BED RESTRAINT &#8211; NEGRO"},"content":{"rendered":"<p><strong>BOUNDLESS BED RESTRAINT &#8211; BLACK<\/strong><\/p>\n<p>Tenga cuidado: \u00a1el sistema de restricci\u00f3n de cama Boundless puede atar sus noches durante mucho tiempo! Este juguete para adultos viene con mu\u00f1equeras y tobillos que ofrecen cierres estilo velcro y aplausos universales, lo que garantiza la m\u00e1xima comodidad y sujeci\u00f3n.<\/p>\n<p>Las correas de seguridad ajustables y muy resistentes se envuelven debajo de casi cualquier tama\u00f1o de colch\u00f3n de cama, lo que garantiza que el submarino est\u00e9 sujeto a la voluntad del dom.<\/p>\n<p>Como una de las categor\u00edas de productos de juguetes para adultos en aumento, los juguetes sexuales BDSM han experimentado un aumento en la comunidad de productos de placer, liberando a las personas de sus tensiones reprimidas de la manera m\u00e1s sexual posible.<\/p>\n<p><strong>CARACTER\u00cdSTICAS<\/strong><\/p>\n<ul>\n<li>Informaci\u00f3n adicional 4 pu\u00f1os de mu\u00f1eca o tobillo totalmente ajustables y desmontables | 4 robustas correas ajustables para adaptarse a la mayor\u00eda de los colchones | Puede utilizarse bajo cualquier cama o como ataduras individuales | Cierres universales y anillos en O con dise\u00f1o giratorio para una total destreza | Interior suave y lujoso con exterior de cuero vegano | Costuras dobles acolchadas y cosidas | Dise\u00f1o funcional, duradero y con textura<\/li>\n<li>Dimensiones del producto: Cada atadura: 160 cm | Circunferencia m\u00e1xima &#8211; cada pu\u00f1o: 40,75 cm<\/li>\n<li>Seguro para el cuerpo: S\u00ed<\/li>\n<li>Material: PU (tejido) | Poli\u00e9ster (forro, cinta decorativa, velcro, correas) | Hierro sin n\u00edquel (juntas t\u00f3ricas, remaches) | Aleaci\u00f3n de zinc sin n\u00edquel (cierres giratorios) | POM (ajustadores)<\/li>\n<\/ul>\n","protected":false},"excerpt":{"rendered":"<p>BOUNDLESS BED RESTRAINT &#8211; BLACK Tenga cuidado: \u00a1el sistema de restricci\u00f3n de cama Boundless puede atar sus noches durante mucho<\/p>\n","protected":false},"featured_media":16925,"comment_status":"open","ping_status":"open","template":"","meta":[],"product_cat":[679],"product_tag":[888,660],"class_list":["post-16924","product","type-product","status-publish","has-post-thumbnail","hentry","product_cat-para-cama","product_tag-boundless","product_tag-calexotics"],"bundled_by":[],"bundle_stock_status":"instock","bundle_stock_quantity":1,"bundle_virtual":false,"bundle_layout":"","bundle_add_to_cart_form_location":"","bundle_editable_in_cart":false,"bundle_sold_individually_context":"","bundle_item_grouping":"","bundle_min_size":"","bundle_max_size":"","bundled_items":[],"yoast_head":"<!-- This site is optimized with the Yoast SEO plugin v20.6 - https:\/\/yoast.com\/wordpress\/plugins\/seo\/ -->\n<title>ATADURAS PARA CAMA - BOUNDLESS BED RESTRAINT - NEGRO - Tienda Er\u00f3tica<\/title>\n<meta name=\"robots\" content=\"noindex, follow, max-snippet:-1, max-image-preview:large, max-video-preview:-1\" \/>\n<meta property=\"og:locale\" content=\"es_ES\" \/>\n<meta property=\"og:type\" content=\"article\" \/>\n<meta property=\"og:title\" content=\"ATADURAS PARA CAMA - BOUNDLESS BED RESTRAINT - NEGRO - Tienda Er\u00f3tica\" \/>\n<meta property=\"og:description\" content=\"BOUNDLESS BED RESTRAINT &#8211; BLACK Tenga cuidado: \u00a1el sistema de restricci\u00f3n de cama Boundless puede atar sus noches durante mucho\" \/>\n<meta property=\"og:url\" content=\"https:\/\/demoweb.info\/sexshop001\/producto\/ataduras-para-cama-boundless-bed-restraint-negro\/\" \/>\n<meta property=\"og:site_name\" content=\"Tienda Er\u00f3tica\" \/>\n<meta property=\"article:modified_time\" content=\"2022-01-22T09:40:43+00:00\" \/>\n<meta property=\"og:image\" content=\"https:\/\/demoweb.info\/sexshop001\/wp-content\/uploads\/2022\/01\/ATADURAS-PARA-CAMA-BOUNDLESS-BED-RESTRAINT-NEGRO.jpg\" \/>\n\t<meta property=\"og:image:width\" content=\"550\" \/>\n\t<meta property=\"og:image:height\" content=\"550\" \/>\n\t<meta property=\"og:image:type\" content=\"image\/jpeg\" \/>\n<meta name=\"twitter:card\" content=\"summary_large_image\" \/>\n<meta name=\"twitter:label1\" content=\"Tiempo de lectura\" \/>\n\t<meta name=\"twitter:data1\" content=\"1 minuto\" \/>\n<script type=\"application\/ld+json\" class=\"yoast-schema-graph\">{\"@context\":\"https:\/\/schema.org\",\"@graph\":[{\"@type\":\"WebPage\",\"@id\":\"https:\/\/demoweb.info\/sexshop001\/producto\/ataduras-para-cama-boundless-bed-restraint-negro\/\",\"url\":\"https:\/\/demoweb.info\/sexshop001\/producto\/ataduras-para-cama-boundless-bed-restraint-negro\/\",\"name\":\"ATADURAS PARA CAMA - BOUNDLESS BED RESTRAINT - NEGRO - Tienda Er\u00f3tica\",\"isPartOf\":{\"@id\":\"https:\/\/demoweb.info\/sexshop001\/#website\"},\"datePublished\":\"2022-01-22T09:40:01+00:00\",\"dateModified\":\"2022-01-22T09:40:43+00:00\",\"breadcrumb\":{\"@id\":\"https:\/\/demoweb.info\/sexshop001\/producto\/ataduras-para-cama-boundless-bed-restraint-negro\/#breadcrumb\"},\"inLanguage\":\"es\",\"potentialAction\":[{\"@type\":\"ReadAction\",\"target\":[\"https:\/\/demoweb.info\/sexshop001\/producto\/ataduras-para-cama-boundless-bed-restraint-negro\/\"]}]},{\"@type\":\"BreadcrumbList\",\"@id\":\"https:\/\/demoweb.info\/sexshop001\/producto\/ataduras-para-cama-boundless-bed-restraint-negro\/#breadcrumb\",\"itemListElement\":[{\"@type\":\"ListItem\",\"position\":1,\"name\":\"Portada\",\"item\":\"https:\/\/demoweb.info\/sexshop001\/\"},{\"@type\":\"ListItem\",\"position\":2,\"name\":\"Tienda\",\"item\":\"https:\/\/demoweb.info\/sexshop001\/tienda\/\"},{\"@type\":\"ListItem\",\"position\":3,\"name\":\"ATADURAS PARA CAMA &#8211; BOUNDLESS BED RESTRAINT &#8211; NEGRO\"}]},{\"@type\":\"WebSite\",\"@id\":\"https:\/\/demoweb.info\/sexshop001\/#website\",\"url\":\"https:\/\/demoweb.info\/sexshop001\/\",\"name\":\"Tienda Er\u00f3tica\",\"description\":\"DEMOWEB SL\",\"potentialAction\":[{\"@type\":\"SearchAction\",\"target\":{\"@type\":\"EntryPoint\",\"urlTemplate\":\"https:\/\/demoweb.info\/sexshop001\/?s={search_term_string}\"},\"query-input\":\"required name=search_term_string\"}],\"inLanguage\":\"es\"}]}<\/script>\n<!-- \/ Yoast SEO plugin. -->","yoast_head_json":{"title":"ATADURAS PARA CAMA - BOUNDLESS BED RESTRAINT - NEGRO - Tienda Er\u00f3tica","robots":{"index":"noindex","follow":"follow","max-snippet":"max-snippet:-1","max-image-preview":"max-image-preview:large","max-video-preview":"max-video-preview:-1"},"og_locale":"es_ES","og_type":"article","og_title":"ATADURAS PARA CAMA - BOUNDLESS BED RESTRAINT - NEGRO - Tienda Er\u00f3tica","og_description":"BOUNDLESS BED RESTRAINT &#8211; BLACK Tenga cuidado: \u00a1el sistema de restricci\u00f3n de cama Boundless puede atar sus noches durante mucho","og_url":"https:\/\/demoweb.info\/sexshop001\/producto\/ataduras-para-cama-boundless-bed-restraint-negro\/","og_site_name":"Tienda Er\u00f3tica","article_modified_time":"2022-01-22T09:40:43+00:00","og_image":[{"width":550,"height":550,"url":"https:\/\/demoweb.info\/sexshop001\/wp-content\/uploads\/2022\/01\/ATADURAS-PARA-CAMA-BOUNDLESS-BED-RESTRAINT-NEGRO.jpg","type":"image\/jpeg"}],"twitter_card":"summary_large_image","twitter_misc":{"Tiempo de lectura":"1 minuto"},"schema":{"@context":"https:\/\/schema.org","@graph":[{"@type":"WebPage","@id":"https:\/\/demoweb.info\/sexshop001\/producto\/ataduras-para-cama-boundless-bed-restraint-negro\/","url":"https:\/\/demoweb.info\/sexshop001\/producto\/ataduras-para-cama-boundless-bed-restraint-negro\/","name":"ATADURAS PARA CAMA - BOUNDLESS BED RESTRAINT - NEGRO - Tienda Er\u00f3tica","isPartOf":{"@id":"https:\/\/demoweb.info\/sexshop001\/#website"},"datePublished":"2022-01-22T09:40:01+00:00","dateModified":"2022-01-22T09:40:43+00:00","breadcrumb":{"@id":"https:\/\/demoweb.info\/sexshop001\/producto\/ataduras-para-cama-boundless-bed-restraint-negro\/#breadcrumb"},"inLanguage":"es","potentialAction":[{"@type":"ReadAction","target":["https:\/\/demoweb.info\/sexshop001\/producto\/ataduras-para-cama-boundless-bed-restraint-negro\/"]}]},{"@type":"BreadcrumbList","@id":"https:\/\/demoweb.info\/sexshop001\/producto\/ataduras-para-cama-boundless-bed-restraint-negro\/#breadcrumb","itemListElement":[{"@type":"ListItem","position":1,"name":"Portada","item":"https:\/\/demoweb.info\/sexshop001\/"},{"@type":"ListItem","position":2,"name":"Tienda","item":"https:\/\/demoweb.info\/sexshop001\/tienda\/"},{"@type":"ListItem","position":3,"name":"ATADURAS PARA CAMA &#8211; BOUNDLESS BED RESTRAINT &#8211; NEGRO"}]},{"@type":"WebSite","@id":"https:\/\/demoweb.info\/sexshop001\/#website","url":"https:\/\/demoweb.info\/sexshop001\/","name":"Tienda Er\u00f3tica","description":"DEMOWEB SL","potentialAction":[{"@type":"SearchAction","target":{"@type":"EntryPoint","urlTemplate":"https:\/\/demoweb.info\/sexshop001\/?s={search_term_string}"},"query-input":"required name=search_term_string"}],"inLanguage":"es"}]}},"_links":{"self":[{"href":"https:\/\/demoweb.info\/sexshop001\/wp-json\/wp\/v3\/product\/16924","targetHints":{"allow":["GET"]}}],"collection":[{"href":"https:\/\/demoweb.info\/sexshop001\/wp-json\/wp\/v3\/product"}],"about":[{"href":"https:\/\/demoweb.info\/sexshop001\/wp-json\/wp\/v2\/types\/product"}],"replies":[{"embeddable":true,"href":"https:\/\/demoweb.info\/sexshop001\/wp-json\/wp\/v2\/comments?post=16924"}],"wp:featuredmedia":[{"embeddable":true,"href":"https:\/\/demoweb.info\/sexshop001\/wp-json\/wp\/v2\/media\/16925"}],"wp:attachment":[{"href":"https:\/\/demoweb.info\/sexshop001\/wp-json\/wp\/v2\/media?parent=16924"}],"wp:term":[{"taxonomy":"product_cat","embeddable":true,"href":"https:\/\/demoweb.info\/sexshop001\/wp-json\/wp\/v2\/product_cat?post=16924"},{"taxonomy":"product_tag","embeddable":true,"href":"https:\/\/demoweb.info\/sexshop001\/wp-json\/wp\/v2\/product_tag?post=16924"}],"curies":[{"name":"wp","href":"https:\/\/api.w.org\/{rel}","templated":true}]}}