{"id":16917,"date":"2022-01-22T10:40:01","date_gmt":"2022-01-22T09:40:01","guid":{"rendered":"https:\/\/demoweb.info\/sexshop001\/producto\/ataduras-boundless-hog-tie-negro\/"},"modified":"2022-01-22T10:40:39","modified_gmt":"2022-01-22T09:40:39","slug":"ataduras-boundless-hog-tie-negro","status":"publish","type":"product","link":"https:\/\/demoweb.info\/sexshop001\/producto\/ataduras-boundless-hog-tie-negro\/","title":{"rendered":"ATADURAS &#8211; BOUNDLESS HOG TIE &#8211; NEGRO"},"content":{"rendered":"<p><strong>BOUNDLESS HOG TIE &#8211; BLACK<\/strong><\/p>\n<p>Si te tomas en serio la exploraci\u00f3n de tus l\u00edmites sexuales, el Boundless Hog Tie es lo \u00faltimo en juguetes para adultos.<\/p>\n<p>Ata a tu pareja sumisa con las manos y los pies a la espalda (o al frente) y aprovecha al m\u00e1ximo su posici\u00f3n.<\/p>\n<p>Con 2 pu\u00f1os de tobillo totalmente ajustables y 2 esposas totalmente ajustables atadas con cierres de velcro de gancho y bucle, esta corbata de cerdo tambi\u00e9n viene con cierres universales y juntas t\u00f3ricas con un dise\u00f1o giratorio para una destreza total y m\u00e1xima comodidad, mientras est\u00e1 totalmente atado.<\/p>\n<p><strong>CARACTER\u00cdSTICAS<\/strong><\/p>\n<ul>\n<li>Informaci\u00f3n adicional: 4 pu\u00f1os totalmente ajustables para mu\u00f1ecas y tobillos | Totalmente ajustables con cierres de gancho y bucle | Conector de brida de cerdo resistente | Cierres universales y anillos en O con dise\u00f1o giratorio para una total destreza | Interior suave y lujoso con exterior de cuero vegano | Doble acolchado, doble costura | Dise\u00f1o funcional, duradero y con textura | Totalmente desmontable y puede usarse como pu\u00f1os individuales para mu\u00f1ecas y tobillos.<\/li>\n<li>Dimensiones del producto: Circunferencia m\u00e1xima &#8211; cada pu\u00f1o: 40,75 cm<\/li>\n<li>Longitud total: 40,8 cm<\/li>\n<li>Seguro para el cuerpo: S\u00ed<\/li>\n<li>Material: PU (tejido) | Poli\u00e9ster (forro, cinta decorativa, velcro) | Hierro sin n\u00edquel (juntas t\u00f3ricas, anillos en D) | Aleaci\u00f3n de zinc sin n\u00edquel (cierres giratorios)<\/li>\n<\/ul>\n","protected":false},"excerpt":{"rendered":"<p>BOUNDLESS HOG TIE &#8211; BLACK Si te tomas en serio la exploraci\u00f3n de tus l\u00edmites sexuales, el Boundless Hog Tie<\/p>\n","protected":false},"featured_media":16918,"comment_status":"open","ping_status":"open","template":"","meta":[],"product_cat":[891],"product_tag":[888,660],"class_list":["post-16917","product","type-product","status-publish","has-post-thumbnail","hentry","product_cat-esposas-ataduras-bdsm-juguetes-xxx","product_tag-boundless","product_tag-calexotics"],"bundled_by":[],"bundle_stock_status":"instock","bundle_stock_quantity":1,"bundle_virtual":false,"bundle_layout":"","bundle_add_to_cart_form_location":"","bundle_editable_in_cart":false,"bundle_sold_individually_context":"","bundle_item_grouping":"","bundle_min_size":"","bundle_max_size":"","bundled_items":[],"yoast_head":"<!-- This site is optimized with the Yoast SEO plugin v20.6 - https:\/\/yoast.com\/wordpress\/plugins\/seo\/ -->\n<title>ATADURAS - BOUNDLESS HOG TIE - NEGRO - Tienda Er\u00f3tica<\/title>\n<meta name=\"robots\" content=\"noindex, follow, max-snippet:-1, max-image-preview:large, max-video-preview:-1\" \/>\n<meta property=\"og:locale\" content=\"es_ES\" \/>\n<meta property=\"og:type\" content=\"article\" \/>\n<meta property=\"og:title\" content=\"ATADURAS - BOUNDLESS HOG TIE - NEGRO - Tienda Er\u00f3tica\" \/>\n<meta property=\"og:description\" content=\"BOUNDLESS HOG TIE &#8211; BLACK Si te tomas en serio la exploraci\u00f3n de tus l\u00edmites sexuales, el Boundless Hog Tie\" \/>\n<meta property=\"og:url\" content=\"https:\/\/demoweb.info\/sexshop001\/producto\/ataduras-boundless-hog-tie-negro\/\" \/>\n<meta property=\"og:site_name\" content=\"Tienda Er\u00f3tica\" \/>\n<meta property=\"article:modified_time\" content=\"2022-01-22T09:40:39+00:00\" \/>\n<meta property=\"og:image\" content=\"https:\/\/demoweb.info\/sexshop001\/wp-content\/uploads\/2022\/01\/ATADURAS-BOUNDLESS-HOG-TIE-NEGRO.jpg\" \/>\n\t<meta property=\"og:image:width\" content=\"550\" \/>\n\t<meta property=\"og:image:height\" content=\"550\" \/>\n\t<meta property=\"og:image:type\" content=\"image\/jpeg\" \/>\n<meta name=\"twitter:card\" content=\"summary_large_image\" \/>\n<meta name=\"twitter:label1\" content=\"Tiempo de lectura\" \/>\n\t<meta name=\"twitter:data1\" content=\"1 minuto\" \/>\n<script type=\"application\/ld+json\" class=\"yoast-schema-graph\">{\"@context\":\"https:\/\/schema.org\",\"@graph\":[{\"@type\":\"WebPage\",\"@id\":\"https:\/\/demoweb.info\/sexshop001\/producto\/ataduras-boundless-hog-tie-negro\/\",\"url\":\"https:\/\/demoweb.info\/sexshop001\/producto\/ataduras-boundless-hog-tie-negro\/\",\"name\":\"ATADURAS - BOUNDLESS HOG TIE - NEGRO - Tienda Er\u00f3tica\",\"isPartOf\":{\"@id\":\"https:\/\/demoweb.info\/sexshop001\/#website\"},\"datePublished\":\"2022-01-22T09:40:01+00:00\",\"dateModified\":\"2022-01-22T09:40:39+00:00\",\"breadcrumb\":{\"@id\":\"https:\/\/demoweb.info\/sexshop001\/producto\/ataduras-boundless-hog-tie-negro\/#breadcrumb\"},\"inLanguage\":\"es\",\"potentialAction\":[{\"@type\":\"ReadAction\",\"target\":[\"https:\/\/demoweb.info\/sexshop001\/producto\/ataduras-boundless-hog-tie-negro\/\"]}]},{\"@type\":\"BreadcrumbList\",\"@id\":\"https:\/\/demoweb.info\/sexshop001\/producto\/ataduras-boundless-hog-tie-negro\/#breadcrumb\",\"itemListElement\":[{\"@type\":\"ListItem\",\"position\":1,\"name\":\"Portada\",\"item\":\"https:\/\/demoweb.info\/sexshop001\/\"},{\"@type\":\"ListItem\",\"position\":2,\"name\":\"Tienda\",\"item\":\"https:\/\/demoweb.info\/sexshop001\/tienda\/\"},{\"@type\":\"ListItem\",\"position\":3,\"name\":\"ATADURAS &#8211; BOUNDLESS HOG TIE &#8211; NEGRO\"}]},{\"@type\":\"WebSite\",\"@id\":\"https:\/\/demoweb.info\/sexshop001\/#website\",\"url\":\"https:\/\/demoweb.info\/sexshop001\/\",\"name\":\"Tienda Er\u00f3tica\",\"description\":\"DEMOWEB SL\",\"potentialAction\":[{\"@type\":\"SearchAction\",\"target\":{\"@type\":\"EntryPoint\",\"urlTemplate\":\"https:\/\/demoweb.info\/sexshop001\/?s={search_term_string}\"},\"query-input\":\"required name=search_term_string\"}],\"inLanguage\":\"es\"}]}<\/script>\n<!-- \/ Yoast SEO plugin. -->","yoast_head_json":{"title":"ATADURAS - BOUNDLESS HOG TIE - NEGRO - Tienda Er\u00f3tica","robots":{"index":"noindex","follow":"follow","max-snippet":"max-snippet:-1","max-image-preview":"max-image-preview:large","max-video-preview":"max-video-preview:-1"},"og_locale":"es_ES","og_type":"article","og_title":"ATADURAS - BOUNDLESS HOG TIE - NEGRO - Tienda Er\u00f3tica","og_description":"BOUNDLESS HOG TIE &#8211; BLACK Si te tomas en serio la exploraci\u00f3n de tus l\u00edmites sexuales, el Boundless Hog Tie","og_url":"https:\/\/demoweb.info\/sexshop001\/producto\/ataduras-boundless-hog-tie-negro\/","og_site_name":"Tienda Er\u00f3tica","article_modified_time":"2022-01-22T09:40:39+00:00","og_image":[{"width":550,"height":550,"url":"https:\/\/demoweb.info\/sexshop001\/wp-content\/uploads\/2022\/01\/ATADURAS-BOUNDLESS-HOG-TIE-NEGRO.jpg","type":"image\/jpeg"}],"twitter_card":"summary_large_image","twitter_misc":{"Tiempo de lectura":"1 minuto"},"schema":{"@context":"https:\/\/schema.org","@graph":[{"@type":"WebPage","@id":"https:\/\/demoweb.info\/sexshop001\/producto\/ataduras-boundless-hog-tie-negro\/","url":"https:\/\/demoweb.info\/sexshop001\/producto\/ataduras-boundless-hog-tie-negro\/","name":"ATADURAS - BOUNDLESS HOG TIE - NEGRO - Tienda Er\u00f3tica","isPartOf":{"@id":"https:\/\/demoweb.info\/sexshop001\/#website"},"datePublished":"2022-01-22T09:40:01+00:00","dateModified":"2022-01-22T09:40:39+00:00","breadcrumb":{"@id":"https:\/\/demoweb.info\/sexshop001\/producto\/ataduras-boundless-hog-tie-negro\/#breadcrumb"},"inLanguage":"es","potentialAction":[{"@type":"ReadAction","target":["https:\/\/demoweb.info\/sexshop001\/producto\/ataduras-boundless-hog-tie-negro\/"]}]},{"@type":"BreadcrumbList","@id":"https:\/\/demoweb.info\/sexshop001\/producto\/ataduras-boundless-hog-tie-negro\/#breadcrumb","itemListElement":[{"@type":"ListItem","position":1,"name":"Portada","item":"https:\/\/demoweb.info\/sexshop001\/"},{"@type":"ListItem","position":2,"name":"Tienda","item":"https:\/\/demoweb.info\/sexshop001\/tienda\/"},{"@type":"ListItem","position":3,"name":"ATADURAS &#8211; BOUNDLESS HOG TIE &#8211; NEGRO"}]},{"@type":"WebSite","@id":"https:\/\/demoweb.info\/sexshop001\/#website","url":"https:\/\/demoweb.info\/sexshop001\/","name":"Tienda Er\u00f3tica","description":"DEMOWEB SL","potentialAction":[{"@type":"SearchAction","target":{"@type":"EntryPoint","urlTemplate":"https:\/\/demoweb.info\/sexshop001\/?s={search_term_string}"},"query-input":"required name=search_term_string"}],"inLanguage":"es"}]}},"_links":{"self":[{"href":"https:\/\/demoweb.info\/sexshop001\/wp-json\/wp\/v3\/product\/16917","targetHints":{"allow":["GET"]}}],"collection":[{"href":"https:\/\/demoweb.info\/sexshop001\/wp-json\/wp\/v3\/product"}],"about":[{"href":"https:\/\/demoweb.info\/sexshop001\/wp-json\/wp\/v2\/types\/product"}],"replies":[{"embeddable":true,"href":"https:\/\/demoweb.info\/sexshop001\/wp-json\/wp\/v2\/comments?post=16917"}],"wp:featuredmedia":[{"embeddable":true,"href":"https:\/\/demoweb.info\/sexshop001\/wp-json\/wp\/v2\/media\/16918"}],"wp:attachment":[{"href":"https:\/\/demoweb.info\/sexshop001\/wp-json\/wp\/v2\/media?parent=16917"}],"wp:term":[{"taxonomy":"product_cat","embeddable":true,"href":"https:\/\/demoweb.info\/sexshop001\/wp-json\/wp\/v2\/product_cat?post=16917"},{"taxonomy":"product_tag","embeddable":true,"href":"https:\/\/demoweb.info\/sexshop001\/wp-json\/wp\/v2\/product_tag?post=16917"}],"curies":[{"name":"wp","href":"https:\/\/api.w.org\/{rel}","templated":true}]}}