{"id":16896,"date":"2022-01-22T10:40:01","date_gmt":"2022-01-22T09:40:01","guid":{"rendered":"https:\/\/demoweb.info\/sexshop001\/producto\/esposas-boundless-wrist-cuffs-negro\/"},"modified":"2022-01-22T10:40:30","modified_gmt":"2022-01-22T09:40:30","slug":"esposas-boundless-wrist-cuffs-negro","status":"publish","type":"product","link":"https:\/\/demoweb.info\/sexshop001\/producto\/esposas-boundless-wrist-cuffs-negro\/","title":{"rendered":"ESPOSAS &#8211; BOUNDLESS WRIST CUFFS &#8211; NEGRO"},"content":{"rendered":"<p><strong>BOUNDLESS WRIST CUFFS &#8211; BLACK<\/strong><\/p>\n<p>Simplemente s\u00fabase a la cama y qu\u00e9dese all\u00ed con Boundless Wrist Cuffs.<\/p>\n<p>Estas mu\u00f1equeras se pueden unir con un dise\u00f1o giratorio totalmente flexible, lo que maximiza la sujeci\u00f3n al tiempo que minimiza la incomodidad y brinda al usuario una destreza total.<\/p>\n<p>Los pu\u00f1os se mantienen unidos mediante cierres universales desmontables, lo que le permite unir estos pu\u00f1os o en cualquier otra superficie de su elecci\u00f3n.<\/p>\n<p><strong>CARACTER\u00cdSTICAS<\/strong><\/p>\n<ul>\n<li>Informaci\u00f3n adicional: Pu\u00f1os totalmente ajustables con cierres de hebilla seguros | Cierres universales y anillos en D con dise\u00f1o giratorio para una total destreza | Interior suave y lujoso con exterior de cuero vegano | Doble acolchado, costuras dobles | Dise\u00f1o funcional, duradero y con textura<\/li>\n<li>Dimensiones del producto: Circunferencia m\u00e1xima &#8211; cada pu\u00f1o: 30,5 cm<\/li>\n<li>Longitud total: 30,5 cm<\/li>\n<li>Seguro para el cuerpo: S\u00ed<\/li>\n<li>Material: PU (tejido) | Poli\u00e9ster (forro, cintas decorativas) | Hierro sin n\u00edquel (remaches, anillos en D) | Aleaci\u00f3n de zinc sin n\u00edquel (hebillas, cierres giratorios)<\/li>\n<\/ul>\n","protected":false},"excerpt":{"rendered":"<p>BOUNDLESS WRIST CUFFS &#8211; BLACK Simplemente s\u00fabase a la cama y qu\u00e9dese all\u00ed con Boundless Wrist Cuffs. Estas mu\u00f1equeras se<\/p>\n","protected":false},"featured_media":16897,"comment_status":"open","ping_status":"open","template":"","meta":[],"product_cat":[891],"product_tag":[888,660],"class_list":["post-16896","product","type-product","status-publish","has-post-thumbnail","hentry","product_cat-esposas-ataduras-bdsm-juguetes-xxx","product_tag-boundless","product_tag-calexotics"],"bundled_by":[],"bundle_stock_status":"instock","bundle_stock_quantity":2,"bundle_virtual":false,"bundle_layout":"","bundle_add_to_cart_form_location":"","bundle_editable_in_cart":false,"bundle_sold_individually_context":"","bundle_item_grouping":"","bundle_min_size":"","bundle_max_size":"","bundled_items":[],"yoast_head":"<!-- This site is optimized with the Yoast SEO plugin v20.6 - https:\/\/yoast.com\/wordpress\/plugins\/seo\/ -->\n<title>ESPOSAS - BOUNDLESS WRIST CUFFS - NEGRO - Tienda Er\u00f3tica<\/title>\n<meta name=\"robots\" content=\"noindex, follow, max-snippet:-1, max-image-preview:large, max-video-preview:-1\" \/>\n<meta property=\"og:locale\" content=\"es_ES\" \/>\n<meta property=\"og:type\" content=\"article\" \/>\n<meta property=\"og:title\" content=\"ESPOSAS - BOUNDLESS WRIST CUFFS - NEGRO - Tienda Er\u00f3tica\" \/>\n<meta property=\"og:description\" content=\"BOUNDLESS WRIST CUFFS &#8211; BLACK Simplemente s\u00fabase a la cama y qu\u00e9dese all\u00ed con Boundless Wrist Cuffs. Estas mu\u00f1equeras se\" \/>\n<meta property=\"og:url\" content=\"https:\/\/demoweb.info\/sexshop001\/producto\/esposas-boundless-wrist-cuffs-negro\/\" \/>\n<meta property=\"og:site_name\" content=\"Tienda Er\u00f3tica\" \/>\n<meta property=\"article:modified_time\" content=\"2022-01-22T09:40:30+00:00\" \/>\n<meta property=\"og:image\" content=\"https:\/\/demoweb.info\/sexshop001\/wp-content\/uploads\/2022\/01\/ESPOSAS-BOUNDLESS-WRIST-CUFFS-NEGRO.jpg\" \/>\n\t<meta property=\"og:image:width\" content=\"550\" \/>\n\t<meta property=\"og:image:height\" content=\"550\" \/>\n\t<meta property=\"og:image:type\" content=\"image\/jpeg\" \/>\n<meta name=\"twitter:card\" content=\"summary_large_image\" \/>\n<meta name=\"twitter:label1\" content=\"Tiempo de lectura\" \/>\n\t<meta name=\"twitter:data1\" content=\"1 minuto\" \/>\n<script type=\"application\/ld+json\" class=\"yoast-schema-graph\">{\"@context\":\"https:\/\/schema.org\",\"@graph\":[{\"@type\":\"WebPage\",\"@id\":\"https:\/\/demoweb.info\/sexshop001\/producto\/esposas-boundless-wrist-cuffs-negro\/\",\"url\":\"https:\/\/demoweb.info\/sexshop001\/producto\/esposas-boundless-wrist-cuffs-negro\/\",\"name\":\"ESPOSAS - BOUNDLESS WRIST CUFFS - NEGRO - Tienda Er\u00f3tica\",\"isPartOf\":{\"@id\":\"https:\/\/demoweb.info\/sexshop001\/#website\"},\"datePublished\":\"2022-01-22T09:40:01+00:00\",\"dateModified\":\"2022-01-22T09:40:30+00:00\",\"breadcrumb\":{\"@id\":\"https:\/\/demoweb.info\/sexshop001\/producto\/esposas-boundless-wrist-cuffs-negro\/#breadcrumb\"},\"inLanguage\":\"es\",\"potentialAction\":[{\"@type\":\"ReadAction\",\"target\":[\"https:\/\/demoweb.info\/sexshop001\/producto\/esposas-boundless-wrist-cuffs-negro\/\"]}]},{\"@type\":\"BreadcrumbList\",\"@id\":\"https:\/\/demoweb.info\/sexshop001\/producto\/esposas-boundless-wrist-cuffs-negro\/#breadcrumb\",\"itemListElement\":[{\"@type\":\"ListItem\",\"position\":1,\"name\":\"Portada\",\"item\":\"https:\/\/demoweb.info\/sexshop001\/\"},{\"@type\":\"ListItem\",\"position\":2,\"name\":\"Tienda\",\"item\":\"https:\/\/demoweb.info\/sexshop001\/tienda\/\"},{\"@type\":\"ListItem\",\"position\":3,\"name\":\"ESPOSAS &#8211; BOUNDLESS WRIST CUFFS &#8211; NEGRO\"}]},{\"@type\":\"WebSite\",\"@id\":\"https:\/\/demoweb.info\/sexshop001\/#website\",\"url\":\"https:\/\/demoweb.info\/sexshop001\/\",\"name\":\"Tienda Er\u00f3tica\",\"description\":\"DEMOWEB SL\",\"potentialAction\":[{\"@type\":\"SearchAction\",\"target\":{\"@type\":\"EntryPoint\",\"urlTemplate\":\"https:\/\/demoweb.info\/sexshop001\/?s={search_term_string}\"},\"query-input\":\"required name=search_term_string\"}],\"inLanguage\":\"es\"}]}<\/script>\n<!-- \/ Yoast SEO plugin. -->","yoast_head_json":{"title":"ESPOSAS - BOUNDLESS WRIST CUFFS - NEGRO - Tienda Er\u00f3tica","robots":{"index":"noindex","follow":"follow","max-snippet":"max-snippet:-1","max-image-preview":"max-image-preview:large","max-video-preview":"max-video-preview:-1"},"og_locale":"es_ES","og_type":"article","og_title":"ESPOSAS - BOUNDLESS WRIST CUFFS - NEGRO - Tienda Er\u00f3tica","og_description":"BOUNDLESS WRIST CUFFS &#8211; BLACK Simplemente s\u00fabase a la cama y qu\u00e9dese all\u00ed con Boundless Wrist Cuffs. Estas mu\u00f1equeras se","og_url":"https:\/\/demoweb.info\/sexshop001\/producto\/esposas-boundless-wrist-cuffs-negro\/","og_site_name":"Tienda Er\u00f3tica","article_modified_time":"2022-01-22T09:40:30+00:00","og_image":[{"width":550,"height":550,"url":"https:\/\/demoweb.info\/sexshop001\/wp-content\/uploads\/2022\/01\/ESPOSAS-BOUNDLESS-WRIST-CUFFS-NEGRO.jpg","type":"image\/jpeg"}],"twitter_card":"summary_large_image","twitter_misc":{"Tiempo de lectura":"1 minuto"},"schema":{"@context":"https:\/\/schema.org","@graph":[{"@type":"WebPage","@id":"https:\/\/demoweb.info\/sexshop001\/producto\/esposas-boundless-wrist-cuffs-negro\/","url":"https:\/\/demoweb.info\/sexshop001\/producto\/esposas-boundless-wrist-cuffs-negro\/","name":"ESPOSAS - BOUNDLESS WRIST CUFFS - NEGRO - Tienda Er\u00f3tica","isPartOf":{"@id":"https:\/\/demoweb.info\/sexshop001\/#website"},"datePublished":"2022-01-22T09:40:01+00:00","dateModified":"2022-01-22T09:40:30+00:00","breadcrumb":{"@id":"https:\/\/demoweb.info\/sexshop001\/producto\/esposas-boundless-wrist-cuffs-negro\/#breadcrumb"},"inLanguage":"es","potentialAction":[{"@type":"ReadAction","target":["https:\/\/demoweb.info\/sexshop001\/producto\/esposas-boundless-wrist-cuffs-negro\/"]}]},{"@type":"BreadcrumbList","@id":"https:\/\/demoweb.info\/sexshop001\/producto\/esposas-boundless-wrist-cuffs-negro\/#breadcrumb","itemListElement":[{"@type":"ListItem","position":1,"name":"Portada","item":"https:\/\/demoweb.info\/sexshop001\/"},{"@type":"ListItem","position":2,"name":"Tienda","item":"https:\/\/demoweb.info\/sexshop001\/tienda\/"},{"@type":"ListItem","position":3,"name":"ESPOSAS &#8211; BOUNDLESS WRIST CUFFS &#8211; NEGRO"}]},{"@type":"WebSite","@id":"https:\/\/demoweb.info\/sexshop001\/#website","url":"https:\/\/demoweb.info\/sexshop001\/","name":"Tienda Er\u00f3tica","description":"DEMOWEB SL","potentialAction":[{"@type":"SearchAction","target":{"@type":"EntryPoint","urlTemplate":"https:\/\/demoweb.info\/sexshop001\/?s={search_term_string}"},"query-input":"required name=search_term_string"}],"inLanguage":"es"}]}},"_links":{"self":[{"href":"https:\/\/demoweb.info\/sexshop001\/wp-json\/wp\/v3\/product\/16896","targetHints":{"allow":["GET"]}}],"collection":[{"href":"https:\/\/demoweb.info\/sexshop001\/wp-json\/wp\/v3\/product"}],"about":[{"href":"https:\/\/demoweb.info\/sexshop001\/wp-json\/wp\/v2\/types\/product"}],"replies":[{"embeddable":true,"href":"https:\/\/demoweb.info\/sexshop001\/wp-json\/wp\/v2\/comments?post=16896"}],"wp:featuredmedia":[{"embeddable":true,"href":"https:\/\/demoweb.info\/sexshop001\/wp-json\/wp\/v2\/media\/16897"}],"wp:attachment":[{"href":"https:\/\/demoweb.info\/sexshop001\/wp-json\/wp\/v2\/media?parent=16896"}],"wp:term":[{"taxonomy":"product_cat","embeddable":true,"href":"https:\/\/demoweb.info\/sexshop001\/wp-json\/wp\/v2\/product_cat?post=16896"},{"taxonomy":"product_tag","embeddable":true,"href":"https:\/\/demoweb.info\/sexshop001\/wp-json\/wp\/v2\/product_tag?post=16896"}],"curies":[{"name":"wp","href":"https:\/\/api.w.org\/{rel}","templated":true}]}}