{"id":16863,"date":"2022-01-22T10:40:01","date_gmt":"2022-01-22T09:40:01","guid":{"rendered":"https:\/\/demoweb.info\/sexshop001\/producto\/muah-mini-vibrador\/"},"modified":"2022-01-22T10:40:14","modified_gmt":"2022-01-22T09:40:14","slug":"muah-mini-vibrador","status":"publish","type":"product","link":"https:\/\/demoweb.info\/sexshop001\/producto\/muah-mini-vibrador\/","title":{"rendered":"MUAH MINI VIBRADOR"},"content":{"rendered":"<p><strong>MUAH MINI VIBRATOR<\/strong><\/p>\n<p>El mini vibrador Naughty Bits MUAH es un divertido masajeador de labios rojos que en realidad es un dise\u00f1o de vibraci\u00f3n en miniatura de mano, envuelto en silicona segura para el cuerpo.<\/p>\n<p>Seguro que ser\u00e1 la comidilla de la ciudad con un tiempo de ejecuci\u00f3n de treinta minutos en la configuraci\u00f3n alta y 2 horas completas en la baja, \u00a1puedes despedirte de tu antiguo juguete!<\/p>\n<p>Caracter\u00edsticas:<\/p>\n<ul>\n<li>Dimensiones del producto    8.3 x 3.8 cm<\/li>\n<li>Longitud total    8.3 cm<\/li>\n<li>Vibrando    Si<\/li>\n<li>Modos de vibraci\u00f3n    10<\/li>\n<li>Resistencia al agua    Impermeable<\/li>\n<li>Bodysafe    Si<\/li>\n<li>Material    Silicona<\/li>\n<li>Recargable    USB rechargeable<\/li>\n<li>Pilas requeridas    Lithium Ion<\/li>\n<li>Baterias incluidas    Si<\/li>\n<li>Tiempo de carga en minutos    150<\/li>\n<li>Tiempo de funcionamiento en minutos    120<\/li>\n<\/ul>\n","protected":false},"excerpt":{"rendered":"<p>MUAH MINI VIBRATOR El mini vibrador Naughty Bits MUAH es un divertido masajeador de labios rojos que en realidad es<\/p>\n","protected":false},"featured_media":16864,"comment_status":"open","ping_status":"open","template":"","meta":[],"product_cat":[476],"product_tag":[660,887],"class_list":["post-16863","product","type-product","status-publish","has-post-thumbnail","hentry","product_cat-silicona-balas-y-huevos","product_tag-calexotics","product_tag-naughty-bits"],"bundled_by":[],"bundle_stock_status":"instock","bundle_stock_quantity":1,"bundle_virtual":false,"bundle_layout":"","bundle_add_to_cart_form_location":"","bundle_editable_in_cart":false,"bundle_sold_individually_context":"","bundle_item_grouping":"","bundle_min_size":"","bundle_max_size":"","bundled_items":[],"yoast_head":"<!-- This site is optimized with the Yoast SEO plugin v20.6 - https:\/\/yoast.com\/wordpress\/plugins\/seo\/ -->\n<title>MUAH MINI VIBRADOR - Tienda Er\u00f3tica<\/title>\n<meta name=\"robots\" content=\"noindex, follow, max-snippet:-1, max-image-preview:large, max-video-preview:-1\" \/>\n<meta property=\"og:locale\" content=\"es_ES\" \/>\n<meta property=\"og:type\" content=\"article\" \/>\n<meta property=\"og:title\" content=\"MUAH MINI VIBRADOR - Tienda Er\u00f3tica\" \/>\n<meta property=\"og:description\" content=\"MUAH MINI VIBRATOR El mini vibrador Naughty Bits MUAH es un divertido masajeador de labios rojos que en realidad es\" \/>\n<meta property=\"og:url\" content=\"https:\/\/demoweb.info\/sexshop001\/producto\/muah-mini-vibrador\/\" \/>\n<meta property=\"og:site_name\" content=\"Tienda Er\u00f3tica\" \/>\n<meta property=\"article:modified_time\" content=\"2022-01-22T09:40:14+00:00\" \/>\n<meta property=\"og:image\" content=\"https:\/\/demoweb.info\/sexshop001\/wp-content\/uploads\/2022\/01\/MUAH-MINI-VIBRADOR.jpg\" \/>\n\t<meta property=\"og:image:width\" content=\"550\" \/>\n\t<meta property=\"og:image:height\" content=\"550\" \/>\n\t<meta property=\"og:image:type\" content=\"image\/jpeg\" \/>\n<meta name=\"twitter:card\" content=\"summary_large_image\" \/>\n<meta name=\"twitter:label1\" content=\"Tiempo de lectura\" \/>\n\t<meta name=\"twitter:data1\" content=\"1 minuto\" \/>\n<script type=\"application\/ld+json\" class=\"yoast-schema-graph\">{\"@context\":\"https:\/\/schema.org\",\"@graph\":[{\"@type\":\"WebPage\",\"@id\":\"https:\/\/demoweb.info\/sexshop001\/producto\/muah-mini-vibrador\/\",\"url\":\"https:\/\/demoweb.info\/sexshop001\/producto\/muah-mini-vibrador\/\",\"name\":\"MUAH MINI VIBRADOR - Tienda Er\u00f3tica\",\"isPartOf\":{\"@id\":\"https:\/\/demoweb.info\/sexshop001\/#website\"},\"datePublished\":\"2022-01-22T09:40:01+00:00\",\"dateModified\":\"2022-01-22T09:40:14+00:00\",\"breadcrumb\":{\"@id\":\"https:\/\/demoweb.info\/sexshop001\/producto\/muah-mini-vibrador\/#breadcrumb\"},\"inLanguage\":\"es\",\"potentialAction\":[{\"@type\":\"ReadAction\",\"target\":[\"https:\/\/demoweb.info\/sexshop001\/producto\/muah-mini-vibrador\/\"]}]},{\"@type\":\"BreadcrumbList\",\"@id\":\"https:\/\/demoweb.info\/sexshop001\/producto\/muah-mini-vibrador\/#breadcrumb\",\"itemListElement\":[{\"@type\":\"ListItem\",\"position\":1,\"name\":\"Portada\",\"item\":\"https:\/\/demoweb.info\/sexshop001\/\"},{\"@type\":\"ListItem\",\"position\":2,\"name\":\"Tienda\",\"item\":\"https:\/\/demoweb.info\/sexshop001\/tienda\/\"},{\"@type\":\"ListItem\",\"position\":3,\"name\":\"MUAH MINI VIBRADOR\"}]},{\"@type\":\"WebSite\",\"@id\":\"https:\/\/demoweb.info\/sexshop001\/#website\",\"url\":\"https:\/\/demoweb.info\/sexshop001\/\",\"name\":\"Tienda Er\u00f3tica\",\"description\":\"DEMOWEB SL\",\"potentialAction\":[{\"@type\":\"SearchAction\",\"target\":{\"@type\":\"EntryPoint\",\"urlTemplate\":\"https:\/\/demoweb.info\/sexshop001\/?s={search_term_string}\"},\"query-input\":\"required name=search_term_string\"}],\"inLanguage\":\"es\"}]}<\/script>\n<!-- \/ Yoast SEO plugin. -->","yoast_head_json":{"title":"MUAH MINI VIBRADOR - Tienda Er\u00f3tica","robots":{"index":"noindex","follow":"follow","max-snippet":"max-snippet:-1","max-image-preview":"max-image-preview:large","max-video-preview":"max-video-preview:-1"},"og_locale":"es_ES","og_type":"article","og_title":"MUAH MINI VIBRADOR - Tienda Er\u00f3tica","og_description":"MUAH MINI VIBRATOR El mini vibrador Naughty Bits MUAH es un divertido masajeador de labios rojos que en realidad es","og_url":"https:\/\/demoweb.info\/sexshop001\/producto\/muah-mini-vibrador\/","og_site_name":"Tienda Er\u00f3tica","article_modified_time":"2022-01-22T09:40:14+00:00","og_image":[{"width":550,"height":550,"url":"https:\/\/demoweb.info\/sexshop001\/wp-content\/uploads\/2022\/01\/MUAH-MINI-VIBRADOR.jpg","type":"image\/jpeg"}],"twitter_card":"summary_large_image","twitter_misc":{"Tiempo de lectura":"1 minuto"},"schema":{"@context":"https:\/\/schema.org","@graph":[{"@type":"WebPage","@id":"https:\/\/demoweb.info\/sexshop001\/producto\/muah-mini-vibrador\/","url":"https:\/\/demoweb.info\/sexshop001\/producto\/muah-mini-vibrador\/","name":"MUAH MINI VIBRADOR - Tienda Er\u00f3tica","isPartOf":{"@id":"https:\/\/demoweb.info\/sexshop001\/#website"},"datePublished":"2022-01-22T09:40:01+00:00","dateModified":"2022-01-22T09:40:14+00:00","breadcrumb":{"@id":"https:\/\/demoweb.info\/sexshop001\/producto\/muah-mini-vibrador\/#breadcrumb"},"inLanguage":"es","potentialAction":[{"@type":"ReadAction","target":["https:\/\/demoweb.info\/sexshop001\/producto\/muah-mini-vibrador\/"]}]},{"@type":"BreadcrumbList","@id":"https:\/\/demoweb.info\/sexshop001\/producto\/muah-mini-vibrador\/#breadcrumb","itemListElement":[{"@type":"ListItem","position":1,"name":"Portada","item":"https:\/\/demoweb.info\/sexshop001\/"},{"@type":"ListItem","position":2,"name":"Tienda","item":"https:\/\/demoweb.info\/sexshop001\/tienda\/"},{"@type":"ListItem","position":3,"name":"MUAH MINI VIBRADOR"}]},{"@type":"WebSite","@id":"https:\/\/demoweb.info\/sexshop001\/#website","url":"https:\/\/demoweb.info\/sexshop001\/","name":"Tienda Er\u00f3tica","description":"DEMOWEB SL","potentialAction":[{"@type":"SearchAction","target":{"@type":"EntryPoint","urlTemplate":"https:\/\/demoweb.info\/sexshop001\/?s={search_term_string}"},"query-input":"required name=search_term_string"}],"inLanguage":"es"}]}},"_links":{"self":[{"href":"https:\/\/demoweb.info\/sexshop001\/wp-json\/wp\/v3\/product\/16863","targetHints":{"allow":["GET"]}}],"collection":[{"href":"https:\/\/demoweb.info\/sexshop001\/wp-json\/wp\/v3\/product"}],"about":[{"href":"https:\/\/demoweb.info\/sexshop001\/wp-json\/wp\/v2\/types\/product"}],"replies":[{"embeddable":true,"href":"https:\/\/demoweb.info\/sexshop001\/wp-json\/wp\/v2\/comments?post=16863"}],"wp:featuredmedia":[{"embeddable":true,"href":"https:\/\/demoweb.info\/sexshop001\/wp-json\/wp\/v2\/media\/16864"}],"wp:attachment":[{"href":"https:\/\/demoweb.info\/sexshop001\/wp-json\/wp\/v2\/media?parent=16863"}],"wp:term":[{"taxonomy":"product_cat","embeddable":true,"href":"https:\/\/demoweb.info\/sexshop001\/wp-json\/wp\/v2\/product_cat?post=16863"},{"taxonomy":"product_tag","embeddable":true,"href":"https:\/\/demoweb.info\/sexshop001\/wp-json\/wp\/v2\/product_tag?post=16863"}],"curies":[{"name":"wp","href":"https:\/\/api.w.org\/{rel}","templated":true}]}}