{"id":16856,"date":"2022-01-22T10:40:01","date_gmt":"2022-01-22T09:40:01","guid":{"rendered":"https:\/\/demoweb.info\/sexshop001\/producto\/anillo-pene-link-up-alpha-azul\/"},"modified":"2022-01-22T10:40:10","modified_gmt":"2022-01-22T09:40:10","slug":"anillo-pene-link-up-alpha-azul","status":"publish","type":"product","link":"https:\/\/demoweb.info\/sexshop001\/producto\/anillo-pene-link-up-alpha-azul\/","title":{"rendered":"ANILLO PENE &#8211; LINK UP ALPHA &#8211; AZUL"},"content":{"rendered":"<p><strong>LINK UP ALPHA &#8211; BLUE<\/strong><\/p>\n<p>Para esas noches en las que Link Up, explore Link Up Alpha.<\/p>\n<p>Este juego de dos piezas incluye un anillo potenciador de parejas vibrantes de alta potencia con 10 funciones diferentes de vibraci\u00f3n, pulsaci\u00f3n y escalada, y un anillo de soporte de silicona ultra suave.<\/p>\n<p>Permita que Link Up Alpha mejore su rendimiento con resistencia y apoyo adicionales mientras el poder de resonancia profunda complace a ambos socios.<\/p>\n<p><strong>CARACTER\u00cdSTICAS<\/strong><\/p>\n<ul>\n<li>Informaci\u00f3n Adicional: Potenciador vibratorio de silicona de doble densidad, el\u00e1stico y c\u00f3modo, m\u00e1s anillo de soporte de silicona ultra suave | Dise\u00f1o de doble anillo texturizado para llevarte a la cima del \u00e9xtasis | Poder de resonancia profunda | 10 vigorosas funciones de acci\u00f3n vibratoria | Maximice el placer para usted y su pareja | Silicona lujosa y segura para el cuerpo | El chip de memoria de \u00faltima generaci\u00f3n se reanuda con la \u00faltima funci\u00f3n utilizada | Bloqueo de seguridad para viajes: mant\u00e9ngalo presionado durante 3 segundos para encenderlo o apagarlo<\/li>\n<li>Dimensiones del producto: 9 x 5.75 cm<\/li>\n<li>Longitud total: 9 cm<\/li>\n<li>Di\u00e1metro: 3.75 cm<\/li>\n<li>Vibrando: Si<\/li>\n<li>Modos de vibraci\u00f3n: 10<\/li>\n<li>Resistencia al agua: Impermeable<\/li>\n<li>Bodysafe: Si<\/li>\n<li>Material: Silicona<\/li>\n<li>Carga: USB rechargeable<\/li>\n<li>Pilas requeridas: Lithium Ion<\/li>\n<li>Baterias incluidas: Si<\/li>\n<li>Tiempo de carga en minutos: 150<\/li>\n<li>Tiempo de funcionamiento en minutos: 90<\/li>\n<\/ul>\n","protected":false},"excerpt":{"rendered":"<p>LINK UP ALPHA &#8211; BLUE Para esas noches en las que Link Up, explore Link Up Alpha. Este juego de<\/p>\n","protected":false},"featured_media":16857,"comment_status":"open","ping_status":"open","template":"","meta":[],"product_cat":[438],"product_tag":[660,886],"class_list":["post-16856","product","type-product","status-publish","has-post-thumbnail","hentry","product_cat-con-vibrador-anillos","product_tag-calexotics","product_tag-link-up"],"bundled_by":[],"bundle_stock_status":"instock","bundle_stock_quantity":1,"bundle_virtual":false,"bundle_layout":"","bundle_add_to_cart_form_location":"","bundle_editable_in_cart":false,"bundle_sold_individually_context":"","bundle_item_grouping":"","bundle_min_size":"","bundle_max_size":"","bundled_items":[],"yoast_head":"<!-- This site is optimized with the Yoast SEO plugin v20.6 - https:\/\/yoast.com\/wordpress\/plugins\/seo\/ -->\n<title>ANILLO PENE - LINK UP ALPHA - AZUL - Tienda Er\u00f3tica<\/title>\n<meta name=\"robots\" content=\"noindex, follow, max-snippet:-1, max-image-preview:large, max-video-preview:-1\" \/>\n<meta property=\"og:locale\" content=\"es_ES\" \/>\n<meta property=\"og:type\" content=\"article\" \/>\n<meta property=\"og:title\" content=\"ANILLO PENE - LINK UP ALPHA - AZUL - Tienda Er\u00f3tica\" \/>\n<meta property=\"og:description\" content=\"LINK UP ALPHA &#8211; BLUE Para esas noches en las que Link Up, explore Link Up Alpha. Este juego de\" \/>\n<meta property=\"og:url\" content=\"https:\/\/demoweb.info\/sexshop001\/producto\/anillo-pene-link-up-alpha-azul\/\" \/>\n<meta property=\"og:site_name\" content=\"Tienda Er\u00f3tica\" \/>\n<meta property=\"article:modified_time\" content=\"2022-01-22T09:40:10+00:00\" \/>\n<meta property=\"og:image\" content=\"https:\/\/demoweb.info\/sexshop001\/wp-content\/uploads\/2022\/01\/ANILLO-PENE-LINK-UP-ALPHA-AZUL.jpg\" \/>\n\t<meta property=\"og:image:width\" content=\"550\" \/>\n\t<meta property=\"og:image:height\" content=\"550\" \/>\n\t<meta property=\"og:image:type\" content=\"image\/jpeg\" \/>\n<meta name=\"twitter:card\" content=\"summary_large_image\" \/>\n<meta name=\"twitter:label1\" content=\"Tiempo de lectura\" \/>\n\t<meta name=\"twitter:data1\" content=\"1 minuto\" \/>\n<script type=\"application\/ld+json\" class=\"yoast-schema-graph\">{\"@context\":\"https:\/\/schema.org\",\"@graph\":[{\"@type\":\"WebPage\",\"@id\":\"https:\/\/demoweb.info\/sexshop001\/producto\/anillo-pene-link-up-alpha-azul\/\",\"url\":\"https:\/\/demoweb.info\/sexshop001\/producto\/anillo-pene-link-up-alpha-azul\/\",\"name\":\"ANILLO PENE - LINK UP ALPHA - AZUL - Tienda Er\u00f3tica\",\"isPartOf\":{\"@id\":\"https:\/\/demoweb.info\/sexshop001\/#website\"},\"datePublished\":\"2022-01-22T09:40:01+00:00\",\"dateModified\":\"2022-01-22T09:40:10+00:00\",\"breadcrumb\":{\"@id\":\"https:\/\/demoweb.info\/sexshop001\/producto\/anillo-pene-link-up-alpha-azul\/#breadcrumb\"},\"inLanguage\":\"es\",\"potentialAction\":[{\"@type\":\"ReadAction\",\"target\":[\"https:\/\/demoweb.info\/sexshop001\/producto\/anillo-pene-link-up-alpha-azul\/\"]}]},{\"@type\":\"BreadcrumbList\",\"@id\":\"https:\/\/demoweb.info\/sexshop001\/producto\/anillo-pene-link-up-alpha-azul\/#breadcrumb\",\"itemListElement\":[{\"@type\":\"ListItem\",\"position\":1,\"name\":\"Portada\",\"item\":\"https:\/\/demoweb.info\/sexshop001\/\"},{\"@type\":\"ListItem\",\"position\":2,\"name\":\"Tienda\",\"item\":\"https:\/\/demoweb.info\/sexshop001\/tienda\/\"},{\"@type\":\"ListItem\",\"position\":3,\"name\":\"ANILLO PENE &#8211; LINK UP ALPHA &#8211; AZUL\"}]},{\"@type\":\"WebSite\",\"@id\":\"https:\/\/demoweb.info\/sexshop001\/#website\",\"url\":\"https:\/\/demoweb.info\/sexshop001\/\",\"name\":\"Tienda Er\u00f3tica\",\"description\":\"DEMOWEB SL\",\"potentialAction\":[{\"@type\":\"SearchAction\",\"target\":{\"@type\":\"EntryPoint\",\"urlTemplate\":\"https:\/\/demoweb.info\/sexshop001\/?s={search_term_string}\"},\"query-input\":\"required name=search_term_string\"}],\"inLanguage\":\"es\"}]}<\/script>\n<!-- \/ Yoast SEO plugin. -->","yoast_head_json":{"title":"ANILLO PENE - LINK UP ALPHA - AZUL - Tienda Er\u00f3tica","robots":{"index":"noindex","follow":"follow","max-snippet":"max-snippet:-1","max-image-preview":"max-image-preview:large","max-video-preview":"max-video-preview:-1"},"og_locale":"es_ES","og_type":"article","og_title":"ANILLO PENE - LINK UP ALPHA - AZUL - Tienda Er\u00f3tica","og_description":"LINK UP ALPHA &#8211; BLUE Para esas noches en las que Link Up, explore Link Up Alpha. Este juego de","og_url":"https:\/\/demoweb.info\/sexshop001\/producto\/anillo-pene-link-up-alpha-azul\/","og_site_name":"Tienda Er\u00f3tica","article_modified_time":"2022-01-22T09:40:10+00:00","og_image":[{"width":550,"height":550,"url":"https:\/\/demoweb.info\/sexshop001\/wp-content\/uploads\/2022\/01\/ANILLO-PENE-LINK-UP-ALPHA-AZUL.jpg","type":"image\/jpeg"}],"twitter_card":"summary_large_image","twitter_misc":{"Tiempo de lectura":"1 minuto"},"schema":{"@context":"https:\/\/schema.org","@graph":[{"@type":"WebPage","@id":"https:\/\/demoweb.info\/sexshop001\/producto\/anillo-pene-link-up-alpha-azul\/","url":"https:\/\/demoweb.info\/sexshop001\/producto\/anillo-pene-link-up-alpha-azul\/","name":"ANILLO PENE - LINK UP ALPHA - AZUL - Tienda Er\u00f3tica","isPartOf":{"@id":"https:\/\/demoweb.info\/sexshop001\/#website"},"datePublished":"2022-01-22T09:40:01+00:00","dateModified":"2022-01-22T09:40:10+00:00","breadcrumb":{"@id":"https:\/\/demoweb.info\/sexshop001\/producto\/anillo-pene-link-up-alpha-azul\/#breadcrumb"},"inLanguage":"es","potentialAction":[{"@type":"ReadAction","target":["https:\/\/demoweb.info\/sexshop001\/producto\/anillo-pene-link-up-alpha-azul\/"]}]},{"@type":"BreadcrumbList","@id":"https:\/\/demoweb.info\/sexshop001\/producto\/anillo-pene-link-up-alpha-azul\/#breadcrumb","itemListElement":[{"@type":"ListItem","position":1,"name":"Portada","item":"https:\/\/demoweb.info\/sexshop001\/"},{"@type":"ListItem","position":2,"name":"Tienda","item":"https:\/\/demoweb.info\/sexshop001\/tienda\/"},{"@type":"ListItem","position":3,"name":"ANILLO PENE &#8211; LINK UP ALPHA &#8211; AZUL"}]},{"@type":"WebSite","@id":"https:\/\/demoweb.info\/sexshop001\/#website","url":"https:\/\/demoweb.info\/sexshop001\/","name":"Tienda Er\u00f3tica","description":"DEMOWEB SL","potentialAction":[{"@type":"SearchAction","target":{"@type":"EntryPoint","urlTemplate":"https:\/\/demoweb.info\/sexshop001\/?s={search_term_string}"},"query-input":"required name=search_term_string"}],"inLanguage":"es"}]}},"_links":{"self":[{"href":"https:\/\/demoweb.info\/sexshop001\/wp-json\/wp\/v3\/product\/16856","targetHints":{"allow":["GET"]}}],"collection":[{"href":"https:\/\/demoweb.info\/sexshop001\/wp-json\/wp\/v3\/product"}],"about":[{"href":"https:\/\/demoweb.info\/sexshop001\/wp-json\/wp\/v2\/types\/product"}],"replies":[{"embeddable":true,"href":"https:\/\/demoweb.info\/sexshop001\/wp-json\/wp\/v2\/comments?post=16856"}],"wp:featuredmedia":[{"embeddable":true,"href":"https:\/\/demoweb.info\/sexshop001\/wp-json\/wp\/v2\/media\/16857"}],"wp:attachment":[{"href":"https:\/\/demoweb.info\/sexshop001\/wp-json\/wp\/v2\/media?parent=16856"}],"wp:term":[{"taxonomy":"product_cat","embeddable":true,"href":"https:\/\/demoweb.info\/sexshop001\/wp-json\/wp\/v2\/product_cat?post=16856"},{"taxonomy":"product_tag","embeddable":true,"href":"https:\/\/demoweb.info\/sexshop001\/wp-json\/wp\/v2\/product_tag?post=16856"}],"curies":[{"name":"wp","href":"https:\/\/api.w.org\/{rel}","templated":true}]}}