{"id":16849,"date":"2022-01-22T10:40:01","date_gmt":"2022-01-22T09:40:01","guid":{"rendered":"https:\/\/demoweb.info\/sexshop001\/producto\/anillo-para-pene-link-up-pinnacle-negro\/"},"modified":"2022-01-22T10:40:07","modified_gmt":"2022-01-22T09:40:07","slug":"anillo-para-pene-link-up-pinnacle-negro","status":"publish","type":"product","link":"https:\/\/demoweb.info\/sexshop001\/producto\/anillo-para-pene-link-up-pinnacle-negro\/","title":{"rendered":"ANILLO PARA PENE &#8211; LINK UP PINNACLE &#8211; NEGRO"},"content":{"rendered":"<p><strong>LINK UP PINNACLE &#8211; BLACK<\/strong><\/p>\n<p>Experimenta una conexi\u00f3n m\u00e1s profunda y satisfactoria para ti y tu pareja con el potente Link Up\u2122 Pinnacle. El anillo de estimulaci\u00f3n doble proporciona un placer intenso con 10 funciones de estimulaci\u00f3n de bolas rodantes de precisi\u00f3n, un anillo de soporte Ultra-Soft\u2122 a\u00f1adido y un estimulador de contorno sensual.<\/p>\n<p>Date un capricho personalizado pasando por cada una de las 10 potentes funciones de ondulaci\u00f3n. El estimulador giratorio y el anillo apretado est\u00e1n seguros de enviar a usted y a su amante en una espiral de puro \u00e9xtasis.<\/p>\n<p>El anillo para el pene de silicona Ultra-Soft\u2122 adicional est\u00e1 hecho para elevar el placer aumentando la resistencia, la sensibilidad y la circunferencia. Disfruta de una experiencia de placer explosiva mientras la combinaci\u00f3n de anillos dobles se mantiene firme.<\/p>\n<p>Los hombres pueden disfrutar de una mayor sensibilidad, resistencia y grosor con un final explosivo. Mientras ustedes, se\u00f1oras, disfrutan del aumento de la resistencia y el grosor de su hombre, la estimulaci\u00f3n de manos libres las llevar\u00e1 a una espiral de placer. Abrace a su amante en el dormitorio, en la ba\u00f1era o junto a la piscina y p\u00f3ngase a jugar con hasta 1,5 horas de pulsaciones resistentes al agua.<\/p>\n<p>Recargue el placer y vuelva a jugar en s\u00f3lo 2,5 horas con el cable de carga suministrado. Este asombroso anillo sabe exactamente lo que quieres gracias a un chip de memoria de \u00faltima generaci\u00f3n que recoge la \u00faltima funci\u00f3n utilizada.<\/p>\n<p><strong>CARACTER\u00cdSTICAS<\/strong><\/p>\n<ul>\n<li>Informaci\u00f3n Adicional: \u25cf Estirada y c\u00f3moda bola de placer rodante de silicona de doble densidad m\u00e1s anillo de soporte de silicona Ultra-Soft\u2122 \u25cf Dise\u00f1o ondulante con acci\u00f3n de bola rodante para llevarte al pin\u00e1culo del \u00e9xtasis \u25cf Potencia de resonancia profunda \u25cf 10 funciones de estimulaci\u00f3n de bola rodante de precisi\u00f3n \u25cf Maximiza el placer para ti y tu pareja \u25cf Silicona lujosa y segura para el cuerpo \u25cf El chip de memoria de \u00faltima generaci\u00f3n se reanuda en la \u00faltima funci\u00f3n utilizada \u25cf Bloqueo de viaje de seguridad &#8211; mantener durante 3 segundos para encender o apagar \u25cf Recargable por USB &#8211; cable de carga incluido<\/li>\n<li>Dimensiones del producto: 9 x 5,75 cm<\/li>\n<li>Longitud total: 9 cm<\/li>\n<li>Di\u00e1metro: 3.75 cm<\/li>\n<li>Vibrando: Si<\/li>\n<li>Modos de vibraci\u00f3n: 10<\/li>\n<li>Resistencia al agua: Impermeable<\/li>\n<li>Material: Silicona<\/li>\n<li>Carga: USB recargable<\/li>\n<li>Pilas requeridas: Ion de litio<\/li>\n<li>Bater\u00edas incluidas: Si<\/li>\n<li>Tiempo de carga en minutos: 150<\/li>\n<li>Tiempo de funcionamiento en minutos: 50<\/li>\n<\/ul>\n","protected":false},"excerpt":{"rendered":"<p>LINK UP PINNACLE &#8211; BLACK Experimenta una conexi\u00f3n m\u00e1s profunda y satisfactoria para ti y tu pareja con el potente<\/p>\n","protected":false},"featured_media":16850,"comment_status":"open","ping_status":"open","template":"","meta":[],"product_cat":[438],"product_tag":[660,886],"class_list":["post-16849","product","type-product","status-publish","has-post-thumbnail","hentry","product_cat-con-vibrador-anillos","product_tag-calexotics","product_tag-link-up"],"bundled_by":[],"bundle_stock_status":"instock","bundle_stock_quantity":1,"bundle_virtual":false,"bundle_layout":"","bundle_add_to_cart_form_location":"","bundle_editable_in_cart":false,"bundle_sold_individually_context":"","bundle_item_grouping":"","bundle_min_size":"","bundle_max_size":"","bundled_items":[],"yoast_head":"<!-- This site is optimized with the Yoast SEO plugin v20.6 - https:\/\/yoast.com\/wordpress\/plugins\/seo\/ -->\n<title>ANILLO PARA PENE - LINK UP PINNACLE - NEGRO - Tienda Er\u00f3tica<\/title>\n<meta name=\"robots\" content=\"noindex, follow, max-snippet:-1, max-image-preview:large, max-video-preview:-1\" \/>\n<meta property=\"og:locale\" content=\"es_ES\" \/>\n<meta property=\"og:type\" content=\"article\" \/>\n<meta property=\"og:title\" content=\"ANILLO PARA PENE - LINK UP PINNACLE - NEGRO - Tienda Er\u00f3tica\" \/>\n<meta property=\"og:description\" content=\"LINK UP PINNACLE &#8211; BLACK Experimenta una conexi\u00f3n m\u00e1s profunda y satisfactoria para ti y tu pareja con el potente\" \/>\n<meta property=\"og:url\" content=\"https:\/\/demoweb.info\/sexshop001\/producto\/anillo-para-pene-link-up-pinnacle-negro\/\" \/>\n<meta property=\"og:site_name\" content=\"Tienda Er\u00f3tica\" \/>\n<meta property=\"article:modified_time\" content=\"2022-01-22T09:40:07+00:00\" \/>\n<meta property=\"og:image\" content=\"https:\/\/demoweb.info\/sexshop001\/wp-content\/uploads\/2022\/01\/ANILLO-PARA-PENE-LINK-UP-PINNACLE-NEGRO.jpg\" \/>\n\t<meta property=\"og:image:width\" content=\"550\" \/>\n\t<meta property=\"og:image:height\" content=\"550\" \/>\n\t<meta property=\"og:image:type\" content=\"image\/jpeg\" \/>\n<meta name=\"twitter:card\" content=\"summary_large_image\" \/>\n<meta name=\"twitter:label1\" content=\"Tiempo de lectura\" \/>\n\t<meta name=\"twitter:data1\" content=\"2 minutos\" \/>\n<script type=\"application\/ld+json\" class=\"yoast-schema-graph\">{\"@context\":\"https:\/\/schema.org\",\"@graph\":[{\"@type\":\"WebPage\",\"@id\":\"https:\/\/demoweb.info\/sexshop001\/producto\/anillo-para-pene-link-up-pinnacle-negro\/\",\"url\":\"https:\/\/demoweb.info\/sexshop001\/producto\/anillo-para-pene-link-up-pinnacle-negro\/\",\"name\":\"ANILLO PARA PENE - LINK UP PINNACLE - NEGRO - Tienda Er\u00f3tica\",\"isPartOf\":{\"@id\":\"https:\/\/demoweb.info\/sexshop001\/#website\"},\"datePublished\":\"2022-01-22T09:40:01+00:00\",\"dateModified\":\"2022-01-22T09:40:07+00:00\",\"breadcrumb\":{\"@id\":\"https:\/\/demoweb.info\/sexshop001\/producto\/anillo-para-pene-link-up-pinnacle-negro\/#breadcrumb\"},\"inLanguage\":\"es\",\"potentialAction\":[{\"@type\":\"ReadAction\",\"target\":[\"https:\/\/demoweb.info\/sexshop001\/producto\/anillo-para-pene-link-up-pinnacle-negro\/\"]}]},{\"@type\":\"BreadcrumbList\",\"@id\":\"https:\/\/demoweb.info\/sexshop001\/producto\/anillo-para-pene-link-up-pinnacle-negro\/#breadcrumb\",\"itemListElement\":[{\"@type\":\"ListItem\",\"position\":1,\"name\":\"Portada\",\"item\":\"https:\/\/demoweb.info\/sexshop001\/\"},{\"@type\":\"ListItem\",\"position\":2,\"name\":\"Tienda\",\"item\":\"https:\/\/demoweb.info\/sexshop001\/tienda\/\"},{\"@type\":\"ListItem\",\"position\":3,\"name\":\"ANILLO PARA PENE &#8211; LINK UP PINNACLE &#8211; NEGRO\"}]},{\"@type\":\"WebSite\",\"@id\":\"https:\/\/demoweb.info\/sexshop001\/#website\",\"url\":\"https:\/\/demoweb.info\/sexshop001\/\",\"name\":\"Tienda Er\u00f3tica\",\"description\":\"DEMOWEB SL\",\"potentialAction\":[{\"@type\":\"SearchAction\",\"target\":{\"@type\":\"EntryPoint\",\"urlTemplate\":\"https:\/\/demoweb.info\/sexshop001\/?s={search_term_string}\"},\"query-input\":\"required name=search_term_string\"}],\"inLanguage\":\"es\"}]}<\/script>\n<!-- \/ Yoast SEO plugin. -->","yoast_head_json":{"title":"ANILLO PARA PENE - LINK UP PINNACLE - NEGRO - Tienda Er\u00f3tica","robots":{"index":"noindex","follow":"follow","max-snippet":"max-snippet:-1","max-image-preview":"max-image-preview:large","max-video-preview":"max-video-preview:-1"},"og_locale":"es_ES","og_type":"article","og_title":"ANILLO PARA PENE - LINK UP PINNACLE - NEGRO - Tienda Er\u00f3tica","og_description":"LINK UP PINNACLE &#8211; BLACK Experimenta una conexi\u00f3n m\u00e1s profunda y satisfactoria para ti y tu pareja con el potente","og_url":"https:\/\/demoweb.info\/sexshop001\/producto\/anillo-para-pene-link-up-pinnacle-negro\/","og_site_name":"Tienda Er\u00f3tica","article_modified_time":"2022-01-22T09:40:07+00:00","og_image":[{"width":550,"height":550,"url":"https:\/\/demoweb.info\/sexshop001\/wp-content\/uploads\/2022\/01\/ANILLO-PARA-PENE-LINK-UP-PINNACLE-NEGRO.jpg","type":"image\/jpeg"}],"twitter_card":"summary_large_image","twitter_misc":{"Tiempo de lectura":"2 minutos"},"schema":{"@context":"https:\/\/schema.org","@graph":[{"@type":"WebPage","@id":"https:\/\/demoweb.info\/sexshop001\/producto\/anillo-para-pene-link-up-pinnacle-negro\/","url":"https:\/\/demoweb.info\/sexshop001\/producto\/anillo-para-pene-link-up-pinnacle-negro\/","name":"ANILLO PARA PENE - LINK UP PINNACLE - NEGRO - Tienda Er\u00f3tica","isPartOf":{"@id":"https:\/\/demoweb.info\/sexshop001\/#website"},"datePublished":"2022-01-22T09:40:01+00:00","dateModified":"2022-01-22T09:40:07+00:00","breadcrumb":{"@id":"https:\/\/demoweb.info\/sexshop001\/producto\/anillo-para-pene-link-up-pinnacle-negro\/#breadcrumb"},"inLanguage":"es","potentialAction":[{"@type":"ReadAction","target":["https:\/\/demoweb.info\/sexshop001\/producto\/anillo-para-pene-link-up-pinnacle-negro\/"]}]},{"@type":"BreadcrumbList","@id":"https:\/\/demoweb.info\/sexshop001\/producto\/anillo-para-pene-link-up-pinnacle-negro\/#breadcrumb","itemListElement":[{"@type":"ListItem","position":1,"name":"Portada","item":"https:\/\/demoweb.info\/sexshop001\/"},{"@type":"ListItem","position":2,"name":"Tienda","item":"https:\/\/demoweb.info\/sexshop001\/tienda\/"},{"@type":"ListItem","position":3,"name":"ANILLO PARA PENE &#8211; LINK UP PINNACLE &#8211; NEGRO"}]},{"@type":"WebSite","@id":"https:\/\/demoweb.info\/sexshop001\/#website","url":"https:\/\/demoweb.info\/sexshop001\/","name":"Tienda Er\u00f3tica","description":"DEMOWEB SL","potentialAction":[{"@type":"SearchAction","target":{"@type":"EntryPoint","urlTemplate":"https:\/\/demoweb.info\/sexshop001\/?s={search_term_string}"},"query-input":"required name=search_term_string"}],"inLanguage":"es"}]}},"_links":{"self":[{"href":"https:\/\/demoweb.info\/sexshop001\/wp-json\/wp\/v3\/product\/16849","targetHints":{"allow":["GET"]}}],"collection":[{"href":"https:\/\/demoweb.info\/sexshop001\/wp-json\/wp\/v3\/product"}],"about":[{"href":"https:\/\/demoweb.info\/sexshop001\/wp-json\/wp\/v2\/types\/product"}],"replies":[{"embeddable":true,"href":"https:\/\/demoweb.info\/sexshop001\/wp-json\/wp\/v2\/comments?post=16849"}],"wp:featuredmedia":[{"embeddable":true,"href":"https:\/\/demoweb.info\/sexshop001\/wp-json\/wp\/v2\/media\/16850"}],"wp:attachment":[{"href":"https:\/\/demoweb.info\/sexshop001\/wp-json\/wp\/v2\/media?parent=16849"}],"wp:term":[{"taxonomy":"product_cat","embeddable":true,"href":"https:\/\/demoweb.info\/sexshop001\/wp-json\/wp\/v2\/product_cat?post=16849"},{"taxonomy":"product_tag","embeddable":true,"href":"https:\/\/demoweb.info\/sexshop001\/wp-json\/wp\/v2\/product_tag?post=16849"}],"curies":[{"name":"wp","href":"https:\/\/api.w.org\/{rel}","templated":true}]}}