{"id":16835,"date":"2022-01-22T10:40:01","date_gmt":"2022-01-22T09:40:01","guid":{"rendered":"https:\/\/demoweb.info\/sexshop001\/producto\/set-anillos-pene-link-up-ultra-soft-climax\/"},"modified":"2022-01-22T10:40:02","modified_gmt":"2022-01-22T09:40:02","slug":"set-anillos-pene-link-up-ultra-soft-climax","status":"publish","type":"product","link":"https:\/\/demoweb.info\/sexshop001\/producto\/set-anillos-pene-link-up-ultra-soft-climax\/","title":{"rendered":"SET ANILLOS PENE &#8211; LINK UP ULTRA-SOFT CLIMAX"},"content":{"rendered":"<p><strong>LINK UP ULTRA-SOFT CLIMAX SET<\/strong><\/p>\n<p>Desde los t\u00edmidos principiantes hasta los expertos en erotismo, el Link Up\u2122 Ultra-Soft\u2122 Climax Set te envolver\u00e1 de placer con un conjunto de 3 anillos potenciadores ultraplanos y ultraestirados.<\/p>\n<p>Cada anillo para el pene de este set tiene una textura \u00fanica, uno liso, otro estriado y otro ondulado, para una experiencia sensacional con cada uso. Estos anillos para el pene de textura \u00fanica est\u00e1n hechos para aumentar la resistencia, mejorar la sensibilidad y proporcionar un apoyo emocionante a la erecci\u00f3n.<\/p>\n<p>Busca una experiencia de placer explosiva mientras el anillo de felpa aprieta con cada movimiento. Juega con varios anillos juntos o con un solo anillo para dominar en el dormitorio.<\/p>\n<p>La silicona Ultra-Soft\u2122 de primera calidad es segura para el cuerpo, sin perfume y sin ftalatos, para mantener tus puntos m\u00e1s sensibles, felices y saludables.<\/p>\n<p><strong>CARACTER\u00cdSTICAS<\/strong><\/p>\n<ul>\n<li>Informaci\u00f3n Adicional: \u25cf Juego de 3 anillos de soporte de silicona premium Ultra-Soft\u2122 \u25cf C\u00f3modos, duraderos y extremadamente el\u00e1sticos \u25cf Dise\u00f1os lisos, texturizados y con crestas para un placer potente.<\/li>\n<li>Di\u00e1metro: 3,75 cm<\/li>\n<li>Resistencia al agua: Impermeable<\/li>\n<li>Material: Silicona<\/li>\n<\/ul>\n","protected":false},"excerpt":{"rendered":"<p>LINK UP ULTRA-SOFT CLIMAX SET Desde los t\u00edmidos principiantes hasta los expertos en erotismo, el Link Up\u2122 Ultra-Soft\u2122 Climax Set<\/p>\n","protected":false},"featured_media":16836,"comment_status":"open","ping_status":"open","template":"","meta":[],"product_cat":[323],"product_tag":[660,886],"class_list":["post-16835","product","type-product","status-publish","has-post-thumbnail","hentry","product_cat-silicona-anillos","product_tag-calexotics","product_tag-link-up"],"bundled_by":[],"bundle_stock_status":"instock","bundle_stock_quantity":6,"bundle_virtual":false,"bundle_layout":"","bundle_add_to_cart_form_location":"","bundle_editable_in_cart":false,"bundle_sold_individually_context":"","bundle_item_grouping":"","bundle_min_size":"","bundle_max_size":"","bundled_items":[],"yoast_head":"<!-- This site is optimized with the Yoast SEO plugin v20.6 - https:\/\/yoast.com\/wordpress\/plugins\/seo\/ -->\n<title>SET ANILLOS PENE - LINK UP ULTRA-SOFT CLIMAX - Tienda Er\u00f3tica<\/title>\n<meta name=\"robots\" content=\"noindex, follow, max-snippet:-1, max-image-preview:large, max-video-preview:-1\" \/>\n<meta property=\"og:locale\" content=\"es_ES\" \/>\n<meta property=\"og:type\" content=\"article\" \/>\n<meta property=\"og:title\" content=\"SET ANILLOS PENE - LINK UP ULTRA-SOFT CLIMAX - Tienda Er\u00f3tica\" \/>\n<meta property=\"og:description\" content=\"LINK UP ULTRA-SOFT CLIMAX SET Desde los t\u00edmidos principiantes hasta los expertos en erotismo, el Link Up\u2122 Ultra-Soft\u2122 Climax Set\" \/>\n<meta property=\"og:url\" content=\"https:\/\/demoweb.info\/sexshop001\/producto\/set-anillos-pene-link-up-ultra-soft-climax\/\" \/>\n<meta property=\"og:site_name\" content=\"Tienda Er\u00f3tica\" \/>\n<meta property=\"article:modified_time\" content=\"2022-01-22T09:40:02+00:00\" \/>\n<meta property=\"og:image\" content=\"https:\/\/demoweb.info\/sexshop001\/wp-content\/uploads\/2022\/01\/SET-ANILLOS-PENE-LINK-UP-ULTRA-SOFT-CLIMAX.jpg\" \/>\n\t<meta property=\"og:image:width\" content=\"550\" \/>\n\t<meta property=\"og:image:height\" content=\"550\" \/>\n\t<meta property=\"og:image:type\" content=\"image\/jpeg\" \/>\n<meta name=\"twitter:card\" content=\"summary_large_image\" \/>\n<meta name=\"twitter:label1\" content=\"Tiempo de lectura\" \/>\n\t<meta name=\"twitter:data1\" content=\"1 minuto\" \/>\n<script type=\"application\/ld+json\" class=\"yoast-schema-graph\">{\"@context\":\"https:\/\/schema.org\",\"@graph\":[{\"@type\":\"WebPage\",\"@id\":\"https:\/\/demoweb.info\/sexshop001\/producto\/set-anillos-pene-link-up-ultra-soft-climax\/\",\"url\":\"https:\/\/demoweb.info\/sexshop001\/producto\/set-anillos-pene-link-up-ultra-soft-climax\/\",\"name\":\"SET ANILLOS PENE - LINK UP ULTRA-SOFT CLIMAX - Tienda Er\u00f3tica\",\"isPartOf\":{\"@id\":\"https:\/\/demoweb.info\/sexshop001\/#website\"},\"datePublished\":\"2022-01-22T09:40:01+00:00\",\"dateModified\":\"2022-01-22T09:40:02+00:00\",\"breadcrumb\":{\"@id\":\"https:\/\/demoweb.info\/sexshop001\/producto\/set-anillos-pene-link-up-ultra-soft-climax\/#breadcrumb\"},\"inLanguage\":\"es\",\"potentialAction\":[{\"@type\":\"ReadAction\",\"target\":[\"https:\/\/demoweb.info\/sexshop001\/producto\/set-anillos-pene-link-up-ultra-soft-climax\/\"]}]},{\"@type\":\"BreadcrumbList\",\"@id\":\"https:\/\/demoweb.info\/sexshop001\/producto\/set-anillos-pene-link-up-ultra-soft-climax\/#breadcrumb\",\"itemListElement\":[{\"@type\":\"ListItem\",\"position\":1,\"name\":\"Portada\",\"item\":\"https:\/\/demoweb.info\/sexshop001\/\"},{\"@type\":\"ListItem\",\"position\":2,\"name\":\"Tienda\",\"item\":\"https:\/\/demoweb.info\/sexshop001\/tienda\/\"},{\"@type\":\"ListItem\",\"position\":3,\"name\":\"SET ANILLOS PENE &#8211; LINK UP ULTRA-SOFT CLIMAX\"}]},{\"@type\":\"WebSite\",\"@id\":\"https:\/\/demoweb.info\/sexshop001\/#website\",\"url\":\"https:\/\/demoweb.info\/sexshop001\/\",\"name\":\"Tienda Er\u00f3tica\",\"description\":\"DEMOWEB SL\",\"potentialAction\":[{\"@type\":\"SearchAction\",\"target\":{\"@type\":\"EntryPoint\",\"urlTemplate\":\"https:\/\/demoweb.info\/sexshop001\/?s={search_term_string}\"},\"query-input\":\"required name=search_term_string\"}],\"inLanguage\":\"es\"}]}<\/script>\n<!-- \/ Yoast SEO plugin. -->","yoast_head_json":{"title":"SET ANILLOS PENE - LINK UP ULTRA-SOFT CLIMAX - Tienda Er\u00f3tica","robots":{"index":"noindex","follow":"follow","max-snippet":"max-snippet:-1","max-image-preview":"max-image-preview:large","max-video-preview":"max-video-preview:-1"},"og_locale":"es_ES","og_type":"article","og_title":"SET ANILLOS PENE - LINK UP ULTRA-SOFT CLIMAX - Tienda Er\u00f3tica","og_description":"LINK UP ULTRA-SOFT CLIMAX SET Desde los t\u00edmidos principiantes hasta los expertos en erotismo, el Link Up\u2122 Ultra-Soft\u2122 Climax Set","og_url":"https:\/\/demoweb.info\/sexshop001\/producto\/set-anillos-pene-link-up-ultra-soft-climax\/","og_site_name":"Tienda Er\u00f3tica","article_modified_time":"2022-01-22T09:40:02+00:00","og_image":[{"width":550,"height":550,"url":"https:\/\/demoweb.info\/sexshop001\/wp-content\/uploads\/2022\/01\/SET-ANILLOS-PENE-LINK-UP-ULTRA-SOFT-CLIMAX.jpg","type":"image\/jpeg"}],"twitter_card":"summary_large_image","twitter_misc":{"Tiempo de lectura":"1 minuto"},"schema":{"@context":"https:\/\/schema.org","@graph":[{"@type":"WebPage","@id":"https:\/\/demoweb.info\/sexshop001\/producto\/set-anillos-pene-link-up-ultra-soft-climax\/","url":"https:\/\/demoweb.info\/sexshop001\/producto\/set-anillos-pene-link-up-ultra-soft-climax\/","name":"SET ANILLOS PENE - LINK UP ULTRA-SOFT CLIMAX - Tienda Er\u00f3tica","isPartOf":{"@id":"https:\/\/demoweb.info\/sexshop001\/#website"},"datePublished":"2022-01-22T09:40:01+00:00","dateModified":"2022-01-22T09:40:02+00:00","breadcrumb":{"@id":"https:\/\/demoweb.info\/sexshop001\/producto\/set-anillos-pene-link-up-ultra-soft-climax\/#breadcrumb"},"inLanguage":"es","potentialAction":[{"@type":"ReadAction","target":["https:\/\/demoweb.info\/sexshop001\/producto\/set-anillos-pene-link-up-ultra-soft-climax\/"]}]},{"@type":"BreadcrumbList","@id":"https:\/\/demoweb.info\/sexshop001\/producto\/set-anillos-pene-link-up-ultra-soft-climax\/#breadcrumb","itemListElement":[{"@type":"ListItem","position":1,"name":"Portada","item":"https:\/\/demoweb.info\/sexshop001\/"},{"@type":"ListItem","position":2,"name":"Tienda","item":"https:\/\/demoweb.info\/sexshop001\/tienda\/"},{"@type":"ListItem","position":3,"name":"SET ANILLOS PENE &#8211; LINK UP ULTRA-SOFT CLIMAX"}]},{"@type":"WebSite","@id":"https:\/\/demoweb.info\/sexshop001\/#website","url":"https:\/\/demoweb.info\/sexshop001\/","name":"Tienda Er\u00f3tica","description":"DEMOWEB SL","potentialAction":[{"@type":"SearchAction","target":{"@type":"EntryPoint","urlTemplate":"https:\/\/demoweb.info\/sexshop001\/?s={search_term_string}"},"query-input":"required name=search_term_string"}],"inLanguage":"es"}]}},"_links":{"self":[{"href":"https:\/\/demoweb.info\/sexshop001\/wp-json\/wp\/v3\/product\/16835","targetHints":{"allow":["GET"]}}],"collection":[{"href":"https:\/\/demoweb.info\/sexshop001\/wp-json\/wp\/v3\/product"}],"about":[{"href":"https:\/\/demoweb.info\/sexshop001\/wp-json\/wp\/v2\/types\/product"}],"replies":[{"embeddable":true,"href":"https:\/\/demoweb.info\/sexshop001\/wp-json\/wp\/v2\/comments?post=16835"}],"wp:featuredmedia":[{"embeddable":true,"href":"https:\/\/demoweb.info\/sexshop001\/wp-json\/wp\/v2\/media\/16836"}],"wp:attachment":[{"href":"https:\/\/demoweb.info\/sexshop001\/wp-json\/wp\/v2\/media?parent=16835"}],"wp:term":[{"taxonomy":"product_cat","embeddable":true,"href":"https:\/\/demoweb.info\/sexshop001\/wp-json\/wp\/v2\/product_cat?post=16835"},{"taxonomy":"product_tag","embeddable":true,"href":"https:\/\/demoweb.info\/sexshop001\/wp-json\/wp\/v2\/product_tag?post=16835"}],"curies":[{"name":"wp","href":"https:\/\/api.w.org\/{rel}","templated":true}]}}