{"id":16788,"date":"2022-01-22T10:39:15","date_gmt":"2022-01-22T09:39:15","guid":{"rendered":"https:\/\/demoweb.info\/sexshop001\/producto\/masajeador-intimate-con-vibracion-turquesa\/"},"modified":"2022-01-22T10:39:40","modified_gmt":"2022-01-22T09:39:40","slug":"masajeador-intimate-con-vibracion-turquesa","status":"publish","type":"product","link":"https:\/\/demoweb.info\/sexshop001\/producto\/masajeador-intimate-con-vibracion-turquesa\/","title":{"rendered":"MASAJEADOR INTIMATE CON VIBRACI\u00d3N &#8211; TURQUESA"},"content":{"rendered":"<p><strong>VIBRATING INTIMATE MASSAGER <\/strong><\/p>\n<p>Abrace el placer flexible y deje que el vers\u00e1til masajeador \u00edntimo vibratorio They-Ology \u2122 se encargue de todas sus necesidades. El cuerpo flexible, el \u00e1rea de juego 100% de silicona y las 10 funciones de vibraci\u00f3n est\u00e1n dise\u00f1adas para aumentar la circulaci\u00f3n y mejorar la intimidad.<\/p>\n<p>Este masajeador de alta potencia est\u00e1 creado con un cuello flexible y una cabeza ancha para permitirle controlar la sensaci\u00f3n con facilidad. Disfrute de un placer personalizado mientras la cabeza curva se mueve al ritmo de 10 vibraciones, pulsaciones y escaladas.<\/p>\n<p>Controle esta variedad de opciones org\u00e1smicas con el panel de control de f\u00e1cil toque. Ya sea que est\u00e9 tomando un ba\u00f1o con un amante o disfrutando de una apasionante sesi\u00f3n en solitario, espere hasta 3 horas de vibraci\u00f3n a prueba de agua.<\/p>\n<p>Recargue el placer y vuelva al tiempo de juego en solo 2,5 horas con el cable USB proporcionado. El masajeador flexible est\u00e1 hecho de una silicona higi\u00e9nicamente superior. Este material seguro para el cuerpo no tiene fragancia y no contiene ftalatos para mantener sus puntos m\u00e1s sensibles felices y saludables.<\/p>\n<p>Caracter\u00edsticas:<\/p>\n<ul>\n<li>Longitud total 21.5 cm<\/li>\n<li>Di\u00e1metro 4.5 cm<\/li>\n<li>Vibrando Si<\/li>\n<li>Modos de velocidad 10<\/li>\n<li>Resistencia al agua Impermeable<\/li>\n<li>Material Silicone<\/li>\n<li>Recargable USB rechargeable<\/li>\n<li>Pilas requeridas Lithium Ion<\/li>\n<li>Baterias incluidas Si<\/li>\n<li>Tiempo de carga en minutos 150<\/li>\n<li>Tiempo de funcionamiento en minutos 90<\/li>\n<\/ul>\n","protected":false},"excerpt":{"rendered":"<p>VIBRATING INTIMATE MASSAGER Abrace el placer flexible y deje que el vers\u00e1til masajeador \u00edntimo vibratorio They-Ology \u2122 se encargue de<\/p>\n","protected":false},"featured_media":16789,"comment_status":"open","ping_status":"open","template":"","meta":[],"product_cat":[370],"product_tag":[660,872],"class_list":["post-16788","product","type-product","status-publish","has-post-thumbnail","hentry","product_cat-clitoris","product_tag-calexotics","product_tag-she-ology"],"bundled_by":[],"bundle_stock_status":"instock","bundle_stock_quantity":1,"bundle_virtual":false,"bundle_layout":"","bundle_add_to_cart_form_location":"","bundle_editable_in_cart":false,"bundle_sold_individually_context":"","bundle_item_grouping":"","bundle_min_size":"","bundle_max_size":"","bundled_items":[],"yoast_head":"<!-- This site is optimized with the Yoast SEO plugin v20.6 - https:\/\/yoast.com\/wordpress\/plugins\/seo\/ -->\n<title>MASAJEADOR INTIMATE CON VIBRACI\u00d3N - TURQUESA - Tienda Er\u00f3tica<\/title>\n<meta name=\"robots\" content=\"noindex, follow, max-snippet:-1, max-image-preview:large, max-video-preview:-1\" \/>\n<meta property=\"og:locale\" content=\"es_ES\" \/>\n<meta property=\"og:type\" content=\"article\" \/>\n<meta property=\"og:title\" content=\"MASAJEADOR INTIMATE CON VIBRACI\u00d3N - TURQUESA - Tienda Er\u00f3tica\" \/>\n<meta property=\"og:description\" content=\"VIBRATING INTIMATE MASSAGER Abrace el placer flexible y deje que el vers\u00e1til masajeador \u00edntimo vibratorio They-Ology \u2122 se encargue de\" \/>\n<meta property=\"og:url\" content=\"https:\/\/demoweb.info\/sexshop001\/producto\/masajeador-intimate-con-vibracion-turquesa\/\" \/>\n<meta property=\"og:site_name\" content=\"Tienda Er\u00f3tica\" \/>\n<meta property=\"article:modified_time\" content=\"2022-01-22T09:39:40+00:00\" \/>\n<meta property=\"og:image\" content=\"https:\/\/demoweb.info\/sexshop001\/wp-content\/uploads\/2022\/01\/MASAJEADOR-INTIMATE-CON-VIBRACION-TURQUESA.jpg\" \/>\n\t<meta property=\"og:image:width\" content=\"550\" \/>\n\t<meta property=\"og:image:height\" content=\"550\" \/>\n\t<meta property=\"og:image:type\" content=\"image\/jpeg\" \/>\n<meta name=\"twitter:card\" content=\"summary_large_image\" \/>\n<meta name=\"twitter:label1\" content=\"Tiempo de lectura\" \/>\n\t<meta name=\"twitter:data1\" content=\"1 minuto\" \/>\n<script type=\"application\/ld+json\" class=\"yoast-schema-graph\">{\"@context\":\"https:\/\/schema.org\",\"@graph\":[{\"@type\":\"WebPage\",\"@id\":\"https:\/\/demoweb.info\/sexshop001\/producto\/masajeador-intimate-con-vibracion-turquesa\/\",\"url\":\"https:\/\/demoweb.info\/sexshop001\/producto\/masajeador-intimate-con-vibracion-turquesa\/\",\"name\":\"MASAJEADOR INTIMATE CON VIBRACI\u00d3N - TURQUESA - Tienda Er\u00f3tica\",\"isPartOf\":{\"@id\":\"https:\/\/demoweb.info\/sexshop001\/#website\"},\"datePublished\":\"2022-01-22T09:39:15+00:00\",\"dateModified\":\"2022-01-22T09:39:40+00:00\",\"breadcrumb\":{\"@id\":\"https:\/\/demoweb.info\/sexshop001\/producto\/masajeador-intimate-con-vibracion-turquesa\/#breadcrumb\"},\"inLanguage\":\"es\",\"potentialAction\":[{\"@type\":\"ReadAction\",\"target\":[\"https:\/\/demoweb.info\/sexshop001\/producto\/masajeador-intimate-con-vibracion-turquesa\/\"]}]},{\"@type\":\"BreadcrumbList\",\"@id\":\"https:\/\/demoweb.info\/sexshop001\/producto\/masajeador-intimate-con-vibracion-turquesa\/#breadcrumb\",\"itemListElement\":[{\"@type\":\"ListItem\",\"position\":1,\"name\":\"Portada\",\"item\":\"https:\/\/demoweb.info\/sexshop001\/\"},{\"@type\":\"ListItem\",\"position\":2,\"name\":\"Tienda\",\"item\":\"https:\/\/demoweb.info\/sexshop001\/tienda\/\"},{\"@type\":\"ListItem\",\"position\":3,\"name\":\"MASAJEADOR INTIMATE CON VIBRACI\u00d3N &#8211; TURQUESA\"}]},{\"@type\":\"WebSite\",\"@id\":\"https:\/\/demoweb.info\/sexshop001\/#website\",\"url\":\"https:\/\/demoweb.info\/sexshop001\/\",\"name\":\"Tienda Er\u00f3tica\",\"description\":\"DEMOWEB SL\",\"potentialAction\":[{\"@type\":\"SearchAction\",\"target\":{\"@type\":\"EntryPoint\",\"urlTemplate\":\"https:\/\/demoweb.info\/sexshop001\/?s={search_term_string}\"},\"query-input\":\"required name=search_term_string\"}],\"inLanguage\":\"es\"}]}<\/script>\n<!-- \/ Yoast SEO plugin. -->","yoast_head_json":{"title":"MASAJEADOR INTIMATE CON VIBRACI\u00d3N - TURQUESA - Tienda Er\u00f3tica","robots":{"index":"noindex","follow":"follow","max-snippet":"max-snippet:-1","max-image-preview":"max-image-preview:large","max-video-preview":"max-video-preview:-1"},"og_locale":"es_ES","og_type":"article","og_title":"MASAJEADOR INTIMATE CON VIBRACI\u00d3N - TURQUESA - Tienda Er\u00f3tica","og_description":"VIBRATING INTIMATE MASSAGER Abrace el placer flexible y deje que el vers\u00e1til masajeador \u00edntimo vibratorio They-Ology \u2122 se encargue de","og_url":"https:\/\/demoweb.info\/sexshop001\/producto\/masajeador-intimate-con-vibracion-turquesa\/","og_site_name":"Tienda Er\u00f3tica","article_modified_time":"2022-01-22T09:39:40+00:00","og_image":[{"width":550,"height":550,"url":"https:\/\/demoweb.info\/sexshop001\/wp-content\/uploads\/2022\/01\/MASAJEADOR-INTIMATE-CON-VIBRACION-TURQUESA.jpg","type":"image\/jpeg"}],"twitter_card":"summary_large_image","twitter_misc":{"Tiempo de lectura":"1 minuto"},"schema":{"@context":"https:\/\/schema.org","@graph":[{"@type":"WebPage","@id":"https:\/\/demoweb.info\/sexshop001\/producto\/masajeador-intimate-con-vibracion-turquesa\/","url":"https:\/\/demoweb.info\/sexshop001\/producto\/masajeador-intimate-con-vibracion-turquesa\/","name":"MASAJEADOR INTIMATE CON VIBRACI\u00d3N - TURQUESA - Tienda Er\u00f3tica","isPartOf":{"@id":"https:\/\/demoweb.info\/sexshop001\/#website"},"datePublished":"2022-01-22T09:39:15+00:00","dateModified":"2022-01-22T09:39:40+00:00","breadcrumb":{"@id":"https:\/\/demoweb.info\/sexshop001\/producto\/masajeador-intimate-con-vibracion-turquesa\/#breadcrumb"},"inLanguage":"es","potentialAction":[{"@type":"ReadAction","target":["https:\/\/demoweb.info\/sexshop001\/producto\/masajeador-intimate-con-vibracion-turquesa\/"]}]},{"@type":"BreadcrumbList","@id":"https:\/\/demoweb.info\/sexshop001\/producto\/masajeador-intimate-con-vibracion-turquesa\/#breadcrumb","itemListElement":[{"@type":"ListItem","position":1,"name":"Portada","item":"https:\/\/demoweb.info\/sexshop001\/"},{"@type":"ListItem","position":2,"name":"Tienda","item":"https:\/\/demoweb.info\/sexshop001\/tienda\/"},{"@type":"ListItem","position":3,"name":"MASAJEADOR INTIMATE CON VIBRACI\u00d3N &#8211; TURQUESA"}]},{"@type":"WebSite","@id":"https:\/\/demoweb.info\/sexshop001\/#website","url":"https:\/\/demoweb.info\/sexshop001\/","name":"Tienda Er\u00f3tica","description":"DEMOWEB SL","potentialAction":[{"@type":"SearchAction","target":{"@type":"EntryPoint","urlTemplate":"https:\/\/demoweb.info\/sexshop001\/?s={search_term_string}"},"query-input":"required name=search_term_string"}],"inLanguage":"es"}]}},"_links":{"self":[{"href":"https:\/\/demoweb.info\/sexshop001\/wp-json\/wp\/v3\/product\/16788","targetHints":{"allow":["GET"]}}],"collection":[{"href":"https:\/\/demoweb.info\/sexshop001\/wp-json\/wp\/v3\/product"}],"about":[{"href":"https:\/\/demoweb.info\/sexshop001\/wp-json\/wp\/v2\/types\/product"}],"replies":[{"embeddable":true,"href":"https:\/\/demoweb.info\/sexshop001\/wp-json\/wp\/v2\/comments?post=16788"}],"wp:featuredmedia":[{"embeddable":true,"href":"https:\/\/demoweb.info\/sexshop001\/wp-json\/wp\/v2\/media\/16789"}],"wp:attachment":[{"href":"https:\/\/demoweb.info\/sexshop001\/wp-json\/wp\/v2\/media?parent=16788"}],"wp:term":[{"taxonomy":"product_cat","embeddable":true,"href":"https:\/\/demoweb.info\/sexshop001\/wp-json\/wp\/v2\/product_cat?post=16788"},{"taxonomy":"product_tag","embeddable":true,"href":"https:\/\/demoweb.info\/sexshop001\/wp-json\/wp\/v2\/product_tag?post=16788"}],"curies":[{"name":"wp","href":"https:\/\/api.w.org\/{rel}","templated":true}]}}