{"id":16774,"date":"2022-01-22T10:39:15","date_gmt":"2022-01-22T09:39:15","guid":{"rendered":"https:\/\/demoweb.info\/sexshop001\/producto\/glam-g-vibe-rosa-degradado\/"},"modified":"2022-01-22T10:39:34","modified_gmt":"2022-01-22T09:39:34","slug":"glam-g-vibe-rosa-degradado","status":"publish","type":"product","link":"https:\/\/demoweb.info\/sexshop001\/producto\/glam-g-vibe-rosa-degradado\/","title":{"rendered":"GLAM G VIBE &#8211; ROSA DEGRADADO"},"content":{"rendered":"<p><strong>GLAM G VIBE &#8211; PINK<\/strong><\/p>\n<p>La brillante bala Glam\u2122 G Vibe es un elegante vibrador de curva G repleto de 10 funciones de vibraci\u00f3n de alta intensidad. Ferozmente potente y silencioso, esta magn\u00edfica bala G en degradado est\u00e1 lista para jugar all\u00e1 donde el placer te lleve.<\/p>\n<p>A\u00f1ade un toque de glamour a tu caja de juguetes con el atrevido acabado met\u00e1lico ombr\u00e9. Un bot\u00f3n de control de una sola pulsaci\u00f3n te permite alternar entre 10 funciones de vibraciones de alta intensidad, mientras que el motor silencioso mantiene tu tiempo de juego en silencio.<\/p>\n<p>Recarga el masajeador en 2 horas con el cable de carga USB suministrado para disfrutar de 50 minutos de estimulaci\u00f3n a alta velocidad o 1,5 horas de vibraciones a baja velocidad.<\/p>\n<p><strong>CARACTER\u00cdSTICAS<\/strong><\/p>\n<ul>\n<li>Informaci\u00f3n Adicional: \u25cf Supercargado con una curva G y una potencia alucinante \u25cf 10 intensas funciones de vibraci\u00f3n retumbante, pulsaci\u00f3n y escalada \u25cf Impresionante acabado en gradiente \u25cf Motor silencioso \u25cf F\u00e1cil control mediante un bot\u00f3n: mant\u00e9ngalo pulsado durante 3 segundos para encenderlo o apagarlo \u25cf Recargable por USB: cable de carga incluido<\/li>\n<li>Longitud total: 12 cm<\/li>\n<li>Di\u00e1metro: 3.25 cm<\/li>\n<li>Vibrando: Si<\/li>\n<li>Modos de vibraci\u00f3n: 10<\/li>\n<li>Resistencia al agua: Impermeable<\/li>\n<li>Material: ABS con recubrimiento met\u00e1lico (bala) Silicona (bot\u00f3n)<\/li>\n<li>Recargable por USB<\/li>\n<li>Pilas requeridas: Ion de litio<\/li>\n<li>Bater\u00edas incluidas: Si<\/li>\n<li>Tiempo de carga en minutos: 120<\/li>\n<li>Tiempo de funcionamiento en minutos: 60<\/li>\n<\/ul>\n","protected":false},"excerpt":{"rendered":"<p>GLAM G VIBE &#8211; PINK La brillante bala Glam\u2122 G Vibe es un elegante vibrador de curva G repleto de<\/p>\n","protected":false},"featured_media":16775,"comment_status":"open","ping_status":"open","template":"","meta":[],"product_cat":[639],"product_tag":[660,885],"class_list":["post-16774","product","type-product","status-publish","has-post-thumbnail","hentry","product_cat-punto-g","product_tag-calexotics","product_tag-glam"],"bundled_by":[],"bundle_stock_status":"instock","bundle_stock_quantity":1,"bundle_virtual":false,"bundle_layout":"","bundle_add_to_cart_form_location":"","bundle_editable_in_cart":false,"bundle_sold_individually_context":"","bundle_item_grouping":"","bundle_min_size":"","bundle_max_size":"","bundled_items":[],"yoast_head":"<!-- This site is optimized with the Yoast SEO plugin v20.6 - https:\/\/yoast.com\/wordpress\/plugins\/seo\/ -->\n<title>GLAM G VIBE - ROSA DEGRADADO - Tienda Er\u00f3tica<\/title>\n<meta name=\"robots\" content=\"noindex, follow, max-snippet:-1, max-image-preview:large, max-video-preview:-1\" \/>\n<meta property=\"og:locale\" content=\"es_ES\" \/>\n<meta property=\"og:type\" content=\"article\" \/>\n<meta property=\"og:title\" content=\"GLAM G VIBE - ROSA DEGRADADO - Tienda Er\u00f3tica\" \/>\n<meta property=\"og:description\" content=\"GLAM G VIBE &#8211; PINK La brillante bala Glam\u2122 G Vibe es un elegante vibrador de curva G repleto de\" \/>\n<meta property=\"og:url\" content=\"https:\/\/demoweb.info\/sexshop001\/producto\/glam-g-vibe-rosa-degradado\/\" \/>\n<meta property=\"og:site_name\" content=\"Tienda Er\u00f3tica\" \/>\n<meta property=\"article:modified_time\" content=\"2022-01-22T09:39:34+00:00\" \/>\n<meta property=\"og:image\" content=\"https:\/\/demoweb.info\/sexshop001\/wp-content\/uploads\/2022\/01\/GLAM-G-VIBE-ROSA-DEGRADADO.jpg\" \/>\n\t<meta property=\"og:image:width\" content=\"550\" \/>\n\t<meta property=\"og:image:height\" content=\"550\" \/>\n\t<meta property=\"og:image:type\" content=\"image\/jpeg\" \/>\n<meta name=\"twitter:card\" content=\"summary_large_image\" \/>\n<meta name=\"twitter:label1\" content=\"Tiempo de lectura\" \/>\n\t<meta name=\"twitter:data1\" content=\"1 minuto\" \/>\n<script type=\"application\/ld+json\" class=\"yoast-schema-graph\">{\"@context\":\"https:\/\/schema.org\",\"@graph\":[{\"@type\":\"WebPage\",\"@id\":\"https:\/\/demoweb.info\/sexshop001\/producto\/glam-g-vibe-rosa-degradado\/\",\"url\":\"https:\/\/demoweb.info\/sexshop001\/producto\/glam-g-vibe-rosa-degradado\/\",\"name\":\"GLAM G VIBE - ROSA DEGRADADO - Tienda Er\u00f3tica\",\"isPartOf\":{\"@id\":\"https:\/\/demoweb.info\/sexshop001\/#website\"},\"datePublished\":\"2022-01-22T09:39:15+00:00\",\"dateModified\":\"2022-01-22T09:39:34+00:00\",\"breadcrumb\":{\"@id\":\"https:\/\/demoweb.info\/sexshop001\/producto\/glam-g-vibe-rosa-degradado\/#breadcrumb\"},\"inLanguage\":\"es\",\"potentialAction\":[{\"@type\":\"ReadAction\",\"target\":[\"https:\/\/demoweb.info\/sexshop001\/producto\/glam-g-vibe-rosa-degradado\/\"]}]},{\"@type\":\"BreadcrumbList\",\"@id\":\"https:\/\/demoweb.info\/sexshop001\/producto\/glam-g-vibe-rosa-degradado\/#breadcrumb\",\"itemListElement\":[{\"@type\":\"ListItem\",\"position\":1,\"name\":\"Portada\",\"item\":\"https:\/\/demoweb.info\/sexshop001\/\"},{\"@type\":\"ListItem\",\"position\":2,\"name\":\"Tienda\",\"item\":\"https:\/\/demoweb.info\/sexshop001\/tienda\/\"},{\"@type\":\"ListItem\",\"position\":3,\"name\":\"GLAM G VIBE &#8211; ROSA DEGRADADO\"}]},{\"@type\":\"WebSite\",\"@id\":\"https:\/\/demoweb.info\/sexshop001\/#website\",\"url\":\"https:\/\/demoweb.info\/sexshop001\/\",\"name\":\"Tienda Er\u00f3tica\",\"description\":\"DEMOWEB SL\",\"potentialAction\":[{\"@type\":\"SearchAction\",\"target\":{\"@type\":\"EntryPoint\",\"urlTemplate\":\"https:\/\/demoweb.info\/sexshop001\/?s={search_term_string}\"},\"query-input\":\"required name=search_term_string\"}],\"inLanguage\":\"es\"}]}<\/script>\n<!-- \/ Yoast SEO plugin. -->","yoast_head_json":{"title":"GLAM G VIBE - ROSA DEGRADADO - Tienda Er\u00f3tica","robots":{"index":"noindex","follow":"follow","max-snippet":"max-snippet:-1","max-image-preview":"max-image-preview:large","max-video-preview":"max-video-preview:-1"},"og_locale":"es_ES","og_type":"article","og_title":"GLAM G VIBE - ROSA DEGRADADO - Tienda Er\u00f3tica","og_description":"GLAM G VIBE &#8211; PINK La brillante bala Glam\u2122 G Vibe es un elegante vibrador de curva G repleto de","og_url":"https:\/\/demoweb.info\/sexshop001\/producto\/glam-g-vibe-rosa-degradado\/","og_site_name":"Tienda Er\u00f3tica","article_modified_time":"2022-01-22T09:39:34+00:00","og_image":[{"width":550,"height":550,"url":"https:\/\/demoweb.info\/sexshop001\/wp-content\/uploads\/2022\/01\/GLAM-G-VIBE-ROSA-DEGRADADO.jpg","type":"image\/jpeg"}],"twitter_card":"summary_large_image","twitter_misc":{"Tiempo de lectura":"1 minuto"},"schema":{"@context":"https:\/\/schema.org","@graph":[{"@type":"WebPage","@id":"https:\/\/demoweb.info\/sexshop001\/producto\/glam-g-vibe-rosa-degradado\/","url":"https:\/\/demoweb.info\/sexshop001\/producto\/glam-g-vibe-rosa-degradado\/","name":"GLAM G VIBE - ROSA DEGRADADO - Tienda Er\u00f3tica","isPartOf":{"@id":"https:\/\/demoweb.info\/sexshop001\/#website"},"datePublished":"2022-01-22T09:39:15+00:00","dateModified":"2022-01-22T09:39:34+00:00","breadcrumb":{"@id":"https:\/\/demoweb.info\/sexshop001\/producto\/glam-g-vibe-rosa-degradado\/#breadcrumb"},"inLanguage":"es","potentialAction":[{"@type":"ReadAction","target":["https:\/\/demoweb.info\/sexshop001\/producto\/glam-g-vibe-rosa-degradado\/"]}]},{"@type":"BreadcrumbList","@id":"https:\/\/demoweb.info\/sexshop001\/producto\/glam-g-vibe-rosa-degradado\/#breadcrumb","itemListElement":[{"@type":"ListItem","position":1,"name":"Portada","item":"https:\/\/demoweb.info\/sexshop001\/"},{"@type":"ListItem","position":2,"name":"Tienda","item":"https:\/\/demoweb.info\/sexshop001\/tienda\/"},{"@type":"ListItem","position":3,"name":"GLAM G VIBE &#8211; ROSA DEGRADADO"}]},{"@type":"WebSite","@id":"https:\/\/demoweb.info\/sexshop001\/#website","url":"https:\/\/demoweb.info\/sexshop001\/","name":"Tienda Er\u00f3tica","description":"DEMOWEB SL","potentialAction":[{"@type":"SearchAction","target":{"@type":"EntryPoint","urlTemplate":"https:\/\/demoweb.info\/sexshop001\/?s={search_term_string}"},"query-input":"required name=search_term_string"}],"inLanguage":"es"}]}},"_links":{"self":[{"href":"https:\/\/demoweb.info\/sexshop001\/wp-json\/wp\/v3\/product\/16774","targetHints":{"allow":["GET"]}}],"collection":[{"href":"https:\/\/demoweb.info\/sexshop001\/wp-json\/wp\/v3\/product"}],"about":[{"href":"https:\/\/demoweb.info\/sexshop001\/wp-json\/wp\/v2\/types\/product"}],"replies":[{"embeddable":true,"href":"https:\/\/demoweb.info\/sexshop001\/wp-json\/wp\/v2\/comments?post=16774"}],"wp:featuredmedia":[{"embeddable":true,"href":"https:\/\/demoweb.info\/sexshop001\/wp-json\/wp\/v2\/media\/16775"}],"wp:attachment":[{"href":"https:\/\/demoweb.info\/sexshop001\/wp-json\/wp\/v2\/media?parent=16774"}],"wp:term":[{"taxonomy":"product_cat","embeddable":true,"href":"https:\/\/demoweb.info\/sexshop001\/wp-json\/wp\/v2\/product_cat?post=16774"},{"taxonomy":"product_tag","embeddable":true,"href":"https:\/\/demoweb.info\/sexshop001\/wp-json\/wp\/v2\/product_tag?post=16774"}],"curies":[{"name":"wp","href":"https:\/\/api.w.org\/{rel}","templated":true}]}}