{"id":16727,"date":"2022-01-22T10:38:27","date_gmt":"2022-01-22T09:38:27","guid":{"rendered":"https:\/\/demoweb.info\/sexshop001\/producto\/arouseme-masajeador-vibrador-violeta\/"},"modified":"2022-01-22T10:39:10","modified_gmt":"2022-01-22T09:39:10","slug":"arouseme-masajeador-vibrador-violeta","status":"publish","type":"product","link":"https:\/\/demoweb.info\/sexshop001\/producto\/arouseme-masajeador-vibrador-violeta\/","title":{"rendered":"AROUSEME &#8211; MASAJEADOR VIBRADOR &#8211; VIOLETA"},"content":{"rendered":"<p><strong>AROUSEME &#8211; VIOLET<\/strong><\/p>\n<p>#ArouseMe te permite explorar los m\u00e9todos m\u00e1s innovadores para complacer a tu pareja o a ti mismo. \u00bfMujeres? \u00bfHombres? \u00bfAlguien?<\/p>\n<p>Este juguete \u00fanico es ideal para principiantes y para aquellos que quieren sorprenderse. De muy buena manera. \u00a1Solo t\u00e9ngalo cerca a su lado o en su bolso y d\u00e9jelo suelto cuando necesite esa sensaci\u00f3n extra especial!<\/p>\n<p><strong>CARACTER\u00cdSTICAS<\/strong><\/p>\n<ul>\n<li>Informaci\u00f3n Adicional: Masajeador de silicona de doble densidad ultra suave, recargable y f\u00e1cil de operar con un dise\u00f1o suave y flexible | 10 funciones de vibraci\u00f3n intensa, pulsaci\u00f3n y escalada | Zona de juegos 100% | El chip de memoria de \u00faltima generaci\u00f3n se reanuda con la \u00faltima funci\u00f3n utilizada | Funci\u00f3n de bloqueo de seguridad para viajes: mant\u00e9ngalo pulsado durante 3 segundos para encenderlo o apagarlo<\/li>\n<li>Dimensiones del producto : Tip: 3.25 x 2 cm<\/li>\n<li>Longitud total: 7.5 cm<\/li>\n<li>Di\u00e1metro: 5 cm<\/li>\n<li>Vibrando: Si<\/li>\n<li>Resistencia al agua: Impermeable<\/li>\n<li>Bodysafe: Si<\/li>\n<li>Material: Silicona<\/li>\n<li>Recargable: USB rechargeable<\/li>\n<li>Pilas requeridas: Lithium Ion<\/li>\n<li>Baterias incluidas: Si<\/li>\n<li>Tiempo de carga en minutos: 90<\/li>\n<li>Tiempo de funcionamiento en minutos: 70<\/li>\n<\/ul>\n","protected":false},"excerpt":{"rendered":"<p>AROUSEME &#8211; VIOLET #ArouseMe te permite explorar los m\u00e9todos m\u00e1s innovadores para complacer a tu pareja o a ti mismo.<\/p>\n","protected":false},"featured_media":16728,"comment_status":"open","ping_status":"open","template":"","meta":[],"product_cat":[820],"product_tag":[660,884],"class_list":["post-16727","product","type-product","status-publish","has-post-thumbnail","hentry","product_cat-masajeadores","product_tag-calexotics","product_tag-slay"],"bundled_by":[],"bundle_stock_status":"instock","bundle_stock_quantity":1,"bundle_virtual":false,"bundle_layout":"","bundle_add_to_cart_form_location":"","bundle_editable_in_cart":false,"bundle_sold_individually_context":"","bundle_item_grouping":"","bundle_min_size":"","bundle_max_size":"","bundled_items":[],"yoast_head":"<!-- This site is optimized with the Yoast SEO plugin v20.6 - https:\/\/yoast.com\/wordpress\/plugins\/seo\/ -->\n<title>AROUSEME - MASAJEADOR VIBRADOR - VIOLETA - Tienda Er\u00f3tica<\/title>\n<meta name=\"robots\" content=\"noindex, follow, max-snippet:-1, max-image-preview:large, max-video-preview:-1\" \/>\n<meta property=\"og:locale\" content=\"es_ES\" \/>\n<meta property=\"og:type\" content=\"article\" \/>\n<meta property=\"og:title\" content=\"AROUSEME - MASAJEADOR VIBRADOR - VIOLETA - Tienda Er\u00f3tica\" \/>\n<meta property=\"og:description\" content=\"AROUSEME &#8211; VIOLET #ArouseMe te permite explorar los m\u00e9todos m\u00e1s innovadores para complacer a tu pareja o a ti mismo.\" \/>\n<meta property=\"og:url\" content=\"https:\/\/demoweb.info\/sexshop001\/producto\/arouseme-masajeador-vibrador-violeta\/\" \/>\n<meta property=\"og:site_name\" content=\"Tienda Er\u00f3tica\" \/>\n<meta property=\"article:modified_time\" content=\"2022-01-22T09:39:10+00:00\" \/>\n<meta property=\"og:image\" content=\"https:\/\/demoweb.info\/sexshop001\/wp-content\/uploads\/2022\/01\/AROUSEME-MASAJEADOR-VIBRADOR-VIOLETA.jpg\" \/>\n\t<meta property=\"og:image:width\" content=\"550\" \/>\n\t<meta property=\"og:image:height\" content=\"550\" \/>\n\t<meta property=\"og:image:type\" content=\"image\/jpeg\" \/>\n<meta name=\"twitter:card\" content=\"summary_large_image\" \/>\n<meta name=\"twitter:label1\" content=\"Tiempo de lectura\" \/>\n\t<meta name=\"twitter:data1\" content=\"1 minuto\" \/>\n<script type=\"application\/ld+json\" class=\"yoast-schema-graph\">{\"@context\":\"https:\/\/schema.org\",\"@graph\":[{\"@type\":\"WebPage\",\"@id\":\"https:\/\/demoweb.info\/sexshop001\/producto\/arouseme-masajeador-vibrador-violeta\/\",\"url\":\"https:\/\/demoweb.info\/sexshop001\/producto\/arouseme-masajeador-vibrador-violeta\/\",\"name\":\"AROUSEME - MASAJEADOR VIBRADOR - VIOLETA - Tienda Er\u00f3tica\",\"isPartOf\":{\"@id\":\"https:\/\/demoweb.info\/sexshop001\/#website\"},\"datePublished\":\"2022-01-22T09:38:27+00:00\",\"dateModified\":\"2022-01-22T09:39:10+00:00\",\"breadcrumb\":{\"@id\":\"https:\/\/demoweb.info\/sexshop001\/producto\/arouseme-masajeador-vibrador-violeta\/#breadcrumb\"},\"inLanguage\":\"es\",\"potentialAction\":[{\"@type\":\"ReadAction\",\"target\":[\"https:\/\/demoweb.info\/sexshop001\/producto\/arouseme-masajeador-vibrador-violeta\/\"]}]},{\"@type\":\"BreadcrumbList\",\"@id\":\"https:\/\/demoweb.info\/sexshop001\/producto\/arouseme-masajeador-vibrador-violeta\/#breadcrumb\",\"itemListElement\":[{\"@type\":\"ListItem\",\"position\":1,\"name\":\"Portada\",\"item\":\"https:\/\/demoweb.info\/sexshop001\/\"},{\"@type\":\"ListItem\",\"position\":2,\"name\":\"Tienda\",\"item\":\"https:\/\/demoweb.info\/sexshop001\/tienda\/\"},{\"@type\":\"ListItem\",\"position\":3,\"name\":\"AROUSEME &#8211; MASAJEADOR VIBRADOR &#8211; VIOLETA\"}]},{\"@type\":\"WebSite\",\"@id\":\"https:\/\/demoweb.info\/sexshop001\/#website\",\"url\":\"https:\/\/demoweb.info\/sexshop001\/\",\"name\":\"Tienda Er\u00f3tica\",\"description\":\"DEMOWEB SL\",\"potentialAction\":[{\"@type\":\"SearchAction\",\"target\":{\"@type\":\"EntryPoint\",\"urlTemplate\":\"https:\/\/demoweb.info\/sexshop001\/?s={search_term_string}\"},\"query-input\":\"required name=search_term_string\"}],\"inLanguage\":\"es\"}]}<\/script>\n<!-- \/ Yoast SEO plugin. -->","yoast_head_json":{"title":"AROUSEME - MASAJEADOR VIBRADOR - VIOLETA - Tienda Er\u00f3tica","robots":{"index":"noindex","follow":"follow","max-snippet":"max-snippet:-1","max-image-preview":"max-image-preview:large","max-video-preview":"max-video-preview:-1"},"og_locale":"es_ES","og_type":"article","og_title":"AROUSEME - MASAJEADOR VIBRADOR - VIOLETA - Tienda Er\u00f3tica","og_description":"AROUSEME &#8211; VIOLET #ArouseMe te permite explorar los m\u00e9todos m\u00e1s innovadores para complacer a tu pareja o a ti mismo.","og_url":"https:\/\/demoweb.info\/sexshop001\/producto\/arouseme-masajeador-vibrador-violeta\/","og_site_name":"Tienda Er\u00f3tica","article_modified_time":"2022-01-22T09:39:10+00:00","og_image":[{"width":550,"height":550,"url":"https:\/\/demoweb.info\/sexshop001\/wp-content\/uploads\/2022\/01\/AROUSEME-MASAJEADOR-VIBRADOR-VIOLETA.jpg","type":"image\/jpeg"}],"twitter_card":"summary_large_image","twitter_misc":{"Tiempo de lectura":"1 minuto"},"schema":{"@context":"https:\/\/schema.org","@graph":[{"@type":"WebPage","@id":"https:\/\/demoweb.info\/sexshop001\/producto\/arouseme-masajeador-vibrador-violeta\/","url":"https:\/\/demoweb.info\/sexshop001\/producto\/arouseme-masajeador-vibrador-violeta\/","name":"AROUSEME - MASAJEADOR VIBRADOR - VIOLETA - Tienda Er\u00f3tica","isPartOf":{"@id":"https:\/\/demoweb.info\/sexshop001\/#website"},"datePublished":"2022-01-22T09:38:27+00:00","dateModified":"2022-01-22T09:39:10+00:00","breadcrumb":{"@id":"https:\/\/demoweb.info\/sexshop001\/producto\/arouseme-masajeador-vibrador-violeta\/#breadcrumb"},"inLanguage":"es","potentialAction":[{"@type":"ReadAction","target":["https:\/\/demoweb.info\/sexshop001\/producto\/arouseme-masajeador-vibrador-violeta\/"]}]},{"@type":"BreadcrumbList","@id":"https:\/\/demoweb.info\/sexshop001\/producto\/arouseme-masajeador-vibrador-violeta\/#breadcrumb","itemListElement":[{"@type":"ListItem","position":1,"name":"Portada","item":"https:\/\/demoweb.info\/sexshop001\/"},{"@type":"ListItem","position":2,"name":"Tienda","item":"https:\/\/demoweb.info\/sexshop001\/tienda\/"},{"@type":"ListItem","position":3,"name":"AROUSEME &#8211; MASAJEADOR VIBRADOR &#8211; VIOLETA"}]},{"@type":"WebSite","@id":"https:\/\/demoweb.info\/sexshop001\/#website","url":"https:\/\/demoweb.info\/sexshop001\/","name":"Tienda Er\u00f3tica","description":"DEMOWEB SL","potentialAction":[{"@type":"SearchAction","target":{"@type":"EntryPoint","urlTemplate":"https:\/\/demoweb.info\/sexshop001\/?s={search_term_string}"},"query-input":"required name=search_term_string"}],"inLanguage":"es"}]}},"_links":{"self":[{"href":"https:\/\/demoweb.info\/sexshop001\/wp-json\/wp\/v3\/product\/16727","targetHints":{"allow":["GET"]}}],"collection":[{"href":"https:\/\/demoweb.info\/sexshop001\/wp-json\/wp\/v3\/product"}],"about":[{"href":"https:\/\/demoweb.info\/sexshop001\/wp-json\/wp\/v2\/types\/product"}],"replies":[{"embeddable":true,"href":"https:\/\/demoweb.info\/sexshop001\/wp-json\/wp\/v2\/comments?post=16727"}],"wp:featuredmedia":[{"embeddable":true,"href":"https:\/\/demoweb.info\/sexshop001\/wp-json\/wp\/v2\/media\/16728"}],"wp:attachment":[{"href":"https:\/\/demoweb.info\/sexshop001\/wp-json\/wp\/v2\/media?parent=16727"}],"wp:term":[{"taxonomy":"product_cat","embeddable":true,"href":"https:\/\/demoweb.info\/sexshop001\/wp-json\/wp\/v2\/product_cat?post=16727"},{"taxonomy":"product_tag","embeddable":true,"href":"https:\/\/demoweb.info\/sexshop001\/wp-json\/wp\/v2\/product_tag?post=16727"}],"curies":[{"name":"wp","href":"https:\/\/api.w.org\/{rel}","templated":true}]}}