{"id":16713,"date":"2022-01-22T10:38:27","date_gmt":"2022-01-22T09:38:27","guid":{"rendered":"https:\/\/demoweb.info\/sexshop001\/producto\/anillo-vibrador-dual-recargable-pleaser-enhancer-morado\/"},"modified":"2022-01-22T10:39:04","modified_gmt":"2022-01-22T09:39:04","slug":"anillo-vibrador-dual-recargable-pleaser-enhancer-morado","status":"publish","type":"product","link":"https:\/\/demoweb.info\/sexshop001\/producto\/anillo-vibrador-dual-recargable-pleaser-enhancer-morado\/","title":{"rendered":"ANILLO VIBRADOR  DUAL RECARGABLE  &#8211; PLEASER ENHANCER &#8211; MORADO"},"content":{"rendered":"<p><strong>DUAL PLEASER ENHANCER RECHARGE &#8211; PURPLE<\/strong><\/p>\n<p>El potenciador de placer dual recargable de silicona mezcla 7 funciones intensas de vibraci\u00f3n con parpadeo y paquete de cosquillas para un placer doble que hace temblar las rodillas. El anillo estimulador es ideal para los principiantes que buscan condimentar las cosas o para los expertos en erotismo que buscan a\u00f1adir un placer intenso a su arsenal.<\/p>\n<p>El anillo de silicona de felpa, seguro para el cuerpo, trabaja para mejorar la resistencia y la circunferencia para hacer que su amante gima por m\u00e1s, m\u00e1s, m\u00e1s. El anillo apretado maximiza la sensibilidad y eleva la sensaci\u00f3n en todo el pene aumenta tambi\u00e9n, permitiendo a los hombres disfrutar de un placer m\u00e1s largo y potente. Mientras alcanzas el siguiente nivel de placer, las 7 funciones de vibraci\u00f3n y el parpadeo de la lengua dejar\u00e1n a tu dama en un estado de felicidad org\u00e1smica.<\/p>\n<p>Se\u00f1oras, mientras el placer de \u00e9l aumenta, el suyo tambi\u00e9n lo har\u00e1.<\/p>\n<p>El estimulador de forma ergon\u00f3mica y los estimuladores de protuberancias proporcionan un placer milim\u00e9trico en sus puntos m\u00e1s \u00edntimos.<\/p>\n<p>Ll\u00e9vate este anillo impermeable para darte un chapuz\u00f3n y disfruta de esas potentes vibraciones en la ba\u00f1era, la ducha o el jacuzzi. Este apasionado anillo para el pene recuerda exactamente c\u00f3mo te gusta con el chip de memoria de \u00faltima generaci\u00f3n y puede recoger la \u00faltima funci\u00f3n utilizada.<\/p>\n<p>Utiliza los botones de silicona de f\u00e1cil tacto o el mando a distancia para controlar el placer sin esfuerzo. Recargue su placer en un abrir y cerrar de ojos con un tiempo de carga de 1 hora.<\/p>\n<p><strong>CARACTER\u00cdSTICAS<\/strong><\/p>\n<ul>\n<li>Informaci\u00f3n Adicional: \u25cf Estirado y c\u00f3modo potenciador de parejas vibratorio con protuberancias de placer a\u00f1adidas \u25cf 7 funciones de vibraci\u00f3n, pulsaci\u00f3n y escalada \u25cf Mejora la estimulaci\u00f3n para usted y su pareja \u25cf Silicona lujosa y segura para el cuerpo \u25cf El chip de memoria de \u00faltima generaci\u00f3n se reanuda en la \u00faltima funci\u00f3n utilizada \u25cf F\u00e1cil control de bot\u00f3n &#8211; mantenga durante 3 segundos para encender o apagar \u25cf Recargable por USB &#8211; cable de carga incluido<\/li>\n<li>Dimensiones del producto Enhancer: 12,8 x 6,3 cm | Anillo S: 3,75 cm | Anillo L: 4,5 cm<\/li>\n<li>Di\u00e1metro: 3.75 cm<\/li>\n<li>Vibrando: Si<\/li>\n<li>Modos de vibraci\u00f3n: 7<\/li>\n<li>Resistencia al agua: Impermeable<\/li>\n<li>Material: Silicona (potenciador) ABS con ba\u00f1o de plata (decoraci\u00f3n)<\/li>\n<li>Recargable por USB<\/li>\n<li>Pilas requeridas: Ion de litio<\/li>\n<li>Bater\u00edas incluidas: Si<\/li>\n<li>Tiempo de carga en minutos: 60<\/li>\n<li>Tiempo de funcionamiento en minutos: 80<\/li>\n<\/ul>\n","protected":false},"excerpt":{"rendered":"<p>DUAL PLEASER ENHANCER RECHARGE &#8211; PURPLE El potenciador de placer dual recargable de silicona mezcla 7 funciones intensas de vibraci\u00f3n<\/p>\n","protected":false},"featured_media":16714,"comment_status":"open","ping_status":"open","template":"","meta":[],"product_cat":[438],"product_tag":[660,809],"class_list":["post-16713","product","type-product","status-publish","has-post-thumbnail","hentry","product_cat-con-vibrador-anillos","product_tag-calexotics","product_tag-couples-enhancers"],"bundled_by":[],"bundle_stock_status":"instock","bundle_stock_quantity":1,"bundle_virtual":false,"bundle_layout":"","bundle_add_to_cart_form_location":"","bundle_editable_in_cart":false,"bundle_sold_individually_context":"","bundle_item_grouping":"","bundle_min_size":"","bundle_max_size":"","bundled_items":[],"yoast_head":"<!-- This site is optimized with the Yoast SEO plugin v20.6 - https:\/\/yoast.com\/wordpress\/plugins\/seo\/ -->\n<title>ANILLO VIBRADOR DUAL RECARGABLE - PLEASER ENHANCER - MORADO - Tienda Er\u00f3tica<\/title>\n<meta name=\"robots\" content=\"noindex, follow, max-snippet:-1, max-image-preview:large, max-video-preview:-1\" \/>\n<meta property=\"og:locale\" content=\"es_ES\" \/>\n<meta property=\"og:type\" content=\"article\" \/>\n<meta property=\"og:title\" content=\"ANILLO VIBRADOR DUAL RECARGABLE - PLEASER ENHANCER - MORADO - Tienda Er\u00f3tica\" \/>\n<meta property=\"og:description\" content=\"DUAL PLEASER ENHANCER RECHARGE &#8211; PURPLE El potenciador de placer dual recargable de silicona mezcla 7 funciones intensas de vibraci\u00f3n\" \/>\n<meta property=\"og:url\" content=\"https:\/\/demoweb.info\/sexshop001\/producto\/anillo-vibrador-dual-recargable-pleaser-enhancer-morado\/\" \/>\n<meta property=\"og:site_name\" content=\"Tienda Er\u00f3tica\" \/>\n<meta property=\"article:modified_time\" content=\"2022-01-22T09:39:04+00:00\" \/>\n<meta property=\"og:image\" content=\"https:\/\/demoweb.info\/sexshop001\/wp-content\/uploads\/2022\/01\/ANILLO-VIBRADOR-DUAL-RECARGABLE-PLEASER-ENHANCER-MORADO.jpg\" \/>\n\t<meta property=\"og:image:width\" content=\"550\" \/>\n\t<meta property=\"og:image:height\" content=\"550\" \/>\n\t<meta property=\"og:image:type\" content=\"image\/jpeg\" \/>\n<meta name=\"twitter:card\" content=\"summary_large_image\" \/>\n<meta name=\"twitter:label1\" content=\"Tiempo de lectura\" \/>\n\t<meta name=\"twitter:data1\" content=\"2 minutos\" \/>\n<script type=\"application\/ld+json\" class=\"yoast-schema-graph\">{\"@context\":\"https:\/\/schema.org\",\"@graph\":[{\"@type\":\"WebPage\",\"@id\":\"https:\/\/demoweb.info\/sexshop001\/producto\/anillo-vibrador-dual-recargable-pleaser-enhancer-morado\/\",\"url\":\"https:\/\/demoweb.info\/sexshop001\/producto\/anillo-vibrador-dual-recargable-pleaser-enhancer-morado\/\",\"name\":\"ANILLO VIBRADOR DUAL RECARGABLE - PLEASER ENHANCER - MORADO - Tienda Er\u00f3tica\",\"isPartOf\":{\"@id\":\"https:\/\/demoweb.info\/sexshop001\/#website\"},\"datePublished\":\"2022-01-22T09:38:27+00:00\",\"dateModified\":\"2022-01-22T09:39:04+00:00\",\"breadcrumb\":{\"@id\":\"https:\/\/demoweb.info\/sexshop001\/producto\/anillo-vibrador-dual-recargable-pleaser-enhancer-morado\/#breadcrumb\"},\"inLanguage\":\"es\",\"potentialAction\":[{\"@type\":\"ReadAction\",\"target\":[\"https:\/\/demoweb.info\/sexshop001\/producto\/anillo-vibrador-dual-recargable-pleaser-enhancer-morado\/\"]}]},{\"@type\":\"BreadcrumbList\",\"@id\":\"https:\/\/demoweb.info\/sexshop001\/producto\/anillo-vibrador-dual-recargable-pleaser-enhancer-morado\/#breadcrumb\",\"itemListElement\":[{\"@type\":\"ListItem\",\"position\":1,\"name\":\"Portada\",\"item\":\"https:\/\/demoweb.info\/sexshop001\/\"},{\"@type\":\"ListItem\",\"position\":2,\"name\":\"Tienda\",\"item\":\"https:\/\/demoweb.info\/sexshop001\/tienda\/\"},{\"@type\":\"ListItem\",\"position\":3,\"name\":\"ANILLO VIBRADOR DUAL RECARGABLE &#8211; PLEASER ENHANCER &#8211; MORADO\"}]},{\"@type\":\"WebSite\",\"@id\":\"https:\/\/demoweb.info\/sexshop001\/#website\",\"url\":\"https:\/\/demoweb.info\/sexshop001\/\",\"name\":\"Tienda Er\u00f3tica\",\"description\":\"DEMOWEB SL\",\"potentialAction\":[{\"@type\":\"SearchAction\",\"target\":{\"@type\":\"EntryPoint\",\"urlTemplate\":\"https:\/\/demoweb.info\/sexshop001\/?s={search_term_string}\"},\"query-input\":\"required name=search_term_string\"}],\"inLanguage\":\"es\"}]}<\/script>\n<!-- \/ Yoast SEO plugin. -->","yoast_head_json":{"title":"ANILLO VIBRADOR DUAL RECARGABLE - PLEASER ENHANCER - MORADO - Tienda Er\u00f3tica","robots":{"index":"noindex","follow":"follow","max-snippet":"max-snippet:-1","max-image-preview":"max-image-preview:large","max-video-preview":"max-video-preview:-1"},"og_locale":"es_ES","og_type":"article","og_title":"ANILLO VIBRADOR DUAL RECARGABLE - PLEASER ENHANCER - MORADO - Tienda Er\u00f3tica","og_description":"DUAL PLEASER ENHANCER RECHARGE &#8211; PURPLE El potenciador de placer dual recargable de silicona mezcla 7 funciones intensas de vibraci\u00f3n","og_url":"https:\/\/demoweb.info\/sexshop001\/producto\/anillo-vibrador-dual-recargable-pleaser-enhancer-morado\/","og_site_name":"Tienda Er\u00f3tica","article_modified_time":"2022-01-22T09:39:04+00:00","og_image":[{"width":550,"height":550,"url":"https:\/\/demoweb.info\/sexshop001\/wp-content\/uploads\/2022\/01\/ANILLO-VIBRADOR-DUAL-RECARGABLE-PLEASER-ENHANCER-MORADO.jpg","type":"image\/jpeg"}],"twitter_card":"summary_large_image","twitter_misc":{"Tiempo de lectura":"2 minutos"},"schema":{"@context":"https:\/\/schema.org","@graph":[{"@type":"WebPage","@id":"https:\/\/demoweb.info\/sexshop001\/producto\/anillo-vibrador-dual-recargable-pleaser-enhancer-morado\/","url":"https:\/\/demoweb.info\/sexshop001\/producto\/anillo-vibrador-dual-recargable-pleaser-enhancer-morado\/","name":"ANILLO VIBRADOR DUAL RECARGABLE - PLEASER ENHANCER - MORADO - Tienda Er\u00f3tica","isPartOf":{"@id":"https:\/\/demoweb.info\/sexshop001\/#website"},"datePublished":"2022-01-22T09:38:27+00:00","dateModified":"2022-01-22T09:39:04+00:00","breadcrumb":{"@id":"https:\/\/demoweb.info\/sexshop001\/producto\/anillo-vibrador-dual-recargable-pleaser-enhancer-morado\/#breadcrumb"},"inLanguage":"es","potentialAction":[{"@type":"ReadAction","target":["https:\/\/demoweb.info\/sexshop001\/producto\/anillo-vibrador-dual-recargable-pleaser-enhancer-morado\/"]}]},{"@type":"BreadcrumbList","@id":"https:\/\/demoweb.info\/sexshop001\/producto\/anillo-vibrador-dual-recargable-pleaser-enhancer-morado\/#breadcrumb","itemListElement":[{"@type":"ListItem","position":1,"name":"Portada","item":"https:\/\/demoweb.info\/sexshop001\/"},{"@type":"ListItem","position":2,"name":"Tienda","item":"https:\/\/demoweb.info\/sexshop001\/tienda\/"},{"@type":"ListItem","position":3,"name":"ANILLO VIBRADOR DUAL RECARGABLE &#8211; PLEASER ENHANCER &#8211; MORADO"}]},{"@type":"WebSite","@id":"https:\/\/demoweb.info\/sexshop001\/#website","url":"https:\/\/demoweb.info\/sexshop001\/","name":"Tienda Er\u00f3tica","description":"DEMOWEB SL","potentialAction":[{"@type":"SearchAction","target":{"@type":"EntryPoint","urlTemplate":"https:\/\/demoweb.info\/sexshop001\/?s={search_term_string}"},"query-input":"required name=search_term_string"}],"inLanguage":"es"}]}},"_links":{"self":[{"href":"https:\/\/demoweb.info\/sexshop001\/wp-json\/wp\/v3\/product\/16713","targetHints":{"allow":["GET"]}}],"collection":[{"href":"https:\/\/demoweb.info\/sexshop001\/wp-json\/wp\/v3\/product"}],"about":[{"href":"https:\/\/demoweb.info\/sexshop001\/wp-json\/wp\/v2\/types\/product"}],"replies":[{"embeddable":true,"href":"https:\/\/demoweb.info\/sexshop001\/wp-json\/wp\/v2\/comments?post=16713"}],"wp:featuredmedia":[{"embeddable":true,"href":"https:\/\/demoweb.info\/sexshop001\/wp-json\/wp\/v2\/media\/16714"}],"wp:attachment":[{"href":"https:\/\/demoweb.info\/sexshop001\/wp-json\/wp\/v2\/media?parent=16713"}],"wp:term":[{"taxonomy":"product_cat","embeddable":true,"href":"https:\/\/demoweb.info\/sexshop001\/wp-json\/wp\/v2\/product_cat?post=16713"},{"taxonomy":"product_tag","embeddable":true,"href":"https:\/\/demoweb.info\/sexshop001\/wp-json\/wp\/v2\/product_tag?post=16713"}],"curies":[{"name":"wp","href":"https:\/\/api.w.org\/{rel}","templated":true}]}}