{"id":16680,"date":"2022-01-22T10:38:27","date_gmt":"2022-01-22T09:38:27","guid":{"rendered":"https:\/\/demoweb.info\/sexshop001\/producto\/scandal-position-strap-correa-negra\/"},"modified":"2022-01-22T10:38:50","modified_gmt":"2022-01-22T09:38:50","slug":"scandal-position-strap-correa-negra","status":"publish","type":"product","link":"https:\/\/demoweb.info\/sexshop001\/producto\/scandal-position-strap-correa-negra\/","title":{"rendered":"SCANDAL POSITION STRAP &#8211; CORREA NEGRA"},"content":{"rendered":"<p><strong>SCANDAL POSITION STRAP &#8211; BLACK<\/strong><\/p>\n<p>La correa de posici\u00f3n Scandal\u00ae lleva la penetraci\u00f3n profunda a\u00fan m\u00e1s lejos y te permite explorar nuevos \u00e1ngulos de placer. Ponte el cintur\u00f3n para el viaje de tu vida con este arn\u00e9s del amor de m\u00faltiples talentos.<\/p>\n<p>Perfecta para fetichistas experimentados o principiantes, la correa del amor de lujo cuenta con dos asas duraderas, correa extendida y tela de dise\u00f1o de felpa. Para cualquier noche traviesa, esta correa vers\u00e1til se puede utilizar para la penetraci\u00f3n profunda o para encontrar el \u00e1ngulo adecuado para el placer de las rodillas.<\/p>\n<p>La correa multiusos permite a tu amante tomar el control total de tu placer y le permite tirar de ti sin esfuerzo en cualquier posici\u00f3n que desee.<\/p>\n<p>Entr\u00e9gate a los ex\u00f3ticos caprichos de tu amante deslizando esta correa de dise\u00f1o a tu alrededor y experimenta con apasionados juegos de poder.<\/p>\n<p><strong>CARACTER\u00cdSTICAS<\/strong><\/p>\n<ul>\n<li>Informaci\u00f3n Adicional: \u25cf Correa de posici\u00f3n multiusos \u25cf Dise\u00f1o robusto y extendido para un apalancamiento y apoyo perfectos \u25cf Suave y acolchado por un lado con tejido de dise\u00f1o por el otro<\/li>\n<li>Dimensiones del producto: 86,3 x 11,5 cm<\/li>\n<li>Longitud total: 86,3 cm<\/li>\n<li>Material: Poli\u00e9ster (tejido, forro) PP (asas, adornos)<\/li>\n<\/ul>\n","protected":false},"excerpt":{"rendered":"<p>SCANDAL POSITION STRAP &#8211; BLACK La correa de posici\u00f3n Scandal\u00ae lleva la penetraci\u00f3n profunda a\u00fan m\u00e1s lejos y te permite<\/p>\n","protected":false},"featured_media":16681,"comment_status":"open","ping_status":"open","template":"","meta":[],"product_cat":[627],"product_tag":[660,662],"class_list":["post-16680","product","type-product","status-publish","has-post-thumbnail","hentry","product_cat-columpios","product_tag-calexotics","product_tag-scandal"],"bundled_by":[],"bundle_stock_status":"instock","bundle_stock_quantity":1,"bundle_virtual":false,"bundle_layout":"","bundle_add_to_cart_form_location":"","bundle_editable_in_cart":false,"bundle_sold_individually_context":"","bundle_item_grouping":"","bundle_min_size":"","bundle_max_size":"","bundled_items":[],"yoast_head":"<!-- This site is optimized with the Yoast SEO plugin v20.6 - https:\/\/yoast.com\/wordpress\/plugins\/seo\/ -->\n<title>SCANDAL POSITION STRAP - CORREA NEGRA - Tienda Er\u00f3tica<\/title>\n<meta name=\"robots\" content=\"noindex, follow, max-snippet:-1, max-image-preview:large, max-video-preview:-1\" \/>\n<meta property=\"og:locale\" content=\"es_ES\" \/>\n<meta property=\"og:type\" content=\"article\" \/>\n<meta property=\"og:title\" content=\"SCANDAL POSITION STRAP - CORREA NEGRA - Tienda Er\u00f3tica\" \/>\n<meta property=\"og:description\" content=\"SCANDAL POSITION STRAP &#8211; BLACK La correa de posici\u00f3n Scandal\u00ae lleva la penetraci\u00f3n profunda a\u00fan m\u00e1s lejos y te permite\" \/>\n<meta property=\"og:url\" content=\"https:\/\/demoweb.info\/sexshop001\/producto\/scandal-position-strap-correa-negra\/\" \/>\n<meta property=\"og:site_name\" content=\"Tienda Er\u00f3tica\" \/>\n<meta property=\"article:modified_time\" content=\"2022-01-22T09:38:50+00:00\" \/>\n<meta property=\"og:image\" content=\"https:\/\/demoweb.info\/sexshop001\/wp-content\/uploads\/2022\/01\/SCANDAL-POSITION-STRAP-CORREA-NEGRA.jpg\" \/>\n\t<meta property=\"og:image:width\" content=\"550\" \/>\n\t<meta property=\"og:image:height\" content=\"550\" \/>\n\t<meta property=\"og:image:type\" content=\"image\/jpeg\" \/>\n<meta name=\"twitter:card\" content=\"summary_large_image\" \/>\n<meta name=\"twitter:label1\" content=\"Tiempo de lectura\" \/>\n\t<meta name=\"twitter:data1\" content=\"1 minuto\" \/>\n<script type=\"application\/ld+json\" class=\"yoast-schema-graph\">{\"@context\":\"https:\/\/schema.org\",\"@graph\":[{\"@type\":\"WebPage\",\"@id\":\"https:\/\/demoweb.info\/sexshop001\/producto\/scandal-position-strap-correa-negra\/\",\"url\":\"https:\/\/demoweb.info\/sexshop001\/producto\/scandal-position-strap-correa-negra\/\",\"name\":\"SCANDAL POSITION STRAP - CORREA NEGRA - Tienda Er\u00f3tica\",\"isPartOf\":{\"@id\":\"https:\/\/demoweb.info\/sexshop001\/#website\"},\"datePublished\":\"2022-01-22T09:38:27+00:00\",\"dateModified\":\"2022-01-22T09:38:50+00:00\",\"breadcrumb\":{\"@id\":\"https:\/\/demoweb.info\/sexshop001\/producto\/scandal-position-strap-correa-negra\/#breadcrumb\"},\"inLanguage\":\"es\",\"potentialAction\":[{\"@type\":\"ReadAction\",\"target\":[\"https:\/\/demoweb.info\/sexshop001\/producto\/scandal-position-strap-correa-negra\/\"]}]},{\"@type\":\"BreadcrumbList\",\"@id\":\"https:\/\/demoweb.info\/sexshop001\/producto\/scandal-position-strap-correa-negra\/#breadcrumb\",\"itemListElement\":[{\"@type\":\"ListItem\",\"position\":1,\"name\":\"Portada\",\"item\":\"https:\/\/demoweb.info\/sexshop001\/\"},{\"@type\":\"ListItem\",\"position\":2,\"name\":\"Tienda\",\"item\":\"https:\/\/demoweb.info\/sexshop001\/tienda\/\"},{\"@type\":\"ListItem\",\"position\":3,\"name\":\"SCANDAL POSITION STRAP &#8211; CORREA NEGRA\"}]},{\"@type\":\"WebSite\",\"@id\":\"https:\/\/demoweb.info\/sexshop001\/#website\",\"url\":\"https:\/\/demoweb.info\/sexshop001\/\",\"name\":\"Tienda Er\u00f3tica\",\"description\":\"DEMOWEB SL\",\"potentialAction\":[{\"@type\":\"SearchAction\",\"target\":{\"@type\":\"EntryPoint\",\"urlTemplate\":\"https:\/\/demoweb.info\/sexshop001\/?s={search_term_string}\"},\"query-input\":\"required name=search_term_string\"}],\"inLanguage\":\"es\"}]}<\/script>\n<!-- \/ Yoast SEO plugin. -->","yoast_head_json":{"title":"SCANDAL POSITION STRAP - CORREA NEGRA - Tienda Er\u00f3tica","robots":{"index":"noindex","follow":"follow","max-snippet":"max-snippet:-1","max-image-preview":"max-image-preview:large","max-video-preview":"max-video-preview:-1"},"og_locale":"es_ES","og_type":"article","og_title":"SCANDAL POSITION STRAP - CORREA NEGRA - Tienda Er\u00f3tica","og_description":"SCANDAL POSITION STRAP &#8211; BLACK La correa de posici\u00f3n Scandal\u00ae lleva la penetraci\u00f3n profunda a\u00fan m\u00e1s lejos y te permite","og_url":"https:\/\/demoweb.info\/sexshop001\/producto\/scandal-position-strap-correa-negra\/","og_site_name":"Tienda Er\u00f3tica","article_modified_time":"2022-01-22T09:38:50+00:00","og_image":[{"width":550,"height":550,"url":"https:\/\/demoweb.info\/sexshop001\/wp-content\/uploads\/2022\/01\/SCANDAL-POSITION-STRAP-CORREA-NEGRA.jpg","type":"image\/jpeg"}],"twitter_card":"summary_large_image","twitter_misc":{"Tiempo de lectura":"1 minuto"},"schema":{"@context":"https:\/\/schema.org","@graph":[{"@type":"WebPage","@id":"https:\/\/demoweb.info\/sexshop001\/producto\/scandal-position-strap-correa-negra\/","url":"https:\/\/demoweb.info\/sexshop001\/producto\/scandal-position-strap-correa-negra\/","name":"SCANDAL POSITION STRAP - CORREA NEGRA - Tienda Er\u00f3tica","isPartOf":{"@id":"https:\/\/demoweb.info\/sexshop001\/#website"},"datePublished":"2022-01-22T09:38:27+00:00","dateModified":"2022-01-22T09:38:50+00:00","breadcrumb":{"@id":"https:\/\/demoweb.info\/sexshop001\/producto\/scandal-position-strap-correa-negra\/#breadcrumb"},"inLanguage":"es","potentialAction":[{"@type":"ReadAction","target":["https:\/\/demoweb.info\/sexshop001\/producto\/scandal-position-strap-correa-negra\/"]}]},{"@type":"BreadcrumbList","@id":"https:\/\/demoweb.info\/sexshop001\/producto\/scandal-position-strap-correa-negra\/#breadcrumb","itemListElement":[{"@type":"ListItem","position":1,"name":"Portada","item":"https:\/\/demoweb.info\/sexshop001\/"},{"@type":"ListItem","position":2,"name":"Tienda","item":"https:\/\/demoweb.info\/sexshop001\/tienda\/"},{"@type":"ListItem","position":3,"name":"SCANDAL POSITION STRAP &#8211; CORREA NEGRA"}]},{"@type":"WebSite","@id":"https:\/\/demoweb.info\/sexshop001\/#website","url":"https:\/\/demoweb.info\/sexshop001\/","name":"Tienda Er\u00f3tica","description":"DEMOWEB SL","potentialAction":[{"@type":"SearchAction","target":{"@type":"EntryPoint","urlTemplate":"https:\/\/demoweb.info\/sexshop001\/?s={search_term_string}"},"query-input":"required name=search_term_string"}],"inLanguage":"es"}]}},"_links":{"self":[{"href":"https:\/\/demoweb.info\/sexshop001\/wp-json\/wp\/v3\/product\/16680","targetHints":{"allow":["GET"]}}],"collection":[{"href":"https:\/\/demoweb.info\/sexshop001\/wp-json\/wp\/v3\/product"}],"about":[{"href":"https:\/\/demoweb.info\/sexshop001\/wp-json\/wp\/v2\/types\/product"}],"replies":[{"embeddable":true,"href":"https:\/\/demoweb.info\/sexshop001\/wp-json\/wp\/v2\/comments?post=16680"}],"wp:featuredmedia":[{"embeddable":true,"href":"https:\/\/demoweb.info\/sexshop001\/wp-json\/wp\/v2\/media\/16681"}],"wp:attachment":[{"href":"https:\/\/demoweb.info\/sexshop001\/wp-json\/wp\/v2\/media?parent=16680"}],"wp:term":[{"taxonomy":"product_cat","embeddable":true,"href":"https:\/\/demoweb.info\/sexshop001\/wp-json\/wp\/v2\/product_cat?post=16680"},{"taxonomy":"product_tag","embeddable":true,"href":"https:\/\/demoweb.info\/sexshop001\/wp-json\/wp\/v2\/product_tag?post=16680"}],"curies":[{"name":"wp","href":"https:\/\/api.w.org\/{rel}","templated":true}]}}