{"id":16673,"date":"2022-01-22T10:38:27","date_gmt":"2022-01-22T09:38:27","guid":{"rendered":"https:\/\/demoweb.info\/sexshop001\/producto\/halter-lace-body-suit\/"},"modified":"2022-01-22T10:38:47","modified_gmt":"2022-01-22T09:38:47","slug":"halter-lace-body-suit","status":"publish","type":"product","link":"https:\/\/demoweb.info\/sexshop001\/producto\/halter-lace-body-suit\/","title":{"rendered":"HALTER LACE BODY SUIT +"},"content":{"rendered":"<p><strong>HALTER LACE BODY SUIT +<\/strong><\/p>\n<p>Observa c\u00f3mo tu amante se derrite al verte con el body de encaje con cuello halter Scandal\u00ae Plus Size. Este lujurioso body de cuerpo entero presenta un dise\u00f1o de encaje favorecedor, atrevidos detalles sin entrepierna y encaje suave y el\u00e1stico.<\/p>\n<p>R\u00edndete a todos los caprichos de tu pareja y disfruta de un placer sin restricciones con el dise\u00f1o pecaminosamente sin entrepierna. D\u00e9jese llevar por el deseo primordial, inspire nuevas pasiones y disfrute de un placer escandaloso con este seductor conjunto de cuerpo entero.<\/p>\n<p>Lavar a mano en agua fr\u00eda con jab\u00f3n suave despu\u00e9s de cada uso. El cord\u00f3n el\u00e1stico est\u00e1 hecho de una mezcla de nailon y spandex de alta calidad y se adapta a tallas hasta 3xl.<\/p>\n","protected":false},"excerpt":{"rendered":"<p>HALTER LACE BODY SUIT + Observa c\u00f3mo tu amante se derrite al verte con el body de encaje con cuello<\/p>\n","protected":false},"featured_media":16674,"comment_status":"open","ping_status":"open","template":"","meta":[],"product_cat":[379],"product_tag":[660,662],"class_list":["post-16673","product","type-product","status-publish","has-post-thumbnail","hentry","product_cat-de-malla","product_tag-calexotics","product_tag-scandal"],"bundled_by":[],"bundle_stock_status":"instock","bundle_stock_quantity":1,"bundle_virtual":false,"bundle_layout":"","bundle_add_to_cart_form_location":"","bundle_editable_in_cart":false,"bundle_sold_individually_context":"","bundle_item_grouping":"","bundle_min_size":"","bundle_max_size":"","bundled_items":[],"yoast_head":"<!-- This site is optimized with the Yoast SEO plugin v20.6 - https:\/\/yoast.com\/wordpress\/plugins\/seo\/ -->\n<title>HALTER LACE BODY SUIT + - Tienda Er\u00f3tica<\/title>\n<meta name=\"robots\" content=\"noindex, follow, max-snippet:-1, max-image-preview:large, max-video-preview:-1\" \/>\n<meta property=\"og:locale\" content=\"es_ES\" \/>\n<meta property=\"og:type\" content=\"article\" \/>\n<meta property=\"og:title\" content=\"HALTER LACE BODY SUIT + - Tienda Er\u00f3tica\" \/>\n<meta property=\"og:description\" content=\"HALTER LACE BODY SUIT + Observa c\u00f3mo tu amante se derrite al verte con el body de encaje con cuello\" \/>\n<meta property=\"og:url\" content=\"https:\/\/demoweb.info\/sexshop001\/producto\/halter-lace-body-suit\/\" \/>\n<meta property=\"og:site_name\" content=\"Tienda Er\u00f3tica\" \/>\n<meta property=\"article:modified_time\" content=\"2022-01-22T09:38:47+00:00\" \/>\n<meta property=\"og:image\" content=\"https:\/\/demoweb.info\/sexshop001\/wp-content\/uploads\/2022\/01\/HALTER-LACE-BODY-SUIT.jpg\" \/>\n\t<meta property=\"og:image:width\" content=\"550\" \/>\n\t<meta property=\"og:image:height\" content=\"550\" \/>\n\t<meta property=\"og:image:type\" content=\"image\/jpeg\" \/>\n<meta name=\"twitter:card\" content=\"summary_large_image\" \/>\n<meta name=\"twitter:label1\" content=\"Tiempo de lectura\" \/>\n\t<meta name=\"twitter:data1\" content=\"1 minuto\" \/>\n<script type=\"application\/ld+json\" class=\"yoast-schema-graph\">{\"@context\":\"https:\/\/schema.org\",\"@graph\":[{\"@type\":\"WebPage\",\"@id\":\"https:\/\/demoweb.info\/sexshop001\/producto\/halter-lace-body-suit\/\",\"url\":\"https:\/\/demoweb.info\/sexshop001\/producto\/halter-lace-body-suit\/\",\"name\":\"HALTER LACE BODY SUIT + - Tienda Er\u00f3tica\",\"isPartOf\":{\"@id\":\"https:\/\/demoweb.info\/sexshop001\/#website\"},\"datePublished\":\"2022-01-22T09:38:27+00:00\",\"dateModified\":\"2022-01-22T09:38:47+00:00\",\"breadcrumb\":{\"@id\":\"https:\/\/demoweb.info\/sexshop001\/producto\/halter-lace-body-suit\/#breadcrumb\"},\"inLanguage\":\"es\",\"potentialAction\":[{\"@type\":\"ReadAction\",\"target\":[\"https:\/\/demoweb.info\/sexshop001\/producto\/halter-lace-body-suit\/\"]}]},{\"@type\":\"BreadcrumbList\",\"@id\":\"https:\/\/demoweb.info\/sexshop001\/producto\/halter-lace-body-suit\/#breadcrumb\",\"itemListElement\":[{\"@type\":\"ListItem\",\"position\":1,\"name\":\"Portada\",\"item\":\"https:\/\/demoweb.info\/sexshop001\/\"},{\"@type\":\"ListItem\",\"position\":2,\"name\":\"Tienda\",\"item\":\"https:\/\/demoweb.info\/sexshop001\/tienda\/\"},{\"@type\":\"ListItem\",\"position\":3,\"name\":\"HALTER LACE BODY SUIT +\"}]},{\"@type\":\"WebSite\",\"@id\":\"https:\/\/demoweb.info\/sexshop001\/#website\",\"url\":\"https:\/\/demoweb.info\/sexshop001\/\",\"name\":\"Tienda Er\u00f3tica\",\"description\":\"DEMOWEB SL\",\"potentialAction\":[{\"@type\":\"SearchAction\",\"target\":{\"@type\":\"EntryPoint\",\"urlTemplate\":\"https:\/\/demoweb.info\/sexshop001\/?s={search_term_string}\"},\"query-input\":\"required name=search_term_string\"}],\"inLanguage\":\"es\"}]}<\/script>\n<!-- \/ Yoast SEO plugin. -->","yoast_head_json":{"title":"HALTER LACE BODY SUIT + - Tienda Er\u00f3tica","robots":{"index":"noindex","follow":"follow","max-snippet":"max-snippet:-1","max-image-preview":"max-image-preview:large","max-video-preview":"max-video-preview:-1"},"og_locale":"es_ES","og_type":"article","og_title":"HALTER LACE BODY SUIT + - Tienda Er\u00f3tica","og_description":"HALTER LACE BODY SUIT + Observa c\u00f3mo tu amante se derrite al verte con el body de encaje con cuello","og_url":"https:\/\/demoweb.info\/sexshop001\/producto\/halter-lace-body-suit\/","og_site_name":"Tienda Er\u00f3tica","article_modified_time":"2022-01-22T09:38:47+00:00","og_image":[{"width":550,"height":550,"url":"https:\/\/demoweb.info\/sexshop001\/wp-content\/uploads\/2022\/01\/HALTER-LACE-BODY-SUIT.jpg","type":"image\/jpeg"}],"twitter_card":"summary_large_image","twitter_misc":{"Tiempo de lectura":"1 minuto"},"schema":{"@context":"https:\/\/schema.org","@graph":[{"@type":"WebPage","@id":"https:\/\/demoweb.info\/sexshop001\/producto\/halter-lace-body-suit\/","url":"https:\/\/demoweb.info\/sexshop001\/producto\/halter-lace-body-suit\/","name":"HALTER LACE BODY SUIT + - Tienda Er\u00f3tica","isPartOf":{"@id":"https:\/\/demoweb.info\/sexshop001\/#website"},"datePublished":"2022-01-22T09:38:27+00:00","dateModified":"2022-01-22T09:38:47+00:00","breadcrumb":{"@id":"https:\/\/demoweb.info\/sexshop001\/producto\/halter-lace-body-suit\/#breadcrumb"},"inLanguage":"es","potentialAction":[{"@type":"ReadAction","target":["https:\/\/demoweb.info\/sexshop001\/producto\/halter-lace-body-suit\/"]}]},{"@type":"BreadcrumbList","@id":"https:\/\/demoweb.info\/sexshop001\/producto\/halter-lace-body-suit\/#breadcrumb","itemListElement":[{"@type":"ListItem","position":1,"name":"Portada","item":"https:\/\/demoweb.info\/sexshop001\/"},{"@type":"ListItem","position":2,"name":"Tienda","item":"https:\/\/demoweb.info\/sexshop001\/tienda\/"},{"@type":"ListItem","position":3,"name":"HALTER LACE BODY SUIT +"}]},{"@type":"WebSite","@id":"https:\/\/demoweb.info\/sexshop001\/#website","url":"https:\/\/demoweb.info\/sexshop001\/","name":"Tienda Er\u00f3tica","description":"DEMOWEB SL","potentialAction":[{"@type":"SearchAction","target":{"@type":"EntryPoint","urlTemplate":"https:\/\/demoweb.info\/sexshop001\/?s={search_term_string}"},"query-input":"required name=search_term_string"}],"inLanguage":"es"}]}},"_links":{"self":[{"href":"https:\/\/demoweb.info\/sexshop001\/wp-json\/wp\/v3\/product\/16673","targetHints":{"allow":["GET"]}}],"collection":[{"href":"https:\/\/demoweb.info\/sexshop001\/wp-json\/wp\/v3\/product"}],"about":[{"href":"https:\/\/demoweb.info\/sexshop001\/wp-json\/wp\/v2\/types\/product"}],"replies":[{"embeddable":true,"href":"https:\/\/demoweb.info\/sexshop001\/wp-json\/wp\/v2\/comments?post=16673"}],"wp:featuredmedia":[{"embeddable":true,"href":"https:\/\/demoweb.info\/sexshop001\/wp-json\/wp\/v2\/media\/16674"}],"wp:attachment":[{"href":"https:\/\/demoweb.info\/sexshop001\/wp-json\/wp\/v2\/media?parent=16673"}],"wp:term":[{"taxonomy":"product_cat","embeddable":true,"href":"https:\/\/demoweb.info\/sexshop001\/wp-json\/wp\/v2\/product_cat?post=16673"},{"taxonomy":"product_tag","embeddable":true,"href":"https:\/\/demoweb.info\/sexshop001\/wp-json\/wp\/v2\/product_tag?post=16673"}],"curies":[{"name":"wp","href":"https:\/\/api.w.org\/{rel}","templated":true}]}}